{"id":12,"date":"2018-09-13T03:59:36","date_gmt":"2018-09-13T02:59:36","guid":{"rendered":"https:\/\/kirinlight.com.vn\/?page_id=12"},"modified":"2023-05-29T04:53:57","modified_gmt":"2023-05-29T03:53:57","slug":"gioi-thieu","status":"publish","type":"page","link":"https:\/\/kirinlight.com.vn\/us\/gioi-thieu\/","title":{"rendered":"Introduce"},"content":{"rendered":"<section class=\"section\" id=\"section_985022110\">\n\t\t<div class=\"bg section-bg fill bg-fill  bg-loaded\" >\n\n\t\t\t\n\t\t\t\n\t\t\t\n\t<div class=\"is-border\"\n\t\tstyle=\"border-color:rgb(235, 235, 235);border-width:1px 0px 0px 0px;\">\n\t<\/div>\n\n\t\t<\/div>\n\n\t\t\n\n\t\t<div class=\"section-content relative\">\n\t\t\t\n<div class=\"row row-large align-middle align-center\"  id=\"row-1229461147\">\n\n\t<div id=\"col-2124901490\" class=\"col medium-6 small-12 large-6\"  >\n\t\t\t\t<div class=\"col-inner text-center\"  >\n\t\t\t\n\t\t\t\n<h2 style=\"color: #ae1f23; text-align: left;\"><span style=\"font-size: 130%;\">INTRODUCE<\/span><\/h2>\n<p style=\"text-align: justify;\">The company was established in 2011. Specializes in providing components for led lights, led modules of all kinds, with the motto of always creating durable and good quality products to provide to customers and consumers. With that motto, the company constantly invests in equipment, improves technology to create better and better products and always listens to the opinions of each customer and consumer.<\/p>\n\t\t<\/div>\n\t\t\t\t\t<\/div>\n\n\t\n\n\t<div id=\"col-2033052229\" class=\"col medium-6 small-12 large-6\"  >\n\t\t\t\t<div class=\"col-inner box-shadow-2 box-shadow-5-hover\" style=\"background-color:rgb(255, 255, 255);\" >\n\t\t\t\n\t\t\t\n\t<div class=\"img has-hover x md-x lg-x y md-y lg-y\" id=\"image_1277676747\">\n\t\t\t\t\t\t\t\t<div class=\"img-inner dark\" >\n\t\t\t<img loading=\"lazy\" decoding=\"async\" width=\"1020\" height=\"298\" src=\"https:\/\/kirinlight.com.vn\/wp-content\/uploads\/2020\/04\/kirin-R-1024x299.png\" class=\"attachment-large size-large\" alt=\"kirin R\" srcset=\"https:\/\/kirinlight.com.vn\/wp-content\/uploads\/2020\/04\/kirin-R-1024x299.png 1024w, https:\/\/kirinlight.com.vn\/wp-content\/uploads\/2020\/04\/kirin-R-300x88.png 300w, https:\/\/kirinlight.com.vn\/wp-content\/uploads\/2020\/04\/kirin-R-768x224.png 768w, https:\/\/kirinlight.com.vn\/wp-content\/uploads\/2020\/04\/kirin-R-550x161.png 550w, https:\/\/kirinlight.com.vn\/wp-content\/uploads\/2020\/04\/kirin-R.png 1133w\" sizes=\"auto, (max-width: 1020px) 100vw, 1020px\" \/>\t\t\t\t\t\t\n\t\t\t\t\t<\/div>\n\t\t\t\t\t\t\t\t\n<style>\n#image_1277676747 {\n  width: 100%;\n}\n<\/style>\n\t<\/div>\n\t\n\t\t<\/div>\n\t\t\t\t\n<style>\n#col-2033052229 > .col-inner {\n  padding: 15px 15px 15px 15px;\n}\n<\/style>\n\t<\/div>\n\n\t\n<\/div>\n\t\t<\/div>\n\n\t\t\n<style>\n#section_985022110 {\n  padding-top: 59px;\n  padding-bottom: 59px;\n  min-height: 300px;\n  background-color: rgb(255, 255, 255);\n}\n<\/style>\n\t<\/section>\n\t\n\t<section class=\"section\" id=\"section_39511958\">\n\t\t<div class=\"bg section-bg fill bg-fill  bg-loaded\" >\n\n\t\t\t\n\t\t\t<div class=\"section-bg-overlay absolute fill\"><\/div>\n\t\t\t\n\n\t\t<\/div>\n\n\t\t\n\n\t\t<div class=\"section-content relative\">\n\t\t\t\n<div class=\"row row-large align-middle\"  id=\"row-1098163590\">\n\n\t<div id=\"col-1025392267\" class=\"col medium-6 small-12 large-6\"  >\n\t\t\t\t<div class=\"col-inner text-left\"  >\n\t\t\t\n\t\t\t\n<h2 class=\"uppercase\"><span style=\"font-size: 130%;\">FIELD OF ACTIVITIES<\/span><\/h2>\n<p style=\"text-align: left;\"><b>1. Led functional lighting and decorative lighting:<\/b>\u00a0Led Down Light, Led Ceiling Light, Led Tube Light, Led Wall Light, Led String Light, Led Vortex Light, Led Track Light, Led Mirror Light, Led Drop Light, Led Chandelier, Led Garden Light, LED kitchen cabinet lights, \u2026<\/p>\n<p style=\"text-align: left;\"><b>2. Industrial LED Lighting<\/b>: Led factory lights, Led street lights, Led lights for public areas, Led lights for bridges - street tunnels, ...<\/p>\n<p style=\"text-align: left;\"><b>3. Technical LEDs<\/b>: Led sea lights, LED building lights, decorative lights for bridges and roads, LED lights soaked in water, LED underground lights, Led guide lights, LED matrix lights with large capacity dithering, ...<\/p>\n<p style=\"text-align: left;\"><b>4. Provide project and design LED products for civil, industrial and construction works.<\/b><\/p>\n<p style=\"text-align: left;\">With 10 years of experience and a team of experts with high technical expertise, we are constantly researching and developing to bring products\u00a0<strong>BEST QUALITY LED LIGHT, MOST REASONABLE PRICE<\/strong>\u00a0to consumers.<\/p>\n\t\t<\/div>\n\t\t\t\t\t<\/div>\n\n\t\n\n\t<div id=\"col-1278359313\" class=\"col medium-6 small-12 large-6\"  >\n\t\t\t\t<div class=\"col-inner\"  >\n\t\t\t\n\t\t\t\n\t<div class=\"img has-hover x md-x lg-x y md-y lg-y\" id=\"image_1838835469\">\n\t\t\t\t\t\t\t\t<div class=\"img-inner dark\" >\n\t\t\t<img loading=\"lazy\" decoding=\"async\" width=\"500\" height=\"500\" src=\"https:\/\/kirinlight.com.vn\/wp-content\/uploads\/2023\/05\/banner-vuong.png\" class=\"attachment-large size-large\" alt=\"\" srcset=\"https:\/\/kirinlight.com.vn\/wp-content\/uploads\/2023\/05\/banner-vuong.png 500w, https:\/\/kirinlight.com.vn\/wp-content\/uploads\/2023\/05\/banner-vuong-100x100.png 100w, https:\/\/kirinlight.com.vn\/wp-content\/uploads\/2023\/05\/banner-vuong-300x300.png 300w, https:\/\/kirinlight.com.vn\/wp-content\/uploads\/2023\/05\/banner-vuong-150x150.png 150w\" sizes=\"auto, (max-width: 500px) 100vw, 500px\" \/>\t\t\t\t\t\t\n\t\t\t\t\t<\/div>\n\t\t\t\t\t\t\t\t\n<style>\n#image_1838835469 {\n  width: 100%;\n}\n<\/style>\n\t<\/div>\n\t\n\t\t<\/div>\n\t\t\t\t\t<\/div>\n\n\t\n<\/div>\n\t\t<\/div>\n\n\t\t\n<style>\n#section_39511958 {\n  padding-top: 60px;\n  padding-bottom: 60px;\n  background-color: rgb(193, 193, 193);\n}\n#section_39511958 .section-bg-overlay {\n  background-color: rgba(255, 255, 255, 0.85);\n}\n<\/style>\n\t<\/section>\n\t\n\t<section class=\"section\" id=\"section_1092708344\">\n\t\t<div class=\"bg section-bg fill bg-fill  bg-loaded\" >\n\n\t\t\t\n\t\t\t\n\t\t\t\n\n\t\t<\/div>\n\n\t\t\n\n\t\t<div class=\"section-content relative\">\n\t\t\t\n<div class=\"row align-center\"  id=\"row-787068902\">\n\n\t<div id=\"col-149687031\" class=\"col small-12 large-12\"  >\n\t\t\t\t<div class=\"col-inner text-center\"  >\n\t\t\t\n\t\t\t\n<p>\u00a0<\/p>\n<h2 class=\"uppercase\"><span style=\"font-size: 130%;\">VISION AND MISSION<\/span><\/h2>\n<p>\u00a0<\/p>\n<div class=\"row\"  id=\"row-248364120\">\n\n\t<div id=\"col-1258327200\" class=\"col medium-4 small-12 large-4\"  >\n\t\t\t\t<div class=\"col-inner\"  >\n\t\t\t\n\t\t\t\n\t<div class=\"img has-hover x md-x lg-x y md-y lg-y\" id=\"image_600441912\">\n\t\t\t\t\t\t\t\t<div class=\"img-inner image-cover dark\" style=\"padding-top:56.25%;\">\n\t\t\t<img loading=\"lazy\" decoding=\"async\" width=\"1020\" height=\"574\" src=\"https:\/\/kirinlight.com.vn\/wp-content\/uploads\/2023\/05\/led-1024x576.jpg\" class=\"attachment-large size-large\" alt=\"\" srcset=\"https:\/\/kirinlight.com.vn\/wp-content\/uploads\/2023\/05\/led-1024x576.jpg 1024w, https:\/\/kirinlight.com.vn\/wp-content\/uploads\/2023\/05\/led-510x287.jpg 510w, https:\/\/kirinlight.com.vn\/wp-content\/uploads\/2023\/05\/led-300x169.jpg 300w, https:\/\/kirinlight.com.vn\/wp-content\/uploads\/2023\/05\/led-768x432.jpg 768w, https:\/\/kirinlight.com.vn\/wp-content\/uploads\/2023\/05\/led.jpg 1366w\" sizes=\"auto, (max-width: 1020px) 100vw, 1020px\" \/>\t\t\t\t\t\t\n\t\t\t\t\t<\/div>\n\t\t\t\t\t\t\t\t\n<style>\n#image_600441912 {\n  width: 100%;\n}\n<\/style>\n\t<\/div>\n\t\n<p style=\"text-align: left;\"><strong>Vision:<\/strong> We see a brighter future through LED technology. We want to be one of the leading companies in the field of LED lighting in Vietnam providing efficient, energy-saving and sustainable lighting solutions.<\/p>\n\t\t<\/div>\n\t\t\t\t\t<\/div>\n\n\t\n\n\t<div id=\"col-228632594\" class=\"col medium-4 small-12 large-4\"  >\n\t\t\t\t<div class=\"col-inner\"  >\n\t\t\t\n\t\t\t\n\t<div class=\"img has-hover x md-x lg-x y md-y lg-y\" id=\"image_47803601\">\n\t\t\t\t\t\t\t\t<div class=\"img-inner image-cover dark\" style=\"padding-top:56.25%;\">\n\t\t\t<img loading=\"lazy\" decoding=\"async\" width=\"800\" height=\"400\" src=\"https:\/\/kirinlight.com.vn\/wp-content\/uploads\/2023\/05\/su-menh.jpg\" class=\"attachment-large size-large\" alt=\"\" srcset=\"https:\/\/kirinlight.com.vn\/wp-content\/uploads\/2023\/05\/su-menh.jpg 800w, https:\/\/kirinlight.com.vn\/wp-content\/uploads\/2023\/05\/su-menh-510x255.jpg 510w, https:\/\/kirinlight.com.vn\/wp-content\/uploads\/2023\/05\/su-menh-300x150.jpg 300w, https:\/\/kirinlight.com.vn\/wp-content\/uploads\/2023\/05\/su-menh-768x384.jpg 768w\" sizes=\"auto, (max-width: 800px) 100vw, 800px\" \/>\t\t\t\t\t\t\n\t\t\t\t\t<\/div>\n\t\t\t\t\t\t\t\t\n<style>\n#image_47803601 {\n  width: 100%;\n}\n<\/style>\n\t<\/div>\n\t\n<p style=\"text-align: left;\"><strong>Mission:<\/strong> Our mission is to provide high quality, environmentally friendly and energy efficient LED lighting products and solutions to our customers. We are committed to providing optimal lighting, creating a better living and working environment, and minimizing negative impacts on the environment.<\/p>\n\t\t<\/div>\n\t\t\t\t\t<\/div>\n\n\t\n\n\t<div id=\"col-1424307269\" class=\"col medium-4 small-12 large-4\"  >\n\t\t\t\t<div class=\"col-inner\"  >\n\t\t\t\n\t\t\t\n\t<div class=\"img has-hover x md-x lg-x y md-y lg-y\" id=\"image_1823982933\">\n\t\t\t\t\t\t\t\t<div class=\"img-inner image-cover dark\" style=\"padding-top:56.25%;\">\n\t\t\t<img loading=\"lazy\" decoding=\"async\" width=\"850\" height=\"567\" src=\"https:\/\/kirinlight.com.vn\/wp-content\/uploads\/2023\/05\/gia-tri-cot-loi.jpg\" class=\"attachment-large size-large\" alt=\"\" srcset=\"https:\/\/kirinlight.com.vn\/wp-content\/uploads\/2023\/05\/gia-tri-cot-loi.jpg 850w, https:\/\/kirinlight.com.vn\/wp-content\/uploads\/2023\/05\/gia-tri-cot-loi-510x340.jpg 510w, https:\/\/kirinlight.com.vn\/wp-content\/uploads\/2023\/05\/gia-tri-cot-loi-300x200.jpg 300w, https:\/\/kirinlight.com.vn\/wp-content\/uploads\/2023\/05\/gia-tri-cot-loi-768x512.jpg 768w\" sizes=\"auto, (max-width: 850px) 100vw, 850px\" \/>\t\t\t\t\t\t\n\t\t\t\t\t<\/div>\n\t\t\t\t\t\t\t\t\n<style>\n#image_1823982933 {\n  width: 100%;\n}\n<\/style>\n\t<\/div>\n\t\n<p style=\"text-align: left;\"><strong>Core values:<\/strong> Our company is not only focused on the production of high quality LED products, but also towards the research and development of new technology to improve the performance and features of the products more and more. We also create custom lighting solutions to meet the diverse needs of our customers.<\/p>\n\t\t<\/div>\n\t\t\t\t\t<\/div>\n\n\t\n<\/div>\n\t\t<\/div>\n\t\t\t\t\t<\/div>\n\n\t\n<\/div>\n\t\t<\/div>\n\n\t\t\n<style>\n#section_1092708344 {\n  padding-top: 60px;\n  padding-bottom: 60px;\n  min-height: 300px;\n  background-color: rgb(255, 255, 255);\n}\n<\/style>\n\t<\/section>","protected":false},"excerpt":{"rendered":"","protected":false},"author":2,"featured_media":0,"parent":0,"menu_order":0,"comment_status":"closed","ping_status":"closed","template":"page-blank.php","meta":{"footnotes":""},"class_list":["post-12","page","type-page","status-publish","hentry"],"yoast_head":"<!-- This site is optimized with the Yoast SEO plugin v27.4 - https:\/\/yoast.com\/product\/yoast-seo-wordpress\/ -->\n<title>Gi\u1edbi Thi\u1ec7u Led Hi\u1ec7p Phong - LED Kirin<\/title>\n<meta name=\"description\" content=\"C\u00f4ng ty Led Hi\u1ec7p Phong \u0111\u01b0\u1ee3c th\u00e0nh l\u1eadp 2011. Chuy\u00ean cung c\u1ea5p linh ki\u1ec7n v\u1ec1 \u0111\u00e8n led, module led c\u00e1c lo\u1ea1i, v\u1edbi ph\u01b0\u01a1ng ch\u00e2m lu\u00f4n t\u1ea1o ra s\u1ea3n ph\u1ea7m c\u00f3 \u0111\u1ed9 b\u1ec1n v\u00e0 ch\u1ea5t l\u01b0\u1ee3ng t\u1ed1t cung c\u1ea5p cho kh\u00e1ch h\u00e0ng v\u00e0 ng\u01b0\u1eddi ti\u00eau d\u00f9ng.\" \/>\n<meta name=\"robots\" content=\"index, follow, max-snippet:-1, max-image-preview:large, max-video-preview:-1\" \/>\n<link rel=\"canonical\" href=\"https:\/\/kirinlight.com.vn\/us\/gioi-thieu\/\" \/>\n<meta property=\"og:locale\" content=\"en_US\" \/>\n<meta property=\"og:type\" content=\"article\" \/>\n<meta property=\"og:title\" content=\"Gi\u1edbi Thi\u1ec7u Led Hi\u1ec7p Phong - LED Kirin\" \/>\n<meta property=\"og:description\" content=\"C\u00f4ng ty Led Hi\u1ec7p Phong \u0111\u01b0\u1ee3c th\u00e0nh l\u1eadp 2011. Chuy\u00ean cung c\u1ea5p linh ki\u1ec7n v\u1ec1 \u0111\u00e8n led, module led c\u00e1c lo\u1ea1i, v\u1edbi ph\u01b0\u01a1ng ch\u00e2m lu\u00f4n t\u1ea1o ra s\u1ea3n ph\u1ea7m c\u00f3 \u0111\u1ed9 b\u1ec1n v\u00e0 ch\u1ea5t l\u01b0\u1ee3ng t\u1ed1t cung c\u1ea5p cho kh\u00e1ch h\u00e0ng v\u00e0 ng\u01b0\u1eddi ti\u00eau d\u00f9ng.\" \/>\n<meta property=\"og:url\" content=\"https:\/\/kirinlight.com.vn\/us\/gioi-thieu\/\" \/>\n<meta property=\"og:site_name\" content=\"LED Kirin\" \/>\n<meta property=\"article:modified_time\" content=\"2023-05-29T03:53:57+00:00\" \/>\n<meta name=\"twitter:card\" content=\"summary_large_image\" \/>\n<meta name=\"twitter:label1\" content=\"Est. reading time\" \/>\n\t<meta name=\"twitter:data1\" content=\"5 minutes\" \/>\n<script type=\"application\/ld+json\" class=\"yoast-schema-graph\">{\"@context\":\"https:\\\/\\\/schema.org\",\"@graph\":[{\"@type\":\"WebPage\",\"@id\":\"https:\\\/\\\/kirinlight.com.vn\\\/gioi-thieu\\\/\",\"url\":\"https:\\\/\\\/kirinlight.com.vn\\\/gioi-thieu\\\/\",\"name\":\"Gi\u1edbi Thi\u1ec7u Led Hi\u1ec7p Phong - LED Kirin\",\"isPartOf\":{\"@id\":\"https:\\\/\\\/kirinlight.com.vn\\\/#website\"},\"datePublished\":\"2018-09-13T02:59:36+00:00\",\"dateModified\":\"2023-05-29T03:53:57+00:00\",\"description\":\"C\u00f4ng ty Led Hi\u1ec7p Phong \u0111\u01b0\u1ee3c th\u00e0nh l\u1eadp 2011. Chuy\u00ean cung c\u1ea5p linh ki\u1ec7n v\u1ec1 \u0111\u00e8n led, module led c\u00e1c lo\u1ea1i, v\u1edbi ph\u01b0\u01a1ng ch\u00e2m lu\u00f4n t\u1ea1o ra s\u1ea3n ph\u1ea7m c\u00f3 \u0111\u1ed9 b\u1ec1n v\u00e0 ch\u1ea5t l\u01b0\u1ee3ng t\u1ed1t cung c\u1ea5p cho kh\u00e1ch h\u00e0ng v\u00e0 ng\u01b0\u1eddi ti\u00eau d\u00f9ng.\",\"breadcrumb\":{\"@id\":\"https:\\\/\\\/kirinlight.com.vn\\\/gioi-thieu\\\/#breadcrumb\"},\"inLanguage\":\"en-US\",\"potentialAction\":[{\"@type\":\"ReadAction\",\"target\":[\"https:\\\/\\\/kirinlight.com.vn\\\/gioi-thieu\\\/\"]}]},{\"@type\":\"BreadcrumbList\",\"@id\":\"https:\\\/\\\/kirinlight.com.vn\\\/gioi-thieu\\\/#breadcrumb\",\"itemListElement\":[{\"@type\":\"ListItem\",\"position\":1,\"name\":\"Home\",\"item\":\"https:\\\/\\\/kirinlight.com.vn\\\/\"},{\"@type\":\"ListItem\",\"position\":2,\"name\":\"Gi\u1edbi Thi\u1ec7u\"}]},{\"@type\":\"WebSite\",\"@id\":\"https:\\\/\\\/kirinlight.com.vn\\\/#website\",\"url\":\"https:\\\/\\\/kirinlight.com.vn\\\/\",\"name\":\"LED Kirin\",\"description\":\"M\u00e0n H\u00ecnh Led - Module Led C\u00f4ng Ngh\u1ec7 Cao\",\"potentialAction\":[{\"@type\":\"SearchAction\",\"target\":{\"@type\":\"EntryPoint\",\"urlTemplate\":\"https:\\\/\\\/kirinlight.com.vn\\\/?s={search_term_string}\"},\"query-input\":{\"@type\":\"PropertyValueSpecification\",\"valueRequired\":true,\"valueName\":\"search_term_string\"}}],\"inLanguage\":\"en-US\"}]}<\/script>\n<!-- \/ Yoast SEO plugin. -->","yoast_head_json":{"title":"Gi\u1edbi Thi\u1ec7u Led Hi\u1ec7p Phong - LED Kirin","description":"C\u00f4ng ty Led Hi\u1ec7p Phong \u0111\u01b0\u1ee3c th\u00e0nh l\u1eadp 2011. Chuy\u00ean cung c\u1ea5p linh ki\u1ec7n v\u1ec1 \u0111\u00e8n led, module led c\u00e1c lo\u1ea1i, v\u1edbi ph\u01b0\u01a1ng ch\u00e2m lu\u00f4n t\u1ea1o ra s\u1ea3n ph\u1ea7m c\u00f3 \u0111\u1ed9 b\u1ec1n v\u00e0 ch\u1ea5t l\u01b0\u1ee3ng t\u1ed1t cung c\u1ea5p cho kh\u00e1ch h\u00e0ng v\u00e0 ng\u01b0\u1eddi ti\u00eau d\u00f9ng.","robots":{"index":"index","follow":"follow","max-snippet":"max-snippet:-1","max-image-preview":"max-image-preview:large","max-video-preview":"max-video-preview:-1"},"canonical":"https:\/\/kirinlight.com.vn\/us\/gioi-thieu\/","og_locale":"en_US","og_type":"article","og_title":"Gi\u1edbi Thi\u1ec7u Led Hi\u1ec7p Phong - LED Kirin","og_description":"C\u00f4ng ty Led Hi\u1ec7p Phong \u0111\u01b0\u1ee3c th\u00e0nh l\u1eadp 2011. Chuy\u00ean cung c\u1ea5p linh ki\u1ec7n v\u1ec1 \u0111\u00e8n led, module led c\u00e1c lo\u1ea1i, v\u1edbi ph\u01b0\u01a1ng ch\u00e2m lu\u00f4n t\u1ea1o ra s\u1ea3n ph\u1ea7m c\u00f3 \u0111\u1ed9 b\u1ec1n v\u00e0 ch\u1ea5t l\u01b0\u1ee3ng t\u1ed1t cung c\u1ea5p cho kh\u00e1ch h\u00e0ng v\u00e0 ng\u01b0\u1eddi ti\u00eau d\u00f9ng.","og_url":"https:\/\/kirinlight.com.vn\/us\/gioi-thieu\/","og_site_name":"LED Kirin","article_modified_time":"2023-05-29T03:53:57+00:00","twitter_card":"summary_large_image","twitter_misc":{"Est. reading time":"5 minutes"},"schema":{"@context":"https:\/\/schema.org","@graph":[{"@type":"WebPage","@id":"https:\/\/kirinlight.com.vn\/gioi-thieu\/","url":"https:\/\/kirinlight.com.vn\/gioi-thieu\/","name":"Gi\u1edbi Thi\u1ec7u Led Hi\u1ec7p Phong - LED Kirin","isPartOf":{"@id":"https:\/\/kirinlight.com.vn\/#website"},"datePublished":"2018-09-13T02:59:36+00:00","dateModified":"2023-05-29T03:53:57+00:00","description":"C\u00f4ng ty Led Hi\u1ec7p Phong \u0111\u01b0\u1ee3c th\u00e0nh l\u1eadp 2011. Chuy\u00ean cung c\u1ea5p linh ki\u1ec7n v\u1ec1 \u0111\u00e8n led, module led c\u00e1c lo\u1ea1i, v\u1edbi ph\u01b0\u01a1ng ch\u00e2m lu\u00f4n t\u1ea1o ra s\u1ea3n ph\u1ea7m c\u00f3 \u0111\u1ed9 b\u1ec1n v\u00e0 ch\u1ea5t l\u01b0\u1ee3ng t\u1ed1t cung c\u1ea5p cho kh\u00e1ch h\u00e0ng v\u00e0 ng\u01b0\u1eddi ti\u00eau d\u00f9ng.","breadcrumb":{"@id":"https:\/\/kirinlight.com.vn\/gioi-thieu\/#breadcrumb"},"inLanguage":"en-US","potentialAction":[{"@type":"ReadAction","target":["https:\/\/kirinlight.com.vn\/gioi-thieu\/"]}]},{"@type":"BreadcrumbList","@id":"https:\/\/kirinlight.com.vn\/gioi-thieu\/#breadcrumb","itemListElement":[{"@type":"ListItem","position":1,"name":"Home","item":"https:\/\/kirinlight.com.vn\/"},{"@type":"ListItem","position":2,"name":"Gi\u1edbi Thi\u1ec7u"}]},{"@type":"WebSite","@id":"https:\/\/kirinlight.com.vn\/#website","url":"https:\/\/kirinlight.com.vn\/","name":"LED Kirin","description":"Led Screen - High-Tech Led Module","potentialAction":[{"@type":"SearchAction","target":{"@type":"EntryPoint","urlTemplate":"https:\/\/kirinlight.com.vn\/?s={search_term_string}"},"query-input":{"@type":"PropertyValueSpecification","valueRequired":true,"valueName":"search_term_string"}}],"inLanguage":"en-US"}]}},"_links":{"self":[{"href":"https:\/\/kirinlight.com.vn\/us\/wp-json\/wp\/v2\/pages\/12","targetHints":{"allow":["GET"]}}],"collection":[{"href":"https:\/\/kirinlight.com.vn\/us\/wp-json\/wp\/v2\/pages"}],"about":[{"href":"https:\/\/kirinlight.com.vn\/us\/wp-json\/wp\/v2\/types\/page"}],"author":[{"embeddable":true,"href":"https:\/\/kirinlight.com.vn\/us\/wp-json\/wp\/v2\/users\/2"}],"replies":[{"embeddable":true,"href":"https:\/\/kirinlight.com.vn\/us\/wp-json\/wp\/v2\/comments?post=12"}],"version-history":[{"count":12,"href":"https:\/\/kirinlight.com.vn\/us\/wp-json\/wp\/v2\/pages\/12\/revisions"}],"predecessor-version":[{"id":1553,"href":"https:\/\/kirinlight.com.vn\/us\/wp-json\/wp\/v2\/pages\/12\/revisions\/1553"}],"wp:attachment":[{"href":"https:\/\/kirinlight.com.vn\/us\/wp-json\/wp\/v2\/media?parent=12"}],"curies":[{"name":"wp","href":"https:\/\/api.w.org\/{rel}","templated":true}]}}