{"id":1290,"date":"2020-04-29T15:49:32","date_gmt":"2020-04-29T14:49:32","guid":{"rendered":"https:\/\/kirinlight.com.vn\/?page_id=1290"},"modified":"2023-06-02T02:48:21","modified_gmt":"2023-06-02T01:48:21","slug":"chinh-sach-bao-hanh","status":"publish","type":"page","link":"https:\/\/kirinlight.com.vn\/us\/chinh-sach-bao-hanh\/","title":{"rendered":"Warranty Policy"},"content":{"rendered":"<h1>Warranty Policy<\/h1>\n<p><strong>Product warranty is:<\/strong>\u00a0Fix errors and problems that occur due to manufacturer errors. Depending on regulations, each product will have its own warranty period. Every Hiep Phong Led product sold has a warranty stamp and manufacturing date. When the product does not function as it originally did, during the warranty period, the product will be sent back to the manufacturer to fix the error.<\/p>\n<p><strong>WARRANTY PROVISIONS\u00a0<\/strong><\/p>\n<p>All warranty policies of Led Hiep Phong must comply with the following regulations:<\/p>\n<ul>\n<li>Warranty products are: in their original shape when manufactured, not dented, not broken, not fire, explosion, short-circuit, overloaded, over-voltage, not broken welds, not altered Original design structure, not damaged by water or chemicals...<\/li>\n<li>Cases not covered by warranty: due to natural disasters, storms, floods, fires, animal vandalism, insect residence, or people intentionally causing damage...<\/li>\n<li>Electrical equipment, circuit breaker, socket switch: over voltage, overload, breakage, loss of accessory screws, paint, mortar, loss or torn packaging will not be covered by the warranty.<\/li>\n<\/ul>\n<p><strong>LOCATION FOR PICK UP - EXCHANGE - RETURN WARRANTY<\/strong><\/p>\n<p>Defective products will be handled at the manufacturers&#039; warranty centers. In case it is not convenient for customers, we can support warranty returns and exchanges at our transaction locations.\u00a0<strong>:<\/strong><\/p>\n<ul>\n<li><strong>Shop:<\/strong>\u00a0356 Tan Phuoc, F7, District 10, HCMC.\u00a0<b>0908 300 707 \u2013 0987 300 707<\/b><\/li>\n<li><strong>Headquarters<\/strong>: 326\/5 Tan Phuoc, F7, District 10, HCMC.\u00a0<b>Tel: 0283.957.2634<\/b><\/li>\n<\/ul>\n<p><strong>PRODUCT INNOVATION<\/strong><\/p>\n<p>When the product is returned for warranty, if it is not completely repaired, we will request a replacement for the customer with another similar product.<\/p>\n<p><strong>DISCLAIMER OF WARRANTY<\/strong><\/p>\n<ul>\n<li>Product has expired warranty .<\/li>\n<li>The warranty stamp is torn or has been tampered with from outside.<\/li>\n<li>Products that are dented, deformed, water intruded, over-voltage, overloaded, broken, missing screws, accessories, paint, mortar, lost or torn packaging will not be covered by the warranty.<\/li>\n<\/ul>\n<p>Led Hiep Phong respectfully thanks you.<\/p>","protected":false},"excerpt":{"rendered":"<p>Ch\u00ednh S\u00e1ch B\u1ea3o H\u00e0nh B\u1ea3o h\u00e0nh s\u1ea3n ph\u1ea9m l\u00e0:\u00a0kh\u1eafc ph\u1ee5c nh\u1eefng l\u1ed7i, s\u1ef1 c\u1ed1 x\u1ea3y ra do l\u1ed7i c\u1ee7a nh\u00e0 s\u1ea3n xu\u1ea5t, t\u00f9y theo quy \u0111\u1ecbnh m\u1ed7i s\u1ea3n ph\u1ea9m s\u1ebd c\u00f3 th\u1eddi gian b\u1ea3o h\u00e0nh ri\u00eang . V\u1edbi m\u1ed7i s\u1ea3n ph\u1ea9m Led Hi\u1ec7p Phong b\u00e1n ra \u0111\u1ec1u c\u00f3 tem b\u1ea3o h\u00e0nh v\u00e0 ng\u00e0y th\u00e1ng s\u1ea3n [&#8230;]\n","protected":false},"author":2,"featured_media":0,"parent":0,"menu_order":0,"comment_status":"closed","ping_status":"closed","template":"page-right-sidebar.php","meta":{"footnotes":""},"class_list":["post-1290","page","type-page","status-publish","hentry"],"yoast_head":"<!-- This site is optimized with the Yoast SEO plugin v27.5 - https:\/\/yoast.com\/product\/yoast-seo-wordpress\/ -->\n<title>Ch\u00ednh S\u00e1ch B\u1ea3o H\u00e0nh - LED Kirin<\/title>\n<meta name=\"description\" content=\"Led Hi\u1ec7p Phong mang \u0111\u1ebfn Ch\u00ednh S\u00e1ch B\u1ea3o H\u00e0nh t\u1ed1t nh\u1ea5t cho qu\u00fd kh\u00e1ch. T\u1ea5t c\u1ea3 s\u00e1n ph\u1ea9m \u0111\u01b0\u1ee3c b\u00e0o h\u00e0nh t\u1eeb 12-36 th\u00e1ng T\u00f9y theo Lo\u1ea1i s\u1ea3n ph\u1ea9m.\" \/>\n<meta name=\"robots\" content=\"index, follow, max-snippet:-1, max-image-preview:large, max-video-preview:-1\" \/>\n<link rel=\"canonical\" href=\"https:\/\/kirinlight.com.vn\/us\/chinh-sach-bao-hanh\/\" \/>\n<meta property=\"og:locale\" content=\"en_US\" \/>\n<meta property=\"og:type\" content=\"article\" \/>\n<meta property=\"og:title\" content=\"Ch\u00ednh S\u00e1ch B\u1ea3o H\u00e0nh - LED Kirin\" \/>\n<meta property=\"og:description\" content=\"Led Hi\u1ec7p Phong mang \u0111\u1ebfn Ch\u00ednh S\u00e1ch B\u1ea3o H\u00e0nh t\u1ed1t nh\u1ea5t cho qu\u00fd kh\u00e1ch. T\u1ea5t c\u1ea3 s\u00e1n ph\u1ea9m \u0111\u01b0\u1ee3c b\u00e0o h\u00e0nh t\u1eeb 12-36 th\u00e1ng T\u00f9y theo Lo\u1ea1i s\u1ea3n ph\u1ea9m.\" \/>\n<meta property=\"og:url\" content=\"https:\/\/kirinlight.com.vn\/us\/chinh-sach-bao-hanh\/\" \/>\n<meta property=\"og:site_name\" content=\"LED Kirin\" \/>\n<meta property=\"article:modified_time\" content=\"2023-06-02T01:48:21+00:00\" \/>\n<meta name=\"twitter:card\" content=\"summary_large_image\" \/>\n<meta name=\"twitter:label1\" content=\"Est. reading time\" \/>\n\t<meta name=\"twitter:data1\" content=\"2 minutes\" \/>\n<script type=\"application\/ld+json\" class=\"yoast-schema-graph\">{\"@context\":\"https:\\\/\\\/schema.org\",\"@graph\":[{\"@type\":\"WebPage\",\"@id\":\"https:\\\/\\\/kirinlight.com.vn\\\/chinh-sach-bao-hanh\\\/\",\"url\":\"https:\\\/\\\/kirinlight.com.vn\\\/chinh-sach-bao-hanh\\\/\",\"name\":\"Ch\u00ednh S\u00e1ch B\u1ea3o H\u00e0nh - LED Kirin\",\"isPartOf\":{\"@id\":\"https:\\\/\\\/kirinlight.com.vn\\\/#website\"},\"datePublished\":\"2020-04-29T14:49:32+00:00\",\"dateModified\":\"2023-06-02T01:48:21+00:00\",\"description\":\"Led Hi\u1ec7p Phong mang \u0111\u1ebfn Ch\u00ednh S\u00e1ch B\u1ea3o H\u00e0nh t\u1ed1t nh\u1ea5t cho qu\u00fd kh\u00e1ch. T\u1ea5t c\u1ea3 s\u00e1n ph\u1ea9m \u0111\u01b0\u1ee3c b\u00e0o h\u00e0nh t\u1eeb 12-36 th\u00e1ng T\u00f9y theo Lo\u1ea1i s\u1ea3n ph\u1ea9m.\",\"breadcrumb\":{\"@id\":\"https:\\\/\\\/kirinlight.com.vn\\\/chinh-sach-bao-hanh\\\/#breadcrumb\"},\"inLanguage\":\"en-US\",\"potentialAction\":[{\"@type\":\"ReadAction\",\"target\":[\"https:\\\/\\\/kirinlight.com.vn\\\/chinh-sach-bao-hanh\\\/\"]}]},{\"@type\":\"BreadcrumbList\",\"@id\":\"https:\\\/\\\/kirinlight.com.vn\\\/chinh-sach-bao-hanh\\\/#breadcrumb\",\"itemListElement\":[{\"@type\":\"ListItem\",\"position\":1,\"name\":\"Home\",\"item\":\"https:\\\/\\\/kirinlight.com.vn\\\/\"},{\"@type\":\"ListItem\",\"position\":2,\"name\":\"Ch\u00ednh S\u00e1ch B\u1ea3o H\u00e0nh\"}]},{\"@type\":\"WebSite\",\"@id\":\"https:\\\/\\\/kirinlight.com.vn\\\/#website\",\"url\":\"https:\\\/\\\/kirinlight.com.vn\\\/\",\"name\":\"LED Kirin\",\"description\":\"M\u00e0n H\u00ecnh Led - Module Led C\u00f4ng Ngh\u1ec7 Cao\",\"potentialAction\":[{\"@type\":\"SearchAction\",\"target\":{\"@type\":\"EntryPoint\",\"urlTemplate\":\"https:\\\/\\\/kirinlight.com.vn\\\/?s={search_term_string}\"},\"query-input\":{\"@type\":\"PropertyValueSpecification\",\"valueRequired\":true,\"valueName\":\"search_term_string\"}}],\"inLanguage\":\"en-US\"}]}<\/script>\n<!-- \/ Yoast SEO plugin. -->","yoast_head_json":{"title":"Ch\u00ednh S\u00e1ch B\u1ea3o H\u00e0nh - LED Kirin","description":"Led Hi\u1ec7p Phong mang \u0111\u1ebfn Ch\u00ednh S\u00e1ch B\u1ea3o H\u00e0nh t\u1ed1t nh\u1ea5t cho qu\u00fd kh\u00e1ch. T\u1ea5t c\u1ea3 s\u00e1n ph\u1ea9m \u0111\u01b0\u1ee3c b\u00e0o h\u00e0nh t\u1eeb 12-36 th\u00e1ng T\u00f9y theo Lo\u1ea1i s\u1ea3n ph\u1ea9m.","robots":{"index":"index","follow":"follow","max-snippet":"max-snippet:-1","max-image-preview":"max-image-preview:large","max-video-preview":"max-video-preview:-1"},"canonical":"https:\/\/kirinlight.com.vn\/us\/chinh-sach-bao-hanh\/","og_locale":"en_US","og_type":"article","og_title":"Ch\u00ednh S\u00e1ch B\u1ea3o H\u00e0nh - LED Kirin","og_description":"Led Hi\u1ec7p Phong mang \u0111\u1ebfn Ch\u00ednh S\u00e1ch B\u1ea3o H\u00e0nh t\u1ed1t nh\u1ea5t cho qu\u00fd kh\u00e1ch. T\u1ea5t c\u1ea3 s\u00e1n ph\u1ea9m \u0111\u01b0\u1ee3c b\u00e0o h\u00e0nh t\u1eeb 12-36 th\u00e1ng T\u00f9y theo Lo\u1ea1i s\u1ea3n ph\u1ea9m.","og_url":"https:\/\/kirinlight.com.vn\/us\/chinh-sach-bao-hanh\/","og_site_name":"LED Kirin","article_modified_time":"2023-06-02T01:48:21+00:00","twitter_card":"summary_large_image","twitter_misc":{"Est. reading time":"2 minutes"},"schema":{"@context":"https:\/\/schema.org","@graph":[{"@type":"WebPage","@id":"https:\/\/kirinlight.com.vn\/chinh-sach-bao-hanh\/","url":"https:\/\/kirinlight.com.vn\/chinh-sach-bao-hanh\/","name":"Ch\u00ednh S\u00e1ch B\u1ea3o H\u00e0nh - LED Kirin","isPartOf":{"@id":"https:\/\/kirinlight.com.vn\/#website"},"datePublished":"2020-04-29T14:49:32+00:00","dateModified":"2023-06-02T01:48:21+00:00","description":"Led Hi\u1ec7p Phong mang \u0111\u1ebfn Ch\u00ednh S\u00e1ch B\u1ea3o H\u00e0nh t\u1ed1t nh\u1ea5t cho qu\u00fd kh\u00e1ch. T\u1ea5t c\u1ea3 s\u00e1n ph\u1ea9m \u0111\u01b0\u1ee3c b\u00e0o h\u00e0nh t\u1eeb 12-36 th\u00e1ng T\u00f9y theo Lo\u1ea1i s\u1ea3n ph\u1ea9m.","breadcrumb":{"@id":"https:\/\/kirinlight.com.vn\/chinh-sach-bao-hanh\/#breadcrumb"},"inLanguage":"en-US","potentialAction":[{"@type":"ReadAction","target":["https:\/\/kirinlight.com.vn\/chinh-sach-bao-hanh\/"]}]},{"@type":"BreadcrumbList","@id":"https:\/\/kirinlight.com.vn\/chinh-sach-bao-hanh\/#breadcrumb","itemListElement":[{"@type":"ListItem","position":1,"name":"Home","item":"https:\/\/kirinlight.com.vn\/"},{"@type":"ListItem","position":2,"name":"Ch\u00ednh S\u00e1ch B\u1ea3o H\u00e0nh"}]},{"@type":"WebSite","@id":"https:\/\/kirinlight.com.vn\/#website","url":"https:\/\/kirinlight.com.vn\/","name":"LED Kirin","description":"Led Screen - High-Tech Led Module","potentialAction":[{"@type":"SearchAction","target":{"@type":"EntryPoint","urlTemplate":"https:\/\/kirinlight.com.vn\/?s={search_term_string}"},"query-input":{"@type":"PropertyValueSpecification","valueRequired":true,"valueName":"search_term_string"}}],"inLanguage":"en-US"}]}},"_links":{"self":[{"href":"https:\/\/kirinlight.com.vn\/us\/wp-json\/wp\/v2\/pages\/1290","targetHints":{"allow":["GET"]}}],"collection":[{"href":"https:\/\/kirinlight.com.vn\/us\/wp-json\/wp\/v2\/pages"}],"about":[{"href":"https:\/\/kirinlight.com.vn\/us\/wp-json\/wp\/v2\/types\/page"}],"author":[{"embeddable":true,"href":"https:\/\/kirinlight.com.vn\/us\/wp-json\/wp\/v2\/users\/2"}],"replies":[{"embeddable":true,"href":"https:\/\/kirinlight.com.vn\/us\/wp-json\/wp\/v2\/comments?post=1290"}],"version-history":[{"count":15,"href":"https:\/\/kirinlight.com.vn\/us\/wp-json\/wp\/v2\/pages\/1290\/revisions"}],"predecessor-version":[{"id":1600,"href":"https:\/\/kirinlight.com.vn\/us\/wp-json\/wp\/v2\/pages\/1290\/revisions\/1600"}],"wp:attachment":[{"href":"https:\/\/kirinlight.com.vn\/us\/wp-json\/wp\/v2\/media?parent=1290"}],"curies":[{"name":"wp","href":"https:\/\/api.w.org\/{rel}","templated":true}]}}