{"id":1304,"date":"2020-04-30T10:42:52","date_gmt":"2020-04-30T09:42:52","guid":{"rendered":"https:\/\/kirinlight.com.vn\/?page_id=1304"},"modified":"2026-04-01T14:52:59","modified_gmt":"2026-04-01T07:52:59","slug":"qui-dinh-doi-tra","status":"publish","type":"page","link":"https:\/\/kirinlight.com.vn\/us\/qui-dinh-doi-tra\/","title":{"rendered":"Refund Policy"},"content":{"rendered":"<div id=\"page-header-310454156\" class=\"page-header-wrapper\">\n  <div class=\"page-title light simple-title\">\n\n        <div class=\"page-title-bg\">\n      <div class=\"title-bg fill bg-fill\"\n        data-parallax-container=\".page-title\"\n        data-parallax-background\n data-parallax=\"-\">\n      <\/div>\n      <div class=\"title-overlay fill\"><\/div>\n    <\/div>\n    \n    <div class=\"page-title-inner container align-center flex-row medium-flex-wrap\" >\n              <div class=\"title-wrapper flex-col text-left medium-text-center\">\n          <h1 class=\"entry-title mb-0\">\n            Refund Policy          <\/h1>\n        <\/div>\n                    <div class=\"title-content flex-col flex-right text-right medium-text-center\">\n        <div class=\"title-breadcrumbs pb-half pt-half\"><nav class=\"woocommerce-breadcrumb breadcrumbs uppercase\" data-no-translation=\"\" data-trp-gettext=\"\">Home<\/nav><\/div>      <\/div>\n    <\/div>\n\n     \n<style>\n#page-header-310454156 .title-overlay {\n  background-color: rgb(255, 255, 255);\n}\n#page-header-310454156 {\n  background-color: rgb(255, 255, 255);\n}\n<\/style>\n  <\/div>\n    <\/div>\n  \n\t<section class=\"section\" id=\"section_1825967302\">\n\t\t<div class=\"bg section-bg fill bg-fill  bg-loaded\" >\n\n\t\t\t\n\t\t\t\n\t\t\t\n\t<div class=\"is-border\"\n\t\tstyle=\"border-color:rgb(235, 235, 235);border-width:1px 0px 0px 0px;\">\n\t<\/div>\n\n\t\t<\/div>\n\n\t\t\n\n\t\t<div class=\"section-content relative\">\n\t\t\t\n<div class=\"row row-large align-middle align-center\"  id=\"row-343493680\">\n\n\t<div id=\"col-1914242827\" class=\"col medium-7 small-12 large-7\"  >\n\t\t\t\t<div class=\"col-inner text-center\"  >\n\t\t\t\n\t\t\t\n<h2 style=\"color: #ae1f23; text-align: center;\">Refund Policy<\/h2>\n<p style=\"text-align: justify; color: #000000;\"><b>All products are renewed within 6 months from the date of installation:<\/b><br \/>1. If the fault is caused by the manufacturer, the warranty cannot be repaired.<br \/>2. There was no human intervention.<br \/>3. Must use the correct voltage, temperature and humidity according to the specifications of each type of floor.<br \/>4. Not damaged by mechanical impact, deformation, falling, breaking, impact, scratched, damaged by damp, rust, water, animals entering or force majeure events such as natural disaster, fire, explosion.<\/p>\n\t\t<\/div>\n\t\t\t\t\n<style>\n#col-1914242827 > .col-inner {\n  margin: 0px 0px 0px 0px;\n}\n<\/style>\n\t<\/div>\n\n\t\n\n\t<div id=\"col-467453078\" class=\"col medium-5 small-12 large-5\"  >\n\t\t\t\t<div class=\"col-inner box-shadow-2 box-shadow-5-hover\" style=\"background-color:rgb(255, 255, 255);\" >\n\t\t\t\n\t\t\t\n\t<div class=\"img has-hover x md-x lg-x y md-y lg-y\" id=\"image_854087520\">\n\t\t\t\t\t\t\t\t<div class=\"img-inner dark\" >\n\t\t\t<img loading=\"lazy\" decoding=\"async\" width=\"876\" height=\"636\" src=\"https:\/\/kirinlight.com.vn\/wp-content\/uploads\/2020\/04\/cert7-rotated.jpg\" class=\"attachment-large size-large\" alt=\"giay chung nhan Kirinligh\" srcset=\"https:\/\/kirinlight.com.vn\/wp-content\/uploads\/2020\/04\/cert7-rotated.jpg 876w, https:\/\/kirinlight.com.vn\/wp-content\/uploads\/2020\/04\/cert7-300x218.jpg 300w, https:\/\/kirinlight.com.vn\/wp-content\/uploads\/2020\/04\/cert7-768x558.jpg 768w, https:\/\/kirinlight.com.vn\/wp-content\/uploads\/2020\/04\/cert7-550x399.jpg 550w\" sizes=\"auto, (max-width: 876px) 100vw, 876px\" \/>\t\t\t\t\t\t\n\t\t\t\t\t<\/div>\n\t\t\t\t\t\t\t\t\n<style>\n#image_854087520 {\n  width: 100%;\n}\n<\/style>\n\t<\/div>\n\t\n\t\t<\/div>\n\t\t\t\t\n<style>\n#col-467453078 > .col-inner {\n  padding: 15px 15px 15px 15px;\n}\n<\/style>\n\t<\/div>\n\n\t\n<\/div>\n\t\t<\/div>\n\n\t\t\n<style>\n#section_1825967302 {\n  padding-top: 59px;\n  padding-bottom: 59px;\n  min-height: 300px;\n  background-color: rgb(240, 240, 240);\n}\n<\/style>\n\t<\/section>","protected":false},"excerpt":{"rendered":"","protected":false},"author":2,"featured_media":0,"parent":0,"menu_order":0,"comment_status":"closed","ping_status":"closed","template":"page-blank.php","meta":{"footnotes":""},"class_list":["post-1304","page","type-page","status-publish","hentry"],"yoast_head":"<!-- This site is optimized with the Yoast SEO plugin v27.4 - https:\/\/yoast.com\/product\/yoast-seo-wordpress\/ -->\n<title>Qui \u0110\u1ecbnh \u0110\u1ed5i Tr\u1ea3 - LED Kirin<\/title>\n<meta name=\"description\" content=\"Qui \u0110\u1ecbnh \u0110\u1ed5i Tr\u1ea3 t\u1ea5t c\u1ea3 s\u1ea3n ph\u1ea9m \u0111\u01b0\u1ee3c \u0111\u1ed5i m\u1edbi trong 6 th\u00e1ng k\u1ec1 t\u1eeb khi l\u1eafp \u0111\u1eb7t. Qu\u00fd kh\u00e1ch h\u00e0ng y\u00ean t\u00e2m s\u1eed d\u1ee5ng s\u1ea3n ph\u1ea9m c\u1ee7a led Hi\u1ec7p Phong, v\u00ec ch\u00fang t\u00f4i c\u00f3 qui \u0111\u1ecbnh \u0111\u1ed5i tra t\u1ed1t cho qu\u00fd kh\u00e1ch.\" \/>\n<meta name=\"robots\" content=\"index, follow, max-snippet:-1, max-image-preview:large, max-video-preview:-1\" \/>\n<link rel=\"canonical\" href=\"https:\/\/kirinlight.com.vn\/us\/qui-dinh-doi-tra\/\" \/>\n<meta property=\"og:locale\" content=\"en_US\" \/>\n<meta property=\"og:type\" content=\"article\" \/>\n<meta property=\"og:title\" content=\"Qui \u0110\u1ecbnh \u0110\u1ed5i Tr\u1ea3 - LED Kirin\" \/>\n<meta property=\"og:description\" content=\"Qui \u0110\u1ecbnh \u0110\u1ed5i Tr\u1ea3 t\u1ea5t c\u1ea3 s\u1ea3n ph\u1ea9m \u0111\u01b0\u1ee3c \u0111\u1ed5i m\u1edbi trong 6 th\u00e1ng k\u1ec1 t\u1eeb khi l\u1eafp \u0111\u1eb7t. Qu\u00fd kh\u00e1ch h\u00e0ng y\u00ean t\u00e2m s\u1eed d\u1ee5ng s\u1ea3n ph\u1ea9m c\u1ee7a led Hi\u1ec7p Phong, v\u00ec ch\u00fang t\u00f4i c\u00f3 qui \u0111\u1ecbnh \u0111\u1ed5i tra t\u1ed1t cho qu\u00fd kh\u00e1ch.\" \/>\n<meta property=\"og:url\" content=\"https:\/\/kirinlight.com.vn\/us\/qui-dinh-doi-tra\/\" \/>\n<meta property=\"og:site_name\" content=\"LED Kirin\" \/>\n<meta property=\"article:modified_time\" content=\"2026-04-01T07:52:59+00:00\" \/>\n<meta name=\"twitter:card\" content=\"summary_large_image\" \/>\n<meta name=\"twitter:label1\" content=\"Est. reading time\" \/>\n\t<meta name=\"twitter:data1\" content=\"1 minute\" \/>\n<script type=\"application\/ld+json\" class=\"yoast-schema-graph\">{\"@context\":\"https:\\\/\\\/schema.org\",\"@graph\":[{\"@type\":\"WebPage\",\"@id\":\"https:\\\/\\\/kirinlight.com.vn\\\/qui-dinh-doi-tra\\\/\",\"url\":\"https:\\\/\\\/kirinlight.com.vn\\\/qui-dinh-doi-tra\\\/\",\"name\":\"Qui \u0110\u1ecbnh \u0110\u1ed5i Tr\u1ea3 - LED Kirin\",\"isPartOf\":{\"@id\":\"https:\\\/\\\/kirinlight.com.vn\\\/#website\"},\"datePublished\":\"2020-04-30T09:42:52+00:00\",\"dateModified\":\"2026-04-01T07:52:59+00:00\",\"description\":\"Qui \u0110\u1ecbnh \u0110\u1ed5i Tr\u1ea3 t\u1ea5t c\u1ea3 s\u1ea3n ph\u1ea9m \u0111\u01b0\u1ee3c \u0111\u1ed5i m\u1edbi trong 6 th\u00e1ng k\u1ec1 t\u1eeb khi l\u1eafp \u0111\u1eb7t. Qu\u00fd kh\u00e1ch h\u00e0ng y\u00ean t\u00e2m s\u1eed d\u1ee5ng s\u1ea3n ph\u1ea9m c\u1ee7a led Hi\u1ec7p Phong, v\u00ec ch\u00fang t\u00f4i c\u00f3 qui \u0111\u1ecbnh \u0111\u1ed5i tra t\u1ed1t cho qu\u00fd kh\u00e1ch.\",\"breadcrumb\":{\"@id\":\"https:\\\/\\\/kirinlight.com.vn\\\/qui-dinh-doi-tra\\\/#breadcrumb\"},\"inLanguage\":\"en-US\",\"potentialAction\":[{\"@type\":\"ReadAction\",\"target\":[\"https:\\\/\\\/kirinlight.com.vn\\\/qui-dinh-doi-tra\\\/\"]}]},{\"@type\":\"BreadcrumbList\",\"@id\":\"https:\\\/\\\/kirinlight.com.vn\\\/qui-dinh-doi-tra\\\/#breadcrumb\",\"itemListElement\":[{\"@type\":\"ListItem\",\"position\":1,\"name\":\"Home\",\"item\":\"https:\\\/\\\/kirinlight.com.vn\\\/\"},{\"@type\":\"ListItem\",\"position\":2,\"name\":\"Qui \u0110\u1ecbnh \u0110\u1ed5i Tr\u1ea3\"}]},{\"@type\":\"WebSite\",\"@id\":\"https:\\\/\\\/kirinlight.com.vn\\\/#website\",\"url\":\"https:\\\/\\\/kirinlight.com.vn\\\/\",\"name\":\"LED Kirin\",\"description\":\"M\u00e0n H\u00ecnh Led - Module Led C\u00f4ng Ngh\u1ec7 Cao\",\"potentialAction\":[{\"@type\":\"SearchAction\",\"target\":{\"@type\":\"EntryPoint\",\"urlTemplate\":\"https:\\\/\\\/kirinlight.com.vn\\\/?s={search_term_string}\"},\"query-input\":{\"@type\":\"PropertyValueSpecification\",\"valueRequired\":true,\"valueName\":\"search_term_string\"}}],\"inLanguage\":\"en-US\"}]}<\/script>\n<!-- \/ Yoast SEO plugin. -->","yoast_head_json":{"title":"Qui \u0110\u1ecbnh \u0110\u1ed5i Tr\u1ea3 - LED Kirin","description":"Qui \u0110\u1ecbnh \u0110\u1ed5i Tr\u1ea3 t\u1ea5t c\u1ea3 s\u1ea3n ph\u1ea9m \u0111\u01b0\u1ee3c \u0111\u1ed5i m\u1edbi trong 6 th\u00e1ng k\u1ec1 t\u1eeb khi l\u1eafp \u0111\u1eb7t. Qu\u00fd kh\u00e1ch h\u00e0ng y\u00ean t\u00e2m s\u1eed d\u1ee5ng s\u1ea3n ph\u1ea9m c\u1ee7a led Hi\u1ec7p Phong, v\u00ec ch\u00fang t\u00f4i c\u00f3 qui \u0111\u1ecbnh \u0111\u1ed5i tra t\u1ed1t cho qu\u00fd kh\u00e1ch.","robots":{"index":"index","follow":"follow","max-snippet":"max-snippet:-1","max-image-preview":"max-image-preview:large","max-video-preview":"max-video-preview:-1"},"canonical":"https:\/\/kirinlight.com.vn\/us\/qui-dinh-doi-tra\/","og_locale":"en_US","og_type":"article","og_title":"Qui \u0110\u1ecbnh \u0110\u1ed5i Tr\u1ea3 - LED Kirin","og_description":"Qui \u0110\u1ecbnh \u0110\u1ed5i Tr\u1ea3 t\u1ea5t c\u1ea3 s\u1ea3n ph\u1ea9m \u0111\u01b0\u1ee3c \u0111\u1ed5i m\u1edbi trong 6 th\u00e1ng k\u1ec1 t\u1eeb khi l\u1eafp \u0111\u1eb7t. Qu\u00fd kh\u00e1ch h\u00e0ng y\u00ean t\u00e2m s\u1eed d\u1ee5ng s\u1ea3n ph\u1ea9m c\u1ee7a led Hi\u1ec7p Phong, v\u00ec ch\u00fang t\u00f4i c\u00f3 qui \u0111\u1ecbnh \u0111\u1ed5i tra t\u1ed1t cho qu\u00fd kh\u00e1ch.","og_url":"https:\/\/kirinlight.com.vn\/us\/qui-dinh-doi-tra\/","og_site_name":"LED Kirin","article_modified_time":"2026-04-01T07:52:59+00:00","twitter_card":"summary_large_image","twitter_misc":{"Est. reading time":"1 minute"},"schema":{"@context":"https:\/\/schema.org","@graph":[{"@type":"WebPage","@id":"https:\/\/kirinlight.com.vn\/qui-dinh-doi-tra\/","url":"https:\/\/kirinlight.com.vn\/qui-dinh-doi-tra\/","name":"Qui \u0110\u1ecbnh \u0110\u1ed5i Tr\u1ea3 - LED Kirin","isPartOf":{"@id":"https:\/\/kirinlight.com.vn\/#website"},"datePublished":"2020-04-30T09:42:52+00:00","dateModified":"2026-04-01T07:52:59+00:00","description":"Qui \u0110\u1ecbnh \u0110\u1ed5i Tr\u1ea3 t\u1ea5t c\u1ea3 s\u1ea3n ph\u1ea9m \u0111\u01b0\u1ee3c \u0111\u1ed5i m\u1edbi trong 6 th\u00e1ng k\u1ec1 t\u1eeb khi l\u1eafp \u0111\u1eb7t. Qu\u00fd kh\u00e1ch h\u00e0ng y\u00ean t\u00e2m s\u1eed d\u1ee5ng s\u1ea3n ph\u1ea9m c\u1ee7a led Hi\u1ec7p Phong, v\u00ec ch\u00fang t\u00f4i c\u00f3 qui \u0111\u1ecbnh \u0111\u1ed5i tra t\u1ed1t cho qu\u00fd kh\u00e1ch.","breadcrumb":{"@id":"https:\/\/kirinlight.com.vn\/qui-dinh-doi-tra\/#breadcrumb"},"inLanguage":"en-US","potentialAction":[{"@type":"ReadAction","target":["https:\/\/kirinlight.com.vn\/qui-dinh-doi-tra\/"]}]},{"@type":"BreadcrumbList","@id":"https:\/\/kirinlight.com.vn\/qui-dinh-doi-tra\/#breadcrumb","itemListElement":[{"@type":"ListItem","position":1,"name":"Home","item":"https:\/\/kirinlight.com.vn\/"},{"@type":"ListItem","position":2,"name":"Qui \u0110\u1ecbnh \u0110\u1ed5i Tr\u1ea3"}]},{"@type":"WebSite","@id":"https:\/\/kirinlight.com.vn\/#website","url":"https:\/\/kirinlight.com.vn\/","name":"LED Kirin","description":"Led Screen - High-Tech Led Module","potentialAction":[{"@type":"SearchAction","target":{"@type":"EntryPoint","urlTemplate":"https:\/\/kirinlight.com.vn\/?s={search_term_string}"},"query-input":{"@type":"PropertyValueSpecification","valueRequired":true,"valueName":"search_term_string"}}],"inLanguage":"en-US"}]}},"_links":{"self":[{"href":"https:\/\/kirinlight.com.vn\/us\/wp-json\/wp\/v2\/pages\/1304","targetHints":{"allow":["GET"]}}],"collection":[{"href":"https:\/\/kirinlight.com.vn\/us\/wp-json\/wp\/v2\/pages"}],"about":[{"href":"https:\/\/kirinlight.com.vn\/us\/wp-json\/wp\/v2\/types\/page"}],"author":[{"embeddable":true,"href":"https:\/\/kirinlight.com.vn\/us\/wp-json\/wp\/v2\/users\/2"}],"replies":[{"embeddable":true,"href":"https:\/\/kirinlight.com.vn\/us\/wp-json\/wp\/v2\/comments?post=1304"}],"version-history":[{"count":9,"href":"https:\/\/kirinlight.com.vn\/us\/wp-json\/wp\/v2\/pages\/1304\/revisions"}],"predecessor-version":[{"id":2334,"href":"https:\/\/kirinlight.com.vn\/us\/wp-json\/wp\/v2\/pages\/1304\/revisions\/2334"}],"wp:attachment":[{"href":"https:\/\/kirinlight.com.vn\/us\/wp-json\/wp\/v2\/media?parent=1304"}],"curies":[{"name":"wp","href":"https:\/\/api.w.org\/{rel}","templated":true}]}}