{"id":1603,"date":"2023-06-02T02:51:05","date_gmt":"2023-06-02T01:51:05","guid":{"rendered":"https:\/\/kirinlight.com.vn\/?page_id=1603"},"modified":"2023-06-02T02:51:05","modified_gmt":"2023-06-02T01:51:05","slug":"chinh-sach-van-chuyen","status":"publish","type":"page","link":"https:\/\/kirinlight.com.vn\/us\/chinh-sach-van-chuyen\/","title":{"rendered":"Shipping Policy"},"content":{"rendered":"<h3><strong>Delivery time<\/strong><\/h3>\n<p>Shipping time will be based on specific province and region. Usually we provide estimated shipping time as below<\/p>\n<ul>\n<li>Inner Ho Chi Minh City route: delivery within 1-3 days since the system confirms by phone<\/li>\n<li>Ho Chi Minh City suburban route: delivery within 2-4 days since the system confirms by phone<\/li>\n<li>Route Da Nang, Central: delivery within 2-5 days since the system confirmed by phone<\/li>\n<li>All other cities: delivery within 2-7 days after confirmation by phone<\/li>\n<\/ul>\n<p>Delivery time does not include Saturday, Sunday or public holidays.<\/p>\n<h3><strong>How many times can an order be delivered?<\/strong><\/h3>\n<p>Orders can be delivered up to 3 times (If the first time the order is delivered unsuccessfully, the shipping staff will contact you for the second time, the third time after 1-2 working days, so after 3 deliveries. unsuccessful translation, the order will be canceled)<\/p>\n<h3><strong>Check order status<\/strong><\/h3>\n<p>To check information or order status, please contact Led Hiep Phong directly for the fastest support. Estimated time we mentioned above<\/p>\n<ul>\n<li><strong>Shop:<\/strong>\u00a0356 Tan Phuoc, F7, District 10, HCMC.\u00a0<b>0908 300 707 \u2013 0987 300 707<\/b><\/li>\n<li><strong>Headquarters<\/strong>: 326\/5 Tan Phuoc, F7, District 10, HCMC.\u00a0<b>Tel: 0283.957.2634<\/b><\/li>\n<\/ul>\n<h3><strong>Can I see the product when I receive the goods?<\/strong><\/h3>\n<p>In order to meet the interests of customers, Led Hiep Phong supports the policy of showing and checking the goods right after receiving the goods. Led Hiep Phong encourages customers to carefully check the goods (quantity, color, type, product appearance, ...).<\/p>\n<p><strong>Note:<\/strong>\u00a0Do not peel off the product seal. In case you encounter problems, please immediately contact the hotline 0908.300.707 for timely support.<\/p>","protected":false},"excerpt":{"rendered":"<p>Th\u1eddi gian v\u1eadn chuy\u1ec3n Th\u1eddi gian v\u1eadn chuy\u1ec3n s\u1ebd d\u1ef1a tr\u00ean v\u1ecb tr\u00ed t\u1ec9nh th\u00e0nh v\u00e0 khu v\u1ef1c c\u1ee5 th\u1ec3. Th\u00f4ng th\u01b0\u1eddng ch\u00fang t\u00f4i cung c\u1ea5p th\u1eddi gian v\u1eadn chuy\u1ec3n d\u1ef1 ki\u1ebfn nh\u01b0 b\u00ean d\u01b0\u1edbi Tuy\u1ebfn n\u1ed9i th\u00e0nh TPHCM:\u00a0 giao h\u00e0ng trong v\u00f2ng 1-3 ng\u00e0y k\u1ec3 t\u1eeb khi h\u1ec7 th\u1ed1ng x\u00e1c nh\u1eadn qua \u0111i\u1ec7n tho\u1ea1i [&#8230;]\n","protected":false},"author":2,"featured_media":0,"parent":0,"menu_order":0,"comment_status":"closed","ping_status":"closed","template":"page-right-sidebar.php","meta":{"footnotes":""},"class_list":["post-1603","page","type-page","status-publish","hentry"],"yoast_head":"<!-- This site is optimized with the Yoast SEO plugin v27.4 - https:\/\/yoast.com\/product\/yoast-seo-wordpress\/ -->\n<title>Ch\u00ednh S\u00e1ch V\u1eadn Chuy\u1ec3n - LED Kirin<\/title>\n<meta name=\"robots\" content=\"index, follow, max-snippet:-1, max-image-preview:large, max-video-preview:-1\" \/>\n<link rel=\"canonical\" href=\"https:\/\/kirinlight.com.vn\/us\/chinh-sach-van-chuyen\/\" \/>\n<meta property=\"og:locale\" content=\"en_US\" \/>\n<meta property=\"og:type\" content=\"article\" \/>\n<meta property=\"og:title\" content=\"Ch\u00ednh S\u00e1ch V\u1eadn Chuy\u1ec3n - LED Kirin\" \/>\n<meta property=\"og:description\" content=\"Th\u1eddi gian v\u1eadn chuy\u1ec3n Th\u1eddi gian v\u1eadn chuy\u1ec3n s\u1ebd d\u1ef1a tr\u00ean v\u1ecb tr\u00ed t\u1ec9nh th\u00e0nh v\u00e0 khu v\u1ef1c c\u1ee5 th\u1ec3. Th\u00f4ng th\u01b0\u1eddng ch\u00fang t\u00f4i cung c\u1ea5p th\u1eddi gian v\u1eadn chuy\u1ec3n d\u1ef1 ki\u1ebfn nh\u01b0 b\u00ean d\u01b0\u1edbi Tuy\u1ebfn n\u1ed9i th\u00e0nh TPHCM:\u00a0 giao h\u00e0ng trong v\u00f2ng 1-3 ng\u00e0y k\u1ec3 t\u1eeb khi h\u1ec7 th\u1ed1ng x\u00e1c nh\u1eadn qua \u0111i\u1ec7n tho\u1ea1i [...]\" \/>\n<meta property=\"og:url\" content=\"https:\/\/kirinlight.com.vn\/us\/chinh-sach-van-chuyen\/\" \/>\n<meta property=\"og:site_name\" content=\"LED Kirin\" \/>\n<meta name=\"twitter:card\" content=\"summary_large_image\" \/>\n<meta name=\"twitter:label1\" content=\"Est. reading time\" \/>\n\t<meta name=\"twitter:data1\" content=\"2 minutes\" \/>\n<script type=\"application\/ld+json\" class=\"yoast-schema-graph\">{\"@context\":\"https:\\\/\\\/schema.org\",\"@graph\":[{\"@type\":\"WebPage\",\"@id\":\"https:\\\/\\\/kirinlight.com.vn\\\/chinh-sach-van-chuyen\\\/\",\"url\":\"https:\\\/\\\/kirinlight.com.vn\\\/chinh-sach-van-chuyen\\\/\",\"name\":\"Ch\u00ednh S\u00e1ch V\u1eadn Chuy\u1ec3n - LED Kirin\",\"isPartOf\":{\"@id\":\"https:\\\/\\\/kirinlight.com.vn\\\/#website\"},\"datePublished\":\"2023-06-02T01:51:05+00:00\",\"breadcrumb\":{\"@id\":\"https:\\\/\\\/kirinlight.com.vn\\\/chinh-sach-van-chuyen\\\/#breadcrumb\"},\"inLanguage\":\"en-US\",\"potentialAction\":[{\"@type\":\"ReadAction\",\"target\":[\"https:\\\/\\\/kirinlight.com.vn\\\/chinh-sach-van-chuyen\\\/\"]}]},{\"@type\":\"BreadcrumbList\",\"@id\":\"https:\\\/\\\/kirinlight.com.vn\\\/chinh-sach-van-chuyen\\\/#breadcrumb\",\"itemListElement\":[{\"@type\":\"ListItem\",\"position\":1,\"name\":\"Home\",\"item\":\"https:\\\/\\\/kirinlight.com.vn\\\/\"},{\"@type\":\"ListItem\",\"position\":2,\"name\":\"Ch\u00ednh S\u00e1ch V\u1eadn Chuy\u1ec3n\"}]},{\"@type\":\"WebSite\",\"@id\":\"https:\\\/\\\/kirinlight.com.vn\\\/#website\",\"url\":\"https:\\\/\\\/kirinlight.com.vn\\\/\",\"name\":\"LED Kirin\",\"description\":\"M\u00e0n H\u00ecnh Led - Module Led C\u00f4ng Ngh\u1ec7 Cao\",\"potentialAction\":[{\"@type\":\"SearchAction\",\"target\":{\"@type\":\"EntryPoint\",\"urlTemplate\":\"https:\\\/\\\/kirinlight.com.vn\\\/?s={search_term_string}\"},\"query-input\":{\"@type\":\"PropertyValueSpecification\",\"valueRequired\":true,\"valueName\":\"search_term_string\"}}],\"inLanguage\":\"en-US\"}]}<\/script>\n<!-- \/ Yoast SEO plugin. -->","yoast_head_json":{"title":"Ch\u00ednh S\u00e1ch V\u1eadn Chuy\u1ec3n - LED Kirin","robots":{"index":"index","follow":"follow","max-snippet":"max-snippet:-1","max-image-preview":"max-image-preview:large","max-video-preview":"max-video-preview:-1"},"canonical":"https:\/\/kirinlight.com.vn\/us\/chinh-sach-van-chuyen\/","og_locale":"en_US","og_type":"article","og_title":"Ch\u00ednh S\u00e1ch V\u1eadn Chuy\u1ec3n - LED Kirin","og_description":"Th\u1eddi gian v\u1eadn chuy\u1ec3n Th\u1eddi gian v\u1eadn chuy\u1ec3n s\u1ebd d\u1ef1a tr\u00ean v\u1ecb tr\u00ed t\u1ec9nh th\u00e0nh v\u00e0 khu v\u1ef1c c\u1ee5 th\u1ec3. Th\u00f4ng th\u01b0\u1eddng ch\u00fang t\u00f4i cung c\u1ea5p th\u1eddi gian v\u1eadn chuy\u1ec3n d\u1ef1 ki\u1ebfn nh\u01b0 b\u00ean d\u01b0\u1edbi Tuy\u1ebfn n\u1ed9i th\u00e0nh TPHCM:\u00a0 giao h\u00e0ng trong v\u00f2ng 1-3 ng\u00e0y k\u1ec3 t\u1eeb khi h\u1ec7 th\u1ed1ng x\u00e1c nh\u1eadn qua \u0111i\u1ec7n tho\u1ea1i [...]","og_url":"https:\/\/kirinlight.com.vn\/us\/chinh-sach-van-chuyen\/","og_site_name":"LED Kirin","twitter_card":"summary_large_image","twitter_misc":{"Est. reading time":"2 minutes"},"schema":{"@context":"https:\/\/schema.org","@graph":[{"@type":"WebPage","@id":"https:\/\/kirinlight.com.vn\/chinh-sach-van-chuyen\/","url":"https:\/\/kirinlight.com.vn\/chinh-sach-van-chuyen\/","name":"Ch\u00ednh S\u00e1ch V\u1eadn Chuy\u1ec3n - LED Kirin","isPartOf":{"@id":"https:\/\/kirinlight.com.vn\/#website"},"datePublished":"2023-06-02T01:51:05+00:00","breadcrumb":{"@id":"https:\/\/kirinlight.com.vn\/chinh-sach-van-chuyen\/#breadcrumb"},"inLanguage":"en-US","potentialAction":[{"@type":"ReadAction","target":["https:\/\/kirinlight.com.vn\/chinh-sach-van-chuyen\/"]}]},{"@type":"BreadcrumbList","@id":"https:\/\/kirinlight.com.vn\/chinh-sach-van-chuyen\/#breadcrumb","itemListElement":[{"@type":"ListItem","position":1,"name":"Home","item":"https:\/\/kirinlight.com.vn\/"},{"@type":"ListItem","position":2,"name":"Ch\u00ednh S\u00e1ch V\u1eadn Chuy\u1ec3n"}]},{"@type":"WebSite","@id":"https:\/\/kirinlight.com.vn\/#website","url":"https:\/\/kirinlight.com.vn\/","name":"LED Kirin","description":"Led Screen - High-Tech Led Module","potentialAction":[{"@type":"SearchAction","target":{"@type":"EntryPoint","urlTemplate":"https:\/\/kirinlight.com.vn\/?s={search_term_string}"},"query-input":{"@type":"PropertyValueSpecification","valueRequired":true,"valueName":"search_term_string"}}],"inLanguage":"en-US"}]}},"_links":{"self":[{"href":"https:\/\/kirinlight.com.vn\/us\/wp-json\/wp\/v2\/pages\/1603","targetHints":{"allow":["GET"]}}],"collection":[{"href":"https:\/\/kirinlight.com.vn\/us\/wp-json\/wp\/v2\/pages"}],"about":[{"href":"https:\/\/kirinlight.com.vn\/us\/wp-json\/wp\/v2\/types\/page"}],"author":[{"embeddable":true,"href":"https:\/\/kirinlight.com.vn\/us\/wp-json\/wp\/v2\/users\/2"}],"replies":[{"embeddable":true,"href":"https:\/\/kirinlight.com.vn\/us\/wp-json\/wp\/v2\/comments?post=1603"}],"version-history":[{"count":1,"href":"https:\/\/kirinlight.com.vn\/us\/wp-json\/wp\/v2\/pages\/1603\/revisions"}],"predecessor-version":[{"id":1604,"href":"https:\/\/kirinlight.com.vn\/us\/wp-json\/wp\/v2\/pages\/1603\/revisions\/1604"}],"wp:attachment":[{"href":"https:\/\/kirinlight.com.vn\/us\/wp-json\/wp\/v2\/media?parent=1603"}],"curies":[{"name":"wp","href":"https:\/\/api.w.org\/{rel}","templated":true}]}}