{"id":2,"date":"2018-09-13T01:40:33","date_gmt":"2018-09-13T00:40:33","guid":{"rendered":"https:\/\/kirinlight.com.vn\/?page_id=2"},"modified":"2023-06-02T02:46:53","modified_gmt":"2023-06-02T01:46:53","slug":"huong-dan-mua-hang","status":"publish","type":"page","link":"https:\/\/kirinlight.com.vn\/us\/huong-dan-mua-hang\/","title":{"rendered":"Shopping guide"},"content":{"rendered":"<p>After deciding which product to buy, you can choose from the following 2 methods:<\/p>\n<p><strong>1. Come directly to see product samples and pay at the Showroom<\/strong><\/p>\n<ul>\n<li>With small, compact and lightweight products, you can transport them yourself.<br \/>\nFor products with heavy weight and large sizes, we will support shipping to customers&#039; homes.<\/li>\n<\/ul>\n<p>(Free or charged depending on the product group listed on the website)<\/p>\n<ul>\n<li><strong>Shop:<\/strong>\u00a0356 Tan Phuoc, F7, District 10, HCMC.\u00a0<b>0908 300 707 \u2013 0987 300 707<\/b><\/li>\n<li><strong>Headquarters<\/strong>: 326\/5 Tan Phuoc, F7, District 10, HCMC.\u00a0<b>Tel: 0283.957.2634<\/b><\/li>\n<\/ul>\n<p><strong>2. Buy online, email or buy by phone<\/strong><\/p>\n<p><strong>Step 1: Order<\/strong><\/p>\n<ul>\n<li>Order online at the website system\u00a0<strong>https:\/\/ledhiephong.com<\/strong><\/li>\n<li>Call directly to order<\/li>\n<li>Send an email with an image or product code attached along with the requested content.<\/li>\n<\/ul>\n<p><strong>Step 2: Deposit<\/strong><\/p>\n<ul>\n<li>Deposit in advance 30%- 50% via account<\/li>\n<li>Account number:<\/li>\n<\/ul>\n<p><strong>Step 3<\/strong>: Confirm deposit and schedule delivery time<\/p>\n<p><strong>Step 4:<\/strong>\u00a0Receive goods and pay the rest.<\/p>","protected":false},"excerpt":{"rendered":"<p>Sau khi quy\u1ebft \u0111\u1ecbnh s\u1ea3n ph\u1ea9m c\u1ea7n mua, qu\u00fd kh\u00e1ch l\u1ef1a ch\u1ecdn theo 2 h\u00ecnh th\u1ee9c d\u01b0\u1edbi \u0111\u00e2y: 1. \u0110\u1ebfn tr\u1ef1c ti\u1ebfp xem m\u1eabu s\u1ea3n ph\u1ea9m v\u00e0 thanh to\u00e1n t\u1ea1i Showroom V\u1edbi nh\u1eefng s\u1ea3n ph\u1ea9m nh\u1ecf, g\u1ecdn, nh\u1eb9 qu\u00fd kh\u00e1ch c\u00f3 th\u1ec3 t\u1ef1 v\u1eadn chuy\u1ec3n. V\u1edbi nh\u1eefng s\u1ea3n ph\u1ea9m c\u00f3 kh\u1ed1i l\u01b0\u1ee3ng n\u1eb7ng, k\u00edch c\u1ee1 [&#8230;]\n","protected":false},"author":2,"featured_media":0,"parent":0,"menu_order":0,"comment_status":"closed","ping_status":"closed","template":"","meta":{"footnotes":""},"class_list":["post-2","page","type-page","status-publish","hentry"],"yoast_head":"<!-- This site is optimized with the Yoast SEO plugin v27.4 - https:\/\/yoast.com\/product\/yoast-seo-wordpress\/ -->\n<title>H\u01b0\u1edbng D\u1eabn Mua H\u00e0ng - LED Kirin<\/title>\n<meta name=\"robots\" content=\"index, follow, max-snippet:-1, max-image-preview:large, max-video-preview:-1\" \/>\n<link rel=\"canonical\" href=\"https:\/\/kirinlight.com.vn\/us\/huong-dan-mua-hang\/\" \/>\n<meta property=\"og:locale\" content=\"en_US\" \/>\n<meta property=\"og:type\" content=\"article\" \/>\n<meta property=\"og:title\" content=\"H\u01b0\u1edbng D\u1eabn Mua H\u00e0ng - LED Kirin\" \/>\n<meta property=\"og:description\" content=\"Sau khi quy\u1ebft \u0111\u1ecbnh s\u1ea3n ph\u1ea9m c\u1ea7n mua, qu\u00fd kh\u00e1ch l\u1ef1a ch\u1ecdn theo 2 h\u00ecnh th\u1ee9c d\u01b0\u1edbi \u0111\u00e2y: 1. \u0110\u1ebfn tr\u1ef1c ti\u1ebfp xem m\u1eabu s\u1ea3n ph\u1ea9m v\u00e0 thanh to\u00e1n t\u1ea1i Showroom V\u1edbi nh\u1eefng s\u1ea3n ph\u1ea9m nh\u1ecf, g\u1ecdn, nh\u1eb9 qu\u00fd kh\u00e1ch c\u00f3 th\u1ec3 t\u1ef1 v\u1eadn chuy\u1ec3n. V\u1edbi nh\u1eefng s\u1ea3n ph\u1ea9m c\u00f3 kh\u1ed1i l\u01b0\u1ee3ng n\u1eb7ng, k\u00edch c\u1ee1 [...]\" \/>\n<meta property=\"og:url\" content=\"https:\/\/kirinlight.com.vn\/us\/huong-dan-mua-hang\/\" \/>\n<meta property=\"og:site_name\" content=\"LED Kirin\" \/>\n<meta property=\"article:modified_time\" content=\"2023-06-02T01:46:53+00:00\" \/>\n<meta name=\"twitter:card\" content=\"summary_large_image\" \/>\n<meta name=\"twitter:label1\" content=\"Est. reading time\" \/>\n\t<meta name=\"twitter:data1\" content=\"1 minute\" \/>\n<script type=\"application\/ld+json\" class=\"yoast-schema-graph\">{\"@context\":\"https:\\\/\\\/schema.org\",\"@graph\":[{\"@type\":\"WebPage\",\"@id\":\"https:\\\/\\\/kirinlight.com.vn\\\/huong-dan-mua-hang\\\/\",\"url\":\"https:\\\/\\\/kirinlight.com.vn\\\/huong-dan-mua-hang\\\/\",\"name\":\"H\u01b0\u1edbng D\u1eabn Mua H\u00e0ng - LED Kirin\",\"isPartOf\":{\"@id\":\"https:\\\/\\\/kirinlight.com.vn\\\/#website\"},\"datePublished\":\"2018-09-13T00:40:33+00:00\",\"dateModified\":\"2023-06-02T01:46:53+00:00\",\"breadcrumb\":{\"@id\":\"https:\\\/\\\/kirinlight.com.vn\\\/huong-dan-mua-hang\\\/#breadcrumb\"},\"inLanguage\":\"en-US\",\"potentialAction\":[{\"@type\":\"ReadAction\",\"target\":[\"https:\\\/\\\/kirinlight.com.vn\\\/huong-dan-mua-hang\\\/\"]}]},{\"@type\":\"BreadcrumbList\",\"@id\":\"https:\\\/\\\/kirinlight.com.vn\\\/huong-dan-mua-hang\\\/#breadcrumb\",\"itemListElement\":[{\"@type\":\"ListItem\",\"position\":1,\"name\":\"Home\",\"item\":\"https:\\\/\\\/kirinlight.com.vn\\\/\"},{\"@type\":\"ListItem\",\"position\":2,\"name\":\"H\u01b0\u1edbng D\u1eabn Mua H\u00e0ng\"}]},{\"@type\":\"WebSite\",\"@id\":\"https:\\\/\\\/kirinlight.com.vn\\\/#website\",\"url\":\"https:\\\/\\\/kirinlight.com.vn\\\/\",\"name\":\"LED Kirin\",\"description\":\"M\u00e0n H\u00ecnh Led - Module Led C\u00f4ng Ngh\u1ec7 Cao\",\"potentialAction\":[{\"@type\":\"SearchAction\",\"target\":{\"@type\":\"EntryPoint\",\"urlTemplate\":\"https:\\\/\\\/kirinlight.com.vn\\\/?s={search_term_string}\"},\"query-input\":{\"@type\":\"PropertyValueSpecification\",\"valueRequired\":true,\"valueName\":\"search_term_string\"}}],\"inLanguage\":\"en-US\"}]}<\/script>\n<!-- \/ Yoast SEO plugin. -->","yoast_head_json":{"title":"H\u01b0\u1edbng D\u1eabn Mua H\u00e0ng - LED Kirin","robots":{"index":"index","follow":"follow","max-snippet":"max-snippet:-1","max-image-preview":"max-image-preview:large","max-video-preview":"max-video-preview:-1"},"canonical":"https:\/\/kirinlight.com.vn\/us\/huong-dan-mua-hang\/","og_locale":"en_US","og_type":"article","og_title":"H\u01b0\u1edbng D\u1eabn Mua H\u00e0ng - LED Kirin","og_description":"Sau khi quy\u1ebft \u0111\u1ecbnh s\u1ea3n ph\u1ea9m c\u1ea7n mua, qu\u00fd kh\u00e1ch l\u1ef1a ch\u1ecdn theo 2 h\u00ecnh th\u1ee9c d\u01b0\u1edbi \u0111\u00e2y: 1. \u0110\u1ebfn tr\u1ef1c ti\u1ebfp xem m\u1eabu s\u1ea3n ph\u1ea9m v\u00e0 thanh to\u00e1n t\u1ea1i Showroom V\u1edbi nh\u1eefng s\u1ea3n ph\u1ea9m nh\u1ecf, g\u1ecdn, nh\u1eb9 qu\u00fd kh\u00e1ch c\u00f3 th\u1ec3 t\u1ef1 v\u1eadn chuy\u1ec3n. V\u1edbi nh\u1eefng s\u1ea3n ph\u1ea9m c\u00f3 kh\u1ed1i l\u01b0\u1ee3ng n\u1eb7ng, k\u00edch c\u1ee1 [...]","og_url":"https:\/\/kirinlight.com.vn\/us\/huong-dan-mua-hang\/","og_site_name":"LED Kirin","article_modified_time":"2023-06-02T01:46:53+00:00","twitter_card":"summary_large_image","twitter_misc":{"Est. reading time":"1 minute"},"schema":{"@context":"https:\/\/schema.org","@graph":[{"@type":"WebPage","@id":"https:\/\/kirinlight.com.vn\/huong-dan-mua-hang\/","url":"https:\/\/kirinlight.com.vn\/huong-dan-mua-hang\/","name":"H\u01b0\u1edbng D\u1eabn Mua H\u00e0ng - LED Kirin","isPartOf":{"@id":"https:\/\/kirinlight.com.vn\/#website"},"datePublished":"2018-09-13T00:40:33+00:00","dateModified":"2023-06-02T01:46:53+00:00","breadcrumb":{"@id":"https:\/\/kirinlight.com.vn\/huong-dan-mua-hang\/#breadcrumb"},"inLanguage":"en-US","potentialAction":[{"@type":"ReadAction","target":["https:\/\/kirinlight.com.vn\/huong-dan-mua-hang\/"]}]},{"@type":"BreadcrumbList","@id":"https:\/\/kirinlight.com.vn\/huong-dan-mua-hang\/#breadcrumb","itemListElement":[{"@type":"ListItem","position":1,"name":"Home","item":"https:\/\/kirinlight.com.vn\/"},{"@type":"ListItem","position":2,"name":"H\u01b0\u1edbng D\u1eabn Mua H\u00e0ng"}]},{"@type":"WebSite","@id":"https:\/\/kirinlight.com.vn\/#website","url":"https:\/\/kirinlight.com.vn\/","name":"LED Kirin","description":"Led Screen - High-Tech Led Module","potentialAction":[{"@type":"SearchAction","target":{"@type":"EntryPoint","urlTemplate":"https:\/\/kirinlight.com.vn\/?s={search_term_string}"},"query-input":{"@type":"PropertyValueSpecification","valueRequired":true,"valueName":"search_term_string"}}],"inLanguage":"en-US"}]}},"_links":{"self":[{"href":"https:\/\/kirinlight.com.vn\/us\/wp-json\/wp\/v2\/pages\/2","targetHints":{"allow":["GET"]}}],"collection":[{"href":"https:\/\/kirinlight.com.vn\/us\/wp-json\/wp\/v2\/pages"}],"about":[{"href":"https:\/\/kirinlight.com.vn\/us\/wp-json\/wp\/v2\/types\/page"}],"author":[{"embeddable":true,"href":"https:\/\/kirinlight.com.vn\/us\/wp-json\/wp\/v2\/users\/2"}],"replies":[{"embeddable":true,"href":"https:\/\/kirinlight.com.vn\/us\/wp-json\/wp\/v2\/comments?post=2"}],"version-history":[{"count":2,"href":"https:\/\/kirinlight.com.vn\/us\/wp-json\/wp\/v2\/pages\/2\/revisions"}],"predecessor-version":[{"id":1598,"href":"https:\/\/kirinlight.com.vn\/us\/wp-json\/wp\/v2\/pages\/2\/revisions\/1598"}],"wp:attachment":[{"href":"https:\/\/kirinlight.com.vn\/us\/wp-json\/wp\/v2\/media?parent=2"}],"curies":[{"name":"wp","href":"https:\/\/api.w.org\/{rel}","templated":true}]}}