{"id":259,"date":"2018-10-01T03:37:49","date_gmt":"2018-10-01T02:37:49","guid":{"rendered":"https:\/\/kirinlight.com.vn\/?page_id=259"},"modified":"2020-06-12T10:28:42","modified_gmt":"2020-06-12T09:28:42","slug":"man-hinh-led","status":"publish","type":"page","link":"https:\/\/kirinlight.com.vn\/us\/man-hinh-led\/","title":{"rendered":"M\u00e0n h\u00ecnh Led"},"content":{"rendered":"<div class=\"slider-wrapper relative\" id=\"slider-804547863\" >\n    <div class=\"slider slider-nav-circle slider-nav-large slider-nav-light slider-style-normal\"\n        data-flickity-options='{            \"cellAlign\": \"center\",            \"imagesLoaded\": true,            \"lazyLoad\": 1,            \"freeScroll\": false,            \"wrapAround\": true,            \"autoPlay\": 4000,            \"pauseAutoPlayOnHover\" : false,            \"prevNextButtons\": true,            \"contain\" : true,            \"adaptiveHeight\" : true,            \"dragThreshold\" : 10,            \"percentPosition\": true,            \"pageDots\": false,            \"rightToLeft\": false,            \"draggable\": true,            \"selectedAttraction\": 0.1,            \"parallax\" : 0,            \"friction\": 0.6        }'\n        >\n        \n\t<div class=\"img has-hover x md-x lg-x y md-y lg-y\" id=\"image_1077326598\">\n\t\t\t\t\t\t<div data-animate=\"fadeInRight\">\t\t<div class=\"img-inner dark\" >\n\t\t\t<img loading=\"lazy\" decoding=\"async\" width=\"1200\" height=\"300\" src=\"https:\/\/kirinlight.com.vn\/wp-content\/uploads\/2018\/10\/Logo-kirin-module-led-3.jpg\" class=\"attachment-original size-original\" alt=\"led display kirin\" srcset=\"https:\/\/kirinlight.com.vn\/wp-content\/uploads\/2018\/10\/Logo-kirin-module-led-3.jpg 1200w, https:\/\/kirinlight.com.vn\/wp-content\/uploads\/2018\/10\/Logo-kirin-module-led-3-300x75.jpg 300w, https:\/\/kirinlight.com.vn\/wp-content\/uploads\/2018\/10\/Logo-kirin-module-led-3-768x192.jpg 768w, https:\/\/kirinlight.com.vn\/wp-content\/uploads\/2018\/10\/Logo-kirin-module-led-3-1024x256.jpg 1024w, https:\/\/kirinlight.com.vn\/wp-content\/uploads\/2018\/10\/Logo-kirin-module-led-3-550x138.jpg 550w\" sizes=\"auto, (max-width: 1200px) 100vw, 1200px\" \/>\t\t\t\t\t\t\n\t\t\t\t\t<\/div>\n\t\t<\/div>\t\t\t\t\t\t\n<style>\n#image_1077326598 {\n  width: 100%;\n}\n<\/style>\n\t<\/div>\n\t\n     <\/div>\n\n     <div class=\"loading-spin dark large centered\"><\/div>\n\n\t<\/div>\n\n\n<h1 style=\"font-family: Verdana, Geneva, sans-serif; color: #ae1f23; margin-left: 100px; margin-top: 20px;\"><strong>LED screen<\/strong><\/h1>\n\n\t\t<div class=\"tabbed-content\">\n\t\t\t\n\t\t\t<ul class=\"nav nav-pills nav-vertical nav-normal nav-size-xlarge nav-left\" role=\"tablist\"><li id=\"tab-m\u00e0n-h\u00ecnh-led-trong-nh\u00e0\" class=\"tab active has-icon\" role=\"presentation\"><a href=\"#tab_m\u00e0n-h\u00ecnh-led-trong-nh\u00e0\" role=\"tab\" aria-selected=\"true\" aria-controls=\"tab_m\u00e0n-h\u00ecnh-led-trong-nh\u00e0\"><span>led screen at home<\/span><\/a><\/li>\n<li id=\"tab-m\u00e0n-h\u00ecnh-led-ngo\u00e0i-tr\u1eddi\" class=\"tab has-icon\" role=\"presentation\"><a href=\"#tab_m\u00e0n-h\u00ecnh-led-ngo\u00e0i-tr\u1eddi\" tabindex=\"-1\" role=\"tab\" aria-selected=\"false\" aria-controls=\"tab_m\u00e0n-h\u00ecnh-led-ngo\u00e0i-tr\u1eddi\"><span>Outdoor led screen<\/span><\/a><\/li><\/ul><div class=\"tab-panels\"><div id=\"tab_m\u00e0n-h\u00ecnh-led-trong-nh\u00e0\" class=\"panel active entry-content\" role=\"tabpanel\" aria-labelledby=\"tab-m\u00e0n-h\u00ecnh-led-trong-nh\u00e0\">\n\n  \n    <div class=\"row large-columns-4 medium-columns-3 small-columns-2 row-xsmall\" >\n  \t<\/div>\n<\/div>\n<div id=\"tab_m\u00e0n-h\u00ecnh-led-ngo\u00e0i-tr\u1eddi\" class=\"panel entry-content\" role=\"tabpanel\" aria-labelledby=\"tab-m\u00e0n-h\u00ecnh-led-ngo\u00e0i-tr\u1eddi\">\n\n  \n    <div class=\"row large-columns-4 medium-columns-3 small-columns-2 row-xsmall\" >\n  \t<\/div>\n<\/div><\/div><\/div>\n<div class=\"is-divider divider clearfix\" style=\"max-width:1400px;height:1px;background-color:rgb(154, 153, 153);\"><\/div>\n<div class=\"row row-collapse row-full-width row-solid\"  id=\"row-239572427\">\n\n\t<div id=\"col-1309940946\" class=\"col medium-6 small-12 large-6\"  data-animate=\"fadeInRight\">\n\t\t\t\t<div class=\"col-inner\"  >\n\t\t\t\n\t\t\t\n<p><iframe loading=\"lazy\" style=\"border: 0;\" src=\"https:\/\/www.google.com\/maps\/embed?pb=!1m18!1m12!1m3!1d3919.652164733459!2d106.65878421414894!3d10.761267892331817!2m3!1f0!2f0!3f0!3m2!1i1024!2i768!4f13.1!3m3!1m2!1s0x31752eee57b61a29%3A0x1e33f6a4079306e6!2zMzU2IFTDom4gUGjGsOG7m2MsIFBoxrDhu51uZyA3LCBRdeG6rW4gMTAsIEjhu5MgQ2jDrSBNaW5oLCBWaWV0bmFt!5e0!3m2!1sen!2s!4v1536859667886\" width=\"600\" height=\"250\" frameborder=\"0\" allowfullscreen=\"allowfullscreen\"><\/iframe><\/p>\n\t\t<\/div>\n\t\t\t\t\t<\/div>\n\n\t\n\n\t<div id=\"col-2135843400\" class=\"col medium-6 small-12 large-6\"  data-animate=\"fadeInRight\">\n\t\t\t\t<div class=\"col-inner\"  >\n\t\t\t\n\t\t\t\n<h3 style=\"font-family: meiryo,; color: #ae1f23;\">Contact:<\/h3>\n<p style=\"font-family: meiryo,;\">\u00a0???? Office: 356 Tan Phuoc \u2013 Ward 7 \u2013 District 10 \u2013 HCMC.<\/p>\n<p style=\"font-family: meiryo,;\">???? Store: 326\/5 Tan Phuoc \u2013 Ward 7 \u2013 District 10 \u2013 HCMC.<\/p>\n<p style=\"font-family: meiryo,;\">???? Phone: 0283.95.72.634 \u2013 0908.300.707 \u2013 0987.300.707<\/p>\n<p style=\"font-family: meiryo,;\">???? Web: www.kirinlight.com.vn<\/p>\n<p style=\"font-family: meiryo,;\">???? Email: hiepphong80@yahoo.com.vn<\/p>\n\t\t<\/div>\n\t\t\t\t\t<\/div>\n\n\t\n\n<style>\n#row-239572427 > .col > .col-inner {\n  padding: 5px px 0px 0px;\n}\n<\/style>\n<\/div>\n<div class=\"is-divider divider clearfix\" style=\"max-width:1400px;height:1px;background-color:rgb(154, 153, 153);\"><\/div>\n\t<section class=\"section dark\" id=\"section_1862618794\">\n\t\t<div class=\"bg section-bg fill bg-fill  bg-loaded\" >\n\n\t\t\t\n\t\t\t\n\t\t\t\n\t<div class=\"is-border\"\n\t\tstyle=\"border-width:0px 0px 0px px;\">\n\t<\/div>\n\n\t\t<\/div>\n\n\t\t\n\n\t\t<div class=\"section-content relative\">\n\t\t\t\n<div class=\"row\"  id=\"row-1506465534\">\n\n\t<div id=\"col-1148184761\" class=\"col small-12 large-12\"  data-animate=\"fadeInRight\">\n\t\t\t\t<div class=\"col-inner\"  >\n\t\t\t\n\t\t\t\n<h2 style=\"font-family: Verdana, Geneva, sans-serif; color: #ffff;\" align=\"center\">KIRIN SCREEN PRODUCTS<\/h2>\n<p style=\"font-family: Verdana, Geneva, sans-serif; color: #ffff;\" align=\"center\">As one of the leading brands in the LED world, Kirin has worked hard to provide the best solutions, along with high quality products.<\/p>\n<p style=\"font-family: Verdana, Geneva, sans-serif; color: #ffff;\" align=\"center\">So far, Kirin Brand has been trusted by many domestic and foreign customers and evaluated as a reliable and durable brand.<\/p>\n<div class=\"is-divider divider clearfix\" style=\"max-width:1400px;height:1px;background-color:rgb(154, 153, 153);\"><\/div>\n\t\t<\/div>\n\t\t\t\t\t<\/div>\n\n\t\n<\/div>\n\n  \n    <div class=\"row large-columns-4 medium-columns-3 small-columns-2 row-xsmall row-full-width has-shadow row-box-shadow-1 slider row-slider slider-nav-simple slider-nav-light slider-nav-push\"  data-flickity-options='{\"imagesLoaded\": true, \"groupCells\": \"100%\", \"dragThreshold\" : 5, \"cellAlign\": \"left\",\"wrapAround\": true,\"prevNextButtons\": true,\"percentPosition\": true,\"pageDots\": false, \"rightToLeft\": false, \"autoPlay\" : 5000}' >\n\n  <div class=\"product-category col\" data-animate=\"fadeInRight\">\n            <div class=\"col-inner\">\n              <a aria-label=\"Visit product category Modules Led Ngo\u00e0i Tr\u1eddi\" href=\"https:\/\/kirinlight.com.vn\/us\/danh-muc\/modules-led-ngoai-troi\/\" data-no-translation-aria-label=\"\">                <div class=\"box box-category has-hover box-default\">\n                <div class=\"box-image\" style=\"border-radius:6%;\">\n                  <div class=\"image-zoom\" >\n                  <img loading=\"lazy\" decoding=\"async\" src=\"https:\/\/kirinlight.com.vn\/wp-content\/uploads\/2018\/10\/modulesled-outddor.png\" alt=\"Modules Led Ngo\u00e0i Tr\u1eddi\" width=\"300\" height=\"300\" \/>                                                      <\/div>\n                <\/div>\n                <div class=\"box-text text-center\" style=\"background-color:rgb(248, 195, 1);\">\n                  <div class=\"box-text-inner\">\n                      <h5 class=\"uppercase header-title\">\n                              Outdoor Led Modules                      <\/h5>\n                                            \n                  <\/div>\n                <\/div>\n                <\/div>\n            <\/a>            <\/div>\n            <\/div><div class=\"product-category col\" data-animate=\"fadeInRight\">\n            <div class=\"col-inner\">\n              <a aria-label=\"Visit product category Modules Led Trong Nh\u00e0\" href=\"https:\/\/kirinlight.com.vn\/us\/danh-muc\/modules-led-trong-nha\/\" data-no-translation-aria-label=\"\">                <div class=\"box box-category has-hover box-default\">\n                <div class=\"box-image\" style=\"border-radius:6%;\">\n                  <div class=\"image-zoom\" >\n                  <img loading=\"lazy\" decoding=\"async\" src=\"https:\/\/kirinlight.com.vn\/wp-content\/uploads\/woocommerce-placeholder.png\" alt=\"Modules Led Trong Nh\u00e0\" width=\"300\" height=\"300\" \/>                                                      <\/div>\n                <\/div>\n                <div class=\"box-text text-center\" style=\"background-color:rgb(248, 195, 1);\">\n                  <div class=\"box-text-inner\">\n                      <h5 class=\"uppercase header-title\">\n                              Indoor Led Modules                      <\/h5>\n                                            \n                  <\/div>\n                <\/div>\n                <\/div>\n            <\/a>            <\/div>\n            <\/div><\/div>\n\t\t<\/div>\n\n\t\t\n<style>\n#section_1862618794 {\n  padding-top: 30px;\n  padding-bottom: 30px;\n  background-color: rgb(174, 31, 35);\n}\n<\/style>\n\t<\/section>","protected":false},"excerpt":{"rendered":"<p>LED screen<\/p>","protected":false},"author":2,"featured_media":0,"parent":0,"menu_order":0,"comment_status":"closed","ping_status":"closed","template":"page-blank.php","meta":{"footnotes":""},"class_list":["post-259","page","type-page","status-publish","hentry"],"yoast_head":"<!-- This site is optimized with the Yoast SEO plugin v27.5 - https:\/\/yoast.com\/product\/yoast-seo-wordpress\/ -->\n<title>Cung C\u1ea5p M\u00e0n h\u00ecnh Led Kirin - T\u1ea1i Vi\u1ec7t Nam<\/title>\n<meta name=\"description\" content=\"Led Hi\u1ec7p Phong nh\u00e0 ph\u1ea7n ph\u1ed5i v\u00e0 s\u1ea3n xu\u1ea5t M\u00e0n H\u00ecnh Led Kirin t\u1ea1i Vi\u1ec7t Nam. Cung c\u1ea5p M\u00e0n H\u00ecnh Led Kirin ch\u1ea5t l\u01b0\u1ee3ng cao, ch\u1ebf \u0111\u1ed9 b\u1ea3o h\u00e0nh t\u1ea1i x\u01b0\u1edfng s\u1ea3n xu\u1ea5t, Gi\u00e1 s\u1ec9 cho s\u1ed1 l\u01b0\u1ee3ng l\u1edbn\" \/>\n<meta name=\"robots\" content=\"index, follow, max-snippet:-1, max-image-preview:large, max-video-preview:-1\" \/>\n<link rel=\"canonical\" href=\"https:\/\/kirinlight.com.vn\/us\/man-hinh-led\/\" \/>\n<meta property=\"og:locale\" content=\"en_US\" \/>\n<meta property=\"og:type\" content=\"article\" \/>\n<meta property=\"og:title\" content=\"Cung C\u1ea5p M\u00e0n h\u00ecnh Led Kirin - T\u1ea1i Vi\u1ec7t Nam\" \/>\n<meta property=\"og:description\" content=\"Led Hi\u1ec7p Phong nh\u00e0 ph\u1ea7n ph\u1ed5i v\u00e0 s\u1ea3n xu\u1ea5t M\u00e0n H\u00ecnh Led Kirin t\u1ea1i Vi\u1ec7t Nam. Cung c\u1ea5p M\u00e0n H\u00ecnh Led Kirin ch\u1ea5t l\u01b0\u1ee3ng cao, ch\u1ebf \u0111\u1ed9 b\u1ea3o h\u00e0nh t\u1ea1i x\u01b0\u1edfng s\u1ea3n xu\u1ea5t, Gi\u00e1 s\u1ec9 cho s\u1ed1 l\u01b0\u1ee3ng l\u1edbn\" \/>\n<meta property=\"og:url\" content=\"https:\/\/kirinlight.com.vn\/us\/man-hinh-led\/\" \/>\n<meta property=\"og:site_name\" content=\"LED Kirin\" \/>\n<meta property=\"article:modified_time\" content=\"2020-06-12T09:28:42+00:00\" \/>\n<meta name=\"twitter:card\" content=\"summary_large_image\" \/>\n<meta name=\"twitter:label1\" content=\"Est. reading time\" \/>\n\t<meta name=\"twitter:data1\" content=\"2 minutes\" \/>\n<script type=\"application\/ld+json\" class=\"yoast-schema-graph\">{\"@context\":\"https:\\\/\\\/schema.org\",\"@graph\":[{\"@type\":\"WebPage\",\"@id\":\"https:\\\/\\\/kirinlight.com.vn\\\/man-hinh-led\\\/\",\"url\":\"https:\\\/\\\/kirinlight.com.vn\\\/man-hinh-led\\\/\",\"name\":\"Cung C\u1ea5p M\u00e0n h\u00ecnh Led Kirin - T\u1ea1i Vi\u1ec7t Nam\",\"isPartOf\":{\"@id\":\"https:\\\/\\\/kirinlight.com.vn\\\/#website\"},\"datePublished\":\"2018-10-01T02:37:49+00:00\",\"dateModified\":\"2020-06-12T09:28:42+00:00\",\"description\":\"Led Hi\u1ec7p Phong nh\u00e0 ph\u1ea7n ph\u1ed5i v\u00e0 s\u1ea3n xu\u1ea5t M\u00e0n H\u00ecnh Led Kirin t\u1ea1i Vi\u1ec7t Nam. Cung c\u1ea5p M\u00e0n H\u00ecnh Led Kirin ch\u1ea5t l\u01b0\u1ee3ng cao, ch\u1ebf \u0111\u1ed9 b\u1ea3o h\u00e0nh t\u1ea1i x\u01b0\u1edfng s\u1ea3n xu\u1ea5t, Gi\u00e1 s\u1ec9 cho s\u1ed1 l\u01b0\u1ee3ng l\u1edbn\",\"breadcrumb\":{\"@id\":\"https:\\\/\\\/kirinlight.com.vn\\\/man-hinh-led\\\/#breadcrumb\"},\"inLanguage\":\"en-US\",\"potentialAction\":[{\"@type\":\"ReadAction\",\"target\":[\"https:\\\/\\\/kirinlight.com.vn\\\/man-hinh-led\\\/\"]}]},{\"@type\":\"BreadcrumbList\",\"@id\":\"https:\\\/\\\/kirinlight.com.vn\\\/man-hinh-led\\\/#breadcrumb\",\"itemListElement\":[{\"@type\":\"ListItem\",\"position\":1,\"name\":\"Home\",\"item\":\"https:\\\/\\\/kirinlight.com.vn\\\/\"},{\"@type\":\"ListItem\",\"position\":2,\"name\":\"M\u00e0n h\u00ecnh Led\"}]},{\"@type\":\"WebSite\",\"@id\":\"https:\\\/\\\/kirinlight.com.vn\\\/#website\",\"url\":\"https:\\\/\\\/kirinlight.com.vn\\\/\",\"name\":\"LED Kirin\",\"description\":\"M\u00e0n H\u00ecnh Led - Module Led C\u00f4ng Ngh\u1ec7 Cao\",\"potentialAction\":[{\"@type\":\"SearchAction\",\"target\":{\"@type\":\"EntryPoint\",\"urlTemplate\":\"https:\\\/\\\/kirinlight.com.vn\\\/?s={search_term_string}\"},\"query-input\":{\"@type\":\"PropertyValueSpecification\",\"valueRequired\":true,\"valueName\":\"search_term_string\"}}],\"inLanguage\":\"en-US\"}]}<\/script>\n<!-- \/ Yoast SEO plugin. -->","yoast_head_json":{"title":"Cung C\u1ea5p M\u00e0n h\u00ecnh Led Kirin - T\u1ea1i Vi\u1ec7t Nam","description":"Led Hi\u1ec7p Phong nh\u00e0 ph\u1ea7n ph\u1ed5i v\u00e0 s\u1ea3n xu\u1ea5t M\u00e0n H\u00ecnh Led Kirin t\u1ea1i Vi\u1ec7t Nam. Cung c\u1ea5p M\u00e0n H\u00ecnh Led Kirin ch\u1ea5t l\u01b0\u1ee3ng cao, ch\u1ebf \u0111\u1ed9 b\u1ea3o h\u00e0nh t\u1ea1i x\u01b0\u1edfng s\u1ea3n xu\u1ea5t, Gi\u00e1 s\u1ec9 cho s\u1ed1 l\u01b0\u1ee3ng l\u1edbn","robots":{"index":"index","follow":"follow","max-snippet":"max-snippet:-1","max-image-preview":"max-image-preview:large","max-video-preview":"max-video-preview:-1"},"canonical":"https:\/\/kirinlight.com.vn\/us\/man-hinh-led\/","og_locale":"en_US","og_type":"article","og_title":"Cung C\u1ea5p M\u00e0n h\u00ecnh Led Kirin - T\u1ea1i Vi\u1ec7t Nam","og_description":"Led Hi\u1ec7p Phong nh\u00e0 ph\u1ea7n ph\u1ed5i v\u00e0 s\u1ea3n xu\u1ea5t M\u00e0n H\u00ecnh Led Kirin t\u1ea1i Vi\u1ec7t Nam. Cung c\u1ea5p M\u00e0n H\u00ecnh Led Kirin ch\u1ea5t l\u01b0\u1ee3ng cao, ch\u1ebf \u0111\u1ed9 b\u1ea3o h\u00e0nh t\u1ea1i x\u01b0\u1edfng s\u1ea3n xu\u1ea5t, Gi\u00e1 s\u1ec9 cho s\u1ed1 l\u01b0\u1ee3ng l\u1edbn","og_url":"https:\/\/kirinlight.com.vn\/us\/man-hinh-led\/","og_site_name":"LED Kirin","article_modified_time":"2020-06-12T09:28:42+00:00","twitter_card":"summary_large_image","twitter_misc":{"Est. reading time":"2 minutes"},"schema":{"@context":"https:\/\/schema.org","@graph":[{"@type":"WebPage","@id":"https:\/\/kirinlight.com.vn\/man-hinh-led\/","url":"https:\/\/kirinlight.com.vn\/man-hinh-led\/","name":"Cung C\u1ea5p M\u00e0n h\u00ecnh Led Kirin - T\u1ea1i Vi\u1ec7t Nam","isPartOf":{"@id":"https:\/\/kirinlight.com.vn\/#website"},"datePublished":"2018-10-01T02:37:49+00:00","dateModified":"2020-06-12T09:28:42+00:00","description":"Led Hi\u1ec7p Phong nh\u00e0 ph\u1ea7n ph\u1ed5i v\u00e0 s\u1ea3n xu\u1ea5t M\u00e0n H\u00ecnh Led Kirin t\u1ea1i Vi\u1ec7t Nam. Cung c\u1ea5p M\u00e0n H\u00ecnh Led Kirin ch\u1ea5t l\u01b0\u1ee3ng cao, ch\u1ebf \u0111\u1ed9 b\u1ea3o h\u00e0nh t\u1ea1i x\u01b0\u1edfng s\u1ea3n xu\u1ea5t, Gi\u00e1 s\u1ec9 cho s\u1ed1 l\u01b0\u1ee3ng l\u1edbn","breadcrumb":{"@id":"https:\/\/kirinlight.com.vn\/man-hinh-led\/#breadcrumb"},"inLanguage":"en-US","potentialAction":[{"@type":"ReadAction","target":["https:\/\/kirinlight.com.vn\/man-hinh-led\/"]}]},{"@type":"BreadcrumbList","@id":"https:\/\/kirinlight.com.vn\/man-hinh-led\/#breadcrumb","itemListElement":[{"@type":"ListItem","position":1,"name":"Home","item":"https:\/\/kirinlight.com.vn\/"},{"@type":"ListItem","position":2,"name":"M\u00e0n h\u00ecnh Led"}]},{"@type":"WebSite","@id":"https:\/\/kirinlight.com.vn\/#website","url":"https:\/\/kirinlight.com.vn\/","name":"LED Kirin","description":"Led Screen - High-Tech Led Module","potentialAction":[{"@type":"SearchAction","target":{"@type":"EntryPoint","urlTemplate":"https:\/\/kirinlight.com.vn\/?s={search_term_string}"},"query-input":{"@type":"PropertyValueSpecification","valueRequired":true,"valueName":"search_term_string"}}],"inLanguage":"en-US"}]}},"_links":{"self":[{"href":"https:\/\/kirinlight.com.vn\/us\/wp-json\/wp\/v2\/pages\/259","targetHints":{"allow":["GET"]}}],"collection":[{"href":"https:\/\/kirinlight.com.vn\/us\/wp-json\/wp\/v2\/pages"}],"about":[{"href":"https:\/\/kirinlight.com.vn\/us\/wp-json\/wp\/v2\/types\/page"}],"author":[{"embeddable":true,"href":"https:\/\/kirinlight.com.vn\/us\/wp-json\/wp\/v2\/users\/2"}],"replies":[{"embeddable":true,"href":"https:\/\/kirinlight.com.vn\/us\/wp-json\/wp\/v2\/comments?post=259"}],"version-history":[{"count":40,"href":"https:\/\/kirinlight.com.vn\/us\/wp-json\/wp\/v2\/pages\/259\/revisions"}],"predecessor-version":[{"id":1383,"href":"https:\/\/kirinlight.com.vn\/us\/wp-json\/wp\/v2\/pages\/259\/revisions\/1383"}],"wp:attachment":[{"href":"https:\/\/kirinlight.com.vn\/us\/wp-json\/wp\/v2\/media?parent=259"}],"curies":[{"name":"wp","href":"https:\/\/api.w.org\/{rel}","templated":true}]}}