{"id":3,"date":"2018-09-13T01:40:33","date_gmt":"2018-09-13T00:40:33","guid":{"rendered":"https:\/\/kirinlight.com.vn\/?page_id=3"},"modified":"2023-06-02T02:49:49","modified_gmt":"2023-06-02T01:49:49","slug":"privacy-policy","status":"publish","type":"page","link":"https:\/\/kirinlight.com.vn\/us\/privacy-policy\/","title":{"rendered":"Privacy Policy"},"content":{"rendered":"<h2>Commitment to information security<\/h2>\n<p>Customer information is committed to absolute confidentiality according to the personal information protection policy. The collection and use of each customer&#039;s information is only carried out with that customer&#039;s consent, except in cases where it is required to be provided when requested by the authorities. Do not use, transfer, provide or disclose to any third party the member&#039;s personal information without the member&#039;s consent.<\/p>\n<p>In case the information server is attacked by hackers leading to loss of member personal data, the website administrator will be responsible for reporting the incident to the investigating authorities for timely handling and notification. let members know.<\/p>\n<p>In case the customer discovers that personal information has been misused or violated, the customer can submit a complaint through our customer care channel, upon receiving the member&#039;s complaint information. members, we will use all necessary measures to prevent that personal information from being further violated, and at the same time take support measures to protect the legitimate rights and interests of customers.<\/p>\n<p>Customers have the right to submit a complaint about the disclosure of personal information to a third party to the Management Board of the Led Hiep Phong website. When receiving this feedback, we will confirm the information, be responsible for answering the reason and instruct members to restore and re-secure the information.<\/p>\n<h2>Means and tools for accessing information editing<\/h2>\n<p>Means and tools for users to access and edit their personal data. Personal information provided by customers will be saved on our internal system. Customers have the right to request Led Hiep Phong to correct errors in their data without charge. At any time, customers have the right to request that we stop using your personal data for marketing purposes.<\/p>\n<h2>Address of the information collection unit<\/h2>\n<ul>\n<li>Certificate of Business Registration No\u00a0<strong>0311009196<\/strong>\u00a0\u2013 Register on July 25, 2011<\/li>\n<li><strong>Headquarters:<\/strong>\u00a0326\/5 Tan Phuoc, F7, District 10, HCMC.\u00a0<b>Tel: 0283.957.2634<\/b><\/li>\n<li><strong>Shop<\/strong>: 356 Tan Phuoc, F7, District 10, HCMC.\u00a0<strong>TEL:\u00a0<\/strong><b>0908 300 707 \u2013 0987 300 707<\/b><\/li>\n<li>Consulting Technical Support:\u00a0<b>0909.520.690 \u2013 08964.444.98<\/b><\/li>\n<\/ul>\n<h2>Information storage time<\/h2>\n<p>Led Hiep Phong will store personal information provided by customers on our internal systems during the process of providing services to customers or until the purpose of collection is completed or when the customer has Request to cancel the information provided.<\/p>\n<h2>Purpose and scope of information collection<\/h2>\n<p><strong>Led Hiep Phong<\/strong>\u00a0We will use the information you provide for the following lawful purposes:<\/p>\n<ul>\n<li>Provide information about products and services when required by customers<\/li>\n<li>Use it to confirm your order when you place an order<\/li>\n<li>Send notices, implement advertising, marketing programs,<\/li>\n<li>PR for new services on the website<\/li>\n<li>Provide service information via email<\/li>\n<li>Analyze your consumption trends to improve your experience when visiting the website, improve old services, build new services<\/li>\n<\/ul>\n<p>Use information to contact customers for surveys, opinion polls, exchange of opinions, reviews and comments or to announce promotional programs and events. Through the email address and phone number that customers also provide, we can respond to customers&#039; questions and opinions about our products and services.<\/p>","protected":false},"excerpt":{"rendered":"<p>Cam k\u1ebft b\u1ea3o m\u1eadt th\u00f4ng tin Th\u00f4ng tin c\u1ee7a kh\u00e1ch h\u00e0ng \u0111\u01b0\u1ee3c cam k\u1ebft b\u1ea3o m\u1eadt tuy\u1ec7t \u0111\u1ed1i theo ch\u00ednh s\u00e1ch b\u1ea3o v\u1ec7 th\u00f4ng tin c\u00e1 nh\u00e2n . Vi\u1ec7c thu th\u1eadp v\u00e0 s\u1eed d\u1ee5ng th\u00f4ng tin c\u1ee7a m\u1ed7i kh\u00e1ch h\u00e0ng ch\u1ec9 \u0111\u01b0\u1ee3c th\u1ef1c hi\u1ec7n khi c\u00f3 s\u1ef1 \u0111\u1ed3ng \u00fd c\u1ee7a kh\u00e1ch h\u00e0ng \u0111\u00f3, tr\u1eeb tr\u01b0\u1eddng [&#8230;]\n","protected":false},"author":2,"featured_media":0,"parent":0,"menu_order":0,"comment_status":"closed","ping_status":"closed","template":"page-right-sidebar.php","meta":{"footnotes":""},"class_list":["post-3","page","type-page","status-publish","hentry"],"yoast_head":"<!-- This site is optimized with the Yoast SEO plugin v27.4 - https:\/\/yoast.com\/product\/yoast-seo-wordpress\/ -->\n<title>Privacy Policy - LED Kirin<\/title>\n<meta name=\"robots\" content=\"index, follow, max-snippet:-1, max-image-preview:large, max-video-preview:-1\" \/>\n<link rel=\"canonical\" href=\"https:\/\/kirinlight.com.vn\/us\/privacy-policy\/\" \/>\n<meta property=\"og:locale\" content=\"en_US\" \/>\n<meta property=\"og:type\" content=\"article\" \/>\n<meta property=\"og:title\" content=\"Privacy Policy - LED Kirin\" \/>\n<meta property=\"og:description\" content=\"Cam k\u1ebft b\u1ea3o m\u1eadt th\u00f4ng tin Th\u00f4ng tin c\u1ee7a kh\u00e1ch h\u00e0ng \u0111\u01b0\u1ee3c cam k\u1ebft b\u1ea3o m\u1eadt tuy\u1ec7t \u0111\u1ed1i theo ch\u00ednh s\u00e1ch b\u1ea3o v\u1ec7 th\u00f4ng tin c\u00e1 nh\u00e2n . Vi\u1ec7c thu th\u1eadp v\u00e0 s\u1eed d\u1ee5ng th\u00f4ng tin c\u1ee7a m\u1ed7i kh\u00e1ch h\u00e0ng ch\u1ec9 \u0111\u01b0\u1ee3c th\u1ef1c hi\u1ec7n khi c\u00f3 s\u1ef1 \u0111\u1ed3ng \u00fd c\u1ee7a kh\u00e1ch h\u00e0ng \u0111\u00f3, tr\u1eeb tr\u01b0\u1eddng [...]\" \/>\n<meta property=\"og:url\" content=\"https:\/\/kirinlight.com.vn\/us\/privacy-policy\/\" \/>\n<meta property=\"og:site_name\" content=\"LED Kirin\" \/>\n<meta property=\"article:modified_time\" content=\"2023-06-02T01:49:49+00:00\" \/>\n<meta name=\"twitter:card\" content=\"summary_large_image\" \/>\n<meta name=\"twitter:label1\" content=\"Est. reading time\" \/>\n\t<meta name=\"twitter:data1\" content=\"4 minutes\" \/>\n<script type=\"application\/ld+json\" class=\"yoast-schema-graph\">{\"@context\":\"https:\\\/\\\/schema.org\",\"@graph\":[{\"@type\":\"WebPage\",\"@id\":\"https:\\\/\\\/kirinlight.com.vn\\\/privacy-policy\\\/\",\"url\":\"https:\\\/\\\/kirinlight.com.vn\\\/privacy-policy\\\/\",\"name\":\"Privacy Policy - LED Kirin\",\"isPartOf\":{\"@id\":\"https:\\\/\\\/kirinlight.com.vn\\\/#website\"},\"datePublished\":\"2018-09-13T00:40:33+00:00\",\"dateModified\":\"2023-06-02T01:49:49+00:00\",\"breadcrumb\":{\"@id\":\"https:\\\/\\\/kirinlight.com.vn\\\/privacy-policy\\\/#breadcrumb\"},\"inLanguage\":\"en-US\",\"potentialAction\":[{\"@type\":\"ReadAction\",\"target\":[\"https:\\\/\\\/kirinlight.com.vn\\\/privacy-policy\\\/\"]}]},{\"@type\":\"BreadcrumbList\",\"@id\":\"https:\\\/\\\/kirinlight.com.vn\\\/privacy-policy\\\/#breadcrumb\",\"itemListElement\":[{\"@type\":\"ListItem\",\"position\":1,\"name\":\"Home\",\"item\":\"https:\\\/\\\/kirinlight.com.vn\\\/\"},{\"@type\":\"ListItem\",\"position\":2,\"name\":\"Privacy Policy\"}]},{\"@type\":\"WebSite\",\"@id\":\"https:\\\/\\\/kirinlight.com.vn\\\/#website\",\"url\":\"https:\\\/\\\/kirinlight.com.vn\\\/\",\"name\":\"LED Kirin\",\"description\":\"M\u00e0n H\u00ecnh Led - Module Led C\u00f4ng Ngh\u1ec7 Cao\",\"potentialAction\":[{\"@type\":\"SearchAction\",\"target\":{\"@type\":\"EntryPoint\",\"urlTemplate\":\"https:\\\/\\\/kirinlight.com.vn\\\/?s={search_term_string}\"},\"query-input\":{\"@type\":\"PropertyValueSpecification\",\"valueRequired\":true,\"valueName\":\"search_term_string\"}}],\"inLanguage\":\"en-US\"}]}<\/script>\n<!-- \/ Yoast SEO plugin. -->","yoast_head_json":{"title":"Privacy Policy - LED Kirin","robots":{"index":"index","follow":"follow","max-snippet":"max-snippet:-1","max-image-preview":"max-image-preview:large","max-video-preview":"max-video-preview:-1"},"canonical":"https:\/\/kirinlight.com.vn\/us\/privacy-policy\/","og_locale":"en_US","og_type":"article","og_title":"Privacy Policy - LED Kirin","og_description":"Cam k\u1ebft b\u1ea3o m\u1eadt th\u00f4ng tin Th\u00f4ng tin c\u1ee7a kh\u00e1ch h\u00e0ng \u0111\u01b0\u1ee3c cam k\u1ebft b\u1ea3o m\u1eadt tuy\u1ec7t \u0111\u1ed1i theo ch\u00ednh s\u00e1ch b\u1ea3o v\u1ec7 th\u00f4ng tin c\u00e1 nh\u00e2n . Vi\u1ec7c thu th\u1eadp v\u00e0 s\u1eed d\u1ee5ng th\u00f4ng tin c\u1ee7a m\u1ed7i kh\u00e1ch h\u00e0ng ch\u1ec9 \u0111\u01b0\u1ee3c th\u1ef1c hi\u1ec7n khi c\u00f3 s\u1ef1 \u0111\u1ed3ng \u00fd c\u1ee7a kh\u00e1ch h\u00e0ng \u0111\u00f3, tr\u1eeb tr\u01b0\u1eddng [...]","og_url":"https:\/\/kirinlight.com.vn\/us\/privacy-policy\/","og_site_name":"LED Kirin","article_modified_time":"2023-06-02T01:49:49+00:00","twitter_card":"summary_large_image","twitter_misc":{"Est. reading time":"4 minutes"},"schema":{"@context":"https:\/\/schema.org","@graph":[{"@type":"WebPage","@id":"https:\/\/kirinlight.com.vn\/privacy-policy\/","url":"https:\/\/kirinlight.com.vn\/privacy-policy\/","name":"Privacy Policy - LED Kirin","isPartOf":{"@id":"https:\/\/kirinlight.com.vn\/#website"},"datePublished":"2018-09-13T00:40:33+00:00","dateModified":"2023-06-02T01:49:49+00:00","breadcrumb":{"@id":"https:\/\/kirinlight.com.vn\/privacy-policy\/#breadcrumb"},"inLanguage":"en-US","potentialAction":[{"@type":"ReadAction","target":["https:\/\/kirinlight.com.vn\/privacy-policy\/"]}]},{"@type":"BreadcrumbList","@id":"https:\/\/kirinlight.com.vn\/privacy-policy\/#breadcrumb","itemListElement":[{"@type":"ListItem","position":1,"name":"Home","item":"https:\/\/kirinlight.com.vn\/"},{"@type":"ListItem","position":2,"name":"Privacy Policy"}]},{"@type":"WebSite","@id":"https:\/\/kirinlight.com.vn\/#website","url":"https:\/\/kirinlight.com.vn\/","name":"LED Kirin","description":"Led Screen - High-Tech Led Module","potentialAction":[{"@type":"SearchAction","target":{"@type":"EntryPoint","urlTemplate":"https:\/\/kirinlight.com.vn\/?s={search_term_string}"},"query-input":{"@type":"PropertyValueSpecification","valueRequired":true,"valueName":"search_term_string"}}],"inLanguage":"en-US"}]}},"_links":{"self":[{"href":"https:\/\/kirinlight.com.vn\/us\/wp-json\/wp\/v2\/pages\/3","targetHints":{"allow":["GET"]}}],"collection":[{"href":"https:\/\/kirinlight.com.vn\/us\/wp-json\/wp\/v2\/pages"}],"about":[{"href":"https:\/\/kirinlight.com.vn\/us\/wp-json\/wp\/v2\/types\/page"}],"author":[{"embeddable":true,"href":"https:\/\/kirinlight.com.vn\/us\/wp-json\/wp\/v2\/users\/2"}],"replies":[{"embeddable":true,"href":"https:\/\/kirinlight.com.vn\/us\/wp-json\/wp\/v2\/comments?post=3"}],"version-history":[{"count":2,"href":"https:\/\/kirinlight.com.vn\/us\/wp-json\/wp\/v2\/pages\/3\/revisions"}],"predecessor-version":[{"id":1602,"href":"https:\/\/kirinlight.com.vn\/us\/wp-json\/wp\/v2\/pages\/3\/revisions\/1602"}],"wp:attachment":[{"href":"https:\/\/kirinlight.com.vn\/us\/wp-json\/wp\/v2\/media?parent=3"}],"curies":[{"name":"wp","href":"https:\/\/api.w.org\/{rel}","templated":true}]}}