{"id":1190,"date":"2020-04-18T11:07:51","date_gmt":"2020-04-18T10:07:51","guid":{"rendered":"https:\/\/kirinlight.com.vn\/?post_type=product&#038;p=1190"},"modified":"2025-11-05T16:32:55","modified_gmt":"2025-11-05T09:32:55","slug":"module-led-indoor-pi-4","status":"publish","type":"product","link":"https:\/\/kirinlight.com.vn\/us\/product\/module-led-indoor-pi-4\/","title":{"rendered":"PI 4 Indoor Led Module"},"content":{"rendered":"<h2><strong><span style=\"font-size: 105%; color: #0000ff; font-family: tahoma, arial, helvetica, sans-serif;\">PI 4 . INDOOR LED MODULE<\/span><\/strong><\/h2>\n<p><span style=\"font-size: 105%; color: #000000; font-family: tahoma, arial, helvetica, sans-serif;\">1. Use LED MORION 2020 KINGLIGHT, micro-holder black, black glue, Surface Sanding, LEAD-FREE, RoSH compliant.<\/span><\/p>\n<p><span style=\"font-size: 105%; color: #000000; font-family: tahoma, arial, helvetica, sans-serif;\">2. Integrated with PWM driver IC,Integrated Dual Latch produces realistic and vivid images with high refresh rate<\/span><\/p>\n<p><span style=\"font-size: 105%; color: #000000; font-family: tahoma, arial, helvetica, sans-serif;\">3. Coated with a protective glue to resist insects and moisture by Conformal coating <\/span><\/p>\n<p><span style=\"font-size: 105%; color: #000000; font-family: tahoma, arial, helvetica, sans-serif;\"><strong>*Fit:<\/strong> Hall, Exhibition Center, Meeting Room, Theater, Gallery, Hotel, School, Hospital...<\/span><\/p>\n<figure id=\"attachment_1164\" aria-describedby=\"caption-attachment-1164\" style=\"width: 345px\" class=\"wp-caption alignleft\"><img loading=\"lazy\" decoding=\"async\" class=\"wp-image-1164\" src=\"https:\/\/kirinlight.com.vn\/wp-content\/uploads\/2020\/04\/module-led-trong-nha-p3-1.jpg\" alt=\"module led trong nha p3\" width=\"345\" height=\"345\" \/><figcaption id=\"caption-attachment-1164\" class=\"wp-caption-text\"><span style=\"font-size: 115%;\">Morion 2020 kinglinght<\/span><\/figcaption><\/figure>\n<p><span style=\"font-family: tahoma, arial, helvetica, sans-serif; color: #000000;\"><img loading=\"lazy\" decoding=\"async\" class=\"wp-image-1165 alignleft\" src=\"https:\/\/kirinlight.com.vn\/wp-content\/uploads\/2020\/04\/module-led-trong-nha-p3-2.jpg\" alt=\"module led trong nha p3\" width=\"108\" height=\"131\" \/><\/span><\/p>\n<p><span style=\"font-size: 105%; font-family: tahoma, arial, helvetica, sans-serif; color: #000000;\"><strong>Black bracket:<\/strong><\/span><br \/>\n<span style=\"font-size: 105%; font-family: tahoma, arial, helvetica, sans-serif; color: #000000;\">Improve screen contrast and high-resolution screen images<\/span><\/p>\n<p><span style=\"font-family: tahoma, arial, helvetica, sans-serif; color: #000000;\"><img loading=\"lazy\" decoding=\"async\" class=\"wp-image-1166 alignleft\" src=\"https:\/\/kirinlight.com.vn\/wp-content\/uploads\/2020\/04\/module-led-trong-nha-p3-3.jpg\" alt=\"module led trong nha p3\" width=\"113\" height=\"137\" \/><\/span><\/p>\n<p>&nbsp;<\/p>\n<p><span style=\"font-family: tahoma, arial, helvetica, sans-serif; color: #000000;\"><strong>Black Glue:<\/strong><\/span><br \/>\n<span style=\"font-size: 105%; font-family: tahoma, arial, helvetica, sans-serif; color: #000000;\">Softer light, higher contrast<\/span><\/p>\n<p><span style=\"font-family: tahoma, arial, helvetica, sans-serif; color: #000000;\"><img loading=\"lazy\" decoding=\"async\" class=\"wp-image-1167 alignleft\" src=\"https:\/\/kirinlight.com.vn\/wp-content\/uploads\/2020\/04\/module-led-trong-nha-p3-4.jpg\" alt=\"module led trong nha p3\" width=\"125\" height=\"151\" \/><\/span><\/p>\n<p><span style=\"font-family: tahoma, arial, helvetica, sans-serif; color: #000000;\"><strong>Surface Sanding:<\/strong><\/span><br \/>\n<span style=\"font-size: 105%; font-family: tahoma, arial, helvetica, sans-serif; color: #000000;\">Roughening the surface of the frame effectively suppresses reflections and the consistency is good<\/span><\/p>\n<p>&nbsp;<\/p>\n<p>&nbsp;<\/p>\n<h2><strong><span style=\"font-size: 105%; color: #0000ff; font-family: tahoma, arial, helvetica, sans-serif;\">SPECIFICATIONS INDOOR LED MODULE PI 4<\/span><\/strong><\/h2>\n<p><a href=\"https:\/\/kirinlight.com.vn\/wp-content\/uploads\/2020\/04\/thongsop4.png\"><img loading=\"lazy\" decoding=\"async\" class=\"aligncenter wp-image-1193 size-full\" src=\"https:\/\/kirinlight.com.vn\/wp-content\/uploads\/2020\/04\/thongsop4.png\" alt=\"module led p4\" width=\"1275\" height=\"832\" srcset=\"https:\/\/kirinlight.com.vn\/wp-content\/uploads\/2020\/04\/thongsop4.png 1275w, https:\/\/kirinlight.com.vn\/wp-content\/uploads\/2020\/04\/thongsop4-300x196.png 300w, https:\/\/kirinlight.com.vn\/wp-content\/uploads\/2020\/04\/thongsop4-1024x668.png 1024w, https:\/\/kirinlight.com.vn\/wp-content\/uploads\/2020\/04\/thongsop4-768x501.png 768w, https:\/\/kirinlight.com.vn\/wp-content\/uploads\/2020\/04\/thongsop4-550x359.png 550w\" sizes=\"auto, (max-width: 1275px) 100vw, 1275px\" \/><\/a><\/p>\n<p>&nbsp;<\/p>","protected":false},"excerpt":{"rendered":"<p><img loading=\"lazy\" decoding=\"async\" class=\"alignnone size-full wp-image-1526\" src=\"https:\/\/kirinlight.com.vn\/wp-content\/uploads\/2023\/05\/banner-2.jpg\" alt=\"\" width=\"1537\" height=\"864\" \/><\/p>\n<ul>\n<li><span style=\"color: #000000; font-size: 105%; font-family: tahoma, arial, helvetica, sans-serif;\">Dimensions: 256mm x 128mm<\/span><\/li>\n<li><span style=\"color: #000000; font-size: 105%; font-family: tahoma, arial, helvetica, sans-serif;\">Pixels : 64 x 32 pixels<\/span><\/li>\n<li><span style=\"color: #000000; font-size: 105%; font-family: tahoma, arial, helvetica, sans-serif;\">LED SMD 2020 Kinglight<\/span><\/li>\n<\/ul>\n<p><span style=\"font-family: tahoma, arial, helvetica, sans-serif;\"><strong><span style=\"color: #000000;\">Contact :<\/span> <span style=\"color: #ed1c24;\">0908 300 707<\/span><\/strong><\/span><\/p>\n<p><span style=\"color: #000000; font-family: tahoma, arial, helvetica, sans-serif;\"><b>Technical Support: <span style=\"font-family: tahoma, arial, helvetica, sans-serif;\"><strong><span style=\"color: #ed1c24;\">0987 300 707<\/span><\/strong><\/span><\/b><\/span><\/p>","protected":false},"featured_media":2306,"comment_status":"closed","ping_status":"closed","template":"","meta":[],"product_brand":[],"product_cat":[106,22],"product_tag":[],"class_list":{"0":"post-1190","1":"product","2":"type-product","3":"status-publish","4":"has-post-thumbnail","6":"product_cat-catalogue-module-led-pi","7":"product_cat-modules-led-trong-nha","9":"first","10":"instock","11":"shipping-taxable","12":"product-type-simple"},"yoast_head":"<!-- This site is optimized with the Yoast SEO plugin v27.4 - https:\/\/yoast.com\/product\/yoast-seo-wordpress\/ -->\n<title>Module Led Indoor PI 4 - LED Kirin<\/title>\n<meta name=\"description\" content=\"Module led trong nha p4 S\u1eed D\u1ee5ng LED MORION 2020 KINGLIGHT, vi gi\u00e1 \u0111\u1ee1 \u0111en, keo \u0111en, Nh\u00e1m H\u00f3a b\u1ec1 m\u1eb7t, LEAD-FREE, RoSH compliant.\" \/>\n<meta name=\"robots\" content=\"index, follow, max-snippet:-1, max-image-preview:large, max-video-preview:-1\" \/>\n<link rel=\"canonical\" href=\"https:\/\/kirinlight.com.vn\/us\/product\/module-led-indoor-pi-4\/\" \/>\n<meta property=\"og:locale\" content=\"en_US\" \/>\n<meta property=\"og:type\" content=\"article\" \/>\n<meta property=\"og:title\" content=\"Module Led Indoor PI 4 - LED Kirin\" \/>\n<meta property=\"og:description\" content=\"Module led trong nha p4 S\u1eed D\u1ee5ng LED MORION 2020 KINGLIGHT, vi gi\u00e1 \u0111\u1ee1 \u0111en, keo \u0111en, Nh\u00e1m H\u00f3a b\u1ec1 m\u1eb7t, LEAD-FREE, RoSH compliant.\" \/>\n<meta property=\"og:url\" content=\"https:\/\/kirinlight.com.vn\/us\/product\/module-led-indoor-pi-4\/\" \/>\n<meta property=\"og:site_name\" content=\"LED Kirin\" \/>\n<meta property=\"article:modified_time\" content=\"2025-11-05T09:32:55+00:00\" \/>\n<meta property=\"og:image\" content=\"https:\/\/kirinlight.com.vn\/wp-content\/uploads\/2022\/12\/PI-4-e1762333370177.jpg\" \/>\n\t<meta property=\"og:image:width\" content=\"1727\" \/>\n\t<meta property=\"og:image:height\" content=\"1736\" \/>\n\t<meta property=\"og:image:type\" content=\"image\/jpeg\" \/>\n<meta name=\"twitter:card\" content=\"summary_large_image\" \/>\n<meta name=\"twitter:label1\" content=\"Est. reading time\" \/>\n\t<meta name=\"twitter:data1\" content=\"2 minutes\" \/>\n<script type=\"application\/ld+json\" class=\"yoast-schema-graph\">{\"@context\":\"https:\\\/\\\/schema.org\",\"@graph\":[{\"@type\":\"WebPage\",\"@id\":\"https:\\\/\\\/kirinlight.com.vn\\\/san-pham\\\/module-led-indoor-pi-4\\\/\",\"url\":\"https:\\\/\\\/kirinlight.com.vn\\\/san-pham\\\/module-led-indoor-pi-4\\\/\",\"name\":\"Module Led Indoor PI 4 - LED Kirin\",\"isPartOf\":{\"@id\":\"https:\\\/\\\/kirinlight.com.vn\\\/#website\"},\"primaryImageOfPage\":{\"@id\":\"https:\\\/\\\/kirinlight.com.vn\\\/san-pham\\\/module-led-indoor-pi-4\\\/#primaryimage\"},\"image\":{\"@id\":\"https:\\\/\\\/kirinlight.com.vn\\\/san-pham\\\/module-led-indoor-pi-4\\\/#primaryimage\"},\"thumbnailUrl\":\"https:\\\/\\\/kirinlight.com.vn\\\/wp-content\\\/uploads\\\/2022\\\/12\\\/PI-4-e1762333370177.jpg\",\"datePublished\":\"2020-04-18T10:07:51+00:00\",\"dateModified\":\"2025-11-05T09:32:55+00:00\",\"description\":\"Module led trong nha p4 S\u1eed D\u1ee5ng LED MORION 2020 KINGLIGHT, vi gi\u00e1 \u0111\u1ee1 \u0111en, keo \u0111en, Nh\u00e1m H\u00f3a b\u1ec1 m\u1eb7t, LEAD-FREE, RoSH compliant.\",\"breadcrumb\":{\"@id\":\"https:\\\/\\\/kirinlight.com.vn\\\/san-pham\\\/module-led-indoor-pi-4\\\/#breadcrumb\"},\"inLanguage\":\"en-US\",\"potentialAction\":[{\"@type\":\"ReadAction\",\"target\":[\"https:\\\/\\\/kirinlight.com.vn\\\/san-pham\\\/module-led-indoor-pi-4\\\/\"]}]},{\"@type\":\"ImageObject\",\"inLanguage\":\"en-US\",\"@id\":\"https:\\\/\\\/kirinlight.com.vn\\\/san-pham\\\/module-led-indoor-pi-4\\\/#primaryimage\",\"url\":\"https:\\\/\\\/kirinlight.com.vn\\\/wp-content\\\/uploads\\\/2022\\\/12\\\/PI-4-e1762333370177.jpg\",\"contentUrl\":\"https:\\\/\\\/kirinlight.com.vn\\\/wp-content\\\/uploads\\\/2022\\\/12\\\/PI-4-e1762333370177.jpg\",\"width\":1727,\"height\":1736},{\"@type\":\"BreadcrumbList\",\"@id\":\"https:\\\/\\\/kirinlight.com.vn\\\/san-pham\\\/module-led-indoor-pi-4\\\/#breadcrumb\",\"itemListElement\":[{\"@type\":\"ListItem\",\"position\":1,\"name\":\"Home\",\"item\":\"https:\\\/\\\/kirinlight.com.vn\\\/\"},{\"@type\":\"ListItem\",\"position\":2,\"name\":\"C\u1eecA H\u00c0NG\",\"item\":\"https:\\\/\\\/kirinlight.com.vn\\\/cua-hang\\\/\"},{\"@type\":\"ListItem\",\"position\":3,\"name\":\"Module Led Indoor PI 4\"}]},{\"@type\":\"WebSite\",\"@id\":\"https:\\\/\\\/kirinlight.com.vn\\\/#website\",\"url\":\"https:\\\/\\\/kirinlight.com.vn\\\/\",\"name\":\"LED Kirin\",\"description\":\"M\u00e0n H\u00ecnh Led - Module Led C\u00f4ng Ngh\u1ec7 Cao\",\"potentialAction\":[{\"@type\":\"SearchAction\",\"target\":{\"@type\":\"EntryPoint\",\"urlTemplate\":\"https:\\\/\\\/kirinlight.com.vn\\\/?s={search_term_string}\"},\"query-input\":{\"@type\":\"PropertyValueSpecification\",\"valueRequired\":true,\"valueName\":\"search_term_string\"}}],\"inLanguage\":\"en-US\"}]}<\/script>\n<!-- \/ Yoast SEO plugin. -->","yoast_head_json":{"title":"Module Led Indoor PI 4 - LED Kirin","description":"Module led trong nha p4 S\u1eed D\u1ee5ng LED MORION 2020 KINGLIGHT, vi gi\u00e1 \u0111\u1ee1 \u0111en, keo \u0111en, Nh\u00e1m H\u00f3a b\u1ec1 m\u1eb7t, LEAD-FREE, RoSH compliant.","robots":{"index":"index","follow":"follow","max-snippet":"max-snippet:-1","max-image-preview":"max-image-preview:large","max-video-preview":"max-video-preview:-1"},"canonical":"https:\/\/kirinlight.com.vn\/us\/product\/module-led-indoor-pi-4\/","og_locale":"en_US","og_type":"article","og_title":"Module Led Indoor PI 4 - LED Kirin","og_description":"Module led trong nha p4 S\u1eed D\u1ee5ng LED MORION 2020 KINGLIGHT, vi gi\u00e1 \u0111\u1ee1 \u0111en, keo \u0111en, Nh\u00e1m H\u00f3a b\u1ec1 m\u1eb7t, LEAD-FREE, RoSH compliant.","og_url":"https:\/\/kirinlight.com.vn\/us\/product\/module-led-indoor-pi-4\/","og_site_name":"LED Kirin","article_modified_time":"2025-11-05T09:32:55+00:00","og_image":[{"width":1727,"height":1736,"url":"https:\/\/kirinlight.com.vn\/wp-content\/uploads\/2022\/12\/PI-4-e1762333370177.jpg","type":"image\/jpeg"}],"twitter_card":"summary_large_image","twitter_misc":{"Est. reading time":"2 minutes"},"schema":{"@context":"https:\/\/schema.org","@graph":[{"@type":"WebPage","@id":"https:\/\/kirinlight.com.vn\/san-pham\/module-led-indoor-pi-4\/","url":"https:\/\/kirinlight.com.vn\/san-pham\/module-led-indoor-pi-4\/","name":"Module Led Indoor PI 4 - LED Kirin","isPartOf":{"@id":"https:\/\/kirinlight.com.vn\/#website"},"primaryImageOfPage":{"@id":"https:\/\/kirinlight.com.vn\/san-pham\/module-led-indoor-pi-4\/#primaryimage"},"image":{"@id":"https:\/\/kirinlight.com.vn\/san-pham\/module-led-indoor-pi-4\/#primaryimage"},"thumbnailUrl":"https:\/\/kirinlight.com.vn\/wp-content\/uploads\/2022\/12\/PI-4-e1762333370177.jpg","datePublished":"2020-04-18T10:07:51+00:00","dateModified":"2025-11-05T09:32:55+00:00","description":"Module led trong nha p4 S\u1eed D\u1ee5ng LED MORION 2020 KINGLIGHT, vi gi\u00e1 \u0111\u1ee1 \u0111en, keo \u0111en, Nh\u00e1m H\u00f3a b\u1ec1 m\u1eb7t, LEAD-FREE, RoSH compliant.","breadcrumb":{"@id":"https:\/\/kirinlight.com.vn\/san-pham\/module-led-indoor-pi-4\/#breadcrumb"},"inLanguage":"en-US","potentialAction":[{"@type":"ReadAction","target":["https:\/\/kirinlight.com.vn\/san-pham\/module-led-indoor-pi-4\/"]}]},{"@type":"ImageObject","inLanguage":"en-US","@id":"https:\/\/kirinlight.com.vn\/san-pham\/module-led-indoor-pi-4\/#primaryimage","url":"https:\/\/kirinlight.com.vn\/wp-content\/uploads\/2022\/12\/PI-4-e1762333370177.jpg","contentUrl":"https:\/\/kirinlight.com.vn\/wp-content\/uploads\/2022\/12\/PI-4-e1762333370177.jpg","width":1727,"height":1736},{"@type":"BreadcrumbList","@id":"https:\/\/kirinlight.com.vn\/san-pham\/module-led-indoor-pi-4\/#breadcrumb","itemListElement":[{"@type":"ListItem","position":1,"name":"Home","item":"https:\/\/kirinlight.com.vn\/"},{"@type":"ListItem","position":2,"name":"C\u1eecA H\u00c0NG","item":"https:\/\/kirinlight.com.vn\/cua-hang\/"},{"@type":"ListItem","position":3,"name":"Module Led Indoor PI 4"}]},{"@type":"WebSite","@id":"https:\/\/kirinlight.com.vn\/#website","url":"https:\/\/kirinlight.com.vn\/","name":"LED Kirin","description":"Led Screen - High-Tech Led Module","potentialAction":[{"@type":"SearchAction","target":{"@type":"EntryPoint","urlTemplate":"https:\/\/kirinlight.com.vn\/?s={search_term_string}"},"query-input":{"@type":"PropertyValueSpecification","valueRequired":true,"valueName":"search_term_string"}}],"inLanguage":"en-US"}]}},"_links":{"self":[{"href":"https:\/\/kirinlight.com.vn\/us\/wp-json\/wp\/v2\/product\/1190","targetHints":{"allow":["GET"]}}],"collection":[{"href":"https:\/\/kirinlight.com.vn\/us\/wp-json\/wp\/v2\/product"}],"about":[{"href":"https:\/\/kirinlight.com.vn\/us\/wp-json\/wp\/v2\/types\/product"}],"replies":[{"embeddable":true,"href":"https:\/\/kirinlight.com.vn\/us\/wp-json\/wp\/v2\/comments?post=1190"}],"wp:featuredmedia":[{"embeddable":true,"href":"https:\/\/kirinlight.com.vn\/us\/wp-json\/wp\/v2\/media\/2306"}],"wp:attachment":[{"href":"https:\/\/kirinlight.com.vn\/us\/wp-json\/wp\/v2\/media?parent=1190"}],"wp:term":[{"taxonomy":"product_brand","embeddable":true,"href":"https:\/\/kirinlight.com.vn\/us\/wp-json\/wp\/v2\/product_brand?post=1190"},{"taxonomy":"product_cat","embeddable":true,"href":"https:\/\/kirinlight.com.vn\/us\/wp-json\/wp\/v2\/product_cat?post=1190"},{"taxonomy":"product_tag","embeddable":true,"href":"https:\/\/kirinlight.com.vn\/us\/wp-json\/wp\/v2\/product_tag?post=1190"}],"curies":[{"name":"wp","href":"https:\/\/api.w.org\/{rel}","templated":true}]}}