{"id":1225,"date":"2020-04-25T14:34:49","date_gmt":"2020-04-25T13:34:49","guid":{"rendered":"https:\/\/kirinlight.com.vn\/?post_type=product&#038;p=1225"},"modified":"2025-11-05T16:32:22","modified_gmt":"2025-11-05T09:32:22","slug":"module-led-indoor-pi-1-667","status":"publish","type":"product","link":"https:\/\/kirinlight.com.vn\/us\/product\/module-led-indoor-pi-1-667\/","title":{"rendered":"Indoor Led Module PI 1.667"},"content":{"rendered":"<h2><strong><span style=\"font-size: 105%; color: #0000ff; font-family: tahoma, arial, helvetica, sans-serif;\">INDOOR LED MODULE PI 1.667<\/span><\/strong><\/h2>\n<p><span style=\"font-size: 105%; color: #000000; font-family: tahoma, arial, helvetica, sans-serif;\">1. Use LED HUMMINBIRD 1010 KING LIGHT, LEAD-FREE, RoSH compliant.<\/span><\/p>\n<p><span style=\"font-size: 105%; color: #000000; font-family: tahoma, arial, helvetica, sans-serif;\">2. Integrated with PWM driver IC, Integrated Dual Latch produces realistic and vivid images with high refresh rate<\/span><\/p>\n<p><span style=\"font-size: 105%; color: #000000; font-family: tahoma, arial, helvetica, sans-serif;\">3. Coated with a protective glue to resist insects and moisture by Conformal coating <\/span><\/p>\n<p><span style=\"font-size: 105%; color: #000000; font-family: tahoma, arial, helvetica, sans-serif;\"><strong>*Fit:<\/strong> Halls, Exhibition Centers, Meeting Rooms, Theaters, Showrooms, Hotels, Schools, Hospitals\u2026<\/span><\/p>\n<figure id=\"attachment_1231\" aria-describedby=\"caption-attachment-1231\" style=\"width: 339px\" class=\"wp-caption alignleft\"><a href=\"https:\/\/kirinlight.com.vn\/wp-content\/uploads\/2020\/04\/p1667-4.jpg\"><img loading=\"lazy\" decoding=\"async\" class=\"wp-image-1231\" src=\"https:\/\/kirinlight.com.vn\/wp-content\/uploads\/2020\/04\/p1667-4.jpg\" alt=\"Module led PI 1.667\" width=\"339\" height=\"342\" srcset=\"https:\/\/kirinlight.com.vn\/wp-content\/uploads\/2020\/04\/p1667-4.jpg 202w, https:\/\/kirinlight.com.vn\/wp-content\/uploads\/2020\/04\/p1667-4-100x100.jpg 100w, https:\/\/kirinlight.com.vn\/wp-content\/uploads\/2020\/04\/p1667-4-150x150.jpg 150w\" sizes=\"auto, (max-width: 339px) 100vw, 339px\" \/><\/a><figcaption id=\"caption-attachment-1231\" class=\"wp-caption-text\"><strong><span style=\"font-family: tahoma, arial, helvetica, sans-serif; color: #0000ff; font-size: 110%;\">Humminbird 1010 king light<\/span><\/strong><\/figcaption><\/figure>\n<p style=\"text-align: justify;\"><span style=\"font-size: 105%; font-family: tahoma, arial, helvetica, sans-serif; color: #000000;\"><strong><a href=\"https:\/\/kirinlight.com.vn\/wp-content\/uploads\/2020\/04\/p1667-1.jpg\"><img loading=\"lazy\" decoding=\"async\" class=\"size-full wp-image-1232 alignleft\" src=\"https:\/\/kirinlight.com.vn\/wp-content\/uploads\/2020\/04\/p1667-1.jpg\" alt=\"Module led PI 1.667\" width=\"108\" height=\"108\" srcset=\"https:\/\/kirinlight.com.vn\/wp-content\/uploads\/2020\/04\/p1667-1.jpg 108w, https:\/\/kirinlight.com.vn\/wp-content\/uploads\/2020\/04\/p1667-1-100x100.jpg 100w\" sizes=\"auto, (max-width: 108px) 100vw, 108px\" \/><\/a>High thermal conductivity:<\/strong><\/span><br \/>\n<span style=\"font-size: 105%; font-family: tahoma, arial, helvetica, sans-serif; color: #000000;\">Because it is used PP filled with metal conductive holes, it has 27 times higher thermal conductivity than traditional, reducing light attenuation and improving service life.<\/span><\/p>\n<p style=\"text-align: justify;\"><span style=\"font-family: tahoma, arial, helvetica, sans-serif; color: #000000;\"><a href=\"https:\/\/kirinlight.com.vn\/wp-content\/uploads\/2020\/04\/p1667.jpg\"><img loading=\"lazy\" decoding=\"async\" class=\"size-full wp-image-1233 alignleft\" src=\"https:\/\/kirinlight.com.vn\/wp-content\/uploads\/2020\/04\/p1667.jpg\" alt=\"Module led PI 1.667\" width=\"111\" height=\"105\" \/><\/a><\/span><\/p>\n<p style=\"text-align: justify;\"><span style=\"font-family: tahoma, arial, helvetica, sans-serif; color: #000000;\"><strong>High air tightness:<\/strong><\/span><br \/>\n<span style=\"font-size: 105%; font-family: tahoma, arial, helvetica, sans-serif; color: #000000;\">Hummingbird series products avoid steam leakage and completely prevent material failure and electrical leakage due to steam intrusion.<\/span><\/p>\n<p><a href=\"https:\/\/kirinlight.com.vn\/wp-content\/uploads\/2020\/04\/p1667-2.jpg\"><img loading=\"lazy\" decoding=\"async\" class=\"wp-image-1234 alignleft\" src=\"https:\/\/kirinlight.com.vn\/wp-content\/uploads\/2020\/04\/p1667-2.jpg\" alt=\"Module led PI 1.667\" width=\"109\" height=\"106\" \/><\/a><\/p>\n<p><span style=\"font-family: tahoma, arial, helvetica, sans-serif; color: #000000;\"><strong>International PCT patent based on CCVT<\/strong><\/span><\/p>\n<p>&nbsp;<\/p>\n<h2><\/h2>\n<h2><span style=\"font-size: 100%;\"><strong><span style=\"color: #0000ff; font-family: tahoma, arial, helvetica, sans-serif;\">SPECIFICATIONS INDOOR LED MODULE PI 1.667<\/span><\/strong><\/span><\/h2>\n<p><a href=\"https:\/\/kirinlight.com.vn\/wp-content\/uploads\/2020\/04\/thongsop1667indoor.png\"><img loading=\"lazy\" decoding=\"async\" class=\"aligncenter size-full wp-image-1226\" src=\"https:\/\/kirinlight.com.vn\/wp-content\/uploads\/2020\/04\/thongsop1667indoor.png\" alt=\"Module led PI1.667\" width=\"1246\" height=\"865\" srcset=\"https:\/\/kirinlight.com.vn\/wp-content\/uploads\/2020\/04\/thongsop1667indoor.png 1246w, https:\/\/kirinlight.com.vn\/wp-content\/uploads\/2020\/04\/thongsop1667indoor-300x208.png 300w, https:\/\/kirinlight.com.vn\/wp-content\/uploads\/2020\/04\/thongsop1667indoor-1024x711.png 1024w, https:\/\/kirinlight.com.vn\/wp-content\/uploads\/2020\/04\/thongsop1667indoor-768x533.png 768w, https:\/\/kirinlight.com.vn\/wp-content\/uploads\/2020\/04\/thongsop1667indoor-550x382.png 550w\" sizes=\"auto, (max-width: 1246px) 100vw, 1246px\" \/><\/a><\/p>\n<p><img loading=\"lazy\" decoding=\"async\" class=\"size-full wp-image-1401 aligncenter\" src=\"https:\/\/kirinlight.com.vn\/wp-content\/uploads\/2020\/08\/10.png\" alt=\"module led trong nha pi 3.91\" width=\"1296\" height=\"109\" srcset=\"https:\/\/kirinlight.com.vn\/wp-content\/uploads\/2020\/08\/10.png 1296w, https:\/\/kirinlight.com.vn\/wp-content\/uploads\/2020\/08\/10-300x25.png 300w, https:\/\/kirinlight.com.vn\/wp-content\/uploads\/2020\/08\/10-1024x86.png 1024w, https:\/\/kirinlight.com.vn\/wp-content\/uploads\/2020\/08\/10-768x65.png 768w, https:\/\/kirinlight.com.vn\/wp-content\/uploads\/2020\/08\/10-550x46.png 550w\" sizes=\"auto, (max-width: 1296px) 100vw, 1296px\" \/><\/p>","protected":false},"excerpt":{"rendered":"<p><img loading=\"lazy\" decoding=\"async\" class=\"alignnone size-full wp-image-1526\" src=\"https:\/\/kirinlight.com.vn\/wp-content\/uploads\/2023\/05\/banner-2.jpg\" alt=\"\" width=\"1537\" height=\"864\" \/><\/p>\n<ul>\n<li><span style=\"color: #000000; font-size: 105%; font-family: tahoma, arial, helvetica, sans-serif;\">Dimensions: 200mm x 150mm<\/span><\/li>\n<li><span style=\"color: #000000; font-size: 105%; font-family: tahoma, arial, helvetica, sans-serif;\">Pixels: 120 x 90 pixels<\/span><\/li>\n<li><span style=\"color: #000000; font-size: 105%; font-family: tahoma, arial, helvetica, sans-serif;\">LED SMD 1010 King Light<\/span><\/li>\n<\/ul>\n<p><span style=\"font-family: tahoma, arial, helvetica, sans-serif;\"><strong><span style=\"color: #000000;\">Contact :<\/span>\u00a0<span style=\"color: #ed1c24;\">0908 300 707<\/span><\/strong><\/span><\/p>\n<p><span style=\"color: #000000;\"><strong>Technical Support<\/strong><\/span> <strong>:<\/strong> <span style=\"color: #d83131;\"><strong>0987 300 707<\/strong><\/span><\/p>","protected":false},"featured_media":1227,"comment_status":"closed","ping_status":"closed","template":"","meta":[],"product_brand":[],"product_cat":[106,22],"product_tag":[],"class_list":{"0":"post-1225","1":"product","2":"type-product","3":"status-publish","4":"has-post-thumbnail","6":"product_cat-catalogue-module-led-pi","7":"product_cat-modules-led-trong-nha","9":"first","10":"instock","11":"shipping-taxable","12":"product-type-simple"},"yoast_head":"<!-- This site is optimized with the Yoast SEO plugin v27.4 - https:\/\/yoast.com\/product\/yoast-seo-wordpress\/ -->\n<title>Module Led Indoor PI 1.667 - LED Kirin<\/title>\n<meta name=\"description\" content=\"LED Kirin Module Led Indoor PI 1.667 - LED Kirin Module Led Indoor PI 1.667 - LED Kirin Module Led Indoor PI 1.667\" \/>\n<meta name=\"robots\" content=\"index, follow, max-snippet:-1, max-image-preview:large, max-video-preview:-1\" \/>\n<link rel=\"canonical\" href=\"https:\/\/kirinlight.com.vn\/us\/product\/module-led-indoor-pi-1-667\/\" \/>\n<meta property=\"og:locale\" content=\"en_US\" \/>\n<meta property=\"og:type\" content=\"article\" \/>\n<meta property=\"og:title\" content=\"Module Led Indoor PI 1.667 - LED Kirin\" \/>\n<meta property=\"og:description\" content=\"LED Kirin Module Led Indoor PI 1.667 - LED Kirin Module Led Indoor PI 1.667 - LED Kirin Module Led Indoor PI 1.667\" \/>\n<meta property=\"og:url\" content=\"https:\/\/kirinlight.com.vn\/us\/product\/module-led-indoor-pi-1-667\/\" \/>\n<meta property=\"og:site_name\" content=\"LED Kirin\" \/>\n<meta property=\"article:modified_time\" content=\"2025-11-05T09:32:22+00:00\" \/>\n<meta property=\"og:image\" content=\"https:\/\/kirinlight.com.vn\/wp-content\/uploads\/2020\/04\/indoor-1667-1.jpg\" \/>\n\t<meta property=\"og:image:width\" content=\"650\" \/>\n\t<meta property=\"og:image:height\" content=\"450\" \/>\n\t<meta property=\"og:image:type\" content=\"image\/jpeg\" \/>\n<meta name=\"twitter:card\" content=\"summary_large_image\" \/>\n<meta name=\"twitter:label1\" content=\"Est. reading time\" \/>\n\t<meta name=\"twitter:data1\" content=\"3 minutes\" \/>\n<script type=\"application\/ld+json\" class=\"yoast-schema-graph\">{\"@context\":\"https:\\\/\\\/schema.org\",\"@graph\":[{\"@type\":\"WebPage\",\"@id\":\"https:\\\/\\\/kirinlight.com.vn\\\/san-pham\\\/module-led-indoor-pi-1-667\\\/\",\"url\":\"https:\\\/\\\/kirinlight.com.vn\\\/san-pham\\\/module-led-indoor-pi-1-667\\\/\",\"name\":\"Module Led Indoor PI 1.667 - LED Kirin\",\"isPartOf\":{\"@id\":\"https:\\\/\\\/kirinlight.com.vn\\\/#website\"},\"primaryImageOfPage\":{\"@id\":\"https:\\\/\\\/kirinlight.com.vn\\\/san-pham\\\/module-led-indoor-pi-1-667\\\/#primaryimage\"},\"image\":{\"@id\":\"https:\\\/\\\/kirinlight.com.vn\\\/san-pham\\\/module-led-indoor-pi-1-667\\\/#primaryimage\"},\"thumbnailUrl\":\"https:\\\/\\\/kirinlight.com.vn\\\/wp-content\\\/uploads\\\/2020\\\/04\\\/indoor-1667-1.jpg\",\"datePublished\":\"2020-04-25T13:34:49+00:00\",\"dateModified\":\"2025-11-05T09:32:22+00:00\",\"description\":\"LED Kirin Module Led Indoor PI 1.667 - LED Kirin Module Led Indoor PI 1.667 - LED Kirin Module Led Indoor PI 1.667\",\"breadcrumb\":{\"@id\":\"https:\\\/\\\/kirinlight.com.vn\\\/san-pham\\\/module-led-indoor-pi-1-667\\\/#breadcrumb\"},\"inLanguage\":\"en-US\",\"potentialAction\":[{\"@type\":\"ReadAction\",\"target\":[\"https:\\\/\\\/kirinlight.com.vn\\\/san-pham\\\/module-led-indoor-pi-1-667\\\/\"]}]},{\"@type\":\"ImageObject\",\"inLanguage\":\"en-US\",\"@id\":\"https:\\\/\\\/kirinlight.com.vn\\\/san-pham\\\/module-led-indoor-pi-1-667\\\/#primaryimage\",\"url\":\"https:\\\/\\\/kirinlight.com.vn\\\/wp-content\\\/uploads\\\/2020\\\/04\\\/indoor-1667-1.jpg\",\"contentUrl\":\"https:\\\/\\\/kirinlight.com.vn\\\/wp-content\\\/uploads\\\/2020\\\/04\\\/indoor-1667-1.jpg\",\"width\":650,\"height\":450,\"caption\":\"Module led PI1.667\"},{\"@type\":\"BreadcrumbList\",\"@id\":\"https:\\\/\\\/kirinlight.com.vn\\\/san-pham\\\/module-led-indoor-pi-1-667\\\/#breadcrumb\",\"itemListElement\":[{\"@type\":\"ListItem\",\"position\":1,\"name\":\"Home\",\"item\":\"https:\\\/\\\/kirinlight.com.vn\\\/\"},{\"@type\":\"ListItem\",\"position\":2,\"name\":\"C\u1eecA H\u00c0NG\",\"item\":\"https:\\\/\\\/kirinlight.com.vn\\\/cua-hang\\\/\"},{\"@type\":\"ListItem\",\"position\":3,\"name\":\"Module Led Indoor PI 1.667\"}]},{\"@type\":\"WebSite\",\"@id\":\"https:\\\/\\\/kirinlight.com.vn\\\/#website\",\"url\":\"https:\\\/\\\/kirinlight.com.vn\\\/\",\"name\":\"LED Kirin\",\"description\":\"M\u00e0n H\u00ecnh Led - Module Led C\u00f4ng Ngh\u1ec7 Cao\",\"potentialAction\":[{\"@type\":\"SearchAction\",\"target\":{\"@type\":\"EntryPoint\",\"urlTemplate\":\"https:\\\/\\\/kirinlight.com.vn\\\/?s={search_term_string}\"},\"query-input\":{\"@type\":\"PropertyValueSpecification\",\"valueRequired\":true,\"valueName\":\"search_term_string\"}}],\"inLanguage\":\"en-US\"}]}<\/script>\n<!-- \/ Yoast SEO plugin. -->","yoast_head_json":{"title":"Module Led Indoor PI 1.667 - LED Kirin","description":"LED Kirin Module Led Indoor PI 1.667 - LED Kirin Module Led Indoor PI 1.667 - LED Kirin Module Led Indoor PI 1.667","robots":{"index":"index","follow":"follow","max-snippet":"max-snippet:-1","max-image-preview":"max-image-preview:large","max-video-preview":"max-video-preview:-1"},"canonical":"https:\/\/kirinlight.com.vn\/us\/product\/module-led-indoor-pi-1-667\/","og_locale":"en_US","og_type":"article","og_title":"Module Led Indoor PI 1.667 - LED Kirin","og_description":"LED Kirin Module Led Indoor PI 1.667 - LED Kirin Module Led Indoor PI 1.667 - LED Kirin Module Led Indoor PI 1.667","og_url":"https:\/\/kirinlight.com.vn\/us\/product\/module-led-indoor-pi-1-667\/","og_site_name":"LED Kirin","article_modified_time":"2025-11-05T09:32:22+00:00","og_image":[{"width":650,"height":450,"url":"https:\/\/kirinlight.com.vn\/wp-content\/uploads\/2020\/04\/indoor-1667-1.jpg","type":"image\/jpeg"}],"twitter_card":"summary_large_image","twitter_misc":{"Est. reading time":"3 minutes"},"schema":{"@context":"https:\/\/schema.org","@graph":[{"@type":"WebPage","@id":"https:\/\/kirinlight.com.vn\/san-pham\/module-led-indoor-pi-1-667\/","url":"https:\/\/kirinlight.com.vn\/san-pham\/module-led-indoor-pi-1-667\/","name":"Module Led Indoor PI 1.667 - LED Kirin","isPartOf":{"@id":"https:\/\/kirinlight.com.vn\/#website"},"primaryImageOfPage":{"@id":"https:\/\/kirinlight.com.vn\/san-pham\/module-led-indoor-pi-1-667\/#primaryimage"},"image":{"@id":"https:\/\/kirinlight.com.vn\/san-pham\/module-led-indoor-pi-1-667\/#primaryimage"},"thumbnailUrl":"https:\/\/kirinlight.com.vn\/wp-content\/uploads\/2020\/04\/indoor-1667-1.jpg","datePublished":"2020-04-25T13:34:49+00:00","dateModified":"2025-11-05T09:32:22+00:00","description":"LED Kirin Module Led Indoor PI 1.667 - LED Kirin Module Led Indoor PI 1.667 - LED Kirin Module Led Indoor PI 1.667","breadcrumb":{"@id":"https:\/\/kirinlight.com.vn\/san-pham\/module-led-indoor-pi-1-667\/#breadcrumb"},"inLanguage":"en-US","potentialAction":[{"@type":"ReadAction","target":["https:\/\/kirinlight.com.vn\/san-pham\/module-led-indoor-pi-1-667\/"]}]},{"@type":"ImageObject","inLanguage":"en-US","@id":"https:\/\/kirinlight.com.vn\/san-pham\/module-led-indoor-pi-1-667\/#primaryimage","url":"https:\/\/kirinlight.com.vn\/wp-content\/uploads\/2020\/04\/indoor-1667-1.jpg","contentUrl":"https:\/\/kirinlight.com.vn\/wp-content\/uploads\/2020\/04\/indoor-1667-1.jpg","width":650,"height":450,"caption":"Module led PI1.667"},{"@type":"BreadcrumbList","@id":"https:\/\/kirinlight.com.vn\/san-pham\/module-led-indoor-pi-1-667\/#breadcrumb","itemListElement":[{"@type":"ListItem","position":1,"name":"Home","item":"https:\/\/kirinlight.com.vn\/"},{"@type":"ListItem","position":2,"name":"C\u1eecA H\u00c0NG","item":"https:\/\/kirinlight.com.vn\/cua-hang\/"},{"@type":"ListItem","position":3,"name":"Module Led Indoor PI 1.667"}]},{"@type":"WebSite","@id":"https:\/\/kirinlight.com.vn\/#website","url":"https:\/\/kirinlight.com.vn\/","name":"LED Kirin","description":"Led Screen - High-Tech Led Module","potentialAction":[{"@type":"SearchAction","target":{"@type":"EntryPoint","urlTemplate":"https:\/\/kirinlight.com.vn\/?s={search_term_string}"},"query-input":{"@type":"PropertyValueSpecification","valueRequired":true,"valueName":"search_term_string"}}],"inLanguage":"en-US"}]}},"_links":{"self":[{"href":"https:\/\/kirinlight.com.vn\/us\/wp-json\/wp\/v2\/product\/1225","targetHints":{"allow":["GET"]}}],"collection":[{"href":"https:\/\/kirinlight.com.vn\/us\/wp-json\/wp\/v2\/product"}],"about":[{"href":"https:\/\/kirinlight.com.vn\/us\/wp-json\/wp\/v2\/types\/product"}],"replies":[{"embeddable":true,"href":"https:\/\/kirinlight.com.vn\/us\/wp-json\/wp\/v2\/comments?post=1225"}],"wp:featuredmedia":[{"embeddable":true,"href":"https:\/\/kirinlight.com.vn\/us\/wp-json\/wp\/v2\/media\/1227"}],"wp:attachment":[{"href":"https:\/\/kirinlight.com.vn\/us\/wp-json\/wp\/v2\/media?parent=1225"}],"wp:term":[{"taxonomy":"product_brand","embeddable":true,"href":"https:\/\/kirinlight.com.vn\/us\/wp-json\/wp\/v2\/product_brand?post=1225"},{"taxonomy":"product_cat","embeddable":true,"href":"https:\/\/kirinlight.com.vn\/us\/wp-json\/wp\/v2\/product_cat?post=1225"},{"taxonomy":"product_tag","embeddable":true,"href":"https:\/\/kirinlight.com.vn\/us\/wp-json\/wp\/v2\/product_tag?post=1225"}],"curies":[{"name":"wp","href":"https:\/\/api.w.org\/{rel}","templated":true}]}}