{"id":1397,"date":"2020-08-14T17:00:19","date_gmt":"2020-08-14T16:00:19","guid":{"rendered":"https:\/\/kirinlight.com.vn\/?post_type=product&#038;p=1397"},"modified":"2025-11-05T16:32:06","modified_gmt":"2025-11-05T09:32:06","slug":"module-led-indoor-pi-3-91","status":"publish","type":"product","link":"https:\/\/kirinlight.com.vn\/us\/product\/module-led-indoor-pi-3-91\/","title":{"rendered":"Indoor Led Module PI 3.91"},"content":{"rendered":"<p><img loading=\"lazy\" decoding=\"async\" class=\"alignnone size-full wp-image-2202\" src=\"https:\/\/kirinlight.com.vn\/wp-content\/uploads\/2020\/08\/CATALOGUE-MODULE-LED-PI-3.91-scaled.jpg\" alt=\"\" width=\"1810\" height=\"2560\" \/><\/p>","protected":false},"excerpt":{"rendered":"<p><img loading=\"lazy\" decoding=\"async\" class=\"alignnone size-full wp-image-1526\" src=\"https:\/\/kirinlight.com.vn\/wp-content\/uploads\/2023\/05\/banner-2.jpg\" alt=\"\" width=\"1537\" height=\"864\" \/><span style=\"font-family: tahoma, arial, helvetica, sans-serif;\"><strong><span style=\"color: #000000;\">Contact :<\/span>\u00a0<span style=\"color: #ed1c24;\">0908 300 707<\/span><\/strong><\/span><\/p>\n<p><span style=\"color: #000000;\"><strong>Technical Support<\/strong><\/span> <strong>:<\/strong> <span style=\"color: #d83131;\"><strong>0987 300 707<\/strong><\/span><\/p>","protected":false},"featured_media":2304,"comment_status":"closed","ping_status":"closed","template":"","meta":[],"product_brand":[],"product_cat":[106,22],"product_tag":[],"class_list":{"0":"post-1397","1":"product","2":"type-product","3":"status-publish","4":"has-post-thumbnail","6":"product_cat-catalogue-module-led-pi","7":"product_cat-modules-led-trong-nha","9":"first","10":"instock","11":"shipping-taxable","12":"product-type-simple"},"yoast_head":"<!-- This site is optimized with the Yoast SEO plugin v27.4 - https:\/\/yoast.com\/product\/yoast-seo-wordpress\/ -->\n<title>Module Led Indoor PI 3.91 - LED Kirin<\/title>\n<meta name=\"description\" content=\"Module Led Indoor PI 3.91 Led SMD Morion2020 Kinglight, t\u00edch h\u1ee3p v\u1edbi IC driver PWM ,Integrated Dual Latch t\u1ea1o ra h\u00ecnh \u1ea3nh trung th\u1eadt v\u00e0 s\u1ed1ng \u0111\u1ed9ng v\u1edbi t\u1ea7n s\u1ed1 qu\u00e9t cao\" \/>\n<meta name=\"robots\" content=\"index, follow, max-snippet:-1, max-image-preview:large, max-video-preview:-1\" \/>\n<link rel=\"canonical\" href=\"https:\/\/kirinlight.com.vn\/us\/product\/module-led-indoor-pi-3-91\/\" \/>\n<meta property=\"og:locale\" content=\"en_US\" \/>\n<meta property=\"og:type\" content=\"article\" \/>\n<meta property=\"og:title\" content=\"Module Led Indoor PI 3.91 - LED Kirin\" \/>\n<meta property=\"og:description\" content=\"Module Led Indoor PI 3.91 Led SMD Morion2020 Kinglight, t\u00edch h\u1ee3p v\u1edbi IC driver PWM ,Integrated Dual Latch t\u1ea1o ra h\u00ecnh \u1ea3nh trung th\u1eadt v\u00e0 s\u1ed1ng \u0111\u1ed9ng v\u1edbi t\u1ea7n s\u1ed1 qu\u00e9t cao\" \/>\n<meta property=\"og:url\" content=\"https:\/\/kirinlight.com.vn\/us\/product\/module-led-indoor-pi-3-91\/\" \/>\n<meta property=\"og:site_name\" content=\"LED Kirin\" \/>\n<meta property=\"article:modified_time\" content=\"2025-11-05T09:32:06+00:00\" \/>\n<meta property=\"og:image\" content=\"https:\/\/kirinlight.com.vn\/wp-content\/uploads\/2020\/08\/PI-3.91-e1762332567864.jpg\" \/>\n\t<meta property=\"og:image:width\" content=\"1265\" \/>\n\t<meta property=\"og:image:height\" content=\"625\" \/>\n\t<meta property=\"og:image:type\" content=\"image\/jpeg\" \/>\n<meta name=\"twitter:card\" content=\"summary_large_image\" \/>\n<meta name=\"twitter:label1\" content=\"Est. reading time\" \/>\n\t<meta name=\"twitter:data1\" content=\"1 minute\" \/>\n<script type=\"application\/ld+json\" class=\"yoast-schema-graph\">{\"@context\":\"https:\\\/\\\/schema.org\",\"@graph\":[{\"@type\":\"WebPage\",\"@id\":\"https:\\\/\\\/kirinlight.com.vn\\\/san-pham\\\/module-led-indoor-pi-3-91\\\/\",\"url\":\"https:\\\/\\\/kirinlight.com.vn\\\/san-pham\\\/module-led-indoor-pi-3-91\\\/\",\"name\":\"Module Led Indoor PI 3.91 - LED Kirin\",\"isPartOf\":{\"@id\":\"https:\\\/\\\/kirinlight.com.vn\\\/#website\"},\"primaryImageOfPage\":{\"@id\":\"https:\\\/\\\/kirinlight.com.vn\\\/san-pham\\\/module-led-indoor-pi-3-91\\\/#primaryimage\"},\"image\":{\"@id\":\"https:\\\/\\\/kirinlight.com.vn\\\/san-pham\\\/module-led-indoor-pi-3-91\\\/#primaryimage\"},\"thumbnailUrl\":\"https:\\\/\\\/kirinlight.com.vn\\\/wp-content\\\/uploads\\\/2020\\\/08\\\/PI-3.91-e1762332567864.jpg\",\"datePublished\":\"2020-08-14T16:00:19+00:00\",\"dateModified\":\"2025-11-05T09:32:06+00:00\",\"description\":\"Module Led Indoor PI 3.91 Led SMD Morion2020 Kinglight, t\u00edch h\u1ee3p v\u1edbi IC driver PWM ,Integrated Dual Latch t\u1ea1o ra h\u00ecnh \u1ea3nh trung th\u1eadt v\u00e0 s\u1ed1ng \u0111\u1ed9ng v\u1edbi t\u1ea7n s\u1ed1 qu\u00e9t cao\",\"breadcrumb\":{\"@id\":\"https:\\\/\\\/kirinlight.com.vn\\\/san-pham\\\/module-led-indoor-pi-3-91\\\/#breadcrumb\"},\"inLanguage\":\"en-US\",\"potentialAction\":[{\"@type\":\"ReadAction\",\"target\":[\"https:\\\/\\\/kirinlight.com.vn\\\/san-pham\\\/module-led-indoor-pi-3-91\\\/\"]}]},{\"@type\":\"ImageObject\",\"inLanguage\":\"en-US\",\"@id\":\"https:\\\/\\\/kirinlight.com.vn\\\/san-pham\\\/module-led-indoor-pi-3-91\\\/#primaryimage\",\"url\":\"https:\\\/\\\/kirinlight.com.vn\\\/wp-content\\\/uploads\\\/2020\\\/08\\\/PI-3.91-e1762332567864.jpg\",\"contentUrl\":\"https:\\\/\\\/kirinlight.com.vn\\\/wp-content\\\/uploads\\\/2020\\\/08\\\/PI-3.91-e1762332567864.jpg\",\"width\":1265,\"height\":625},{\"@type\":\"BreadcrumbList\",\"@id\":\"https:\\\/\\\/kirinlight.com.vn\\\/san-pham\\\/module-led-indoor-pi-3-91\\\/#breadcrumb\",\"itemListElement\":[{\"@type\":\"ListItem\",\"position\":1,\"name\":\"Home\",\"item\":\"https:\\\/\\\/kirinlight.com.vn\\\/\"},{\"@type\":\"ListItem\",\"position\":2,\"name\":\"C\u1eecA H\u00c0NG\",\"item\":\"https:\\\/\\\/kirinlight.com.vn\\\/cua-hang\\\/\"},{\"@type\":\"ListItem\",\"position\":3,\"name\":\"Module Led Indoor PI 3.91\"}]},{\"@type\":\"WebSite\",\"@id\":\"https:\\\/\\\/kirinlight.com.vn\\\/#website\",\"url\":\"https:\\\/\\\/kirinlight.com.vn\\\/\",\"name\":\"LED Kirin\",\"description\":\"M\u00e0n H\u00ecnh Led - Module Led C\u00f4ng Ngh\u1ec7 Cao\",\"potentialAction\":[{\"@type\":\"SearchAction\",\"target\":{\"@type\":\"EntryPoint\",\"urlTemplate\":\"https:\\\/\\\/kirinlight.com.vn\\\/?s={search_term_string}\"},\"query-input\":{\"@type\":\"PropertyValueSpecification\",\"valueRequired\":true,\"valueName\":\"search_term_string\"}}],\"inLanguage\":\"en-US\"}]}<\/script>\n<!-- \/ Yoast SEO plugin. -->","yoast_head_json":{"title":"Module Led Indoor PI 3.91 - LED Kirin","description":"Module Led Indoor PI 3.91 Led SMD Morion2020 Kinglight, t\u00edch h\u1ee3p v\u1edbi IC driver PWM ,Integrated Dual Latch t\u1ea1o ra h\u00ecnh \u1ea3nh trung th\u1eadt v\u00e0 s\u1ed1ng \u0111\u1ed9ng v\u1edbi t\u1ea7n s\u1ed1 qu\u00e9t cao","robots":{"index":"index","follow":"follow","max-snippet":"max-snippet:-1","max-image-preview":"max-image-preview:large","max-video-preview":"max-video-preview:-1"},"canonical":"https:\/\/kirinlight.com.vn\/us\/product\/module-led-indoor-pi-3-91\/","og_locale":"en_US","og_type":"article","og_title":"Module Led Indoor PI 3.91 - LED Kirin","og_description":"Module Led Indoor PI 3.91 Led SMD Morion2020 Kinglight, t\u00edch h\u1ee3p v\u1edbi IC driver PWM ,Integrated Dual Latch t\u1ea1o ra h\u00ecnh \u1ea3nh trung th\u1eadt v\u00e0 s\u1ed1ng \u0111\u1ed9ng v\u1edbi t\u1ea7n s\u1ed1 qu\u00e9t cao","og_url":"https:\/\/kirinlight.com.vn\/us\/product\/module-led-indoor-pi-3-91\/","og_site_name":"LED Kirin","article_modified_time":"2025-11-05T09:32:06+00:00","og_image":[{"width":1265,"height":625,"url":"https:\/\/kirinlight.com.vn\/wp-content\/uploads\/2020\/08\/PI-3.91-e1762332567864.jpg","type":"image\/jpeg"}],"twitter_card":"summary_large_image","twitter_misc":{"Est. reading time":"1 minute"},"schema":{"@context":"https:\/\/schema.org","@graph":[{"@type":"WebPage","@id":"https:\/\/kirinlight.com.vn\/san-pham\/module-led-indoor-pi-3-91\/","url":"https:\/\/kirinlight.com.vn\/san-pham\/module-led-indoor-pi-3-91\/","name":"Module Led Indoor PI 3.91 - LED Kirin","isPartOf":{"@id":"https:\/\/kirinlight.com.vn\/#website"},"primaryImageOfPage":{"@id":"https:\/\/kirinlight.com.vn\/san-pham\/module-led-indoor-pi-3-91\/#primaryimage"},"image":{"@id":"https:\/\/kirinlight.com.vn\/san-pham\/module-led-indoor-pi-3-91\/#primaryimage"},"thumbnailUrl":"https:\/\/kirinlight.com.vn\/wp-content\/uploads\/2020\/08\/PI-3.91-e1762332567864.jpg","datePublished":"2020-08-14T16:00:19+00:00","dateModified":"2025-11-05T09:32:06+00:00","description":"Module Led Indoor PI 3.91 Led SMD Morion2020 Kinglight, t\u00edch h\u1ee3p v\u1edbi IC driver PWM ,Integrated Dual Latch t\u1ea1o ra h\u00ecnh \u1ea3nh trung th\u1eadt v\u00e0 s\u1ed1ng \u0111\u1ed9ng v\u1edbi t\u1ea7n s\u1ed1 qu\u00e9t cao","breadcrumb":{"@id":"https:\/\/kirinlight.com.vn\/san-pham\/module-led-indoor-pi-3-91\/#breadcrumb"},"inLanguage":"en-US","potentialAction":[{"@type":"ReadAction","target":["https:\/\/kirinlight.com.vn\/san-pham\/module-led-indoor-pi-3-91\/"]}]},{"@type":"ImageObject","inLanguage":"en-US","@id":"https:\/\/kirinlight.com.vn\/san-pham\/module-led-indoor-pi-3-91\/#primaryimage","url":"https:\/\/kirinlight.com.vn\/wp-content\/uploads\/2020\/08\/PI-3.91-e1762332567864.jpg","contentUrl":"https:\/\/kirinlight.com.vn\/wp-content\/uploads\/2020\/08\/PI-3.91-e1762332567864.jpg","width":1265,"height":625},{"@type":"BreadcrumbList","@id":"https:\/\/kirinlight.com.vn\/san-pham\/module-led-indoor-pi-3-91\/#breadcrumb","itemListElement":[{"@type":"ListItem","position":1,"name":"Home","item":"https:\/\/kirinlight.com.vn\/"},{"@type":"ListItem","position":2,"name":"C\u1eecA H\u00c0NG","item":"https:\/\/kirinlight.com.vn\/cua-hang\/"},{"@type":"ListItem","position":3,"name":"Module Led Indoor PI 3.91"}]},{"@type":"WebSite","@id":"https:\/\/kirinlight.com.vn\/#website","url":"https:\/\/kirinlight.com.vn\/","name":"LED Kirin","description":"Led Screen - High-Tech Led Module","potentialAction":[{"@type":"SearchAction","target":{"@type":"EntryPoint","urlTemplate":"https:\/\/kirinlight.com.vn\/?s={search_term_string}"},"query-input":{"@type":"PropertyValueSpecification","valueRequired":true,"valueName":"search_term_string"}}],"inLanguage":"en-US"}]}},"_links":{"self":[{"href":"https:\/\/kirinlight.com.vn\/us\/wp-json\/wp\/v2\/product\/1397","targetHints":{"allow":["GET"]}}],"collection":[{"href":"https:\/\/kirinlight.com.vn\/us\/wp-json\/wp\/v2\/product"}],"about":[{"href":"https:\/\/kirinlight.com.vn\/us\/wp-json\/wp\/v2\/types\/product"}],"replies":[{"embeddable":true,"href":"https:\/\/kirinlight.com.vn\/us\/wp-json\/wp\/v2\/comments?post=1397"}],"wp:featuredmedia":[{"embeddable":true,"href":"https:\/\/kirinlight.com.vn\/us\/wp-json\/wp\/v2\/media\/2304"}],"wp:attachment":[{"href":"https:\/\/kirinlight.com.vn\/us\/wp-json\/wp\/v2\/media?parent=1397"}],"wp:term":[{"taxonomy":"product_brand","embeddable":true,"href":"https:\/\/kirinlight.com.vn\/us\/wp-json\/wp\/v2\/product_brand?post=1397"},{"taxonomy":"product_cat","embeddable":true,"href":"https:\/\/kirinlight.com.vn\/us\/wp-json\/wp\/v2\/product_cat?post=1397"},{"taxonomy":"product_tag","embeddable":true,"href":"https:\/\/kirinlight.com.vn\/us\/wp-json\/wp\/v2\/product_tag?post=1397"}],"curies":[{"name":"wp","href":"https:\/\/api.w.org\/{rel}","templated":true}]}}