{"id":1406,"date":"2020-12-16T08:23:40","date_gmt":"2020-12-16T08:23:40","guid":{"rendered":"https:\/\/kirinlight.com.vn\/?post_type=product&#038;p=1406"},"modified":"2025-11-05T16:31:27","modified_gmt":"2025-11-05T09:31:27","slug":"module-led-indoor-pi-3-indoor","status":"publish","type":"product","link":"https:\/\/kirinlight.com.vn\/us\/product\/module-led-indoor-pi-3-indoor\/","title":{"rendered":"Indoor Led Module PI 3 INDOOR"},"content":{"rendered":"<h2><strong><span style=\"font-size: 105%; color: #0000ff; font-family: tahoma, arial, helvetica, sans-serif;\">LED MODULE P3 INDOOR<\/span><\/strong><\/h2>\n<div><span style=\"color: #000000; font-size: 105%; font-family: tahoma, arial, helvetica, sans-serif;\">\u2013 Year of manufacture: 2020<\/span><\/div>\n<h3><strong><span style=\"color: #0000ff; font-size: 105%; font-family: tahoma, arial, helvetica, sans-serif;\">LED parameters<\/span><\/strong><\/h3>\n<div><span style=\"font-family: tahoma, arial, helvetica, sans-serif; font-size: 105%;\"><strong><span style=\"color: #000000;\"><span style=\"color: #ff0000;\">+ Red:<\/span>\u00a0<\/span><\/strong><\/span><\/div>\n<ul>\n<li><span style=\"color: #000000; font-size: 105%; font-family: tahoma, arial, helvetica, sans-serif;\">\u00a0Brightness: 620 \u2013 1,000 MCD<\/span><\/li>\n<li><span style=\"color: #000000; font-size: 105%; font-family: tahoma, arial, helvetica, sans-serif;\">\u00a0LED: SMD 2121 \u2013 GKGD<\/span><\/li>\n<li><span style=\"color: #000000; font-size: 105%; font-family: tahoma, arial, helvetica, sans-serif;\">\u00a0Wavelength: 615 \u2013 630nm<\/span><\/li>\n<li><span style=\"color: #000000; font-size: 105%; font-family: tahoma, arial, helvetica, sans-serif;\">\u00a0Technical conditions: 250C, 20mA<\/span><\/li>\n<\/ul>\n<div><span style=\"font-family: tahoma, arial, helvetica, sans-serif; font-size: 105%;\"><strong><span style=\"color: #339966;\">+ Green:<\/span><\/strong><\/span><\/div>\n<ul>\n<li><span style=\"color: #000000; font-size: 105%; font-family: tahoma, arial, helvetica, sans-serif;\">Brightness: 650 \u2013 800 MCD\u00a0<\/span><\/li>\n<li><span style=\"color: #000000; font-size: 105%; font-family: tahoma, arial, helvetica, sans-serif;\">LED: SMD 2121 \u2013 GKGD<\/span><\/li>\n<li><span style=\"color: #000000; font-size: 105%; font-family: tahoma, arial, helvetica, sans-serif;\">Wavelength: 515 \u2013 530 nm<\/span><\/li>\n<li><span style=\"color: #000000; font-size: 105%; font-family: tahoma, arial, helvetica, sans-serif;\">Technical conditions: 250C, 20 mA<\/span><\/li>\n<\/ul>\n<div><span style=\"font-family: tahoma, arial, helvetica, sans-serif; font-size: 105%;\"><strong><span style=\"color: #0000ff;\">\u00a0+ Blue:<\/span><\/strong><\/span><\/div>\n<ul>\n<li><span style=\"color: #000000; font-size: 105%; font-family: tahoma, arial, helvetica, sans-serif;\">Brightness: 600 MCD\u00a0<\/span><\/li>\n<li><span style=\"color: #000000; font-size: 105%; font-family: tahoma, arial, helvetica, sans-serif;\">LED: SMD 2121 \u2013 GKGD<\/span><\/li>\n<li><span style=\"color: #000000; font-size: 105%; font-family: tahoma, arial, helvetica, sans-serif;\">Wavelength: 460 \u2013 480 nm\u00a0<\/span><\/li>\n<li><span style=\"color: #000000; font-size: 105%; font-family: tahoma, arial, helvetica, sans-serif;\">Technical conditions: 250C, 20mA<\/span><\/li>\n<\/ul>\n<h3><span style=\"font-family: tahoma, arial, helvetica, sans-serif; font-size: 105%;\"><strong><span style=\"color: #0000ff;\">Module Specifications:<\/span><\/strong><\/span><\/h3>\n<ul>\n<li><span style=\"color: #333333; font-size: 105%; font-family: tahoma, arial, helvetica, sans-serif;\">Pixel pitch: 3mm<\/span><\/li>\n<li><span style=\"color: #333333; font-size: 105%; font-family: tahoma, arial, helvetica, sans-serif;\">Module Dimensions: 192 mm x 192 mm<\/span><\/li>\n<li><span style=\"color: #333333; font-size: 105%; font-family: tahoma, arial, helvetica, sans-serif;\">Basic color: 1R1G1B (full color)<\/span><\/li>\n<li><span style=\"color: #333333; font-size: 105%; font-family: tahoma, arial, helvetica, sans-serif;\">Module resolution: 64 dots x 64 dots<\/span><\/li>\n<li><span style=\"color: #333333; font-size: 105%; font-family: tahoma, arial, helvetica, sans-serif;\">Pixel density: 111111 dots\/m2\u00a0<\/span><\/li>\n<li><span style=\"color: #333333; font-size: 105%; font-family: tahoma, arial, helvetica, sans-serif;\">Scan Ratio: 1\/32 Scan\u00a0<\/span><\/li>\n<li><span style=\"color: #333333; font-size: 105%; font-family: tahoma, arial, helvetica, sans-serif;\">Weight\/plate: 0.46 kg<\/span><\/li>\n<li><span style=\"color: #333333; font-size: 105%; font-family: tahoma, arial, helvetica, sans-serif;\">Module IC: SM16207<\/span><\/li>\n<li><span style=\"color: #333333; font-size: 105%; font-family: tahoma, arial, helvetica, sans-serif;\">Power consumption: average: 152W\/m2, maximum 457W\/m2<\/span><\/li>\n<li><span style=\"color: #333333; font-size: 105%; font-family: tahoma, arial, helvetica, sans-serif;\">Brightness: 800 \u2013 1,000 cd\/m2<\/span><\/li>\n<li><span style=\"color: #333333; font-size: 105%; font-family: tahoma, arial, helvetica, sans-serif;\">Color: 281 million colors (HD Resolution)\u00a0<\/span><\/li>\n<li><span style=\"color: #333333; font-size: 105%; font-family: tahoma, arial, helvetica, sans-serif;\">Brightness adjustment level: 255 levels, adjustable by software<\/span><\/li>\n<li><span style=\"color: #333333; font-size: 105%; font-family: tahoma, arial, helvetica, sans-serif;\">Gray scale: 16.7 million colors<\/span><\/li>\n<li><span style=\"color: #333333; font-size: 105%; font-family: tahoma, arial, helvetica, sans-serif;\">Best visibility distance: 3m or more<\/span><\/li>\n<li><span style=\"color: #333333; font-size: 105%; font-family: tahoma, arial, helvetica, sans-serif;\">Screen viewing angle: Horizontal: 1600, Vertical; 1400<\/span><\/li>\n<li><span style=\"color: #333333; font-size: 105%; font-family: tahoma, arial, helvetica, sans-serif;\">Power supply: AC220 V\/ 110 V\/ 50 Hz\/ 60 Hz<\/span><\/li>\n<li><span style=\"color: #333333; font-size: 105%; font-family: tahoma, arial, helvetica, sans-serif;\">Scan frequency: Max 3,840 Hz\/s<\/span><\/li>\n<li><span style=\"color: #333333; font-size: 105%; font-family: tahoma, arial, helvetica, sans-serif;\">Control mode: Synchronized with computer<\/span><\/li>\n<li><span style=\"color: #333333; font-size: 105%; font-family: tahoma, arial, helvetica, sans-serif;\">Lifespan: 100,000 hours<\/span><\/li>\n<li><span style=\"color: #333333; font-size: 105%; font-family: tahoma, arial, helvetica, sans-serif;\">Operating temperature: -200C ~ +650C<\/span><\/li>\n<li><span style=\"color: #333333; font-size: 105%; font-family: tahoma, arial, helvetica, sans-serif;\">Operating humidity: 10% ~ 90%<\/span><\/li>\n<li><span style=\"color: #333333; font-size: 105%; font-family: tahoma, arial, helvetica, sans-serif;\">Certificates: CE, FCC, ROHS, ISO9001, EMC and other credits.<\/span><\/li>\n<\/ul>","protected":false},"excerpt":{"rendered":"<p><img loading=\"lazy\" decoding=\"async\" class=\"alignnone size-full wp-image-1526\" src=\"https:\/\/kirinlight.com.vn\/wp-content\/uploads\/2023\/05\/banner-2.jpg\" alt=\"\" width=\"1537\" height=\"864\" \/><\/p>\n<ul>\n<li><span style=\"font-size: 105%;\"><strong><span style=\"color: #000000; font-family: tahoma, arial, helvetica, sans-serif;\">Dimensions: 192mm x 192mm<\/span><\/strong><\/span><\/li>\n<li><span style=\"font-family: tahoma, arial, helvetica, sans-serif; font-size: 105%;\"><strong><span style=\"color: #000000;\">Module resolution: 64 dots x 64 dots<\/span><\/strong><\/span><\/li>\n<li><span style=\"font-family: tahoma, arial, helvetica, sans-serif; font-size: 105%;\"><strong><span style=\"color: #000000;\">Led <span style=\"color: #000000; font-size: 110%;\">SMD 2121 \u2013 GKGD<\/span><\/span><\/strong><\/span><\/li>\n<\/ul>\n<p><span style=\"font-family: tahoma, arial, helvetica, sans-serif;\"><strong><span style=\"color: #000000;\">Contact :<\/span>\u00a0<span style=\"color: #ed1c24;\">0908 300 707<\/span><\/strong><\/span><\/p>\n<p><span style=\"color: #000000;\"><strong>Technical Support<\/strong><\/span> <strong>:<\/strong> <span style=\"color: #d83131;\"><strong>0987 300 707<\/strong><\/span><\/p>","protected":false},"featured_media":1407,"comment_status":"closed","ping_status":"closed","template":"","meta":[],"product_brand":[],"product_cat":[106,22],"product_tag":[],"class_list":{"0":"post-1406","1":"product","2":"type-product","3":"status-publish","4":"has-post-thumbnail","6":"product_cat-catalogue-module-led-pi","7":"product_cat-modules-led-trong-nha","9":"first","10":"instock","11":"shipping-taxable","12":"product-type-simple"},"yoast_head":"<!-- This site is optimized with the Yoast SEO plugin v27.4 - https:\/\/yoast.com\/product\/yoast-seo-wordpress\/ -->\n<title>Module Led Indoor PI 3 INDOOR - LED Kirin<\/title>\n<meta name=\"description\" content=\"Module Led Indoor PI 3 INDOOR Led SMD Morion2020 Kinglight, t\u00edch h\u1ee3p v\u1edbi IC driver PWM ,Integrated Dual Latch t\u1ea1o ra h\u00ecnh \u1ea3nh trung th\u1eadt v\u00e0 s\u1ed1ng \u0111\u1ed9ng v\u1edbi t\u1ea7n s\u1ed1 qu\u00e9t cao\" \/>\n<meta name=\"robots\" content=\"index, follow, max-snippet:-1, max-image-preview:large, max-video-preview:-1\" \/>\n<link rel=\"canonical\" href=\"https:\/\/kirinlight.com.vn\/us\/product\/module-led-indoor-pi-3-indoor\/\" \/>\n<meta property=\"og:locale\" content=\"en_US\" \/>\n<meta property=\"og:type\" content=\"article\" \/>\n<meta property=\"og:title\" content=\"Module Led Indoor PI 3 INDOOR - LED Kirin\" \/>\n<meta property=\"og:description\" content=\"Module Led Indoor PI 3 INDOOR Led SMD Morion2020 Kinglight, t\u00edch h\u1ee3p v\u1edbi IC driver PWM ,Integrated Dual Latch t\u1ea1o ra h\u00ecnh \u1ea3nh trung th\u1eadt v\u00e0 s\u1ed1ng \u0111\u1ed9ng v\u1edbi t\u1ea7n s\u1ed1 qu\u00e9t cao\" \/>\n<meta property=\"og:url\" content=\"https:\/\/kirinlight.com.vn\/us\/product\/module-led-indoor-pi-3-indoor\/\" \/>\n<meta property=\"og:site_name\" content=\"LED Kirin\" \/>\n<meta property=\"article:modified_time\" content=\"2025-11-05T09:31:27+00:00\" \/>\n<meta property=\"og:image\" content=\"https:\/\/kirinlight.com.vn\/wp-content\/uploads\/2020\/12\/module-led-p3-indoor-kirin-e1762333601652.png\" \/>\n\t<meta property=\"og:image:width\" content=\"436\" \/>\n\t<meta property=\"og:image:height\" content=\"423\" \/>\n\t<meta property=\"og:image:type\" content=\"image\/png\" \/>\n<meta name=\"twitter:card\" content=\"summary_large_image\" \/>\n<meta name=\"twitter:label1\" content=\"Est. reading time\" \/>\n\t<meta name=\"twitter:data1\" content=\"2 minutes\" \/>\n<script type=\"application\/ld+json\" class=\"yoast-schema-graph\">{\"@context\":\"https:\\\/\\\/schema.org\",\"@graph\":[{\"@type\":\"WebPage\",\"@id\":\"https:\\\/\\\/kirinlight.com.vn\\\/san-pham\\\/module-led-indoor-pi-3-indoor\\\/\",\"url\":\"https:\\\/\\\/kirinlight.com.vn\\\/san-pham\\\/module-led-indoor-pi-3-indoor\\\/\",\"name\":\"Module Led Indoor PI 3 INDOOR - LED Kirin\",\"isPartOf\":{\"@id\":\"https:\\\/\\\/kirinlight.com.vn\\\/#website\"},\"primaryImageOfPage\":{\"@id\":\"https:\\\/\\\/kirinlight.com.vn\\\/san-pham\\\/module-led-indoor-pi-3-indoor\\\/#primaryimage\"},\"image\":{\"@id\":\"https:\\\/\\\/kirinlight.com.vn\\\/san-pham\\\/module-led-indoor-pi-3-indoor\\\/#primaryimage\"},\"thumbnailUrl\":\"https:\\\/\\\/kirinlight.com.vn\\\/wp-content\\\/uploads\\\/2020\\\/12\\\/module-led-p3-indoor-kirin-e1762333601652.png\",\"datePublished\":\"2020-12-16T08:23:40+00:00\",\"dateModified\":\"2025-11-05T09:31:27+00:00\",\"description\":\"Module Led Indoor PI 3 INDOOR Led SMD Morion2020 Kinglight, t\u00edch h\u1ee3p v\u1edbi IC driver PWM ,Integrated Dual Latch t\u1ea1o ra h\u00ecnh \u1ea3nh trung th\u1eadt v\u00e0 s\u1ed1ng \u0111\u1ed9ng v\u1edbi t\u1ea7n s\u1ed1 qu\u00e9t cao\",\"breadcrumb\":{\"@id\":\"https:\\\/\\\/kirinlight.com.vn\\\/san-pham\\\/module-led-indoor-pi-3-indoor\\\/#breadcrumb\"},\"inLanguage\":\"en-US\",\"potentialAction\":[{\"@type\":\"ReadAction\",\"target\":[\"https:\\\/\\\/kirinlight.com.vn\\\/san-pham\\\/module-led-indoor-pi-3-indoor\\\/\"]}]},{\"@type\":\"ImageObject\",\"inLanguage\":\"en-US\",\"@id\":\"https:\\\/\\\/kirinlight.com.vn\\\/san-pham\\\/module-led-indoor-pi-3-indoor\\\/#primaryimage\",\"url\":\"https:\\\/\\\/kirinlight.com.vn\\\/wp-content\\\/uploads\\\/2020\\\/12\\\/module-led-p3-indoor-kirin-e1762333601652.png\",\"contentUrl\":\"https:\\\/\\\/kirinlight.com.vn\\\/wp-content\\\/uploads\\\/2020\\\/12\\\/module-led-p3-indoor-kirin-e1762333601652.png\",\"width\":436,\"height\":423},{\"@type\":\"BreadcrumbList\",\"@id\":\"https:\\\/\\\/kirinlight.com.vn\\\/san-pham\\\/module-led-indoor-pi-3-indoor\\\/#breadcrumb\",\"itemListElement\":[{\"@type\":\"ListItem\",\"position\":1,\"name\":\"Home\",\"item\":\"https:\\\/\\\/kirinlight.com.vn\\\/\"},{\"@type\":\"ListItem\",\"position\":2,\"name\":\"C\u1eecA H\u00c0NG\",\"item\":\"https:\\\/\\\/kirinlight.com.vn\\\/cua-hang\\\/\"},{\"@type\":\"ListItem\",\"position\":3,\"name\":\"Module Led Indoor PI 3 INDOOR\"}]},{\"@type\":\"WebSite\",\"@id\":\"https:\\\/\\\/kirinlight.com.vn\\\/#website\",\"url\":\"https:\\\/\\\/kirinlight.com.vn\\\/\",\"name\":\"LED Kirin\",\"description\":\"M\u00e0n H\u00ecnh Led - Module Led C\u00f4ng Ngh\u1ec7 Cao\",\"potentialAction\":[{\"@type\":\"SearchAction\",\"target\":{\"@type\":\"EntryPoint\",\"urlTemplate\":\"https:\\\/\\\/kirinlight.com.vn\\\/?s={search_term_string}\"},\"query-input\":{\"@type\":\"PropertyValueSpecification\",\"valueRequired\":true,\"valueName\":\"search_term_string\"}}],\"inLanguage\":\"en-US\"}]}<\/script>\n<!-- \/ Yoast SEO plugin. -->","yoast_head_json":{"title":"Module Led Indoor PI 3 INDOOR - LED Kirin","description":"Module Led Indoor PI 3 INDOOR Led SMD Morion2020 Kinglight, t\u00edch h\u1ee3p v\u1edbi IC driver PWM ,Integrated Dual Latch t\u1ea1o ra h\u00ecnh \u1ea3nh trung th\u1eadt v\u00e0 s\u1ed1ng \u0111\u1ed9ng v\u1edbi t\u1ea7n s\u1ed1 qu\u00e9t cao","robots":{"index":"index","follow":"follow","max-snippet":"max-snippet:-1","max-image-preview":"max-image-preview:large","max-video-preview":"max-video-preview:-1"},"canonical":"https:\/\/kirinlight.com.vn\/us\/product\/module-led-indoor-pi-3-indoor\/","og_locale":"en_US","og_type":"article","og_title":"Module Led Indoor PI 3 INDOOR - LED Kirin","og_description":"Module Led Indoor PI 3 INDOOR Led SMD Morion2020 Kinglight, t\u00edch h\u1ee3p v\u1edbi IC driver PWM ,Integrated Dual Latch t\u1ea1o ra h\u00ecnh \u1ea3nh trung th\u1eadt v\u00e0 s\u1ed1ng \u0111\u1ed9ng v\u1edbi t\u1ea7n s\u1ed1 qu\u00e9t cao","og_url":"https:\/\/kirinlight.com.vn\/us\/product\/module-led-indoor-pi-3-indoor\/","og_site_name":"LED Kirin","article_modified_time":"2025-11-05T09:31:27+00:00","og_image":[{"width":436,"height":423,"url":"https:\/\/kirinlight.com.vn\/wp-content\/uploads\/2020\/12\/module-led-p3-indoor-kirin-e1762333601652.png","type":"image\/png"}],"twitter_card":"summary_large_image","twitter_misc":{"Est. reading time":"2 minutes"},"schema":{"@context":"https:\/\/schema.org","@graph":[{"@type":"WebPage","@id":"https:\/\/kirinlight.com.vn\/san-pham\/module-led-indoor-pi-3-indoor\/","url":"https:\/\/kirinlight.com.vn\/san-pham\/module-led-indoor-pi-3-indoor\/","name":"Module Led Indoor PI 3 INDOOR - LED Kirin","isPartOf":{"@id":"https:\/\/kirinlight.com.vn\/#website"},"primaryImageOfPage":{"@id":"https:\/\/kirinlight.com.vn\/san-pham\/module-led-indoor-pi-3-indoor\/#primaryimage"},"image":{"@id":"https:\/\/kirinlight.com.vn\/san-pham\/module-led-indoor-pi-3-indoor\/#primaryimage"},"thumbnailUrl":"https:\/\/kirinlight.com.vn\/wp-content\/uploads\/2020\/12\/module-led-p3-indoor-kirin-e1762333601652.png","datePublished":"2020-12-16T08:23:40+00:00","dateModified":"2025-11-05T09:31:27+00:00","description":"Module Led Indoor PI 3 INDOOR Led SMD Morion2020 Kinglight, t\u00edch h\u1ee3p v\u1edbi IC driver PWM ,Integrated Dual Latch t\u1ea1o ra h\u00ecnh \u1ea3nh trung th\u1eadt v\u00e0 s\u1ed1ng \u0111\u1ed9ng v\u1edbi t\u1ea7n s\u1ed1 qu\u00e9t cao","breadcrumb":{"@id":"https:\/\/kirinlight.com.vn\/san-pham\/module-led-indoor-pi-3-indoor\/#breadcrumb"},"inLanguage":"en-US","potentialAction":[{"@type":"ReadAction","target":["https:\/\/kirinlight.com.vn\/san-pham\/module-led-indoor-pi-3-indoor\/"]}]},{"@type":"ImageObject","inLanguage":"en-US","@id":"https:\/\/kirinlight.com.vn\/san-pham\/module-led-indoor-pi-3-indoor\/#primaryimage","url":"https:\/\/kirinlight.com.vn\/wp-content\/uploads\/2020\/12\/module-led-p3-indoor-kirin-e1762333601652.png","contentUrl":"https:\/\/kirinlight.com.vn\/wp-content\/uploads\/2020\/12\/module-led-p3-indoor-kirin-e1762333601652.png","width":436,"height":423},{"@type":"BreadcrumbList","@id":"https:\/\/kirinlight.com.vn\/san-pham\/module-led-indoor-pi-3-indoor\/#breadcrumb","itemListElement":[{"@type":"ListItem","position":1,"name":"Home","item":"https:\/\/kirinlight.com.vn\/"},{"@type":"ListItem","position":2,"name":"C\u1eecA H\u00c0NG","item":"https:\/\/kirinlight.com.vn\/cua-hang\/"},{"@type":"ListItem","position":3,"name":"Module Led Indoor PI 3 INDOOR"}]},{"@type":"WebSite","@id":"https:\/\/kirinlight.com.vn\/#website","url":"https:\/\/kirinlight.com.vn\/","name":"LED Kirin","description":"Led Screen - High-Tech Led Module","potentialAction":[{"@type":"SearchAction","target":{"@type":"EntryPoint","urlTemplate":"https:\/\/kirinlight.com.vn\/?s={search_term_string}"},"query-input":{"@type":"PropertyValueSpecification","valueRequired":true,"valueName":"search_term_string"}}],"inLanguage":"en-US"}]}},"_links":{"self":[{"href":"https:\/\/kirinlight.com.vn\/us\/wp-json\/wp\/v2\/product\/1406","targetHints":{"allow":["GET"]}}],"collection":[{"href":"https:\/\/kirinlight.com.vn\/us\/wp-json\/wp\/v2\/product"}],"about":[{"href":"https:\/\/kirinlight.com.vn\/us\/wp-json\/wp\/v2\/types\/product"}],"replies":[{"embeddable":true,"href":"https:\/\/kirinlight.com.vn\/us\/wp-json\/wp\/v2\/comments?post=1406"}],"wp:featuredmedia":[{"embeddable":true,"href":"https:\/\/kirinlight.com.vn\/us\/wp-json\/wp\/v2\/media\/1407"}],"wp:attachment":[{"href":"https:\/\/kirinlight.com.vn\/us\/wp-json\/wp\/v2\/media?parent=1406"}],"wp:term":[{"taxonomy":"product_brand","embeddable":true,"href":"https:\/\/kirinlight.com.vn\/us\/wp-json\/wp\/v2\/product_brand?post=1406"},{"taxonomy":"product_cat","embeddable":true,"href":"https:\/\/kirinlight.com.vn\/us\/wp-json\/wp\/v2\/product_cat?post=1406"},{"taxonomy":"product_tag","embeddable":true,"href":"https:\/\/kirinlight.com.vn\/us\/wp-json\/wp\/v2\/product_tag?post=1406"}],"curies":[{"name":"wp","href":"https:\/\/api.w.org\/{rel}","templated":true}]}}