{"id":1428,"date":"2021-11-06T23:46:07","date_gmt":"2021-11-06T23:46:07","guid":{"rendered":"https:\/\/kirinlight.com.vn\/?post_type=product&#038;p=1428"},"modified":"2025-11-05T16:35:16","modified_gmt":"2025-11-05T09:35:16","slug":"module-led-outdoor-po-5","status":"publish","type":"product","link":"https:\/\/kirinlight.com.vn\/us\/product\/module-led-outdoor-po-5\/","title":{"rendered":"Outdoor Led Module PO 5"},"content":{"rendered":"<p><span style=\"font-size: 130%; color: #282828;\"><em><span style=\"font-family: tahoma, arial, helvetica, sans-serif;\"><strong>Module Specifications:<\/strong><\/span><\/em><\/span><\/p>\n<p>&nbsp;<\/p>\n<p><img loading=\"lazy\" decoding=\"async\" class=\"size-full wp-image-2275 alignleft\" src=\"https:\/\/kirinlight.com.vn\/wp-content\/uploads\/2021\/11\/P5-out-1.png\" alt=\"\" width=\"885\" height=\"610\" \/><\/p>\n<p>&nbsp;<\/p>","protected":false},"excerpt":{"rendered":"<p><img loading=\"lazy\" decoding=\"async\" class=\"alignnone size-full wp-image-2273\" src=\"https:\/\/kirinlight.com.vn\/wp-content\/uploads\/2021\/11\/P5-Out-1921.jpg\" alt=\"\" width=\"2558\" height=\"1916\" \/><\/p>\n<p><span style=\"font-size: 120%;\"><em><strong>\u00a0P5 Outdoor:<\/strong><\/em><\/span><\/p>\n<ul>\n<li><strong><span style=\"font-size: 110%;\"><em>Dimensions: 320mm x 160mm<\/em><\/span><\/strong><\/li>\n<li><strong><span style=\"font-size: 110%;\"><em>Resolution: 64 x 32 pixels<\/em><\/span><\/strong><\/li>\n<li><strong><span style=\"font-size: 110%;\"><em>1R1G1B \u2013 SMD 1921<\/em><\/span><\/strong><\/li>\n<li><strong><span style=\"font-size: 110%;\"><em>Scan 1\/8\u00a0<\/em><\/span><\/strong><\/li>\n<li><strong><span style=\"font-size: 110%;\"><em>Refresh 3840-7680Hz<\/em><\/span><\/strong><\/li>\n<\/ul>\n<p>\u2014\u2014\u2014\u2014\u2014\u2014\u2014\u2014\u2014\u2014\u2014<\/p>","protected":false},"featured_media":2273,"comment_status":"closed","ping_status":"closed","template":"","meta":[],"product_brand":[],"product_cat":[105,23],"product_tag":[],"class_list":{"0":"post-1428","1":"product","2":"type-product","3":"status-publish","4":"has-post-thumbnail","6":"product_cat-catalogue-module-led-po","7":"product_cat-modules-led-ngoai-troi","9":"first","10":"instock","11":"shipping-taxable","12":"product-type-simple"},"yoast_head":"<!-- This site is optimized with the Yoast SEO plugin v27.4 - https:\/\/yoast.com\/product\/yoast-seo-wordpress\/ -->\n<title>Module Led Outdoor PO 5 - LED Kirin<\/title>\n<meta name=\"description\" content=\"Module Led Outdoor PO 5 Di\u1ec7n t\u00edch m\u00e0n h\u00ecnh: K\u00edch Th\u01b0\u1edbc: 160mm x 160mm, \u0110\u1ed9 ph\u00e2n gi\u1ea3i Module: 32 x 321R1G1B -\u00a0 SMD 3 in1 SMD 2525\" \/>\n<meta name=\"robots\" content=\"index, follow, max-snippet:-1, max-image-preview:large, max-video-preview:-1\" \/>\n<link rel=\"canonical\" href=\"https:\/\/kirinlight.com.vn\/us\/product\/module-led-outdoor-po-5\/\" \/>\n<meta property=\"og:locale\" content=\"en_US\" \/>\n<meta property=\"og:type\" content=\"article\" \/>\n<meta property=\"og:title\" content=\"Module Led Outdoor PO 5 - LED Kirin\" \/>\n<meta property=\"og:description\" content=\"Module Led Outdoor PO 5 Di\u1ec7n t\u00edch m\u00e0n h\u00ecnh: K\u00edch Th\u01b0\u1edbc: 160mm x 160mm, \u0110\u1ed9 ph\u00e2n gi\u1ea3i Module: 32 x 321R1G1B -\u00a0 SMD 3 in1 SMD 2525\" \/>\n<meta property=\"og:url\" content=\"https:\/\/kirinlight.com.vn\/us\/product\/module-led-outdoor-po-5\/\" \/>\n<meta property=\"og:site_name\" content=\"LED Kirin\" \/>\n<meta property=\"article:modified_time\" content=\"2025-11-05T09:35:16+00:00\" \/>\n<meta property=\"og:image\" content=\"https:\/\/kirinlight.com.vn\/wp-content\/uploads\/2021\/11\/P5-Out-1921.jpg\" \/>\n\t<meta property=\"og:image:width\" content=\"2558\" \/>\n\t<meta property=\"og:image:height\" content=\"1916\" \/>\n\t<meta property=\"og:image:type\" content=\"image\/jpeg\" \/>\n<meta name=\"twitter:card\" content=\"summary_large_image\" \/>\n<meta name=\"twitter:label1\" content=\"Est. reading time\" \/>\n\t<meta name=\"twitter:data1\" content=\"1 minute\" \/>\n<script type=\"application\/ld+json\" class=\"yoast-schema-graph\">{\"@context\":\"https:\\\/\\\/schema.org\",\"@graph\":[{\"@type\":\"WebPage\",\"@id\":\"https:\\\/\\\/kirinlight.com.vn\\\/san-pham\\\/module-led-outdoor-po-5\\\/\",\"url\":\"https:\\\/\\\/kirinlight.com.vn\\\/san-pham\\\/module-led-outdoor-po-5\\\/\",\"name\":\"Module Led Outdoor PO 5 - LED Kirin\",\"isPartOf\":{\"@id\":\"https:\\\/\\\/kirinlight.com.vn\\\/#website\"},\"primaryImageOfPage\":{\"@id\":\"https:\\\/\\\/kirinlight.com.vn\\\/san-pham\\\/module-led-outdoor-po-5\\\/#primaryimage\"},\"image\":{\"@id\":\"https:\\\/\\\/kirinlight.com.vn\\\/san-pham\\\/module-led-outdoor-po-5\\\/#primaryimage\"},\"thumbnailUrl\":\"https:\\\/\\\/kirinlight.com.vn\\\/wp-content\\\/uploads\\\/2021\\\/11\\\/P5-Out-1921.jpg\",\"datePublished\":\"2021-11-06T23:46:07+00:00\",\"dateModified\":\"2025-11-05T09:35:16+00:00\",\"description\":\"Module Led Outdoor PO 5 Di\u1ec7n t\u00edch m\u00e0n h\u00ecnh: K\u00edch Th\u01b0\u1edbc: 160mm x 160mm, \u0110\u1ed9 ph\u00e2n gi\u1ea3i Module: 32 x 321R1G1B -\u00a0 SMD 3 in1 SMD 2525\",\"breadcrumb\":{\"@id\":\"https:\\\/\\\/kirinlight.com.vn\\\/san-pham\\\/module-led-outdoor-po-5\\\/#breadcrumb\"},\"inLanguage\":\"en-US\",\"potentialAction\":[{\"@type\":\"ReadAction\",\"target\":[\"https:\\\/\\\/kirinlight.com.vn\\\/san-pham\\\/module-led-outdoor-po-5\\\/\"]}]},{\"@type\":\"ImageObject\",\"inLanguage\":\"en-US\",\"@id\":\"https:\\\/\\\/kirinlight.com.vn\\\/san-pham\\\/module-led-outdoor-po-5\\\/#primaryimage\",\"url\":\"https:\\\/\\\/kirinlight.com.vn\\\/wp-content\\\/uploads\\\/2021\\\/11\\\/P5-Out-1921.jpg\",\"contentUrl\":\"https:\\\/\\\/kirinlight.com.vn\\\/wp-content\\\/uploads\\\/2021\\\/11\\\/P5-Out-1921.jpg\",\"width\":2558,\"height\":1916},{\"@type\":\"BreadcrumbList\",\"@id\":\"https:\\\/\\\/kirinlight.com.vn\\\/san-pham\\\/module-led-outdoor-po-5\\\/#breadcrumb\",\"itemListElement\":[{\"@type\":\"ListItem\",\"position\":1,\"name\":\"Home\",\"item\":\"https:\\\/\\\/kirinlight.com.vn\\\/\"},{\"@type\":\"ListItem\",\"position\":2,\"name\":\"C\u1eecA H\u00c0NG\",\"item\":\"https:\\\/\\\/kirinlight.com.vn\\\/cua-hang\\\/\"},{\"@type\":\"ListItem\",\"position\":3,\"name\":\"Module Led Outdoor PO 5\"}]},{\"@type\":\"WebSite\",\"@id\":\"https:\\\/\\\/kirinlight.com.vn\\\/#website\",\"url\":\"https:\\\/\\\/kirinlight.com.vn\\\/\",\"name\":\"LED Kirin\",\"description\":\"M\u00e0n H\u00ecnh Led - Module Led C\u00f4ng Ngh\u1ec7 Cao\",\"potentialAction\":[{\"@type\":\"SearchAction\",\"target\":{\"@type\":\"EntryPoint\",\"urlTemplate\":\"https:\\\/\\\/kirinlight.com.vn\\\/?s={search_term_string}\"},\"query-input\":{\"@type\":\"PropertyValueSpecification\",\"valueRequired\":true,\"valueName\":\"search_term_string\"}}],\"inLanguage\":\"en-US\"}]}<\/script>\n<!-- \/ Yoast SEO plugin. -->","yoast_head_json":{"title":"Outdoor Led Module PO 5 - LED Kirin","description":"Outdoor LED Module PO 5 Screen Area: Dimensions: 160mm x 160mm, Module Resolution: 32 x 32 1R1G1B - SMD 3 in 1 SMD 2525","robots":{"index":"index","follow":"follow","max-snippet":"max-snippet:-1","max-image-preview":"max-image-preview:large","max-video-preview":"max-video-preview:-1"},"canonical":"https:\/\/kirinlight.com.vn\/us\/product\/module-led-outdoor-po-5\/","og_locale":"en_US","og_type":"article","og_title":"Module Led Outdoor PO 5 - LED Kirin","og_description":"Module Led Outdoor PO 5 Di\u1ec7n t\u00edch m\u00e0n h\u00ecnh: K\u00edch Th\u01b0\u1edbc: 160mm x 160mm, \u0110\u1ed9 ph\u00e2n gi\u1ea3i Module: 32 x 321R1G1B -\u00a0 SMD 3 in1 SMD 2525","og_url":"https:\/\/kirinlight.com.vn\/us\/product\/module-led-outdoor-po-5\/","og_site_name":"LED Kirin","article_modified_time":"2025-11-05T09:35:16+00:00","og_image":[{"width":2558,"height":1916,"url":"https:\/\/kirinlight.com.vn\/wp-content\/uploads\/2021\/11\/P5-Out-1921.jpg","type":"image\/jpeg"}],"twitter_card":"summary_large_image","twitter_misc":{"Est. reading time":"1 minute"},"schema":{"@context":"https:\/\/schema.org","@graph":[{"@type":"WebPage","@id":"https:\/\/kirinlight.com.vn\/san-pham\/module-led-outdoor-po-5\/","url":"https:\/\/kirinlight.com.vn\/san-pham\/module-led-outdoor-po-5\/","name":"Outdoor Led Module PO 5 - LED Kirin","isPartOf":{"@id":"https:\/\/kirinlight.com.vn\/#website"},"primaryImageOfPage":{"@id":"https:\/\/kirinlight.com.vn\/san-pham\/module-led-outdoor-po-5\/#primaryimage"},"image":{"@id":"https:\/\/kirinlight.com.vn\/san-pham\/module-led-outdoor-po-5\/#primaryimage"},"thumbnailUrl":"https:\/\/kirinlight.com.vn\/wp-content\/uploads\/2021\/11\/P5-Out-1921.jpg","datePublished":"2021-11-06T23:46:07+00:00","dateModified":"2025-11-05T09:35:16+00:00","description":"Outdoor LED Module PO 5 Screen Area: Dimensions: 160mm x 160mm, Module Resolution: 32 x 32 1R1G1B - SMD 3 in 1 SMD 2525","breadcrumb":{"@id":"https:\/\/kirinlight.com.vn\/san-pham\/module-led-outdoor-po-5\/#breadcrumb"},"inLanguage":"en-US","potentialAction":[{"@type":"ReadAction","target":["https:\/\/kirinlight.com.vn\/san-pham\/module-led-outdoor-po-5\/"]}]},{"@type":"ImageObject","inLanguage":"en-US","@id":"https:\/\/kirinlight.com.vn\/san-pham\/module-led-outdoor-po-5\/#primaryimage","url":"https:\/\/kirinlight.com.vn\/wp-content\/uploads\/2021\/11\/P5-Out-1921.jpg","contentUrl":"https:\/\/kirinlight.com.vn\/wp-content\/uploads\/2021\/11\/P5-Out-1921.jpg","width":2558,"height":1916},{"@type":"BreadcrumbList","@id":"https:\/\/kirinlight.com.vn\/san-pham\/module-led-outdoor-po-5\/#breadcrumb","itemListElement":[{"@type":"ListItem","position":1,"name":"Home","item":"https:\/\/kirinlight.com.vn\/"},{"@type":"ListItem","position":2,"name":"C\u1eecA H\u00c0NG","item":"https:\/\/kirinlight.com.vn\/cua-hang\/"},{"@type":"ListItem","position":3,"name":"Module Led Outdoor PO 5"}]},{"@type":"WebSite","@id":"https:\/\/kirinlight.com.vn\/#website","url":"https:\/\/kirinlight.com.vn\/","name":"LED Kirin","description":"Led Screen - High-Tech Led Module","potentialAction":[{"@type":"SearchAction","target":{"@type":"EntryPoint","urlTemplate":"https:\/\/kirinlight.com.vn\/?s={search_term_string}"},"query-input":{"@type":"PropertyValueSpecification","valueRequired":true,"valueName":"search_term_string"}}],"inLanguage":"en-US"}]}},"_links":{"self":[{"href":"https:\/\/kirinlight.com.vn\/us\/wp-json\/wp\/v2\/product\/1428","targetHints":{"allow":["GET"]}}],"collection":[{"href":"https:\/\/kirinlight.com.vn\/us\/wp-json\/wp\/v2\/product"}],"about":[{"href":"https:\/\/kirinlight.com.vn\/us\/wp-json\/wp\/v2\/types\/product"}],"replies":[{"embeddable":true,"href":"https:\/\/kirinlight.com.vn\/us\/wp-json\/wp\/v2\/comments?post=1428"}],"wp:featuredmedia":[{"embeddable":true,"href":"https:\/\/kirinlight.com.vn\/us\/wp-json\/wp\/v2\/media\/2273"}],"wp:attachment":[{"href":"https:\/\/kirinlight.com.vn\/us\/wp-json\/wp\/v2\/media?parent=1428"}],"wp:term":[{"taxonomy":"product_brand","embeddable":true,"href":"https:\/\/kirinlight.com.vn\/us\/wp-json\/wp\/v2\/product_brand?post=1428"},{"taxonomy":"product_cat","embeddable":true,"href":"https:\/\/kirinlight.com.vn\/us\/wp-json\/wp\/v2\/product_cat?post=1428"},{"taxonomy":"product_tag","embeddable":true,"href":"https:\/\/kirinlight.com.vn\/us\/wp-json\/wp\/v2\/product_tag?post=1428"}],"curies":[{"name":"wp","href":"https:\/\/api.w.org\/{rel}","templated":true}]}}