{"id":1459,"date":"2022-12-06T08:03:50","date_gmt":"2022-12-06T08:03:50","guid":{"rendered":"https:\/\/kirinlight.com.vn\/?post_type=product&#038;p=1459"},"modified":"2025-11-05T16:29:21","modified_gmt":"2025-11-05T09:29:21","slug":"module-led-indoor-pi-2-06170","status":"publish","type":"product","link":"https:\/\/kirinlight.com.vn\/us\/product\/module-led-indoor-pi-2-06170\/","title":{"rendered":"Indoor Led Module PI 2 06170"},"content":{"rendered":"<h3><\/h3>\n<h3><span style=\"font-family: tahoma, arial, helvetica, sans-serif; font-size: 105%;\"><strong><span style=\"color: #0000ff;\">Module Specifications:<\/span><\/strong><\/span><\/h3>\n<p><a href=\"https:\/\/kirinlight.com.vn\/wp-content\/uploads\/2022\/12\/pi206170-thongso.png\"><img loading=\"lazy\" decoding=\"async\" class=\"aligncenter size-full wp-image-1461\" src=\"https:\/\/kirinlight.com.vn\/wp-content\/uploads\/2022\/12\/pi206170-thongso.png\" alt=\"pi206170-thongso\" width=\"978\" height=\"544\" srcset=\"https:\/\/kirinlight.com.vn\/wp-content\/uploads\/2022\/12\/pi206170-thongso.png 978w, https:\/\/kirinlight.com.vn\/wp-content\/uploads\/2022\/12\/pi206170-thongso-510x284.png 510w, https:\/\/kirinlight.com.vn\/wp-content\/uploads\/2022\/12\/pi206170-thongso-300x167.png 300w, https:\/\/kirinlight.com.vn\/wp-content\/uploads\/2022\/12\/pi206170-thongso-768x427.png 768w\" sizes=\"auto, (max-width: 978px) 100vw, 978px\" \/><\/a><\/p>\n<p>&nbsp;<\/p>","protected":false},"excerpt":{"rendered":"<p><img loading=\"lazy\" decoding=\"async\" class=\"alignnone size-full wp-image-1526\" src=\"https:\/\/kirinlight.com.vn\/wp-content\/uploads\/2023\/05\/banner-2.jpg\" alt=\"\" width=\"1537\" height=\"864\" \/><\/p>\n<ul>\n<li><span style=\"font-size: 105%;\"><strong><span style=\"color: #000000; font-family: tahoma, arial, helvetica, sans-serif;\">Dimensions: 320mm x 160mm<\/span><\/strong><\/span><\/li>\n<li><span style=\"font-family: tahoma, arial, helvetica, sans-serif; font-size: 105%;\"><strong><span style=\"color: #000000;\">Module resolution: 160\u00d780 pixels<\/span><\/strong><\/span><\/li>\n<\/ul>\n<p><span style=\"color: #000000; font-family: tahoma, arial, helvetica, sans-serif;\"><strong><span style=\"color: #000000;\">Contact<\/span> :<\/strong> <span style=\"color: #ed1c24;\"><strong>0908 300 707<\/strong><\/span><\/span><\/p>\n<p><span style=\"color: #282828;\"><strong>Technical support:<\/strong> <\/span><strong><span style=\"color: #ed1c24;\">0987 300 707<\/span><\/strong><\/p>","protected":false},"featured_media":2296,"comment_status":"closed","ping_status":"closed","template":"","meta":[],"product_brand":[],"product_cat":[106,22],"product_tag":[],"class_list":{"0":"post-1459","1":"product","2":"type-product","3":"status-publish","4":"has-post-thumbnail","6":"product_cat-catalogue-module-led-pi","7":"product_cat-modules-led-trong-nha","9":"first","10":"instock","11":"shipping-taxable","12":"product-type-simple"},"yoast_head":"<!-- This site is optimized with the Yoast SEO plugin v27.4 - https:\/\/yoast.com\/product\/yoast-seo-wordpress\/ -->\n<title>Module Led Indoor PI 2 06170 - LED Kirin<\/title>\n<meta name=\"description\" content=\"Module Led Indoor PI 2 06170 Di\u1ec7n t\u00edch m\u00e0n h\u00ecnh: K\u00edch Th\u01b0\u1edbc: 320mmx160mm, \u0110\u1ed9 ph\u00e2n gi\u1ea3i Module: 1160x80 pixel Led Kinglight SMD1515 - GKGD\" \/>\n<meta name=\"robots\" content=\"index, follow, max-snippet:-1, max-image-preview:large, max-video-preview:-1\" \/>\n<link rel=\"canonical\" href=\"https:\/\/kirinlight.com.vn\/us\/product\/module-led-indoor-pi-2-06170\/\" \/>\n<meta property=\"og:locale\" content=\"en_US\" \/>\n<meta property=\"og:type\" content=\"article\" \/>\n<meta property=\"og:title\" content=\"Module Led Indoor PI 2 06170 - LED Kirin\" \/>\n<meta property=\"og:description\" content=\"Module Led Indoor PI 2 06170 Di\u1ec7n t\u00edch m\u00e0n h\u00ecnh: K\u00edch Th\u01b0\u1edbc: 320mmx160mm, \u0110\u1ed9 ph\u00e2n gi\u1ea3i Module: 1160x80 pixel Led Kinglight SMD1515 - GKGD\" \/>\n<meta property=\"og:url\" content=\"https:\/\/kirinlight.com.vn\/us\/product\/module-led-indoor-pi-2-06170\/\" \/>\n<meta property=\"og:site_name\" content=\"LED Kirin\" \/>\n<meta property=\"article:modified_time\" content=\"2025-11-05T09:29:21+00:00\" \/>\n<meta property=\"og:image\" content=\"https:\/\/kirinlight.com.vn\/wp-content\/uploads\/2025\/06\/PI-2-e1762332395117.jpg\" \/>\n\t<meta property=\"og:image:width\" content=\"880\" \/>\n\t<meta property=\"og:image:height\" content=\"880\" \/>\n\t<meta property=\"og:image:type\" content=\"image\/jpeg\" \/>\n<meta name=\"twitter:card\" content=\"summary_large_image\" \/>\n<meta name=\"twitter:label1\" content=\"Est. reading time\" \/>\n\t<meta name=\"twitter:data1\" content=\"1 minute\" \/>\n<script type=\"application\/ld+json\" class=\"yoast-schema-graph\">{\"@context\":\"https:\\\/\\\/schema.org\",\"@graph\":[{\"@type\":\"WebPage\",\"@id\":\"https:\\\/\\\/kirinlight.com.vn\\\/san-pham\\\/module-led-indoor-pi-2-06170\\\/\",\"url\":\"https:\\\/\\\/kirinlight.com.vn\\\/san-pham\\\/module-led-indoor-pi-2-06170\\\/\",\"name\":\"Module Led Indoor PI 2 06170 - LED Kirin\",\"isPartOf\":{\"@id\":\"https:\\\/\\\/kirinlight.com.vn\\\/#website\"},\"primaryImageOfPage\":{\"@id\":\"https:\\\/\\\/kirinlight.com.vn\\\/san-pham\\\/module-led-indoor-pi-2-06170\\\/#primaryimage\"},\"image\":{\"@id\":\"https:\\\/\\\/kirinlight.com.vn\\\/san-pham\\\/module-led-indoor-pi-2-06170\\\/#primaryimage\"},\"thumbnailUrl\":\"https:\\\/\\\/kirinlight.com.vn\\\/wp-content\\\/uploads\\\/2025\\\/06\\\/PI-2-e1762332395117.jpg\",\"datePublished\":\"2022-12-06T08:03:50+00:00\",\"dateModified\":\"2025-11-05T09:29:21+00:00\",\"description\":\"Module Led Indoor PI 2 06170 Di\u1ec7n t\u00edch m\u00e0n h\u00ecnh: K\u00edch Th\u01b0\u1edbc: 320mmx160mm, \u0110\u1ed9 ph\u00e2n gi\u1ea3i Module: 1160x80 pixel Led Kinglight SMD1515 - GKGD\",\"breadcrumb\":{\"@id\":\"https:\\\/\\\/kirinlight.com.vn\\\/san-pham\\\/module-led-indoor-pi-2-06170\\\/#breadcrumb\"},\"inLanguage\":\"en-US\",\"potentialAction\":[{\"@type\":\"ReadAction\",\"target\":[\"https:\\\/\\\/kirinlight.com.vn\\\/san-pham\\\/module-led-indoor-pi-2-06170\\\/\"]}]},{\"@type\":\"ImageObject\",\"inLanguage\":\"en-US\",\"@id\":\"https:\\\/\\\/kirinlight.com.vn\\\/san-pham\\\/module-led-indoor-pi-2-06170\\\/#primaryimage\",\"url\":\"https:\\\/\\\/kirinlight.com.vn\\\/wp-content\\\/uploads\\\/2025\\\/06\\\/PI-2-e1762332395117.jpg\",\"contentUrl\":\"https:\\\/\\\/kirinlight.com.vn\\\/wp-content\\\/uploads\\\/2025\\\/06\\\/PI-2-e1762332395117.jpg\",\"width\":880,\"height\":880},{\"@type\":\"BreadcrumbList\",\"@id\":\"https:\\\/\\\/kirinlight.com.vn\\\/san-pham\\\/module-led-indoor-pi-2-06170\\\/#breadcrumb\",\"itemListElement\":[{\"@type\":\"ListItem\",\"position\":1,\"name\":\"Home\",\"item\":\"https:\\\/\\\/kirinlight.com.vn\\\/\"},{\"@type\":\"ListItem\",\"position\":2,\"name\":\"C\u1eecA H\u00c0NG\",\"item\":\"https:\\\/\\\/kirinlight.com.vn\\\/cua-hang\\\/\"},{\"@type\":\"ListItem\",\"position\":3,\"name\":\"Module Led Indoor PI 2 06170\"}]},{\"@type\":\"WebSite\",\"@id\":\"https:\\\/\\\/kirinlight.com.vn\\\/#website\",\"url\":\"https:\\\/\\\/kirinlight.com.vn\\\/\",\"name\":\"LED Kirin\",\"description\":\"M\u00e0n H\u00ecnh Led - Module Led C\u00f4ng Ngh\u1ec7 Cao\",\"potentialAction\":[{\"@type\":\"SearchAction\",\"target\":{\"@type\":\"EntryPoint\",\"urlTemplate\":\"https:\\\/\\\/kirinlight.com.vn\\\/?s={search_term_string}\"},\"query-input\":{\"@type\":\"PropertyValueSpecification\",\"valueRequired\":true,\"valueName\":\"search_term_string\"}}],\"inLanguage\":\"en-US\"}]}<\/script>\n<!-- \/ Yoast SEO plugin. -->","yoast_head_json":{"title":"Module Led Indoor PI 2 06170 - LED Kirin","description":"Module Led Indoor PI 2 06170 Di\u1ec7n t\u00edch m\u00e0n h\u00ecnh: K\u00edch Th\u01b0\u1edbc: 320mmx160mm, \u0110\u1ed9 ph\u00e2n gi\u1ea3i Module: 1160x80 pixel Led Kinglight SMD1515 - GKGD","robots":{"index":"index","follow":"follow","max-snippet":"max-snippet:-1","max-image-preview":"max-image-preview:large","max-video-preview":"max-video-preview:-1"},"canonical":"https:\/\/kirinlight.com.vn\/us\/product\/module-led-indoor-pi-2-06170\/","og_locale":"en_US","og_type":"article","og_title":"Module Led Indoor PI 2 06170 - LED Kirin","og_description":"Module Led Indoor PI 2 06170 Di\u1ec7n t\u00edch m\u00e0n h\u00ecnh: K\u00edch Th\u01b0\u1edbc: 320mmx160mm, \u0110\u1ed9 ph\u00e2n gi\u1ea3i Module: 1160x80 pixel Led Kinglight SMD1515 - GKGD","og_url":"https:\/\/kirinlight.com.vn\/us\/product\/module-led-indoor-pi-2-06170\/","og_site_name":"LED Kirin","article_modified_time":"2025-11-05T09:29:21+00:00","og_image":[{"width":880,"height":880,"url":"https:\/\/kirinlight.com.vn\/wp-content\/uploads\/2025\/06\/PI-2-e1762332395117.jpg","type":"image\/jpeg"}],"twitter_card":"summary_large_image","twitter_misc":{"Est. reading time":"1 minute"},"schema":{"@context":"https:\/\/schema.org","@graph":[{"@type":"WebPage","@id":"https:\/\/kirinlight.com.vn\/san-pham\/module-led-indoor-pi-2-06170\/","url":"https:\/\/kirinlight.com.vn\/san-pham\/module-led-indoor-pi-2-06170\/","name":"Module Led Indoor PI 2 06170 - LED Kirin","isPartOf":{"@id":"https:\/\/kirinlight.com.vn\/#website"},"primaryImageOfPage":{"@id":"https:\/\/kirinlight.com.vn\/san-pham\/module-led-indoor-pi-2-06170\/#primaryimage"},"image":{"@id":"https:\/\/kirinlight.com.vn\/san-pham\/module-led-indoor-pi-2-06170\/#primaryimage"},"thumbnailUrl":"https:\/\/kirinlight.com.vn\/wp-content\/uploads\/2025\/06\/PI-2-e1762332395117.jpg","datePublished":"2022-12-06T08:03:50+00:00","dateModified":"2025-11-05T09:29:21+00:00","description":"Module Led Indoor PI 2 06170 Di\u1ec7n t\u00edch m\u00e0n h\u00ecnh: K\u00edch Th\u01b0\u1edbc: 320mmx160mm, \u0110\u1ed9 ph\u00e2n gi\u1ea3i Module: 1160x80 pixel Led Kinglight SMD1515 - GKGD","breadcrumb":{"@id":"https:\/\/kirinlight.com.vn\/san-pham\/module-led-indoor-pi-2-06170\/#breadcrumb"},"inLanguage":"en-US","potentialAction":[{"@type":"ReadAction","target":["https:\/\/kirinlight.com.vn\/san-pham\/module-led-indoor-pi-2-06170\/"]}]},{"@type":"ImageObject","inLanguage":"en-US","@id":"https:\/\/kirinlight.com.vn\/san-pham\/module-led-indoor-pi-2-06170\/#primaryimage","url":"https:\/\/kirinlight.com.vn\/wp-content\/uploads\/2025\/06\/PI-2-e1762332395117.jpg","contentUrl":"https:\/\/kirinlight.com.vn\/wp-content\/uploads\/2025\/06\/PI-2-e1762332395117.jpg","width":880,"height":880},{"@type":"BreadcrumbList","@id":"https:\/\/kirinlight.com.vn\/san-pham\/module-led-indoor-pi-2-06170\/#breadcrumb","itemListElement":[{"@type":"ListItem","position":1,"name":"Home","item":"https:\/\/kirinlight.com.vn\/"},{"@type":"ListItem","position":2,"name":"C\u1eecA H\u00c0NG","item":"https:\/\/kirinlight.com.vn\/cua-hang\/"},{"@type":"ListItem","position":3,"name":"Module Led Indoor PI 2 06170"}]},{"@type":"WebSite","@id":"https:\/\/kirinlight.com.vn\/#website","url":"https:\/\/kirinlight.com.vn\/","name":"LED Kirin","description":"Led Screen - High-Tech Led Module","potentialAction":[{"@type":"SearchAction","target":{"@type":"EntryPoint","urlTemplate":"https:\/\/kirinlight.com.vn\/?s={search_term_string}"},"query-input":{"@type":"PropertyValueSpecification","valueRequired":true,"valueName":"search_term_string"}}],"inLanguage":"en-US"}]}},"_links":{"self":[{"href":"https:\/\/kirinlight.com.vn\/us\/wp-json\/wp\/v2\/product\/1459","targetHints":{"allow":["GET"]}}],"collection":[{"href":"https:\/\/kirinlight.com.vn\/us\/wp-json\/wp\/v2\/product"}],"about":[{"href":"https:\/\/kirinlight.com.vn\/us\/wp-json\/wp\/v2\/types\/product"}],"replies":[{"embeddable":true,"href":"https:\/\/kirinlight.com.vn\/us\/wp-json\/wp\/v2\/comments?post=1459"}],"wp:featuredmedia":[{"embeddable":true,"href":"https:\/\/kirinlight.com.vn\/us\/wp-json\/wp\/v2\/media\/2296"}],"wp:attachment":[{"href":"https:\/\/kirinlight.com.vn\/us\/wp-json\/wp\/v2\/media?parent=1459"}],"wp:term":[{"taxonomy":"product_brand","embeddable":true,"href":"https:\/\/kirinlight.com.vn\/us\/wp-json\/wp\/v2\/product_brand?post=1459"},{"taxonomy":"product_cat","embeddable":true,"href":"https:\/\/kirinlight.com.vn\/us\/wp-json\/wp\/v2\/product_cat?post=1459"},{"taxonomy":"product_tag","embeddable":true,"href":"https:\/\/kirinlight.com.vn\/us\/wp-json\/wp\/v2\/product_tag?post=1459"}],"curies":[{"name":"wp","href":"https:\/\/api.w.org\/{rel}","templated":true}]}}