{"id":1842,"date":"2025-06-02T04:56:29","date_gmt":"2025-06-02T03:56:29","guid":{"rendered":"https:\/\/kirinlight.com.vn\/?post_type=product&#038;p=1842"},"modified":"2025-11-05T16:31:24","modified_gmt":"2025-11-05T09:31:24","slug":"module-led-indoor-pi-1-86-sin","status":"publish","type":"product","link":"https:\/\/kirinlight.com.vn\/us\/product\/module-led-indoor-pi-1-86-sin\/","title":{"rendered":"Indoor Led Module PI 1.86 SIN"},"content":{"rendered":"<p><img loading=\"lazy\" decoding=\"async\" class=\"alignnone size-full wp-image-2000\" src=\"https:\/\/kirinlight.com.vn\/wp-content\/uploads\/2025\/06\/MODULE-LED-PI-1.86-SIN-2-2-pdf-2.jpg\" alt=\"\" width=\"1088\" height=\"1408\" srcset=\"https:\/\/kirinlight.com.vn\/wp-content\/uploads\/2025\/06\/MODULE-LED-PI-1.86-SIN-2-2-pdf-2.jpg 1088w, https:\/\/kirinlight.com.vn\/wp-content\/uploads\/2025\/06\/MODULE-LED-PI-1.86-SIN-2-2-pdf-2-550x712.jpg 550w, https:\/\/kirinlight.com.vn\/wp-content\/uploads\/2025\/06\/MODULE-LED-PI-1.86-SIN-2-2-pdf-2-232x300.jpg 232w, https:\/\/kirinlight.com.vn\/wp-content\/uploads\/2025\/06\/MODULE-LED-PI-1.86-SIN-2-2-pdf-2-791x1024.jpg 791w, https:\/\/kirinlight.com.vn\/wp-content\/uploads\/2025\/06\/MODULE-LED-PI-1.86-SIN-2-2-pdf-2-768x994.jpg 768w, https:\/\/kirinlight.com.vn\/wp-content\/uploads\/2025\/06\/MODULE-LED-PI-1.86-SIN-2-2-pdf-2-9x12.jpg 9w\" sizes=\"auto, (max-width: 1088px) 100vw, 1088px\" \/><\/p>\n<p>SPECIFICATIONS:<\/p>\n<ul>\n<li>Product Model: PI 1.86 SIN<\/li>\n<li>Pixel Size: 1.86 mm<\/li>\n<li>Scan Type: 1\/43 scan constant current<\/li>\n<li>Module Size: 320mm x160mm<\/li>\n<li>Pixels Per Module: 172 x 86 dots<\/li>\n<\/ul>\n<p>&nbsp;<\/p>\n<p><!--more--><\/p>","protected":false},"excerpt":{"rendered":"<p><img loading=\"lazy\" decoding=\"async\" class=\"alignnone size-full wp-image-1526\" src=\"https:\/\/kirinlight.com.vn\/wp-content\/uploads\/2023\/05\/banner-2.jpg\" alt=\"\" width=\"1537\" height=\"864\" \/><\/p>\n<table style=\"height: 81px;\" width=\"333\">\n<tbody>\n<tr>\n<td width=\"205\"><strong>Module Size: 320mm\u00d7160mm<\/strong><\/p>\n<p><strong>Resolution: 172\u00d786<\/strong><\/p>\n<p><span style=\"color: #0000ff;\"><strong><span style=\"color: #000000;\">Contact <\/span>: <span style=\"color: #ed1c24;\">0908.300.707<\/span><\/strong><\/span><\/p>\n<p><span style=\"color: #0000ff;\"><strong><span style=\"color: #000000;\">Technical Support <\/span>: <span style=\"color: #ed1c24;\">0987.300.707<\/span><\/strong><\/span><\/p>\n<p>&nbsp;<\/td>\n<\/tr>\n<\/tbody>\n<\/table>","protected":false},"featured_media":2301,"comment_status":"closed","ping_status":"closed","template":"","meta":[],"product_brand":[],"product_cat":[106,22],"product_tag":[],"class_list":{"0":"post-1842","1":"product","2":"type-product","3":"status-publish","4":"has-post-thumbnail","6":"product_cat-catalogue-module-led-pi","7":"product_cat-modules-led-trong-nha","9":"first","10":"instock","11":"shipping-taxable","12":"product-type-simple"},"yoast_head":"<!-- This site is optimized with the Yoast SEO plugin v27.4 - https:\/\/yoast.com\/product\/yoast-seo-wordpress\/ -->\n<title>Module Led Indoor PI 1.86 SIN - LED Kirin<\/title>\n<meta name=\"description\" content=\"Di\u1ec7n t\u00edch m\u00e0n h\u00ecnh: 320mm x 160mm, Ki\u1ec3u qu\u00e9t Module: 1\/43 scan constant current, \u0110i\u1ec3m \u1ea3nh tr\u00ean Module: 172 x 86 dots, C\u1ea5p \u0111\u1ed9 m\u00e0u s\u1eafc: 15 bits ( 32768 )\" \/>\n<meta name=\"robots\" content=\"index, follow, max-snippet:-1, max-image-preview:large, max-video-preview:-1\" \/>\n<link rel=\"canonical\" href=\"https:\/\/kirinlight.com.vn\/us\/product\/module-led-indoor-pi-1-86-sin\/\" \/>\n<meta property=\"og:locale\" content=\"en_US\" \/>\n<meta property=\"og:type\" content=\"article\" \/>\n<meta property=\"og:title\" content=\"Module Led Indoor PI 1.86 SIN - LED Kirin\" \/>\n<meta property=\"og:description\" content=\"Di\u1ec7n t\u00edch m\u00e0n h\u00ecnh: 320mm x 160mm, Ki\u1ec3u qu\u00e9t Module: 1\/43 scan constant current, \u0110i\u1ec3m \u1ea3nh tr\u00ean Module: 172 x 86 dots, C\u1ea5p \u0111\u1ed9 m\u00e0u s\u1eafc: 15 bits ( 32768 )\" \/>\n<meta property=\"og:url\" content=\"https:\/\/kirinlight.com.vn\/us\/product\/module-led-indoor-pi-1-86-sin\/\" \/>\n<meta property=\"og:site_name\" content=\"LED Kirin\" \/>\n<meta property=\"article:modified_time\" content=\"2025-11-05T09:31:24+00:00\" \/>\n<meta property=\"og:image\" content=\"https:\/\/kirinlight.com.vn\/wp-content\/uploads\/2025\/06\/PI-1.86-e1762331927562.jpg\" \/>\n\t<meta property=\"og:image:width\" content=\"1760\" \/>\n\t<meta property=\"og:image:height\" content=\"1765\" \/>\n\t<meta property=\"og:image:type\" content=\"image\/jpeg\" \/>\n<meta name=\"twitter:card\" content=\"summary_large_image\" \/>\n<meta name=\"twitter:label1\" content=\"Est. reading time\" \/>\n\t<meta name=\"twitter:data1\" content=\"1 minute\" \/>\n<script type=\"application\/ld+json\" class=\"yoast-schema-graph\">{\"@context\":\"https:\\\/\\\/schema.org\",\"@graph\":[{\"@type\":\"WebPage\",\"@id\":\"https:\\\/\\\/kirinlight.com.vn\\\/san-pham\\\/module-led-indoor-pi-1-86-sin\\\/\",\"url\":\"https:\\\/\\\/kirinlight.com.vn\\\/san-pham\\\/module-led-indoor-pi-1-86-sin\\\/\",\"name\":\"Module Led Indoor PI 1.86 SIN - LED Kirin\",\"isPartOf\":{\"@id\":\"https:\\\/\\\/kirinlight.com.vn\\\/#website\"},\"primaryImageOfPage\":{\"@id\":\"https:\\\/\\\/kirinlight.com.vn\\\/san-pham\\\/module-led-indoor-pi-1-86-sin\\\/#primaryimage\"},\"image\":{\"@id\":\"https:\\\/\\\/kirinlight.com.vn\\\/san-pham\\\/module-led-indoor-pi-1-86-sin\\\/#primaryimage\"},\"thumbnailUrl\":\"https:\\\/\\\/kirinlight.com.vn\\\/wp-content\\\/uploads\\\/2025\\\/06\\\/PI-1.86-e1762331927562.jpg\",\"datePublished\":\"2025-06-02T03:56:29+00:00\",\"dateModified\":\"2025-11-05T09:31:24+00:00\",\"description\":\"Di\u1ec7n t\u00edch m\u00e0n h\u00ecnh: 320mm x 160mm, Ki\u1ec3u qu\u00e9t Module: 1\\\/43 scan constant current, \u0110i\u1ec3m \u1ea3nh tr\u00ean Module: 172 x 86 dots, C\u1ea5p \u0111\u1ed9 m\u00e0u s\u1eafc: 15 bits ( 32768 )\",\"breadcrumb\":{\"@id\":\"https:\\\/\\\/kirinlight.com.vn\\\/san-pham\\\/module-led-indoor-pi-1-86-sin\\\/#breadcrumb\"},\"inLanguage\":\"en-US\",\"potentialAction\":[{\"@type\":\"ReadAction\",\"target\":[\"https:\\\/\\\/kirinlight.com.vn\\\/san-pham\\\/module-led-indoor-pi-1-86-sin\\\/\"]}]},{\"@type\":\"ImageObject\",\"inLanguage\":\"en-US\",\"@id\":\"https:\\\/\\\/kirinlight.com.vn\\\/san-pham\\\/module-led-indoor-pi-1-86-sin\\\/#primaryimage\",\"url\":\"https:\\\/\\\/kirinlight.com.vn\\\/wp-content\\\/uploads\\\/2025\\\/06\\\/PI-1.86-e1762331927562.jpg\",\"contentUrl\":\"https:\\\/\\\/kirinlight.com.vn\\\/wp-content\\\/uploads\\\/2025\\\/06\\\/PI-1.86-e1762331927562.jpg\",\"width\":1760,\"height\":1765},{\"@type\":\"BreadcrumbList\",\"@id\":\"https:\\\/\\\/kirinlight.com.vn\\\/san-pham\\\/module-led-indoor-pi-1-86-sin\\\/#breadcrumb\",\"itemListElement\":[{\"@type\":\"ListItem\",\"position\":1,\"name\":\"Home\",\"item\":\"https:\\\/\\\/kirinlight.com.vn\\\/\"},{\"@type\":\"ListItem\",\"position\":2,\"name\":\"C\u1eecA H\u00c0NG\",\"item\":\"https:\\\/\\\/kirinlight.com.vn\\\/cua-hang\\\/\"},{\"@type\":\"ListItem\",\"position\":3,\"name\":\"Module Led Indoor PI 1.86 SIN\"}]},{\"@type\":\"WebSite\",\"@id\":\"https:\\\/\\\/kirinlight.com.vn\\\/#website\",\"url\":\"https:\\\/\\\/kirinlight.com.vn\\\/\",\"name\":\"LED Kirin\",\"description\":\"M\u00e0n H\u00ecnh Led - Module Led C\u00f4ng Ngh\u1ec7 Cao\",\"potentialAction\":[{\"@type\":\"SearchAction\",\"target\":{\"@type\":\"EntryPoint\",\"urlTemplate\":\"https:\\\/\\\/kirinlight.com.vn\\\/?s={search_term_string}\"},\"query-input\":{\"@type\":\"PropertyValueSpecification\",\"valueRequired\":true,\"valueName\":\"search_term_string\"}}],\"inLanguage\":\"en-US\"}]}<\/script>\n<!-- \/ Yoast SEO plugin. -->","yoast_head_json":{"title":"Module Led Indoor PI 1.86 SIN - LED Kirin","description":"Di\u1ec7n t\u00edch m\u00e0n h\u00ecnh: 320mm x 160mm, Ki\u1ec3u qu\u00e9t Module: 1\/43 scan constant current, \u0110i\u1ec3m \u1ea3nh tr\u00ean Module: 172 x 86 dots, C\u1ea5p \u0111\u1ed9 m\u00e0u s\u1eafc: 15 bits ( 32768 )","robots":{"index":"index","follow":"follow","max-snippet":"max-snippet:-1","max-image-preview":"max-image-preview:large","max-video-preview":"max-video-preview:-1"},"canonical":"https:\/\/kirinlight.com.vn\/us\/product\/module-led-indoor-pi-1-86-sin\/","og_locale":"en_US","og_type":"article","og_title":"Module Led Indoor PI 1.86 SIN - LED Kirin","og_description":"Di\u1ec7n t\u00edch m\u00e0n h\u00ecnh: 320mm x 160mm, Ki\u1ec3u qu\u00e9t Module: 1\/43 scan constant current, \u0110i\u1ec3m \u1ea3nh tr\u00ean Module: 172 x 86 dots, C\u1ea5p \u0111\u1ed9 m\u00e0u s\u1eafc: 15 bits ( 32768 )","og_url":"https:\/\/kirinlight.com.vn\/us\/product\/module-led-indoor-pi-1-86-sin\/","og_site_name":"LED Kirin","article_modified_time":"2025-11-05T09:31:24+00:00","og_image":[{"width":1760,"height":1765,"url":"https:\/\/kirinlight.com.vn\/wp-content\/uploads\/2025\/06\/PI-1.86-e1762331927562.jpg","type":"image\/jpeg"}],"twitter_card":"summary_large_image","twitter_misc":{"Est. reading time":"1 minute"},"schema":{"@context":"https:\/\/schema.org","@graph":[{"@type":"WebPage","@id":"https:\/\/kirinlight.com.vn\/san-pham\/module-led-indoor-pi-1-86-sin\/","url":"https:\/\/kirinlight.com.vn\/san-pham\/module-led-indoor-pi-1-86-sin\/","name":"Module Led Indoor PI 1.86 SIN - LED Kirin","isPartOf":{"@id":"https:\/\/kirinlight.com.vn\/#website"},"primaryImageOfPage":{"@id":"https:\/\/kirinlight.com.vn\/san-pham\/module-led-indoor-pi-1-86-sin\/#primaryimage"},"image":{"@id":"https:\/\/kirinlight.com.vn\/san-pham\/module-led-indoor-pi-1-86-sin\/#primaryimage"},"thumbnailUrl":"https:\/\/kirinlight.com.vn\/wp-content\/uploads\/2025\/06\/PI-1.86-e1762331927562.jpg","datePublished":"2025-06-02T03:56:29+00:00","dateModified":"2025-11-05T09:31:24+00:00","description":"Di\u1ec7n t\u00edch m\u00e0n h\u00ecnh: 320mm x 160mm, Ki\u1ec3u qu\u00e9t Module: 1\/43 scan constant current, \u0110i\u1ec3m \u1ea3nh tr\u00ean Module: 172 x 86 dots, C\u1ea5p \u0111\u1ed9 m\u00e0u s\u1eafc: 15 bits ( 32768 )","breadcrumb":{"@id":"https:\/\/kirinlight.com.vn\/san-pham\/module-led-indoor-pi-1-86-sin\/#breadcrumb"},"inLanguage":"en-US","potentialAction":[{"@type":"ReadAction","target":["https:\/\/kirinlight.com.vn\/san-pham\/module-led-indoor-pi-1-86-sin\/"]}]},{"@type":"ImageObject","inLanguage":"en-US","@id":"https:\/\/kirinlight.com.vn\/san-pham\/module-led-indoor-pi-1-86-sin\/#primaryimage","url":"https:\/\/kirinlight.com.vn\/wp-content\/uploads\/2025\/06\/PI-1.86-e1762331927562.jpg","contentUrl":"https:\/\/kirinlight.com.vn\/wp-content\/uploads\/2025\/06\/PI-1.86-e1762331927562.jpg","width":1760,"height":1765},{"@type":"BreadcrumbList","@id":"https:\/\/kirinlight.com.vn\/san-pham\/module-led-indoor-pi-1-86-sin\/#breadcrumb","itemListElement":[{"@type":"ListItem","position":1,"name":"Home","item":"https:\/\/kirinlight.com.vn\/"},{"@type":"ListItem","position":2,"name":"C\u1eecA H\u00c0NG","item":"https:\/\/kirinlight.com.vn\/cua-hang\/"},{"@type":"ListItem","position":3,"name":"Module Led Indoor PI 1.86 SIN"}]},{"@type":"WebSite","@id":"https:\/\/kirinlight.com.vn\/#website","url":"https:\/\/kirinlight.com.vn\/","name":"LED Kirin","description":"Led Screen - High-Tech Led Module","potentialAction":[{"@type":"SearchAction","target":{"@type":"EntryPoint","urlTemplate":"https:\/\/kirinlight.com.vn\/?s={search_term_string}"},"query-input":{"@type":"PropertyValueSpecification","valueRequired":true,"valueName":"search_term_string"}}],"inLanguage":"en-US"}]}},"_links":{"self":[{"href":"https:\/\/kirinlight.com.vn\/us\/wp-json\/wp\/v2\/product\/1842","targetHints":{"allow":["GET"]}}],"collection":[{"href":"https:\/\/kirinlight.com.vn\/us\/wp-json\/wp\/v2\/product"}],"about":[{"href":"https:\/\/kirinlight.com.vn\/us\/wp-json\/wp\/v2\/types\/product"}],"replies":[{"embeddable":true,"href":"https:\/\/kirinlight.com.vn\/us\/wp-json\/wp\/v2\/comments?post=1842"}],"wp:featuredmedia":[{"embeddable":true,"href":"https:\/\/kirinlight.com.vn\/us\/wp-json\/wp\/v2\/media\/2301"}],"wp:attachment":[{"href":"https:\/\/kirinlight.com.vn\/us\/wp-json\/wp\/v2\/media?parent=1842"}],"wp:term":[{"taxonomy":"product_brand","embeddable":true,"href":"https:\/\/kirinlight.com.vn\/us\/wp-json\/wp\/v2\/product_brand?post=1842"},{"taxonomy":"product_cat","embeddable":true,"href":"https:\/\/kirinlight.com.vn\/us\/wp-json\/wp\/v2\/product_cat?post=1842"},{"taxonomy":"product_tag","embeddable":true,"href":"https:\/\/kirinlight.com.vn\/us\/wp-json\/wp\/v2\/product_tag?post=1842"}],"curies":[{"name":"wp","href":"https:\/\/api.w.org\/{rel}","templated":true}]}}