{"id":12,"date":"2018-09-13T03:59:36","date_gmt":"2018-09-13T02:59:36","guid":{"rendered":"https:\/\/kirinlight.com.vn\/?page_id=12"},"modified":"2023-05-29T04:53:57","modified_gmt":"2023-05-29T03:53:57","slug":"gioi-thieu","status":"publish","type":"page","link":"https:\/\/kirinlight.com.vn\/zh\/gioi-thieu\/","title":{"rendered":"\u4ecb\u7ecd"},"content":{"rendered":"<section class=\"section\" id=\"section_889675290\">\n\t\t<div class=\"bg section-bg fill bg-fill  bg-loaded\" >\n\n\t\t\t\n\t\t\t\n\t\t\t\n\t<div class=\"is-border\"\n\t\tstyle=\"border-color:rgb(235, 235, 235);border-width:1px 0px 0px 0px;\">\n\t<\/div>\n\n\t\t<\/div>\n\n\t\t\n\n\t\t<div class=\"section-content relative\">\n\t\t\t\n<div class=\"row row-large align-middle align-center\"  id=\"row-988928807\">\n\n\t<div id=\"col-1170138197\" class=\"col medium-6 small-12 large-6\"  >\n\t\t\t\t<div class=\"col-inner text-center\"  >\n\t\t\t\n\t\t\t\n<h2 style=\"color: #ae1f23; text-align: left;\"><span style=\"font-size: 130%;\">\u4ecb\u7ecd<\/span><\/h2>\n<p style=\"text-align: justify;\">\u8be5\u516c\u53f8\u6210\u7acb\u4e8e2011\u5e74\uff0c\u4e13\u6ce8\u4e8e\u63d0\u4f9b\u5404\u7c7bLED\u5143\u4ef6\u548cLED\u6a21\u5757\uff0c\u59cb\u7ec8\u81f4\u529b\u4e8e\u4e3a\u5ba2\u6237\u548c\u6d88\u8d39\u8005\u6253\u9020\u7ecf\u4e45\u8010\u7528\u3001\u54c1\u8d28\u5353\u8d8a\u7684\u4ea7\u54c1\u3002\u79c9\u627f\u8fd9\u4e00\u7406\u5ff5\uff0c\u516c\u53f8\u4e0d\u65ad\u6295\u8d44\u8bbe\u5907\uff0c\u6539\u8fdb\u6280\u672f\uff0c\u529b\u6c42\u7cbe\u76ca\u6c42\u7cbe\uff0c\u5e76\u59cb\u7ec8\u503e\u542c\u6bcf\u4e00\u4f4d\u5ba2\u6237\u548c\u6d88\u8d39\u8005\u7684\u53cd\u9988\u3002<\/p>\n\t\t<\/div>\n\t\t\t\t\t<\/div>\n\n\t\n\n\t<div id=\"col-1286609453\" class=\"col medium-6 small-12 large-6\"  >\n\t\t\t\t<div class=\"col-inner box-shadow-2 box-shadow-5-hover\" style=\"background-color:rgb(255, 255, 255);\" >\n\t\t\t\n\t\t\t\n\t<div class=\"img has-hover x md-x lg-x y md-y lg-y\" id=\"image_1307657060\">\n\t\t\t\t\t\t\t\t<div class=\"img-inner dark\" >\n\t\t\t<img loading=\"lazy\" decoding=\"async\" width=\"1020\" height=\"298\" src=\"https:\/\/kirinlight.com.vn\/wp-content\/uploads\/2020\/04\/kirin-R-1024x299.png\" class=\"attachment-large size-large\" alt=\"kirin R\" srcset=\"https:\/\/kirinlight.com.vn\/wp-content\/uploads\/2020\/04\/kirin-R-1024x299.png 1024w, https:\/\/kirinlight.com.vn\/wp-content\/uploads\/2020\/04\/kirin-R-300x88.png 300w, https:\/\/kirinlight.com.vn\/wp-content\/uploads\/2020\/04\/kirin-R-768x224.png 768w, https:\/\/kirinlight.com.vn\/wp-content\/uploads\/2020\/04\/kirin-R-550x161.png 550w, https:\/\/kirinlight.com.vn\/wp-content\/uploads\/2020\/04\/kirin-R.png 1133w\" sizes=\"auto, (max-width: 1020px) 100vw, 1020px\" \/>\t\t\t\t\t\t\n\t\t\t\t\t<\/div>\n\t\t\t\t\t\t\t\t\n<style>\n#image_1307657060 {\n  width: 100%;\n}\n<\/style>\n\t<\/div>\n\t\n\t\t<\/div>\n\t\t\t\t\n<style>\n#col-1286609453 > .col-inner {\n  padding: 15px 15px 15px 15px;\n}\n<\/style>\n\t<\/div>\n\n\t\n<\/div>\n\t\t<\/div>\n\n\t\t\n<style>\n#section_889675290 {\n  padding-top: 59px;\n  padding-bottom: 59px;\n  min-height: 300px;\n  background-color: rgb(255, 255, 255);\n}\n<\/style>\n\t<\/section>\n\t\n\t<section class=\"section\" id=\"section_1012162672\">\n\t\t<div class=\"bg section-bg fill bg-fill  bg-loaded\" >\n\n\t\t\t\n\t\t\t<div class=\"section-bg-overlay absolute fill\"><\/div>\n\t\t\t\n\n\t\t<\/div>\n\n\t\t\n\n\t\t<div class=\"section-content relative\">\n\t\t\t\n<div class=\"row row-large align-middle\"  id=\"row-1519153855\">\n\n\t<div id=\"col-355876086\" class=\"col medium-6 small-12 large-6\"  >\n\t\t\t\t<div class=\"col-inner text-left\"  >\n\t\t\t\n\t\t\t\n<h2 class=\"uppercase\"><span style=\"font-size: 130%;\">\u6d3b\u52a8\u9886\u57df<\/span><\/h2>\n<p style=\"text-align: left;\"><b>1.\u529f\u80fd\u6027\u7167\u660e\u548c\u88c5\u9970\u6027\u7167\u660e\u7684LED\u706f\uff1a<\/b>\u00a0LED \u7b52\u706f\u3001LED \u5438\u9876\u706f\u3001LED \u706f\u7ba1\u3001LED \u58c1\u706f\u3001LED \u706f\u5e26\u3001LED \u87ba\u4e1d\u63d2\u5ea7\u706f\u3001LED \u8f68\u9053\u706f\u3001LED \u955c\u524d\u706f\u3001LED \u540a\u706f\u3001LED \u679d\u5f62\u540a\u706f\u3001LED \u5ead\u9662\u706f\u3001LED \u53a8\u67dc\u706f\u3001...<\/p>\n<p style=\"text-align: left;\"><b>2.\u5de5\u4e1aLED\u7167\u660e<\/b>\uff1aLED \u5de5\u5382\u706f\u3001LED \u8def\u706f\u3001\u516c\u5171\u533a\u57df LED \u706f\u3001\u6865\u6881\u548c\u96a7\u9053 LED \u706f\u2026\u2026<\/p>\n<p style=\"text-align: left;\"><b>3. \u6280\u672fLED\u706f<\/b>\uff1aLED\u6807\u5fd7\u706f\u3001LED\u5efa\u7b51\u88c5\u9970\u706f\u3001\u6865\u6881\u548c\u9053\u8def\u88c5\u9970\u706f\u3001\u6c34\u4e0bLED\u706f\u3001\u5730\u57cbLED\u706f\u3001LED\u5bfc\u5411\u706f\u3001\u5927\u529f\u7387\u5f69\u8272\u77e9\u9635LED\u706f\u3001...<\/p>\n<p style=\"text-align: left;\"><b>4.\u63d0\u4f9b\u57fa\u4e8e\u9879\u76ee\u7684\u3001\u4e3a\u6c11\u7528\u3001\u5de5\u4e1a\u548c\u5efa\u7b51\u9879\u76ee\u8bbe\u8ba1LED\u7167\u660e\u4ea7\u54c1\u3002<\/b><\/p>\n<p style=\"text-align: left;\">\u51ed\u501f10\u5e74\u7684\u7ecf\u9a8c\u548c\u4e00\u652f\u9ad8\u6280\u80fd\u7684\u6280\u672f\u4e13\u5bb6\u56e2\u961f\uff0c\u6211\u4eec\u4e0d\u65ad\u7814\u7a76\u548c\u5f00\u53d1\u4ea7\u54c1\u3002\u00a0<strong>\u6700\u4f18\u8d28\u7684 LED \u706f\uff0c\u6700\u5408\u7406\u7684\u4ef7\u683c<\/strong>\u00a0\u5bf9\u6d88\u8d39\u8005\u800c\u8a00\u3002<\/p>\n\t\t<\/div>\n\t\t\t\t\t<\/div>\n\n\t\n\n\t<div id=\"col-1529786407\" class=\"col medium-6 small-12 large-6\"  >\n\t\t\t\t<div class=\"col-inner\"  >\n\t\t\t\n\t\t\t\n\t<div class=\"img has-hover x md-x lg-x y md-y lg-y\" id=\"image_1053330953\">\n\t\t\t\t\t\t\t\t<div class=\"img-inner dark\" >\n\t\t\t<img loading=\"lazy\" decoding=\"async\" width=\"500\" height=\"500\" src=\"https:\/\/kirinlight.com.vn\/wp-content\/uploads\/2023\/05\/banner-vuong.png\" class=\"attachment-large size-large\" alt=\"\" srcset=\"https:\/\/kirinlight.com.vn\/wp-content\/uploads\/2023\/05\/banner-vuong.png 500w, https:\/\/kirinlight.com.vn\/wp-content\/uploads\/2023\/05\/banner-vuong-100x100.png 100w, https:\/\/kirinlight.com.vn\/wp-content\/uploads\/2023\/05\/banner-vuong-300x300.png 300w, https:\/\/kirinlight.com.vn\/wp-content\/uploads\/2023\/05\/banner-vuong-150x150.png 150w\" sizes=\"auto, (max-width: 500px) 100vw, 500px\" \/>\t\t\t\t\t\t\n\t\t\t\t\t<\/div>\n\t\t\t\t\t\t\t\t\n<style>\n#image_1053330953 {\n  width: 100%;\n}\n<\/style>\n\t<\/div>\n\t\n\t\t<\/div>\n\t\t\t\t\t<\/div>\n\n\t\n<\/div>\n\t\t<\/div>\n\n\t\t\n<style>\n#section_1012162672 {\n  padding-top: 60px;\n  padding-bottom: 60px;\n  background-color: rgb(193, 193, 193);\n}\n#section_1012162672 .section-bg-overlay {\n  background-color: rgba(255, 255, 255, 0.85);\n}\n<\/style>\n\t<\/section>\n\t\n\t<section class=\"section\" id=\"section_1814235797\">\n\t\t<div class=\"bg section-bg fill bg-fill  bg-loaded\" >\n\n\t\t\t\n\t\t\t\n\t\t\t\n\n\t\t<\/div>\n\n\t\t\n\n\t\t<div class=\"section-content relative\">\n\t\t\t\n<div class=\"row align-center\"  id=\"row-1059182386\">\n\n\t<div id=\"col-1344107708\" class=\"col small-12 large-12\"  >\n\t\t\t\t<div class=\"col-inner text-center\"  >\n\t\t\t\n\t\t\t\n<p>\u00a0<\/p>\n<h2 class=\"uppercase\"><span style=\"font-size: 130%;\">\u613f\u666f\u4e0e\u4f7f\u547d<\/span><\/h2>\n<p>\u00a0<\/p>\n<div class=\"row\"  id=\"row-1289298575\">\n\n\t<div id=\"col-607178670\" class=\"col medium-4 small-12 large-4\"  >\n\t\t\t\t<div class=\"col-inner\"  >\n\t\t\t\n\t\t\t\n\t<div class=\"img has-hover x md-x lg-x y md-y lg-y\" id=\"image_491881378\">\n\t\t\t\t\t\t\t\t<div class=\"img-inner image-cover dark\" style=\"padding-top:56.25%;\">\n\t\t\t<img loading=\"lazy\" decoding=\"async\" width=\"1020\" height=\"574\" src=\"https:\/\/kirinlight.com.vn\/wp-content\/uploads\/2023\/05\/led-1024x576.jpg\" class=\"attachment-large size-large\" alt=\"\" srcset=\"https:\/\/kirinlight.com.vn\/wp-content\/uploads\/2023\/05\/led-1024x576.jpg 1024w, https:\/\/kirinlight.com.vn\/wp-content\/uploads\/2023\/05\/led-510x287.jpg 510w, https:\/\/kirinlight.com.vn\/wp-content\/uploads\/2023\/05\/led-300x169.jpg 300w, https:\/\/kirinlight.com.vn\/wp-content\/uploads\/2023\/05\/led-768x432.jpg 768w, https:\/\/kirinlight.com.vn\/wp-content\/uploads\/2023\/05\/led.jpg 1366w\" sizes=\"auto, (max-width: 1020px) 100vw, 1020px\" \/>\t\t\t\t\t\t\n\t\t\t\t\t<\/div>\n\t\t\t\t\t\t\t\t\n<style>\n#image_491881378 {\n  width: 100%;\n}\n<\/style>\n\t<\/div>\n\t\n<p style=\"text-align: left;\"><strong>\u60f3\u8c61\uff1a<\/strong> \u6211\u4eec\u901a\u8fc7LED\u6280\u672f\u770b\u5230\u4e86\u66f4\u7f8e\u597d\u7684\u672a\u6765\u3002\u6211\u4eec\u81f4\u529b\u4e8e\u6210\u4e3a\u8d8a\u5357LED\u7167\u660e\u884c\u4e1a\u7684\u9886\u5148\u4f01\u4e1a\u4e4b\u4e00\uff0c\u63d0\u4f9b\u9ad8\u6548\u3001\u8282\u80fd\u3001\u53ef\u6301\u7eed\u7684\u7167\u660e\u89e3\u51b3\u65b9\u6848\u3002<\/p>\n\t\t<\/div>\n\t\t\t\t\t<\/div>\n\n\t\n\n\t<div id=\"col-435723702\" class=\"col medium-4 small-12 large-4\"  >\n\t\t\t\t<div class=\"col-inner\"  >\n\t\t\t\n\t\t\t\n\t<div class=\"img has-hover x md-x lg-x y md-y lg-y\" id=\"image_2105622923\">\n\t\t\t\t\t\t\t\t<div class=\"img-inner image-cover dark\" style=\"padding-top:56.25%;\">\n\t\t\t<img loading=\"lazy\" decoding=\"async\" width=\"800\" height=\"400\" src=\"https:\/\/kirinlight.com.vn\/wp-content\/uploads\/2023\/05\/su-menh.jpg\" class=\"attachment-large size-large\" alt=\"\" srcset=\"https:\/\/kirinlight.com.vn\/wp-content\/uploads\/2023\/05\/su-menh.jpg 800w, https:\/\/kirinlight.com.vn\/wp-content\/uploads\/2023\/05\/su-menh-510x255.jpg 510w, https:\/\/kirinlight.com.vn\/wp-content\/uploads\/2023\/05\/su-menh-300x150.jpg 300w, https:\/\/kirinlight.com.vn\/wp-content\/uploads\/2023\/05\/su-menh-768x384.jpg 768w\" sizes=\"auto, (max-width: 800px) 100vw, 800px\" \/>\t\t\t\t\t\t\n\t\t\t\t\t<\/div>\n\t\t\t\t\t\t\t\t\n<style>\n#image_2105622923 {\n  width: 100%;\n}\n<\/style>\n\t<\/div>\n\t\n<p style=\"text-align: left;\"><strong>\u4f7f\u547d\uff1a<\/strong> \u6211\u4eec\u7684\u4f7f\u547d\u662f\u4e3a\u5ba2\u6237\u63d0\u4f9b\u4f18\u8d28\u3001\u73af\u4fdd\u3001\u8282\u80fd\u7684LED\u7167\u660e\u4ea7\u54c1\u548c\u89e3\u51b3\u65b9\u6848\u3002\u6211\u4eec\u81f4\u529b\u4e8e\u63d0\u4f9b\u6700\u4f73\u7167\u660e\uff0c\u521b\u9020\u66f4\u7f8e\u597d\u7684\u751f\u6d3b\u548c\u5de5\u4f5c\u73af\u5883\uff0c\u540c\u65f6\u6700\u5927\u7a0b\u5ea6\u5730\u51cf\u5c11\u5bf9\u73af\u5883\u7684\u8d1f\u9762\u5f71\u54cd\u3002<\/p>\n\t\t<\/div>\n\t\t\t\t\t<\/div>\n\n\t\n\n\t<div id=\"col-1628491450\" class=\"col medium-4 small-12 large-4\"  >\n\t\t\t\t<div class=\"col-inner\"  >\n\t\t\t\n\t\t\t\n\t<div class=\"img has-hover x md-x lg-x y md-y lg-y\" id=\"image_1303099012\">\n\t\t\t\t\t\t\t\t<div class=\"img-inner image-cover dark\" style=\"padding-top:56.25%;\">\n\t\t\t<img loading=\"lazy\" decoding=\"async\" width=\"850\" height=\"567\" src=\"https:\/\/kirinlight.com.vn\/wp-content\/uploads\/2023\/05\/gia-tri-cot-loi.jpg\" class=\"attachment-large size-large\" alt=\"\" srcset=\"https:\/\/kirinlight.com.vn\/wp-content\/uploads\/2023\/05\/gia-tri-cot-loi.jpg 850w, https:\/\/kirinlight.com.vn\/wp-content\/uploads\/2023\/05\/gia-tri-cot-loi-510x340.jpg 510w, https:\/\/kirinlight.com.vn\/wp-content\/uploads\/2023\/05\/gia-tri-cot-loi-300x200.jpg 300w, https:\/\/kirinlight.com.vn\/wp-content\/uploads\/2023\/05\/gia-tri-cot-loi-768x512.jpg 768w\" sizes=\"auto, (max-width: 850px) 100vw, 850px\" \/>\t\t\t\t\t\t\n\t\t\t\t\t<\/div>\n\t\t\t\t\t\t\t\t\n<style>\n#image_1303099012 {\n  width: 100%;\n}\n<\/style>\n\t<\/div>\n\t\n<p style=\"text-align: left;\"><strong>\u6838\u5fc3\u4ef7\u503c\u89c2\uff1a<\/strong> \u516c\u53f8\u4e0d\u4ec5\u4e13\u6ce8\u4e8e\u751f\u4ea7\u9ad8\u54c1\u8d28\u7684LED\u4ea7\u54c1\uff0c\u66f4\u6ce8\u91cd\u7814\u53d1\u65b0\u6280\u672f\uff0c\u4e0d\u65ad\u63d0\u5347\u4ea7\u54c1\u7684\u6027\u80fd\u548c\u7279\u6027\uff0c\u5e76\u6839\u636e\u5ba2\u6237\u7684\u4e0d\u540c\u9700\u6c42\uff0c\u63d0\u4f9b\u5b9a\u5236\u5316\u7684\u7167\u660e\u89e3\u51b3\u65b9\u6848\u3002<\/p>\n\t\t<\/div>\n\t\t\t\t\t<\/div>\n\n\t\n<\/div>\n\t\t<\/div>\n\t\t\t\t\t<\/div>\n\n\t\n<\/div>\n\t\t<\/div>\n\n\t\t\n<style>\n#section_1814235797 {\n  padding-top: 60px;\n  padding-bottom: 60px;\n  min-height: 300px;\n  background-color: rgb(255, 255, 255);\n}\n<\/style>\n\t<\/section>","protected":false},"excerpt":{"rendered":"","protected":false},"author":2,"featured_media":0,"parent":0,"menu_order":0,"comment_status":"closed","ping_status":"closed","template":"page-blank.php","meta":{"footnotes":""},"class_list":["post-12","page","type-page","status-publish","hentry"],"yoast_head":"<!-- This site is optimized with the Yoast SEO plugin v27.4 - https:\/\/yoast.com\/product\/yoast-seo-wordpress\/ -->\n<title>Gi\u1edbi Thi\u1ec7u Led Hi\u1ec7p Phong - LED Kirin<\/title>\n<meta name=\"description\" content=\"C\u00f4ng ty Led Hi\u1ec7p Phong \u0111\u01b0\u1ee3c th\u00e0nh l\u1eadp 2011. Chuy\u00ean cung c\u1ea5p linh ki\u1ec7n v\u1ec1 \u0111\u00e8n led, module led c\u00e1c lo\u1ea1i, v\u1edbi ph\u01b0\u01a1ng ch\u00e2m lu\u00f4n t\u1ea1o ra s\u1ea3n ph\u1ea7m c\u00f3 \u0111\u1ed9 b\u1ec1n v\u00e0 ch\u1ea5t l\u01b0\u1ee3ng t\u1ed1t cung c\u1ea5p cho kh\u00e1ch h\u00e0ng v\u00e0 ng\u01b0\u1eddi ti\u00eau d\u00f9ng.\" \/>\n<meta name=\"robots\" content=\"index, follow, max-snippet:-1, max-image-preview:large, max-video-preview:-1\" \/>\n<link rel=\"canonical\" href=\"https:\/\/kirinlight.com.vn\/zh\/gioi-thieu\/\" \/>\n<meta property=\"og:locale\" content=\"zh_CN\" \/>\n<meta property=\"og:type\" content=\"article\" \/>\n<meta property=\"og:title\" content=\"Gi\u1edbi Thi\u1ec7u Led Hi\u1ec7p Phong - LED Kirin\" \/>\n<meta property=\"og:description\" content=\"C\u00f4ng ty Led Hi\u1ec7p Phong \u0111\u01b0\u1ee3c th\u00e0nh l\u1eadp 2011. Chuy\u00ean cung c\u1ea5p linh ki\u1ec7n v\u1ec1 \u0111\u00e8n led, module led c\u00e1c lo\u1ea1i, v\u1edbi ph\u01b0\u01a1ng ch\u00e2m lu\u00f4n t\u1ea1o ra s\u1ea3n ph\u1ea7m c\u00f3 \u0111\u1ed9 b\u1ec1n v\u00e0 ch\u1ea5t l\u01b0\u1ee3ng t\u1ed1t cung c\u1ea5p cho kh\u00e1ch h\u00e0ng v\u00e0 ng\u01b0\u1eddi ti\u00eau d\u00f9ng.\" \/>\n<meta property=\"og:url\" content=\"https:\/\/kirinlight.com.vn\/zh\/gioi-thieu\/\" \/>\n<meta property=\"og:site_name\" content=\"LED Kirin\" \/>\n<meta property=\"article:modified_time\" content=\"2023-05-29T03:53:57+00:00\" \/>\n<meta name=\"twitter:card\" content=\"summary_large_image\" \/>\n<meta name=\"twitter:label1\" content=\"\u9884\u8ba1\u9605\u8bfb\u65f6\u95f4\" \/>\n\t<meta name=\"twitter:data1\" content=\"5 \u5206\" \/>\n<script type=\"application\/ld+json\" class=\"yoast-schema-graph\">{\"@context\":\"https:\\\/\\\/schema.org\",\"@graph\":[{\"@type\":\"WebPage\",\"@id\":\"https:\\\/\\\/kirinlight.com.vn\\\/gioi-thieu\\\/\",\"url\":\"https:\\\/\\\/kirinlight.com.vn\\\/gioi-thieu\\\/\",\"name\":\"Gi\u1edbi Thi\u1ec7u Led Hi\u1ec7p Phong - LED Kirin\",\"isPartOf\":{\"@id\":\"https:\\\/\\\/kirinlight.com.vn\\\/#website\"},\"datePublished\":\"2018-09-13T02:59:36+00:00\",\"dateModified\":\"2023-05-29T03:53:57+00:00\",\"description\":\"C\u00f4ng ty Led Hi\u1ec7p Phong \u0111\u01b0\u1ee3c th\u00e0nh l\u1eadp 2011. Chuy\u00ean cung c\u1ea5p linh ki\u1ec7n v\u1ec1 \u0111\u00e8n led, module led c\u00e1c lo\u1ea1i, v\u1edbi ph\u01b0\u01a1ng ch\u00e2m lu\u00f4n t\u1ea1o ra s\u1ea3n ph\u1ea7m c\u00f3 \u0111\u1ed9 b\u1ec1n v\u00e0 ch\u1ea5t l\u01b0\u1ee3ng t\u1ed1t cung c\u1ea5p cho kh\u00e1ch h\u00e0ng v\u00e0 ng\u01b0\u1eddi ti\u00eau d\u00f9ng.\",\"breadcrumb\":{\"@id\":\"https:\\\/\\\/kirinlight.com.vn\\\/gioi-thieu\\\/#breadcrumb\"},\"inLanguage\":\"zh-Hans\",\"potentialAction\":[{\"@type\":\"ReadAction\",\"target\":[\"https:\\\/\\\/kirinlight.com.vn\\\/gioi-thieu\\\/\"]}]},{\"@type\":\"BreadcrumbList\",\"@id\":\"https:\\\/\\\/kirinlight.com.vn\\\/gioi-thieu\\\/#breadcrumb\",\"itemListElement\":[{\"@type\":\"ListItem\",\"position\":1,\"name\":\"Home\",\"item\":\"https:\\\/\\\/kirinlight.com.vn\\\/\"},{\"@type\":\"ListItem\",\"position\":2,\"name\":\"Gi\u1edbi Thi\u1ec7u\"}]},{\"@type\":\"WebSite\",\"@id\":\"https:\\\/\\\/kirinlight.com.vn\\\/#website\",\"url\":\"https:\\\/\\\/kirinlight.com.vn\\\/\",\"name\":\"LED Kirin\",\"description\":\"M\u00e0n H\u00ecnh Led - Module Led C\u00f4ng Ngh\u1ec7 Cao\",\"potentialAction\":[{\"@type\":\"SearchAction\",\"target\":{\"@type\":\"EntryPoint\",\"urlTemplate\":\"https:\\\/\\\/kirinlight.com.vn\\\/?s={search_term_string}\"},\"query-input\":{\"@type\":\"PropertyValueSpecification\",\"valueRequired\":true,\"valueName\":\"search_term_string\"}}],\"inLanguage\":\"zh-Hans\"}]}<\/script>\n<!-- \/ Yoast SEO plugin. -->","yoast_head_json":{"title":"Gi\u1edbi Thi\u1ec7u Led Hi\u1ec7p Phong - LED Kirin","description":"C\u00f4ng ty Led Hi\u1ec7p Phong \u0111\u01b0\u1ee3c th\u00e0nh l\u1eadp 2011. Chuy\u00ean cung c\u1ea5p linh ki\u1ec7n v\u1ec1 \u0111\u00e8n led, module led c\u00e1c lo\u1ea1i, v\u1edbi ph\u01b0\u01a1ng ch\u00e2m lu\u00f4n t\u1ea1o ra s\u1ea3n ph\u1ea7m c\u00f3 \u0111\u1ed9 b\u1ec1n v\u00e0 ch\u1ea5t l\u01b0\u1ee3ng t\u1ed1t cung c\u1ea5p cho kh\u00e1ch h\u00e0ng v\u00e0 ng\u01b0\u1eddi ti\u00eau d\u00f9ng.","robots":{"index":"index","follow":"follow","max-snippet":"max-snippet:-1","max-image-preview":"max-image-preview:large","max-video-preview":"max-video-preview:-1"},"canonical":"https:\/\/kirinlight.com.vn\/zh\/gioi-thieu\/","og_locale":"zh_CN","og_type":"article","og_title":"Gi\u1edbi Thi\u1ec7u Led Hi\u1ec7p Phong - LED Kirin","og_description":"C\u00f4ng ty Led Hi\u1ec7p Phong \u0111\u01b0\u1ee3c th\u00e0nh l\u1eadp 2011. Chuy\u00ean cung c\u1ea5p linh ki\u1ec7n v\u1ec1 \u0111\u00e8n led, module led c\u00e1c lo\u1ea1i, v\u1edbi ph\u01b0\u01a1ng ch\u00e2m lu\u00f4n t\u1ea1o ra s\u1ea3n ph\u1ea7m c\u00f3 \u0111\u1ed9 b\u1ec1n v\u00e0 ch\u1ea5t l\u01b0\u1ee3ng t\u1ed1t cung c\u1ea5p cho kh\u00e1ch h\u00e0ng v\u00e0 ng\u01b0\u1eddi ti\u00eau d\u00f9ng.","og_url":"https:\/\/kirinlight.com.vn\/zh\/gioi-thieu\/","og_site_name":"LED Kirin","article_modified_time":"2023-05-29T03:53:57+00:00","twitter_card":"summary_large_image","twitter_misc":{"\u9884\u8ba1\u9605\u8bfb\u65f6\u95f4":"5 \u5206"},"schema":{"@context":"https:\/\/schema.org","@graph":[{"@type":"WebPage","@id":"https:\/\/kirinlight.com.vn\/gioi-thieu\/","url":"https:\/\/kirinlight.com.vn\/gioi-thieu\/","name":"Gi\u1edbi Thi\u1ec7u Led Hi\u1ec7p Phong - LED Kirin","isPartOf":{"@id":"https:\/\/kirinlight.com.vn\/#website"},"datePublished":"2018-09-13T02:59:36+00:00","dateModified":"2023-05-29T03:53:57+00:00","description":"C\u00f4ng ty Led Hi\u1ec7p Phong \u0111\u01b0\u1ee3c th\u00e0nh l\u1eadp 2011. Chuy\u00ean cung c\u1ea5p linh ki\u1ec7n v\u1ec1 \u0111\u00e8n led, module led c\u00e1c lo\u1ea1i, v\u1edbi ph\u01b0\u01a1ng ch\u00e2m lu\u00f4n t\u1ea1o ra s\u1ea3n ph\u1ea7m c\u00f3 \u0111\u1ed9 b\u1ec1n v\u00e0 ch\u1ea5t l\u01b0\u1ee3ng t\u1ed1t cung c\u1ea5p cho kh\u00e1ch h\u00e0ng v\u00e0 ng\u01b0\u1eddi ti\u00eau d\u00f9ng.","breadcrumb":{"@id":"https:\/\/kirinlight.com.vn\/gioi-thieu\/#breadcrumb"},"inLanguage":"zh-Hans","potentialAction":[{"@type":"ReadAction","target":["https:\/\/kirinlight.com.vn\/gioi-thieu\/"]}]},{"@type":"BreadcrumbList","@id":"https:\/\/kirinlight.com.vn\/gioi-thieu\/#breadcrumb","itemListElement":[{"@type":"ListItem","position":1,"name":"Home","item":"https:\/\/kirinlight.com.vn\/"},{"@type":"ListItem","position":2,"name":"Gi\u1edbi Thi\u1ec7u"}]},{"@type":"WebSite","@id":"https:\/\/kirinlight.com.vn\/#website","url":"https:\/\/kirinlight.com.vn\/","name":"\u9e92\u9e9fLED","description":"LED\u5c4f\u5e55 - \u9ad8\u79d1\u6280LED\u6a21\u5757","potentialAction":[{"@type":"SearchAction","target":{"@type":"EntryPoint","urlTemplate":"https:\/\/kirinlight.com.vn\/?s={search_term_string}"},"query-input":{"@type":"PropertyValueSpecification","valueRequired":true,"valueName":"search_term_string"}}],"inLanguage":"zh-Hans"}]}},"_links":{"self":[{"href":"https:\/\/kirinlight.com.vn\/zh\/wp-json\/wp\/v2\/pages\/12","targetHints":{"allow":["GET"]}}],"collection":[{"href":"https:\/\/kirinlight.com.vn\/zh\/wp-json\/wp\/v2\/pages"}],"about":[{"href":"https:\/\/kirinlight.com.vn\/zh\/wp-json\/wp\/v2\/types\/page"}],"author":[{"embeddable":true,"href":"https:\/\/kirinlight.com.vn\/zh\/wp-json\/wp\/v2\/users\/2"}],"replies":[{"embeddable":true,"href":"https:\/\/kirinlight.com.vn\/zh\/wp-json\/wp\/v2\/comments?post=12"}],"version-history":[{"count":12,"href":"https:\/\/kirinlight.com.vn\/zh\/wp-json\/wp\/v2\/pages\/12\/revisions"}],"predecessor-version":[{"id":1553,"href":"https:\/\/kirinlight.com.vn\/zh\/wp-json\/wp\/v2\/pages\/12\/revisions\/1553"}],"wp:attachment":[{"href":"https:\/\/kirinlight.com.vn\/zh\/wp-json\/wp\/v2\/media?parent=12"}],"curies":[{"name":"wp","href":"https:\/\/api.w.org\/{rel}","templated":true}]}}