{"id":1290,"date":"2020-04-29T15:49:32","date_gmt":"2020-04-29T14:49:32","guid":{"rendered":"https:\/\/kirinlight.com.vn\/?page_id=1290"},"modified":"2023-06-02T02:48:21","modified_gmt":"2023-06-02T01:48:21","slug":"chinh-sach-bao-hanh","status":"publish","type":"page","link":"https:\/\/kirinlight.com.vn\/zh\/chinh-sach-bao-hanh\/","title":{"rendered":"\u4fdd\u4fee\u653f\u7b56"},"content":{"rendered":"<h1>\u4fdd\u4fee\u653f\u7b56<\/h1>\n<p><strong>\u4ea7\u54c1\u4fdd\u4fee\u6761\u6b3e\u4e3a\uff1a<\/strong>\u00a0\u4fee\u590d\u56e0\u5236\u9020\u5546\u8fc7\u5931\u9020\u6210\u7684\u9519\u8bef\u548c\u95ee\u9898\u3002\u6839\u636e\u76f8\u5173\u89c4\u5b9a\uff0c\u6bcf\u4ef6\u4ea7\u54c1\u90fd\u6709\u5404\u81ea\u7684\u4fdd\u4fee\u671f\u3002Hiep Phong Led \u552e\u51fa\u7684\u6bcf\u4ef6\u4ea7\u54c1\u90fd\u5370\u6709\u4fdd\u4fee\u5370\u7ae0\u548c\u751f\u4ea7\u65e5\u671f\u3002\u5982\u679c\u4ea7\u54c1\u5728\u4fdd\u4fee\u671f\u5185\u65e0\u6cd5\u6b63\u5e38\u5de5\u4f5c\uff0c\u6211\u4eec\u5c06\u9000\u56de\u5236\u9020\u5546\u8fdb\u884c\u7ef4\u4fee\u3002<\/p>\n<p><strong>\u4fdd\u4fee\u6761\u4f8b\u00a0<\/strong><\/p>\n<p>\u6240\u6709 Led Hiep Phong \u4fdd\u4fee\u653f\u7b56\u5fc5\u987b\u9075\u5b88\u4ee5\u4e0b\u89c4\u5b9a\uff1a<\/p>\n<ul>\n<li>\u4fdd\u4fee\u8303\u56f4\u5185\u7684\u4ea7\u54c1\u662f\uff1a\u4fdd\u6301\u5236\u9020\u65f6\u7684\u539f\u59cb\u5f62\u72b6\uff0c\u65e0\u51f9\u75d5\u3001\u7834\u635f\u3001\u672a\u70e7\u6bc1\u3001\u672a\u7206\u70b8\u3001\u672a\u77ed\u8def\u3001\u672a\u8d85\u8f7d\u3001\u672a\u8fc7\u538b\u3001\u65e0\u710a\u7f1d\u677e\u52a8\u3001\u672a\u6539\u53d8\u539f\u59cb\u8bbe\u8ba1\u7ed3\u6784\u3001\u672a\u53d7\u5230\u6c34\u6216\u5316\u5b66\u54c1\u7684\u635f\u574f\u7b49\u3002<\/li>\n<li>\u4e0d\u5c5e\u4fdd\u4fee\u8303\u56f4\u7684\u60c5\u51b5\uff1a\u81ea\u7136\u707e\u5bb3\u3001\u98ce\u66b4\u3001\u6d2a\u6c34\u3001\u706b\u707e\u3001\u52a8\u7269\u635f\u5bb3\u3001\u866b\u5bb3\u3001\u6216\u4eba\u4e3a\u6545\u610f\u635f\u574f\u2026\u2026<\/li>\n<li>\u7535\u6c14\u8bbe\u5907\u3001\u65ad\u8def\u5668\u3001\u5f00\u5173\u548c\u63d2\u5ea7\uff1a\u8fc7\u7535\u538b\u3001\u8fc7\u8f7d\u3001\u7834\u635f\u3001\u7f3a\u5c11\u9644\u4ef6\u87ba\u4e1d\u3001\u6cb9\u6f06\u3001\u7802\u6d46\u3001\u5305\u88c5\u4e22\u5931\u6216\u6495\u88c2\u4e0d\u5728\u4fdd\u4fee\u8303\u56f4\u5185\u3002<\/li>\n<\/ul>\n<p><strong>\u6536\u636e - \u6362\u8d27 - \u9000\u8d27\u4fdd\u4fee\u5730\u70b9<\/strong><\/p>\n<p>\u7f3a\u9677\u4ea7\u54c1\u5c06\u7531\u5236\u9020\u5546\u7684\u4fdd\u4fee\u4e2d\u5fc3\u5904\u7406\u3002\u5982\u679c\u5ba2\u6237\u4e0d\u65b9\u4fbf\uff0c\u6211\u4eec\u53ef\u4ee5\u5728\u4ea4\u6613\u70b9\u652f\u6301\u4fdd\u4fee\u9000\u8d27\u3002\u00a0<strong>:<\/strong><\/p>\n<ul>\n<li><strong>\u5e97\u94fa\uff1a<\/strong>\u00a0\u80e1\u5fd7\u660e\u5e02\u7b2c 10 \u533a\u7b2c 7 \u533a Tan Phuoc 356 \u53f7\u3002\u00a0<b>0908 300 707 \u2013 0987 300 707<\/b><\/li>\n<li><strong>\u603b\u516c\u53f8<\/strong>\uff1a 326\/5 Tan Phuoc\uff0c\u80e1\u5fd7\u660e\u5e02\u7b2c 10 \u533a\u7b2c 7 \u533a\u3002\u00a0<b>\u7535\u8bdd\uff1a0283.957.2634<\/b><\/li>\n<\/ul>\n<p><strong>\u4ea7\u54c1\u521b\u65b0<\/strong><\/p>\n<p>\u5f53\u4ea7\u54c1\u5bc4\u56de\u4fdd\u4fee\u65f6\uff0c\u5982\u679c\u95ee\u9898\u6ca1\u6709\u5b8c\u5168\u89e3\u51b3\uff0c\u6211\u4eec\u5c06\u8981\u6c42\u4e3a\u5ba2\u6237\u66f4\u6362\u4e00\u4e2a\u65b0\u7684\u7c7b\u4f3c\u4ea7\u54c1\u3002<\/p>\n<p><strong>\u514d\u8d23\u58f0\u660e<\/strong><\/p>\n<ul>\n<li>\u8be5\u4ea7\u54c1\u5df2\u8fc7\u4fdd\u4fee\u671f\u3002<\/li>\n<li>\u4fdd\u4fee\u5c01\u6761\u4ece\u5916\u90e8\u88ab\u6495\u6bc1\u6216\u7be1\u6539\u3002<\/li>\n<li>\u51f9\u9677\u3001\u53d8\u5f62\u3001\u8fdb\u6c34\u3001\u8fc7\u538b\u3001\u8fc7\u8f7d\u3001\u6324\u538b\u3001\u7834\u635f\u3001\u7f3a\u5c11\u9644\u4ef6\u87ba\u4e1d\u3001\u6cbe\u6709\u6cb9\u6f06\u3001\u6cbe\u6709\u7802\u6d46\u3001\u6216\u5305\u88c5\u4e22\u5931\u6216\u6495\u88c2\u7684\u4ea7\u54c1\u5c06\u4e0d\u4eab\u53d7\u4fdd\u4fee\u3002<\/li>\n<\/ul>\n<p>\u534f\u98ce\u9886\u5bfc\u7531\u8877\u611f\u8c22\u3002<\/p>","protected":false},"excerpt":{"rendered":"<p>Ch\u00ednh S\u00e1ch B\u1ea3o H\u00e0nh B\u1ea3o h\u00e0nh s\u1ea3n ph\u1ea9m l\u00e0:\u00a0kh\u1eafc ph\u1ee5c nh\u1eefng l\u1ed7i, s\u1ef1 c\u1ed1 x\u1ea3y ra do l\u1ed7i c\u1ee7a nh\u00e0 s\u1ea3n xu\u1ea5t, t\u00f9y theo quy \u0111\u1ecbnh m\u1ed7i s\u1ea3n ph\u1ea9m s\u1ebd c\u00f3 th\u1eddi gian b\u1ea3o h\u00e0nh ri\u00eang . V\u1edbi m\u1ed7i s\u1ea3n ph\u1ea9m Led Hi\u1ec7p Phong b\u00e1n ra \u0111\u1ec1u c\u00f3 tem b\u1ea3o h\u00e0nh v\u00e0 ng\u00e0y th\u00e1ng s\u1ea3n [&#8230;]\n","protected":false},"author":2,"featured_media":0,"parent":0,"menu_order":0,"comment_status":"closed","ping_status":"closed","template":"page-right-sidebar.php","meta":{"footnotes":""},"class_list":["post-1290","page","type-page","status-publish","hentry"],"yoast_head":"<!-- This site is optimized with the Yoast SEO plugin v27.4 - https:\/\/yoast.com\/product\/yoast-seo-wordpress\/ -->\n<title>Ch\u00ednh S\u00e1ch B\u1ea3o H\u00e0nh - LED Kirin<\/title>\n<meta name=\"description\" content=\"Led Hi\u1ec7p Phong mang \u0111\u1ebfn Ch\u00ednh S\u00e1ch B\u1ea3o H\u00e0nh t\u1ed1t nh\u1ea5t cho qu\u00fd kh\u00e1ch. T\u1ea5t c\u1ea3 s\u00e1n ph\u1ea9m \u0111\u01b0\u1ee3c b\u00e0o h\u00e0nh t\u1eeb 12-36 th\u00e1ng T\u00f9y theo Lo\u1ea1i s\u1ea3n ph\u1ea9m.\" \/>\n<meta name=\"robots\" content=\"index, follow, max-snippet:-1, max-image-preview:large, max-video-preview:-1\" \/>\n<link rel=\"canonical\" href=\"https:\/\/kirinlight.com.vn\/zh\/chinh-sach-bao-hanh\/\" \/>\n<meta property=\"og:locale\" content=\"zh_CN\" \/>\n<meta property=\"og:type\" content=\"article\" \/>\n<meta property=\"og:title\" content=\"Ch\u00ednh S\u00e1ch B\u1ea3o H\u00e0nh - LED Kirin\" \/>\n<meta property=\"og:description\" content=\"Led Hi\u1ec7p Phong mang \u0111\u1ebfn Ch\u00ednh S\u00e1ch B\u1ea3o H\u00e0nh t\u1ed1t nh\u1ea5t cho qu\u00fd kh\u00e1ch. T\u1ea5t c\u1ea3 s\u00e1n ph\u1ea9m \u0111\u01b0\u1ee3c b\u00e0o h\u00e0nh t\u1eeb 12-36 th\u00e1ng T\u00f9y theo Lo\u1ea1i s\u1ea3n ph\u1ea9m.\" \/>\n<meta property=\"og:url\" content=\"https:\/\/kirinlight.com.vn\/zh\/chinh-sach-bao-hanh\/\" \/>\n<meta property=\"og:site_name\" content=\"LED Kirin\" \/>\n<meta property=\"article:modified_time\" content=\"2023-06-02T01:48:21+00:00\" \/>\n<meta name=\"twitter:card\" content=\"summary_large_image\" \/>\n<meta name=\"twitter:label1\" content=\"\u9884\u8ba1\u9605\u8bfb\u65f6\u95f4\" \/>\n\t<meta name=\"twitter:data1\" content=\"2 \u5206\" \/>\n<script type=\"application\/ld+json\" class=\"yoast-schema-graph\">{\"@context\":\"https:\\\/\\\/schema.org\",\"@graph\":[{\"@type\":\"WebPage\",\"@id\":\"https:\\\/\\\/kirinlight.com.vn\\\/chinh-sach-bao-hanh\\\/\",\"url\":\"https:\\\/\\\/kirinlight.com.vn\\\/chinh-sach-bao-hanh\\\/\",\"name\":\"Ch\u00ednh S\u00e1ch B\u1ea3o H\u00e0nh - LED Kirin\",\"isPartOf\":{\"@id\":\"https:\\\/\\\/kirinlight.com.vn\\\/#website\"},\"datePublished\":\"2020-04-29T14:49:32+00:00\",\"dateModified\":\"2023-06-02T01:48:21+00:00\",\"description\":\"Led Hi\u1ec7p Phong mang \u0111\u1ebfn Ch\u00ednh S\u00e1ch B\u1ea3o H\u00e0nh t\u1ed1t nh\u1ea5t cho qu\u00fd kh\u00e1ch. T\u1ea5t c\u1ea3 s\u00e1n ph\u1ea9m \u0111\u01b0\u1ee3c b\u00e0o h\u00e0nh t\u1eeb 12-36 th\u00e1ng T\u00f9y theo Lo\u1ea1i s\u1ea3n ph\u1ea9m.\",\"breadcrumb\":{\"@id\":\"https:\\\/\\\/kirinlight.com.vn\\\/chinh-sach-bao-hanh\\\/#breadcrumb\"},\"inLanguage\":\"zh-Hans\",\"potentialAction\":[{\"@type\":\"ReadAction\",\"target\":[\"https:\\\/\\\/kirinlight.com.vn\\\/chinh-sach-bao-hanh\\\/\"]}]},{\"@type\":\"BreadcrumbList\",\"@id\":\"https:\\\/\\\/kirinlight.com.vn\\\/chinh-sach-bao-hanh\\\/#breadcrumb\",\"itemListElement\":[{\"@type\":\"ListItem\",\"position\":1,\"name\":\"Home\",\"item\":\"https:\\\/\\\/kirinlight.com.vn\\\/\"},{\"@type\":\"ListItem\",\"position\":2,\"name\":\"Ch\u00ednh S\u00e1ch B\u1ea3o H\u00e0nh\"}]},{\"@type\":\"WebSite\",\"@id\":\"https:\\\/\\\/kirinlight.com.vn\\\/#website\",\"url\":\"https:\\\/\\\/kirinlight.com.vn\\\/\",\"name\":\"LED Kirin\",\"description\":\"M\u00e0n H\u00ecnh Led - Module Led C\u00f4ng Ngh\u1ec7 Cao\",\"potentialAction\":[{\"@type\":\"SearchAction\",\"target\":{\"@type\":\"EntryPoint\",\"urlTemplate\":\"https:\\\/\\\/kirinlight.com.vn\\\/?s={search_term_string}\"},\"query-input\":{\"@type\":\"PropertyValueSpecification\",\"valueRequired\":true,\"valueName\":\"search_term_string\"}}],\"inLanguage\":\"zh-Hans\"}]}<\/script>\n<!-- \/ Yoast SEO plugin. -->","yoast_head_json":{"title":"Ch\u00ednh S\u00e1ch B\u1ea3o H\u00e0nh - LED Kirin","description":"Led Hi\u1ec7p Phong mang \u0111\u1ebfn Ch\u00ednh S\u00e1ch B\u1ea3o H\u00e0nh t\u1ed1t nh\u1ea5t cho qu\u00fd kh\u00e1ch. T\u1ea5t c\u1ea3 s\u00e1n ph\u1ea9m \u0111\u01b0\u1ee3c b\u00e0o h\u00e0nh t\u1eeb 12-36 th\u00e1ng T\u00f9y theo Lo\u1ea1i s\u1ea3n ph\u1ea9m.","robots":{"index":"index","follow":"follow","max-snippet":"max-snippet:-1","max-image-preview":"max-image-preview:large","max-video-preview":"max-video-preview:-1"},"canonical":"https:\/\/kirinlight.com.vn\/zh\/chinh-sach-bao-hanh\/","og_locale":"zh_CN","og_type":"article","og_title":"Ch\u00ednh S\u00e1ch B\u1ea3o H\u00e0nh - LED Kirin","og_description":"Led Hi\u1ec7p Phong mang \u0111\u1ebfn Ch\u00ednh S\u00e1ch B\u1ea3o H\u00e0nh t\u1ed1t nh\u1ea5t cho qu\u00fd kh\u00e1ch. T\u1ea5t c\u1ea3 s\u00e1n ph\u1ea9m \u0111\u01b0\u1ee3c b\u00e0o h\u00e0nh t\u1eeb 12-36 th\u00e1ng T\u00f9y theo Lo\u1ea1i s\u1ea3n ph\u1ea9m.","og_url":"https:\/\/kirinlight.com.vn\/zh\/chinh-sach-bao-hanh\/","og_site_name":"LED Kirin","article_modified_time":"2023-06-02T01:48:21+00:00","twitter_card":"summary_large_image","twitter_misc":{"\u9884\u8ba1\u9605\u8bfb\u65f6\u95f4":"2 \u5206"},"schema":{"@context":"https:\/\/schema.org","@graph":[{"@type":"WebPage","@id":"https:\/\/kirinlight.com.vn\/chinh-sach-bao-hanh\/","url":"https:\/\/kirinlight.com.vn\/chinh-sach-bao-hanh\/","name":"Ch\u00ednh S\u00e1ch B\u1ea3o H\u00e0nh - LED Kirin","isPartOf":{"@id":"https:\/\/kirinlight.com.vn\/#website"},"datePublished":"2020-04-29T14:49:32+00:00","dateModified":"2023-06-02T01:48:21+00:00","description":"Led Hi\u1ec7p Phong mang \u0111\u1ebfn Ch\u00ednh S\u00e1ch B\u1ea3o H\u00e0nh t\u1ed1t nh\u1ea5t cho qu\u00fd kh\u00e1ch. T\u1ea5t c\u1ea3 s\u00e1n ph\u1ea9m \u0111\u01b0\u1ee3c b\u00e0o h\u00e0nh t\u1eeb 12-36 th\u00e1ng T\u00f9y theo Lo\u1ea1i s\u1ea3n ph\u1ea9m.","breadcrumb":{"@id":"https:\/\/kirinlight.com.vn\/chinh-sach-bao-hanh\/#breadcrumb"},"inLanguage":"zh-Hans","potentialAction":[{"@type":"ReadAction","target":["https:\/\/kirinlight.com.vn\/chinh-sach-bao-hanh\/"]}]},{"@type":"BreadcrumbList","@id":"https:\/\/kirinlight.com.vn\/chinh-sach-bao-hanh\/#breadcrumb","itemListElement":[{"@type":"ListItem","position":1,"name":"Home","item":"https:\/\/kirinlight.com.vn\/"},{"@type":"ListItem","position":2,"name":"Ch\u00ednh S\u00e1ch B\u1ea3o H\u00e0nh"}]},{"@type":"WebSite","@id":"https:\/\/kirinlight.com.vn\/#website","url":"https:\/\/kirinlight.com.vn\/","name":"\u9e92\u9e9fLED","description":"LED\u5c4f\u5e55 - \u9ad8\u79d1\u6280LED\u6a21\u5757","potentialAction":[{"@type":"SearchAction","target":{"@type":"EntryPoint","urlTemplate":"https:\/\/kirinlight.com.vn\/?s={search_term_string}"},"query-input":{"@type":"PropertyValueSpecification","valueRequired":true,"valueName":"search_term_string"}}],"inLanguage":"zh-Hans"}]}},"_links":{"self":[{"href":"https:\/\/kirinlight.com.vn\/zh\/wp-json\/wp\/v2\/pages\/1290","targetHints":{"allow":["GET"]}}],"collection":[{"href":"https:\/\/kirinlight.com.vn\/zh\/wp-json\/wp\/v2\/pages"}],"about":[{"href":"https:\/\/kirinlight.com.vn\/zh\/wp-json\/wp\/v2\/types\/page"}],"author":[{"embeddable":true,"href":"https:\/\/kirinlight.com.vn\/zh\/wp-json\/wp\/v2\/users\/2"}],"replies":[{"embeddable":true,"href":"https:\/\/kirinlight.com.vn\/zh\/wp-json\/wp\/v2\/comments?post=1290"}],"version-history":[{"count":15,"href":"https:\/\/kirinlight.com.vn\/zh\/wp-json\/wp\/v2\/pages\/1290\/revisions"}],"predecessor-version":[{"id":1600,"href":"https:\/\/kirinlight.com.vn\/zh\/wp-json\/wp\/v2\/pages\/1290\/revisions\/1600"}],"wp:attachment":[{"href":"https:\/\/kirinlight.com.vn\/zh\/wp-json\/wp\/v2\/media?parent=1290"}],"curies":[{"name":"wp","href":"https:\/\/api.w.org\/{rel}","templated":true}]}}