{"id":14,"date":"2018-09-13T03:59:50","date_gmt":"2018-09-13T02:59:50","guid":{"rendered":"https:\/\/kirinlight.com.vn\/?page_id=14"},"modified":"2024-08-08T03:25:32","modified_gmt":"2024-08-08T02:25:32","slug":"lien-he","status":"publish","type":"page","link":"https:\/\/kirinlight.com.vn\/zh\/lien-he\/","title":{"rendered":"\u63a5\u89e6"},"content":{"rendered":"<div class=\"img has-hover x md-x lg-x y md-y lg-y\" id=\"image_1213447190\">\n\t\t\t\t\t\t\t\t<div class=\"img-inner dark\" >\n\t\t\t<img loading=\"lazy\" decoding=\"async\" width=\"1920\" height=\"800\" src=\"https:\/\/kirinlight.com.vn\/wp-content\/uploads\/2023\/05\/contact-banner.jpg\" class=\"attachment-original size-original\" alt=\"\" srcset=\"https:\/\/kirinlight.com.vn\/wp-content\/uploads\/2023\/05\/contact-banner.jpg 1920w, https:\/\/kirinlight.com.vn\/wp-content\/uploads\/2023\/05\/contact-banner-510x213.jpg 510w, https:\/\/kirinlight.com.vn\/wp-content\/uploads\/2023\/05\/contact-banner-300x125.jpg 300w, https:\/\/kirinlight.com.vn\/wp-content\/uploads\/2023\/05\/contact-banner-1024x427.jpg 1024w, https:\/\/kirinlight.com.vn\/wp-content\/uploads\/2023\/05\/contact-banner-768x320.jpg 768w, https:\/\/kirinlight.com.vn\/wp-content\/uploads\/2023\/05\/contact-banner-1536x640.jpg 1536w\" sizes=\"auto, (max-width: 1920px) 100vw, 1920px\" \/>\t\t\t\t\t\t\n\t\t\t\t\t<\/div>\n\t\t\t\t\t\t\t\t\n<style>\n#image_1213447190 {\n  width: 100%;\n}\n<\/style>\n\t<\/div>\n\t\n\t<section class=\"section\" id=\"section_1082902015\">\n\t\t<div class=\"bg section-bg fill bg-fill  bg-loaded\" >\n\n\t\t\t\n\t\t\t\n\t\t\t\n\n\t\t<\/div>\n\n\t\t\n\n\t\t<div class=\"section-content relative\">\n\t\t\t\n<div class=\"row align-center\"  id=\"row-1274733618\">\n\n\t<div id=\"col-1313992108\" class=\"col medium-10 small-12 large-10\"  >\n\t\t\t\t<div class=\"col-inner text-center\"  >\n\t\t\t\n\t\t\t\n<p>\u00a0<\/p>\n<h2 class=\"uppercase\"><span style=\"font-size: 130%;\">\u8054\u7cfb\u4fe1\u606f<\/span><\/h2>\n<p>\u6709\u5173\u4ea7\u54c1\u548c\u670d\u52a1\u3001\u5ba2\u6237\u548c\u5408\u4f5c\u4f19\u4f34\u7684\u6240\u6709\u4fe1\u606f\uff0c\u8bf7\u8054\u7cfb\u6211\u4eec\u00a0<\/p>\n<div class=\"row\"  id=\"row-882614560\">\n\n\t<div id=\"col-1315574340\" class=\"col medium-6 small-12 large-6\"  >\n\t\t\t\t<div class=\"col-inner\"  >\n\t\t\t\n\t\t\t\n<h3 style=\"text-align: left;\"><strong>\u534f\u98ce\u7535\u6c14\u8bbe\u5907\u8d38\u6613\u670d\u52a1\u751f\u4ea7\u6709\u9650\u516c\u53f8<\/strong><\/h3>\n<ul>\n<li style=\"text-align: left;\"><strong>\u603b\u516c\u53f8<\/strong>: 356 Tan Phuoc \u2013 \u7b2c 7 \u533a \u2013 \u7b2c 10 \u533a \u2013 \u80e1\u5fd7\u660e\u5e02<\/li>\n<li style=\"text-align: left;\"><strong>\u5206\u652f<\/strong>: 356 Tan Phuoc \u2013 \u7b2c 7 \u533a \u2013 \u7b2c 10 \u533a \u2013 \u80e1\u5fd7\u660e\u5e02<\/li>\n<li style=\"text-align: left;\"><strong>\u7535\u8bdd<\/strong>: 0283.957.2634<\/li>\n<li style=\"text-align: left;\"><strong>\u70ed\u7ebf\uff1a<\/strong>\u00a00908.300.707 \u2013 083.95.72.634<\/li>\n<\/ul>\n\t\t<\/div>\n\t\t\t\t\t<\/div>\n\n\t\n\n\t<div id=\"col-1253544832\" class=\"col medium-6 small-12 large-6\"  >\n\t\t\t\t<div class=\"col-inner\"  >\n\t\t\t\n\t\t\t\n\n<div class=\"wpcf7 no-js\" id=\"wpcf7-f172-o1\" lang=\"en-US\" dir=\"ltr\" data-wpcf7-id=\"172\">\n<div class=\"screen-reader-response\"><p role=\"status\" aria-live=\"polite\" aria-atomic=\"true\"><\/p> <ul><\/ul><\/div>\n<form action=\"\/zh\/wp-json\/wp\/v2\/pages\/14#wpcf7-f172-o1\" method=\"post\" class=\"wpcf7-form init\" aria-label=\"Contact form\" novalidate=\"novalidate\" data-status=\"init\" data-trp-original-action=\"\/zh\/wp-json\/wp\/v2\/pages\/14#wpcf7-f172-o1\">\n<fieldset class=\"hidden-fields-container\"><input type=\"hidden\" name=\"_wpcf7\" value=\"172\" \/><input type=\"hidden\" name=\"_wpcf7_version\" value=\"6.1.5\" \/><input type=\"hidden\" name=\"_wpcf7_locale\" value=\"en_US\" \/><input type=\"hidden\" name=\"_wpcf7_unit_tag\" value=\"wpcf7-f172-o1\" \/><input type=\"hidden\" name=\"_wpcf7_container_post\" value=\"0\" \/><input type=\"hidden\" name=\"_wpcf7_posted_data_hash\" value=\"\" \/>\n<\/fieldset>\n<div class=\"form-flat\">\n\t<p><span class=\"wpcf7-form-control-wrap\" data-name=\"your-name\"><input size=\"40\" maxlength=\"400\" class=\"wpcf7-form-control wpcf7-text wpcf7-validates-as-required\" aria-required=\"true\" aria-invalid=\"false\" placeholder=\"\u60a8\u7684\u59d3\u540d\uff08\u5fc5\u586b\uff09\" value=\"\" type=\"text\" name=\"your-name\" \/><\/span>\n\t<\/p>\n\t<p><span class=\"wpcf7-form-control-wrap\" data-name=\"your-email\"><input size=\"40\" maxlength=\"400\" class=\"wpcf7-form-control wpcf7-email wpcf7-validates-as-required wpcf7-text wpcf7-validates-as-email\" aria-required=\"true\" aria-invalid=\"false\" placeholder=\"\u60a8\u7684\u90ae\u7bb1\uff08\u5fc5\u586b\uff09\" value=\"\" type=\"email\" name=\"your-email\" \/><\/span>\n\t<\/p>\n\t<p><span class=\"wpcf7-form-control-wrap\" data-name=\"your-message\"><textarea cols=\"40\" rows=\"10\" maxlength=\"2000\" class=\"wpcf7-form-control wpcf7-textarea\" aria-invalid=\"false\" placeholder=\"\u60a8\u7684\u7559\u8a00\uff08\u5fc5\u586b\uff09\" name=\"your-message\"><\/textarea><\/span>\n\t<\/p>\n\t<p><input class=\"wpcf7-form-control wpcf7-submit has-spinner button\" type=\"submit\" value=\"\u63d0\u4ea4\" \/>\n\t<\/p>\n<\/div><div class=\"wpcf7-response-output\" aria-hidden=\"true\"><\/div>\n<input type=\"hidden\" name=\"trp-form-language\" value=\"zh\"\/><\/form>\n<\/div>\n\n\t\t<\/div>\n\t\t\t\t\t<\/div>\n\n\t\n<\/div>\n\t\t<\/div>\n\t\t\t\t\t<\/div>\n\n\t\n<\/div>\n<div class=\"row\"  id=\"row-1587018335\">\n\n\t<div id=\"col-1741868743\" class=\"col small-12 large-12\"  data-animate=\"fadeInRight\">\n\t\t\t\t<div class=\"col-inner\"  >\n\t\t\t\n\t\t\t\n<p><iframe loading=\"lazy\" style=\"border: 1;\" src=\"https:\/\/www.google.com\/maps\/embed?pb=!1m18!1m12!1m3!1d3919.652164733459!2d106.65878421414894!3d10.761267892331817!2m3!1f0!2f0!3f0!3m2!1i1024!2i768!4f13.1!3m3!1m2!1s0x31752eee57b61a29%3A0x1e33f6a4079306e6!2zMzU2IFTDom4gUGjGsOG7m2MsIFBoxrDhu51uZyA3LCBRdeG6rW4gMTAsIEjhu5MgQ2jDrSBNaW5oLCBWaWV0bmFt!5e0!3m2!1sen!2s!4v1536859667886\" width=\"1200\" height=\"400\" frameborder=\"1\" allowfullscreen=\"allowfullscreen\"><\/iframe><\/p>\n\t\t<\/div>\n\t\t\t\t\t<\/div>\n\n\t\n<\/div>\n\t\t<\/div>\n\n\t\t\n<style>\n#section_1082902015 {\n  padding-top: 0px;\n  padding-bottom: 0px;\n  min-height: 300px;\n  background-color: rgb(255, 255, 255);\n}\n<\/style>\n\t<\/section>","protected":false},"excerpt":{"rendered":"","protected":false},"author":2,"featured_media":0,"parent":0,"menu_order":0,"comment_status":"closed","ping_status":"closed","template":"page-blank.php","meta":{"footnotes":""},"class_list":["post-14","page","type-page","status-publish","hentry"],"yoast_head":"<!-- This site is optimized with the Yoast SEO plugin v27.4 - https:\/\/yoast.com\/product\/yoast-seo-wordpress\/ -->\n<title>Li\u00ean H\u1ec7 Led Hi\u1ec7p Phong - LED Kirin<\/title>\n<meta name=\"description\" content=\"Qu\u00fd Kh\u00e1ch li\u00ean h\u1ec7 Led Hi\u1ec7p Phong vui L\u00f2ng g\u1ecdi \u0110i\u1ec7n tho\u1ea1i:\u00a0 0283.95.72.634\u00a0- 0908.300.707\u00a0- 0987.300.707. Ch\u00fang T\u00f4i s\u1ea3n xu\u1ea5t v\u00e0 ph\u00e2n ph\u1ed1i Module led, m\u00e0n h\u00ecnh led Kirin\" \/>\n<meta name=\"robots\" content=\"index, follow, max-snippet:-1, max-image-preview:large, max-video-preview:-1\" \/>\n<link rel=\"canonical\" href=\"https:\/\/kirinlight.com.vn\/zh\/lien-he\/\" \/>\n<meta property=\"og:locale\" content=\"zh_CN\" \/>\n<meta property=\"og:type\" content=\"article\" \/>\n<meta property=\"og:title\" content=\"Li\u00ean H\u1ec7 Led Hi\u1ec7p Phong - LED Kirin\" \/>\n<meta property=\"og:description\" content=\"Qu\u00fd Kh\u00e1ch li\u00ean h\u1ec7 Led Hi\u1ec7p Phong vui L\u00f2ng g\u1ecdi \u0110i\u1ec7n tho\u1ea1i:\u00a0 0283.95.72.634\u00a0- 0908.300.707\u00a0- 0987.300.707. Ch\u00fang T\u00f4i s\u1ea3n xu\u1ea5t v\u00e0 ph\u00e2n ph\u1ed1i Module led, m\u00e0n h\u00ecnh led Kirin\" \/>\n<meta property=\"og:url\" content=\"https:\/\/kirinlight.com.vn\/zh\/lien-he\/\" \/>\n<meta property=\"og:site_name\" content=\"LED Kirin\" \/>\n<meta property=\"article:modified_time\" content=\"2024-08-08T02:25:32+00:00\" \/>\n<meta name=\"twitter:card\" content=\"summary_large_image\" \/>\n<meta name=\"twitter:label1\" content=\"\u9884\u8ba1\u9605\u8bfb\u65f6\u95f4\" \/>\n\t<meta name=\"twitter:data1\" content=\"1 \u5206\" \/>\n<script type=\"application\/ld+json\" class=\"yoast-schema-graph\">{\"@context\":\"https:\\\/\\\/schema.org\",\"@graph\":[{\"@type\":\"WebPage\",\"@id\":\"https:\\\/\\\/kirinlight.com.vn\\\/lien-he\\\/\",\"url\":\"https:\\\/\\\/kirinlight.com.vn\\\/lien-he\\\/\",\"name\":\"Li\u00ean H\u1ec7 Led Hi\u1ec7p Phong - LED Kirin\",\"isPartOf\":{\"@id\":\"https:\\\/\\\/kirinlight.com.vn\\\/#website\"},\"datePublished\":\"2018-09-13T02:59:50+00:00\",\"dateModified\":\"2024-08-08T02:25:32+00:00\",\"description\":\"Qu\u00fd Kh\u00e1ch li\u00ean h\u1ec7 Led Hi\u1ec7p Phong vui L\u00f2ng g\u1ecdi \u0110i\u1ec7n tho\u1ea1i:\u00a0 0283.95.72.634\u00a0- 0908.300.707\u00a0- 0987.300.707. Ch\u00fang T\u00f4i s\u1ea3n xu\u1ea5t v\u00e0 ph\u00e2n ph\u1ed1i Module led, m\u00e0n h\u00ecnh led Kirin\",\"breadcrumb\":{\"@id\":\"https:\\\/\\\/kirinlight.com.vn\\\/lien-he\\\/#breadcrumb\"},\"inLanguage\":\"zh-Hans\",\"potentialAction\":[{\"@type\":\"ReadAction\",\"target\":[\"https:\\\/\\\/kirinlight.com.vn\\\/lien-he\\\/\"]}]},{\"@type\":\"BreadcrumbList\",\"@id\":\"https:\\\/\\\/kirinlight.com.vn\\\/lien-he\\\/#breadcrumb\",\"itemListElement\":[{\"@type\":\"ListItem\",\"position\":1,\"name\":\"Home\",\"item\":\"https:\\\/\\\/kirinlight.com.vn\\\/\"},{\"@type\":\"ListItem\",\"position\":2,\"name\":\"Li\u00ean H\u1ec7\"}]},{\"@type\":\"WebSite\",\"@id\":\"https:\\\/\\\/kirinlight.com.vn\\\/#website\",\"url\":\"https:\\\/\\\/kirinlight.com.vn\\\/\",\"name\":\"LED Kirin\",\"description\":\"M\u00e0n H\u00ecnh Led - Module Led C\u00f4ng Ngh\u1ec7 Cao\",\"potentialAction\":[{\"@type\":\"SearchAction\",\"target\":{\"@type\":\"EntryPoint\",\"urlTemplate\":\"https:\\\/\\\/kirinlight.com.vn\\\/?s={search_term_string}\"},\"query-input\":{\"@type\":\"PropertyValueSpecification\",\"valueRequired\":true,\"valueName\":\"search_term_string\"}}],\"inLanguage\":\"zh-Hans\"}]}<\/script>\n<!-- \/ Yoast SEO plugin. -->","yoast_head_json":{"title":"Li\u00ean H\u1ec7 Led Hi\u1ec7p Phong - LED Kirin","description":"Qu\u00fd Kh\u00e1ch li\u00ean h\u1ec7 Led Hi\u1ec7p Phong vui L\u00f2ng g\u1ecdi \u0110i\u1ec7n tho\u1ea1i:\u00a0 0283.95.72.634\u00a0- 0908.300.707\u00a0- 0987.300.707. Ch\u00fang T\u00f4i s\u1ea3n xu\u1ea5t v\u00e0 ph\u00e2n ph\u1ed1i Module led, m\u00e0n h\u00ecnh led Kirin","robots":{"index":"index","follow":"follow","max-snippet":"max-snippet:-1","max-image-preview":"max-image-preview:large","max-video-preview":"max-video-preview:-1"},"canonical":"https:\/\/kirinlight.com.vn\/zh\/lien-he\/","og_locale":"zh_CN","og_type":"article","og_title":"Li\u00ean H\u1ec7 Led Hi\u1ec7p Phong - LED Kirin","og_description":"Qu\u00fd Kh\u00e1ch li\u00ean h\u1ec7 Led Hi\u1ec7p Phong vui L\u00f2ng g\u1ecdi \u0110i\u1ec7n tho\u1ea1i:\u00a0 0283.95.72.634\u00a0- 0908.300.707\u00a0- 0987.300.707. Ch\u00fang T\u00f4i s\u1ea3n xu\u1ea5t v\u00e0 ph\u00e2n ph\u1ed1i Module led, m\u00e0n h\u00ecnh led Kirin","og_url":"https:\/\/kirinlight.com.vn\/zh\/lien-he\/","og_site_name":"LED Kirin","article_modified_time":"2024-08-08T02:25:32+00:00","twitter_card":"summary_large_image","twitter_misc":{"\u9884\u8ba1\u9605\u8bfb\u65f6\u95f4":"1 \u5206"},"schema":{"@context":"https:\/\/schema.org","@graph":[{"@type":"WebPage","@id":"https:\/\/kirinlight.com.vn\/lien-he\/","url":"https:\/\/kirinlight.com.vn\/lien-he\/","name":"Li\u00ean H\u1ec7 Led Hi\u1ec7p Phong - LED Kirin","isPartOf":{"@id":"https:\/\/kirinlight.com.vn\/#website"},"datePublished":"2018-09-13T02:59:50+00:00","dateModified":"2024-08-08T02:25:32+00:00","description":"Qu\u00fd Kh\u00e1ch li\u00ean h\u1ec7 Led Hi\u1ec7p Phong vui L\u00f2ng g\u1ecdi \u0110i\u1ec7n tho\u1ea1i:\u00a0 0283.95.72.634\u00a0- 0908.300.707\u00a0- 0987.300.707. Ch\u00fang T\u00f4i s\u1ea3n xu\u1ea5t v\u00e0 ph\u00e2n ph\u1ed1i Module led, m\u00e0n h\u00ecnh led Kirin","breadcrumb":{"@id":"https:\/\/kirinlight.com.vn\/lien-he\/#breadcrumb"},"inLanguage":"zh-Hans","potentialAction":[{"@type":"ReadAction","target":["https:\/\/kirinlight.com.vn\/lien-he\/"]}]},{"@type":"BreadcrumbList","@id":"https:\/\/kirinlight.com.vn\/lien-he\/#breadcrumb","itemListElement":[{"@type":"ListItem","position":1,"name":"Home","item":"https:\/\/kirinlight.com.vn\/"},{"@type":"ListItem","position":2,"name":"Li\u00ean H\u1ec7"}]},{"@type":"WebSite","@id":"https:\/\/kirinlight.com.vn\/#website","url":"https:\/\/kirinlight.com.vn\/","name":"\u9e92\u9e9fLED","description":"LED\u5c4f\u5e55 - \u9ad8\u79d1\u6280LED\u6a21\u5757","potentialAction":[{"@type":"SearchAction","target":{"@type":"EntryPoint","urlTemplate":"https:\/\/kirinlight.com.vn\/?s={search_term_string}"},"query-input":{"@type":"PropertyValueSpecification","valueRequired":true,"valueName":"search_term_string"}}],"inLanguage":"zh-Hans"}]}},"_links":{"self":[{"href":"https:\/\/kirinlight.com.vn\/zh\/wp-json\/wp\/v2\/pages\/14","targetHints":{"allow":["GET"]}}],"collection":[{"href":"https:\/\/kirinlight.com.vn\/zh\/wp-json\/wp\/v2\/pages"}],"about":[{"href":"https:\/\/kirinlight.com.vn\/zh\/wp-json\/wp\/v2\/types\/page"}],"author":[{"embeddable":true,"href":"https:\/\/kirinlight.com.vn\/zh\/wp-json\/wp\/v2\/users\/2"}],"replies":[{"embeddable":true,"href":"https:\/\/kirinlight.com.vn\/zh\/wp-json\/wp\/v2\/comments?post=14"}],"version-history":[{"count":37,"href":"https:\/\/kirinlight.com.vn\/zh\/wp-json\/wp\/v2\/pages\/14\/revisions"}],"predecessor-version":[{"id":1725,"href":"https:\/\/kirinlight.com.vn\/zh\/wp-json\/wp\/v2\/pages\/14\/revisions\/1725"}],"wp:attachment":[{"href":"https:\/\/kirinlight.com.vn\/zh\/wp-json\/wp\/v2\/media?parent=14"}],"curies":[{"name":"wp","href":"https:\/\/api.w.org\/{rel}","templated":true}]}}