{"id":1603,"date":"2023-06-02T02:51:05","date_gmt":"2023-06-02T01:51:05","guid":{"rendered":"https:\/\/kirinlight.com.vn\/?page_id=1603"},"modified":"2023-06-02T02:51:05","modified_gmt":"2023-06-02T01:51:05","slug":"chinh-sach-van-chuyen","status":"publish","type":"page","link":"https:\/\/kirinlight.com.vn\/zh\/chinh-sach-van-chuyen\/","title":{"rendered":"Ch\u00ednh S\u00e1ch V\u1eadn Chuy\u1ec3n"},"content":{"rendered":"<h3><strong>\u8fd0\u9001\u65f6\u95f4<\/strong><\/h3>\n<p>\u8fd0\u9001\u65f6\u95f4\u5c06\u6839\u636e\u5177\u4f53\u7701\u4efd\u548c\u5730\u533a\u4f4d\u7f6e\u800c\u5b9a\u3002\u901a\u5e38\uff0c\u6211\u4eec\u63d0\u4f9b\u7684\u9884\u8ba1\u8fd0\u9001\u65f6\u95f4\u5982\u4e0b<\/p>\n<ul>\n<li>\u80e1\u5fd7\u660e\u5e02\u8def\u7ebf\uff1a\u7cfb\u7edf\u7535\u8bdd\u786e\u8ba4\u540e1-3\u5929\u9001\u8fbe<\/li>\n<li>\u80e1\u5fd7\u660e\u5e02\u90ca\u533a\u8def\u7ebf\uff1a\u7cfb\u7edf\u7535\u8bdd\u786e\u8ba4\u540e2-4\u5929\u9001\u8fbe<\/li>\n<li>\u5c98\u6e2f\u3001\u4e2d\u90e8\u8def\u7ebf\uff1a\u7cfb\u7edf\u7535\u8bdd\u786e\u8ba4\u540e2-5\u5929\u5185\u9001\u8fbe<\/li>\n<li>\u5176\u4ed6\u57ce\u5e02\uff1a\u7cfb\u7edf\u7535\u8bdd\u786e\u8ba4\u540e2-7\u5929\u5185\u9001\u8fbe<\/li>\n<\/ul>\n<p>\u9001\u8d27\u65f6\u95f4\u4e0d\u5305\u62ec\u5468\u516d\u3001\u5468\u65e5\u6216\u8282\u5047\u65e5\u3002<\/p>\n<h3><strong>\u4e00\u4e2a\u8ba2\u5355\u53ef\u4ee5\u914d\u9001\u51e0\u6b21\uff1f<\/strong><\/h3>\n<p>\u8ba2\u5355\u6700\u591a\u53ef\u914d\u90013\u6b21\uff08\u82e5\u7b2c\u4e00\u6b21\u914d\u9001\u4e0d\u6210\u529f\uff0c\u914d\u9001\u4eba\u5458\u5c06\u4e8e1-2\u4e2a\u5de5\u4f5c\u65e5\u540e\u518d\u6b21\u8054\u7cfb\u60a8\u8fdb\u884c\u7b2c2\u6b21\u53ca\u7b2c3\u6b21\u914d\u9001\uff0c3\u6b21\u914d\u9001\u4e0d\u6210\u529f\u540e\u8ba2\u5355\u5c06\u88ab\u53d6\u6d88\uff09<\/p>\n<h3><strong>\u67e5\u770b\u8ba2\u5355\u72b6\u6001<\/strong><\/h3>\n<p>\u5982\u9700\u67e5\u8be2\u4fe1\u606f\u6216\u8ba2\u5355\u72b6\u6001\uff0c\u8bf7\u76f4\u63a5\u8054\u7cfb Led Hiep Phong \u4ee5\u83b7\u5f97\u6700\u5feb\u7684\u652f\u6301\u3002\u9884\u8ba1\u65f6\u95f4\u5df2\u5728\u4e0a\u65b9\u6ce8\u660e\u3002<\/p>\n<ul>\n<li><strong>\u5e97\u94fa\uff1a<\/strong>\u00a0\u80e1\u5fd7\u660e\u5e02\u7b2c 10 \u533a\u7b2c 7 \u533a Tan Phuoc 356 \u53f7\u3002\u00a0<b>0908 300 707 \u2013 0987 300 707<\/b><\/li>\n<li><strong>\u603b\u516c\u53f8<\/strong>\uff1a 326\/5 Tan Phuoc\uff0c\u80e1\u5fd7\u660e\u5e02\u7b2c 10 \u533a\u7b2c 7 \u533a\u3002\u00a0<b>\u7535\u8bdd\uff1a0283.957.2634<\/b><\/li>\n<\/ul>\n<h3><strong>\u6536\u5230\u4ea7\u54c1\u540e\u6211\u80fd\u770b\u5230\u5b83\u5417\uff1f<\/strong><\/h3>\n<p>\u4e3a\u4e86\u6ee1\u8db3\u5ba2\u6237\u7684\u5229\u76ca\uff0cLed Hiep Phong \u652f\u6301\u5728\u6536\u5230\u8d27\u7269\u540e\u7acb\u5373\u67e5\u770b\u548c\u68c0\u67e5\u8d27\u7269\u7684\u653f\u7b56\u3002Led Hiep Phong \u9f13\u52b1\u5ba2\u6237\u4ed4\u7ec6\u68c0\u67e5\u8d27\u7269\uff08\u6570\u91cf\u3001\u989c\u8272\u3001\u7c7b\u578b\u3001\u4ea7\u54c1\u5916\u89c2\u7b49\uff09\u3002<\/p>\n<p><strong>\u7b14\u8bb0\uff1a<\/strong>\u00a0\u8bf7\u52ff\u62c6\u9664\u4ea7\u54c1\u5bc6\u5c01\u3002\u5982\u6709\u4efb\u4f55\u7591\u95ee\uff0c\u8bf7\u7acb\u5373\u81f4\u7535\u70ed\u7ebf 0908.300.707 \u83b7\u53d6\u53ca\u65f6\u652f\u6301\u3002<\/p>","protected":false},"excerpt":{"rendered":"<p>Th\u1eddi gian v\u1eadn chuy\u1ec3n Th\u1eddi gian v\u1eadn chuy\u1ec3n s\u1ebd d\u1ef1a tr\u00ean v\u1ecb tr\u00ed t\u1ec9nh th\u00e0nh v\u00e0 khu v\u1ef1c c\u1ee5 th\u1ec3. Th\u00f4ng th\u01b0\u1eddng ch\u00fang t\u00f4i cung c\u1ea5p th\u1eddi gian v\u1eadn chuy\u1ec3n d\u1ef1 ki\u1ebfn nh\u01b0 b\u00ean d\u01b0\u1edbi Tuy\u1ebfn n\u1ed9i th\u00e0nh TPHCM:\u00a0 giao h\u00e0ng trong v\u00f2ng 1-3 ng\u00e0y k\u1ec3 t\u1eeb khi h\u1ec7 th\u1ed1ng x\u00e1c nh\u1eadn qua \u0111i\u1ec7n tho\u1ea1i [&#8230;]\n","protected":false},"author":2,"featured_media":0,"parent":0,"menu_order":0,"comment_status":"closed","ping_status":"closed","template":"page-right-sidebar.php","meta":{"footnotes":""},"class_list":["post-1603","page","type-page","status-publish","hentry"],"yoast_head":"<!-- This site is optimized with the Yoast SEO plugin v27.4 - https:\/\/yoast.com\/product\/yoast-seo-wordpress\/ -->\n<title>Ch\u00ednh S\u00e1ch V\u1eadn Chuy\u1ec3n - LED Kirin<\/title>\n<meta name=\"robots\" content=\"index, follow, max-snippet:-1, max-image-preview:large, max-video-preview:-1\" \/>\n<link rel=\"canonical\" href=\"https:\/\/kirinlight.com.vn\/zh\/chinh-sach-van-chuyen\/\" \/>\n<meta property=\"og:locale\" content=\"zh_CN\" \/>\n<meta property=\"og:type\" content=\"article\" \/>\n<meta property=\"og:title\" content=\"Ch\u00ednh S\u00e1ch V\u1eadn Chuy\u1ec3n - LED Kirin\" \/>\n<meta property=\"og:description\" content=\"Th\u1eddi gian v\u1eadn chuy\u1ec3n Th\u1eddi gian v\u1eadn chuy\u1ec3n s\u1ebd d\u1ef1a tr\u00ean v\u1ecb tr\u00ed t\u1ec9nh th\u00e0nh v\u00e0 khu v\u1ef1c c\u1ee5 th\u1ec3. Th\u00f4ng th\u01b0\u1eddng ch\u00fang t\u00f4i cung c\u1ea5p th\u1eddi gian v\u1eadn chuy\u1ec3n d\u1ef1 ki\u1ebfn nh\u01b0 b\u00ean d\u01b0\u1edbi Tuy\u1ebfn n\u1ed9i th\u00e0nh TPHCM:\u00a0 giao h\u00e0ng trong v\u00f2ng 1-3 ng\u00e0y k\u1ec3 t\u1eeb khi h\u1ec7 th\u1ed1ng x\u00e1c nh\u1eadn qua \u0111i\u1ec7n tho\u1ea1i [...]\" \/>\n<meta property=\"og:url\" content=\"https:\/\/kirinlight.com.vn\/zh\/chinh-sach-van-chuyen\/\" \/>\n<meta property=\"og:site_name\" content=\"LED Kirin\" \/>\n<meta name=\"twitter:card\" content=\"summary_large_image\" \/>\n<meta name=\"twitter:label1\" content=\"\u9884\u8ba1\u9605\u8bfb\u65f6\u95f4\" \/>\n\t<meta name=\"twitter:data1\" content=\"2 \u5206\" \/>\n<script type=\"application\/ld+json\" class=\"yoast-schema-graph\">{\"@context\":\"https:\\\/\\\/schema.org\",\"@graph\":[{\"@type\":\"WebPage\",\"@id\":\"https:\\\/\\\/kirinlight.com.vn\\\/chinh-sach-van-chuyen\\\/\",\"url\":\"https:\\\/\\\/kirinlight.com.vn\\\/chinh-sach-van-chuyen\\\/\",\"name\":\"Ch\u00ednh S\u00e1ch V\u1eadn Chuy\u1ec3n - LED Kirin\",\"isPartOf\":{\"@id\":\"https:\\\/\\\/kirinlight.com.vn\\\/#website\"},\"datePublished\":\"2023-06-02T01:51:05+00:00\",\"breadcrumb\":{\"@id\":\"https:\\\/\\\/kirinlight.com.vn\\\/chinh-sach-van-chuyen\\\/#breadcrumb\"},\"inLanguage\":\"zh-Hans\",\"potentialAction\":[{\"@type\":\"ReadAction\",\"target\":[\"https:\\\/\\\/kirinlight.com.vn\\\/chinh-sach-van-chuyen\\\/\"]}]},{\"@type\":\"BreadcrumbList\",\"@id\":\"https:\\\/\\\/kirinlight.com.vn\\\/chinh-sach-van-chuyen\\\/#breadcrumb\",\"itemListElement\":[{\"@type\":\"ListItem\",\"position\":1,\"name\":\"Home\",\"item\":\"https:\\\/\\\/kirinlight.com.vn\\\/\"},{\"@type\":\"ListItem\",\"position\":2,\"name\":\"Ch\u00ednh S\u00e1ch V\u1eadn Chuy\u1ec3n\"}]},{\"@type\":\"WebSite\",\"@id\":\"https:\\\/\\\/kirinlight.com.vn\\\/#website\",\"url\":\"https:\\\/\\\/kirinlight.com.vn\\\/\",\"name\":\"LED Kirin\",\"description\":\"M\u00e0n H\u00ecnh Led - Module Led C\u00f4ng Ngh\u1ec7 Cao\",\"potentialAction\":[{\"@type\":\"SearchAction\",\"target\":{\"@type\":\"EntryPoint\",\"urlTemplate\":\"https:\\\/\\\/kirinlight.com.vn\\\/?s={search_term_string}\"},\"query-input\":{\"@type\":\"PropertyValueSpecification\",\"valueRequired\":true,\"valueName\":\"search_term_string\"}}],\"inLanguage\":\"zh-Hans\"}]}<\/script>\n<!-- \/ Yoast SEO plugin. -->","yoast_head_json":{"title":"Ch\u00ednh S\u00e1ch V\u1eadn Chuy\u1ec3n - LED Kirin","robots":{"index":"index","follow":"follow","max-snippet":"max-snippet:-1","max-image-preview":"max-image-preview:large","max-video-preview":"max-video-preview:-1"},"canonical":"https:\/\/kirinlight.com.vn\/zh\/chinh-sach-van-chuyen\/","og_locale":"zh_CN","og_type":"article","og_title":"Ch\u00ednh S\u00e1ch V\u1eadn Chuy\u1ec3n - LED Kirin","og_description":"Th\u1eddi gian v\u1eadn chuy\u1ec3n Th\u1eddi gian v\u1eadn chuy\u1ec3n s\u1ebd d\u1ef1a tr\u00ean v\u1ecb tr\u00ed t\u1ec9nh th\u00e0nh v\u00e0 khu v\u1ef1c c\u1ee5 th\u1ec3. Th\u00f4ng th\u01b0\u1eddng ch\u00fang t\u00f4i cung c\u1ea5p th\u1eddi gian v\u1eadn chuy\u1ec3n d\u1ef1 ki\u1ebfn nh\u01b0 b\u00ean d\u01b0\u1edbi Tuy\u1ebfn n\u1ed9i th\u00e0nh TPHCM:\u00a0 giao h\u00e0ng trong v\u00f2ng 1-3 ng\u00e0y k\u1ec3 t\u1eeb khi h\u1ec7 th\u1ed1ng x\u00e1c nh\u1eadn qua \u0111i\u1ec7n tho\u1ea1i [...]","og_url":"https:\/\/kirinlight.com.vn\/zh\/chinh-sach-van-chuyen\/","og_site_name":"LED Kirin","twitter_card":"summary_large_image","twitter_misc":{"\u9884\u8ba1\u9605\u8bfb\u65f6\u95f4":"2 \u5206"},"schema":{"@context":"https:\/\/schema.org","@graph":[{"@type":"WebPage","@id":"https:\/\/kirinlight.com.vn\/chinh-sach-van-chuyen\/","url":"https:\/\/kirinlight.com.vn\/chinh-sach-van-chuyen\/","name":"Ch\u00ednh S\u00e1ch V\u1eadn Chuy\u1ec3n - LED Kirin","isPartOf":{"@id":"https:\/\/kirinlight.com.vn\/#website"},"datePublished":"2023-06-02T01:51:05+00:00","breadcrumb":{"@id":"https:\/\/kirinlight.com.vn\/chinh-sach-van-chuyen\/#breadcrumb"},"inLanguage":"zh-Hans","potentialAction":[{"@type":"ReadAction","target":["https:\/\/kirinlight.com.vn\/chinh-sach-van-chuyen\/"]}]},{"@type":"BreadcrumbList","@id":"https:\/\/kirinlight.com.vn\/chinh-sach-van-chuyen\/#breadcrumb","itemListElement":[{"@type":"ListItem","position":1,"name":"Home","item":"https:\/\/kirinlight.com.vn\/"},{"@type":"ListItem","position":2,"name":"Ch\u00ednh S\u00e1ch V\u1eadn Chuy\u1ec3n"}]},{"@type":"WebSite","@id":"https:\/\/kirinlight.com.vn\/#website","url":"https:\/\/kirinlight.com.vn\/","name":"\u9e92\u9e9fLED","description":"LED\u5c4f\u5e55 - \u9ad8\u79d1\u6280LED\u6a21\u5757","potentialAction":[{"@type":"SearchAction","target":{"@type":"EntryPoint","urlTemplate":"https:\/\/kirinlight.com.vn\/?s={search_term_string}"},"query-input":{"@type":"PropertyValueSpecification","valueRequired":true,"valueName":"search_term_string"}}],"inLanguage":"zh-Hans"}]}},"_links":{"self":[{"href":"https:\/\/kirinlight.com.vn\/zh\/wp-json\/wp\/v2\/pages\/1603","targetHints":{"allow":["GET"]}}],"collection":[{"href":"https:\/\/kirinlight.com.vn\/zh\/wp-json\/wp\/v2\/pages"}],"about":[{"href":"https:\/\/kirinlight.com.vn\/zh\/wp-json\/wp\/v2\/types\/page"}],"author":[{"embeddable":true,"href":"https:\/\/kirinlight.com.vn\/zh\/wp-json\/wp\/v2\/users\/2"}],"replies":[{"embeddable":true,"href":"https:\/\/kirinlight.com.vn\/zh\/wp-json\/wp\/v2\/comments?post=1603"}],"version-history":[{"count":1,"href":"https:\/\/kirinlight.com.vn\/zh\/wp-json\/wp\/v2\/pages\/1603\/revisions"}],"predecessor-version":[{"id":1604,"href":"https:\/\/kirinlight.com.vn\/zh\/wp-json\/wp\/v2\/pages\/1603\/revisions\/1604"}],"wp:attachment":[{"href":"https:\/\/kirinlight.com.vn\/zh\/wp-json\/wp\/v2\/media?parent=1603"}],"curies":[{"name":"wp","href":"https:\/\/api.w.org\/{rel}","templated":true}]}}