{"id":1699,"date":"2024-07-23T09:04:45","date_gmt":"2024-07-23T08:04:45","guid":{"rendered":"https:\/\/kirinlight.com.vn\/?page_id=1699"},"modified":"2025-07-19T13:25:52","modified_gmt":"2025-07-19T06:25:52","slug":"catalogue-bo-xu-ly-vc4","status":"publish","type":"page","link":"https:\/\/kirinlight.com.vn\/zh\/catalogue\/catalogue-bo-xu-ly-vc4\/","title":{"rendered":"VC4 \u5904\u7406\u5668\u76ee\u5f55"},"content":{"rendered":"<p><img loading=\"lazy\" decoding=\"async\" class=\"alignnone size-full wp-image-1705\" src=\"https:\/\/kirinlight.com.vn\/wp-content\/uploads\/2024\/07\/6.2-CATALOGUE-Bo-xu-ly-VC4_page-0001-scaled.webp\" alt=\"\" width=\"1810\" height=\"2560\" \/> <img loading=\"lazy\" decoding=\"async\" class=\"alignnone size-full wp-image-1706\" src=\"https:\/\/kirinlight.com.vn\/wp-content\/uploads\/2024\/07\/6.2-CATALOGUE-Bo-xu-ly-VC4_page-0002-scaled.webp\" alt=\"\" width=\"1810\" height=\"2560\" srcset=\"https:\/\/kirinlight.com.vn\/wp-content\/uploads\/2024\/07\/6.2-CATALOGUE-Bo-xu-ly-VC4_page-0002-scaled.webp 1810w, https:\/\/kirinlight.com.vn\/wp-content\/uploads\/2024\/07\/6.2-CATALOGUE-Bo-xu-ly-VC4_page-0002-scaled-510x721.webp 510w, https:\/\/kirinlight.com.vn\/wp-content\/uploads\/2024\/07\/6.2-CATALOGUE-Bo-xu-ly-VC4_page-0002-212x300.webp 212w, https:\/\/kirinlight.com.vn\/wp-content\/uploads\/2024\/07\/6.2-CATALOGUE-Bo-xu-ly-VC4_page-0002-724x1024.webp 724w, https:\/\/kirinlight.com.vn\/wp-content\/uploads\/2024\/07\/6.2-CATALOGUE-Bo-xu-ly-VC4_page-0002-768x1086.webp 768w, https:\/\/kirinlight.com.vn\/wp-content\/uploads\/2024\/07\/6.2-CATALOGUE-Bo-xu-ly-VC4_page-0002-1086x1536.webp 1086w, https:\/\/kirinlight.com.vn\/wp-content\/uploads\/2024\/07\/6.2-CATALOGUE-Bo-xu-ly-VC4_page-0002-1448x2048.webp 1448w, https:\/\/kirinlight.com.vn\/wp-content\/uploads\/2024\/07\/6.2-CATALOGUE-Bo-xu-ly-VC4_page-0002-8x12.webp 8w\" sizes=\"auto, (max-width: 1810px) 100vw, 1810px\" \/> <img loading=\"lazy\" decoding=\"async\" class=\"alignnone size-full wp-image-1707\" src=\"https:\/\/kirinlight.com.vn\/wp-content\/uploads\/2024\/07\/6.2-CATALOGUE-Bo-xu-ly-VC4_page-0003-scaled.webp\" alt=\"\" width=\"1810\" height=\"2560\" srcset=\"https:\/\/kirinlight.com.vn\/wp-content\/uploads\/2024\/07\/6.2-CATALOGUE-Bo-xu-ly-VC4_page-0003-scaled.webp 1810w, https:\/\/kirinlight.com.vn\/wp-content\/uploads\/2024\/07\/6.2-CATALOGUE-Bo-xu-ly-VC4_page-0003-scaled-510x721.webp 510w, https:\/\/kirinlight.com.vn\/wp-content\/uploads\/2024\/07\/6.2-CATALOGUE-Bo-xu-ly-VC4_page-0003-212x300.webp 212w, https:\/\/kirinlight.com.vn\/wp-content\/uploads\/2024\/07\/6.2-CATALOGUE-Bo-xu-ly-VC4_page-0003-724x1024.webp 724w, https:\/\/kirinlight.com.vn\/wp-content\/uploads\/2024\/07\/6.2-CATALOGUE-Bo-xu-ly-VC4_page-0003-768x1086.webp 768w, https:\/\/kirinlight.com.vn\/wp-content\/uploads\/2024\/07\/6.2-CATALOGUE-Bo-xu-ly-VC4_page-0003-1086x1536.webp 1086w, https:\/\/kirinlight.com.vn\/wp-content\/uploads\/2024\/07\/6.2-CATALOGUE-Bo-xu-ly-VC4_page-0003-1448x2048.webp 1448w, https:\/\/kirinlight.com.vn\/wp-content\/uploads\/2024\/07\/6.2-CATALOGUE-Bo-xu-ly-VC4_page-0003-8x12.webp 8w\" sizes=\"auto, (max-width: 1810px) 100vw, 1810px\" \/> <img loading=\"lazy\" decoding=\"async\" class=\"alignnone size-full wp-image-1708\" src=\"https:\/\/kirinlight.com.vn\/wp-content\/uploads\/2024\/07\/6.2-CATALOGUE-Bo-xu-ly-VC4_page-0004-scaled.webp\" alt=\"\" width=\"1810\" height=\"2560\" srcset=\"https:\/\/kirinlight.com.vn\/wp-content\/uploads\/2024\/07\/6.2-CATALOGUE-Bo-xu-ly-VC4_page-0004-scaled.webp 1810w, https:\/\/kirinlight.com.vn\/wp-content\/uploads\/2024\/07\/6.2-CATALOGUE-Bo-xu-ly-VC4_page-0004-scaled-510x721.webp 510w, https:\/\/kirinlight.com.vn\/wp-content\/uploads\/2024\/07\/6.2-CATALOGUE-Bo-xu-ly-VC4_page-0004-212x300.webp 212w, https:\/\/kirinlight.com.vn\/wp-content\/uploads\/2024\/07\/6.2-CATALOGUE-Bo-xu-ly-VC4_page-0004-724x1024.webp 724w, https:\/\/kirinlight.com.vn\/wp-content\/uploads\/2024\/07\/6.2-CATALOGUE-Bo-xu-ly-VC4_page-0004-768x1086.webp 768w, https:\/\/kirinlight.com.vn\/wp-content\/uploads\/2024\/07\/6.2-CATALOGUE-Bo-xu-ly-VC4_page-0004-1086x1536.webp 1086w, https:\/\/kirinlight.com.vn\/wp-content\/uploads\/2024\/07\/6.2-CATALOGUE-Bo-xu-ly-VC4_page-0004-1448x2048.webp 1448w, https:\/\/kirinlight.com.vn\/wp-content\/uploads\/2024\/07\/6.2-CATALOGUE-Bo-xu-ly-VC4_page-0004-8x12.webp 8w\" sizes=\"auto, (max-width: 1810px) 100vw, 1810px\" \/> <img loading=\"lazy\" decoding=\"async\" class=\"alignnone size-full wp-image-1709\" src=\"https:\/\/kirinlight.com.vn\/wp-content\/uploads\/2024\/07\/6.2-CATALOGUE-Bo-xu-ly-VC4_page-0005-scaled.webp\" alt=\"\" width=\"1810\" height=\"2560\" srcset=\"https:\/\/kirinlight.com.vn\/wp-content\/uploads\/2024\/07\/6.2-CATALOGUE-Bo-xu-ly-VC4_page-0005-scaled.webp 1810w, https:\/\/kirinlight.com.vn\/wp-content\/uploads\/2024\/07\/6.2-CATALOGUE-Bo-xu-ly-VC4_page-0005-scaled-510x721.webp 510w, https:\/\/kirinlight.com.vn\/wp-content\/uploads\/2024\/07\/6.2-CATALOGUE-Bo-xu-ly-VC4_page-0005-212x300.webp 212w, https:\/\/kirinlight.com.vn\/wp-content\/uploads\/2024\/07\/6.2-CATALOGUE-Bo-xu-ly-VC4_page-0005-724x1024.webp 724w, https:\/\/kirinlight.com.vn\/wp-content\/uploads\/2024\/07\/6.2-CATALOGUE-Bo-xu-ly-VC4_page-0005-768x1086.webp 768w, https:\/\/kirinlight.com.vn\/wp-content\/uploads\/2024\/07\/6.2-CATALOGUE-Bo-xu-ly-VC4_page-0005-1086x1536.webp 1086w, https:\/\/kirinlight.com.vn\/wp-content\/uploads\/2024\/07\/6.2-CATALOGUE-Bo-xu-ly-VC4_page-0005-1448x2048.webp 1448w, https:\/\/kirinlight.com.vn\/wp-content\/uploads\/2024\/07\/6.2-CATALOGUE-Bo-xu-ly-VC4_page-0005-8x12.webp 8w\" sizes=\"auto, (max-width: 1810px) 100vw, 1810px\" \/> <img loading=\"lazy\" decoding=\"async\" class=\"alignnone size-full wp-image-1710\" src=\"https:\/\/kirinlight.com.vn\/wp-content\/uploads\/2024\/07\/6.2-CATALOGUE-Bo-xu-ly-VC4_page-0006-scaled.webp\" alt=\"\" width=\"1810\" height=\"2560\" srcset=\"https:\/\/kirinlight.com.vn\/wp-content\/uploads\/2024\/07\/6.2-CATALOGUE-Bo-xu-ly-VC4_page-0006-scaled.webp 1810w, https:\/\/kirinlight.com.vn\/wp-content\/uploads\/2024\/07\/6.2-CATALOGUE-Bo-xu-ly-VC4_page-0006-scaled-510x721.webp 510w, https:\/\/kirinlight.com.vn\/wp-content\/uploads\/2024\/07\/6.2-CATALOGUE-Bo-xu-ly-VC4_page-0006-212x300.webp 212w, https:\/\/kirinlight.com.vn\/wp-content\/uploads\/2024\/07\/6.2-CATALOGUE-Bo-xu-ly-VC4_page-0006-724x1024.webp 724w, https:\/\/kirinlight.com.vn\/wp-content\/uploads\/2024\/07\/6.2-CATALOGUE-Bo-xu-ly-VC4_page-0006-768x1086.webp 768w, https:\/\/kirinlight.com.vn\/wp-content\/uploads\/2024\/07\/6.2-CATALOGUE-Bo-xu-ly-VC4_page-0006-1086x1536.webp 1086w, https:\/\/kirinlight.com.vn\/wp-content\/uploads\/2024\/07\/6.2-CATALOGUE-Bo-xu-ly-VC4_page-0006-1448x2048.webp 1448w, https:\/\/kirinlight.com.vn\/wp-content\/uploads\/2024\/07\/6.2-CATALOGUE-Bo-xu-ly-VC4_page-0006-8x12.webp 8w\" sizes=\"auto, (max-width: 1810px) 100vw, 1810px\" \/> <img loading=\"lazy\" decoding=\"async\" class=\"alignnone size-full wp-image-1711\" src=\"https:\/\/kirinlight.com.vn\/wp-content\/uploads\/2024\/07\/6.2-CATALOGUE-Bo-xu-ly-VC4_page-0007-scaled.webp\" alt=\"\" width=\"1810\" height=\"2560\" srcset=\"https:\/\/kirinlight.com.vn\/wp-content\/uploads\/2024\/07\/6.2-CATALOGUE-Bo-xu-ly-VC4_page-0007-scaled.webp 1810w, https:\/\/kirinlight.com.vn\/wp-content\/uploads\/2024\/07\/6.2-CATALOGUE-Bo-xu-ly-VC4_page-0007-scaled-510x721.webp 510w, https:\/\/kirinlight.com.vn\/wp-content\/uploads\/2024\/07\/6.2-CATALOGUE-Bo-xu-ly-VC4_page-0007-212x300.webp 212w, https:\/\/kirinlight.com.vn\/wp-content\/uploads\/2024\/07\/6.2-CATALOGUE-Bo-xu-ly-VC4_page-0007-724x1024.webp 724w, https:\/\/kirinlight.com.vn\/wp-content\/uploads\/2024\/07\/6.2-CATALOGUE-Bo-xu-ly-VC4_page-0007-768x1086.webp 768w, https:\/\/kirinlight.com.vn\/wp-content\/uploads\/2024\/07\/6.2-CATALOGUE-Bo-xu-ly-VC4_page-0007-1086x1536.webp 1086w, https:\/\/kirinlight.com.vn\/wp-content\/uploads\/2024\/07\/6.2-CATALOGUE-Bo-xu-ly-VC4_page-0007-1448x2048.webp 1448w, https:\/\/kirinlight.com.vn\/wp-content\/uploads\/2024\/07\/6.2-CATALOGUE-Bo-xu-ly-VC4_page-0007-8x12.webp 8w\" sizes=\"auto, (max-width: 1810px) 100vw, 1810px\" \/> <img loading=\"lazy\" decoding=\"async\" class=\"alignnone size-full wp-image-1712\" src=\"https:\/\/kirinlight.com.vn\/wp-content\/uploads\/2024\/07\/6.2-CATALOGUE-Bo-xu-ly-VC4_page-0008-scaled.webp\" alt=\"\" width=\"1810\" height=\"2560\" srcset=\"https:\/\/kirinlight.com.vn\/wp-content\/uploads\/2024\/07\/6.2-CATALOGUE-Bo-xu-ly-VC4_page-0008-scaled.webp 1810w, https:\/\/kirinlight.com.vn\/wp-content\/uploads\/2024\/07\/6.2-CATALOGUE-Bo-xu-ly-VC4_page-0008-scaled-510x721.webp 510w, https:\/\/kirinlight.com.vn\/wp-content\/uploads\/2024\/07\/6.2-CATALOGUE-Bo-xu-ly-VC4_page-0008-212x300.webp 212w, https:\/\/kirinlight.com.vn\/wp-content\/uploads\/2024\/07\/6.2-CATALOGUE-Bo-xu-ly-VC4_page-0008-724x1024.webp 724w, https:\/\/kirinlight.com.vn\/wp-content\/uploads\/2024\/07\/6.2-CATALOGUE-Bo-xu-ly-VC4_page-0008-768x1086.webp 768w, https:\/\/kirinlight.com.vn\/wp-content\/uploads\/2024\/07\/6.2-CATALOGUE-Bo-xu-ly-VC4_page-0008-1086x1536.webp 1086w, https:\/\/kirinlight.com.vn\/wp-content\/uploads\/2024\/07\/6.2-CATALOGUE-Bo-xu-ly-VC4_page-0008-1448x2048.webp 1448w, https:\/\/kirinlight.com.vn\/wp-content\/uploads\/2024\/07\/6.2-CATALOGUE-Bo-xu-ly-VC4_page-0008-8x12.webp 8w\" sizes=\"auto, (max-width: 1810px) 100vw, 1810px\" \/><\/p>","protected":false},"excerpt":{"rendered":"","protected":false},"author":2,"featured_media":1705,"parent":1735,"menu_order":0,"comment_status":"closed","ping_status":"closed","template":"","meta":{"footnotes":""},"class_list":["post-1699","page","type-page","status-publish","has-post-thumbnail","hentry"],"yoast_head":"<!-- This site is optimized with the Yoast SEO plugin v27.4 - https:\/\/yoast.com\/product\/yoast-seo-wordpress\/ -->\n<title>CATALOGUE B\u1ed8 X\u1eec L\u00dd VC4 - LED Kirin<\/title>\n<meta name=\"robots\" content=\"index, follow, max-snippet:-1, max-image-preview:large, max-video-preview:-1\" \/>\n<link rel=\"canonical\" href=\"https:\/\/kirinlight.com.vn\/zh\/catalogue\/catalogue-bo-xu-ly-vc4\/\" \/>\n<meta property=\"og:locale\" content=\"zh_CN\" \/>\n<meta property=\"og:type\" content=\"article\" \/>\n<meta property=\"og:title\" content=\"CATALOGUE B\u1ed8 X\u1eec L\u00dd VC4 - LED Kirin\" \/>\n<meta property=\"og:url\" content=\"https:\/\/kirinlight.com.vn\/zh\/catalogue\/catalogue-bo-xu-ly-vc4\/\" \/>\n<meta property=\"og:site_name\" content=\"LED Kirin\" \/>\n<meta property=\"article:modified_time\" content=\"2025-07-19T06:25:52+00:00\" \/>\n<meta property=\"og:image\" content=\"https:\/\/kirinlight.com.vn\/wp-content\/uploads\/2024\/07\/6.2-CATALOGUE-Bo-xu-ly-VC4_page-0001-scaled.webp\" \/>\n\t<meta property=\"og:image:width\" content=\"1810\" \/>\n\t<meta property=\"og:image:height\" content=\"2560\" \/>\n\t<meta property=\"og:image:type\" content=\"image\/webp\" \/>\n<meta name=\"twitter:card\" content=\"summary_large_image\" \/>\n<meta name=\"twitter:label1\" content=\"\u9884\u8ba1\u9605\u8bfb\u65f6\u95f4\" \/>\n\t<meta name=\"twitter:data1\" content=\"2 \u5206\" \/>\n<script type=\"application\/ld+json\" class=\"yoast-schema-graph\">{\"@context\":\"https:\\\/\\\/schema.org\",\"@graph\":[{\"@type\":\"WebPage\",\"@id\":\"https:\\\/\\\/kirinlight.com.vn\\\/catalogue\\\/catalogue-bo-xu-ly-vc4\\\/\",\"url\":\"https:\\\/\\\/kirinlight.com.vn\\\/catalogue\\\/catalogue-bo-xu-ly-vc4\\\/\",\"name\":\"CATALOGUE B\u1ed8 X\u1eec L\u00dd VC4 - LED Kirin\",\"isPartOf\":{\"@id\":\"https:\\\/\\\/kirinlight.com.vn\\\/#website\"},\"primaryImageOfPage\":{\"@id\":\"https:\\\/\\\/kirinlight.com.vn\\\/catalogue\\\/catalogue-bo-xu-ly-vc4\\\/#primaryimage\"},\"image\":{\"@id\":\"https:\\\/\\\/kirinlight.com.vn\\\/catalogue\\\/catalogue-bo-xu-ly-vc4\\\/#primaryimage\"},\"thumbnailUrl\":\"https:\\\/\\\/kirinlight.com.vn\\\/wp-content\\\/uploads\\\/2024\\\/07\\\/6.2-CATALOGUE-Bo-xu-ly-VC4_page-0001-scaled.webp\",\"datePublished\":\"2024-07-23T08:04:45+00:00\",\"dateModified\":\"2025-07-19T06:25:52+00:00\",\"breadcrumb\":{\"@id\":\"https:\\\/\\\/kirinlight.com.vn\\\/catalogue\\\/catalogue-bo-xu-ly-vc4\\\/#breadcrumb\"},\"inLanguage\":\"zh-Hans\",\"potentialAction\":[{\"@type\":\"ReadAction\",\"target\":[\"https:\\\/\\\/kirinlight.com.vn\\\/catalogue\\\/catalogue-bo-xu-ly-vc4\\\/\"]}]},{\"@type\":\"ImageObject\",\"inLanguage\":\"zh-Hans\",\"@id\":\"https:\\\/\\\/kirinlight.com.vn\\\/catalogue\\\/catalogue-bo-xu-ly-vc4\\\/#primaryimage\",\"url\":\"https:\\\/\\\/kirinlight.com.vn\\\/wp-content\\\/uploads\\\/2024\\\/07\\\/6.2-CATALOGUE-Bo-xu-ly-VC4_page-0001-scaled.webp\",\"contentUrl\":\"https:\\\/\\\/kirinlight.com.vn\\\/wp-content\\\/uploads\\\/2024\\\/07\\\/6.2-CATALOGUE-Bo-xu-ly-VC4_page-0001-scaled.webp\",\"width\":1810,\"height\":2560},{\"@type\":\"BreadcrumbList\",\"@id\":\"https:\\\/\\\/kirinlight.com.vn\\\/catalogue\\\/catalogue-bo-xu-ly-vc4\\\/#breadcrumb\",\"itemListElement\":[{\"@type\":\"ListItem\",\"position\":1,\"name\":\"Home\",\"item\":\"https:\\\/\\\/kirinlight.com.vn\\\/\"},{\"@type\":\"ListItem\",\"position\":2,\"name\":\"CATALOGUE\",\"item\":\"https:\\\/\\\/kirinlight.com.vn\\\/catalogue\\\/\"},{\"@type\":\"ListItem\",\"position\":3,\"name\":\"CATALOGUE B\u1ed8 X\u1eec L\u00dd VC4\"}]},{\"@type\":\"WebSite\",\"@id\":\"https:\\\/\\\/kirinlight.com.vn\\\/#website\",\"url\":\"https:\\\/\\\/kirinlight.com.vn\\\/\",\"name\":\"LED Kirin\",\"description\":\"M\u00e0n H\u00ecnh Led - Module Led C\u00f4ng Ngh\u1ec7 Cao\",\"potentialAction\":[{\"@type\":\"SearchAction\",\"target\":{\"@type\":\"EntryPoint\",\"urlTemplate\":\"https:\\\/\\\/kirinlight.com.vn\\\/?s={search_term_string}\"},\"query-input\":{\"@type\":\"PropertyValueSpecification\",\"valueRequired\":true,\"valueName\":\"search_term_string\"}}],\"inLanguage\":\"zh-Hans\"}]}<\/script>\n<!-- \/ Yoast SEO plugin. -->","yoast_head_json":{"title":"CATALOGUE B\u1ed8 X\u1eec L\u00dd VC4 - LED Kirin","robots":{"index":"index","follow":"follow","max-snippet":"max-snippet:-1","max-image-preview":"max-image-preview:large","max-video-preview":"max-video-preview:-1"},"canonical":"https:\/\/kirinlight.com.vn\/zh\/catalogue\/catalogue-bo-xu-ly-vc4\/","og_locale":"zh_CN","og_type":"article","og_title":"CATALOGUE B\u1ed8 X\u1eec L\u00dd VC4 - LED Kirin","og_url":"https:\/\/kirinlight.com.vn\/zh\/catalogue\/catalogue-bo-xu-ly-vc4\/","og_site_name":"LED Kirin","article_modified_time":"2025-07-19T06:25:52+00:00","og_image":[{"width":1810,"height":2560,"url":"https:\/\/kirinlight.com.vn\/wp-content\/uploads\/2024\/07\/6.2-CATALOGUE-Bo-xu-ly-VC4_page-0001-scaled.webp","type":"image\/webp"}],"twitter_card":"summary_large_image","twitter_misc":{"\u9884\u8ba1\u9605\u8bfb\u65f6\u95f4":"2 \u5206"},"schema":{"@context":"https:\/\/schema.org","@graph":[{"@type":"WebPage","@id":"https:\/\/kirinlight.com.vn\/catalogue\/catalogue-bo-xu-ly-vc4\/","url":"https:\/\/kirinlight.com.vn\/catalogue\/catalogue-bo-xu-ly-vc4\/","name":"CATALOGUE B\u1ed8 X\u1eec L\u00dd VC4 - LED Kirin","isPartOf":{"@id":"https:\/\/kirinlight.com.vn\/#website"},"primaryImageOfPage":{"@id":"https:\/\/kirinlight.com.vn\/catalogue\/catalogue-bo-xu-ly-vc4\/#primaryimage"},"image":{"@id":"https:\/\/kirinlight.com.vn\/catalogue\/catalogue-bo-xu-ly-vc4\/#primaryimage"},"thumbnailUrl":"https:\/\/kirinlight.com.vn\/wp-content\/uploads\/2024\/07\/6.2-CATALOGUE-Bo-xu-ly-VC4_page-0001-scaled.webp","datePublished":"2024-07-23T08:04:45+00:00","dateModified":"2025-07-19T06:25:52+00:00","breadcrumb":{"@id":"https:\/\/kirinlight.com.vn\/catalogue\/catalogue-bo-xu-ly-vc4\/#breadcrumb"},"inLanguage":"zh-Hans","potentialAction":[{"@type":"ReadAction","target":["https:\/\/kirinlight.com.vn\/catalogue\/catalogue-bo-xu-ly-vc4\/"]}]},{"@type":"ImageObject","inLanguage":"zh-Hans","@id":"https:\/\/kirinlight.com.vn\/catalogue\/catalogue-bo-xu-ly-vc4\/#primaryimage","url":"https:\/\/kirinlight.com.vn\/wp-content\/uploads\/2024\/07\/6.2-CATALOGUE-Bo-xu-ly-VC4_page-0001-scaled.webp","contentUrl":"https:\/\/kirinlight.com.vn\/wp-content\/uploads\/2024\/07\/6.2-CATALOGUE-Bo-xu-ly-VC4_page-0001-scaled.webp","width":1810,"height":2560},{"@type":"BreadcrumbList","@id":"https:\/\/kirinlight.com.vn\/catalogue\/catalogue-bo-xu-ly-vc4\/#breadcrumb","itemListElement":[{"@type":"ListItem","position":1,"name":"Home","item":"https:\/\/kirinlight.com.vn\/"},{"@type":"ListItem","position":2,"name":"CATALOGUE","item":"https:\/\/kirinlight.com.vn\/catalogue\/"},{"@type":"ListItem","position":3,"name":"CATALOGUE B\u1ed8 X\u1eec L\u00dd VC4"}]},{"@type":"WebSite","@id":"https:\/\/kirinlight.com.vn\/#website","url":"https:\/\/kirinlight.com.vn\/","name":"\u9e92\u9e9fLED","description":"LED\u5c4f\u5e55 - \u9ad8\u79d1\u6280LED\u6a21\u5757","potentialAction":[{"@type":"SearchAction","target":{"@type":"EntryPoint","urlTemplate":"https:\/\/kirinlight.com.vn\/?s={search_term_string}"},"query-input":{"@type":"PropertyValueSpecification","valueRequired":true,"valueName":"search_term_string"}}],"inLanguage":"zh-Hans"}]}},"_links":{"self":[{"href":"https:\/\/kirinlight.com.vn\/zh\/wp-json\/wp\/v2\/pages\/1699","targetHints":{"allow":["GET"]}}],"collection":[{"href":"https:\/\/kirinlight.com.vn\/zh\/wp-json\/wp\/v2\/pages"}],"about":[{"href":"https:\/\/kirinlight.com.vn\/zh\/wp-json\/wp\/v2\/types\/page"}],"author":[{"embeddable":true,"href":"https:\/\/kirinlight.com.vn\/zh\/wp-json\/wp\/v2\/users\/2"}],"replies":[{"embeddable":true,"href":"https:\/\/kirinlight.com.vn\/zh\/wp-json\/wp\/v2\/comments?post=1699"}],"version-history":[{"count":5,"href":"https:\/\/kirinlight.com.vn\/zh\/wp-json\/wp\/v2\/pages\/1699\/revisions"}],"predecessor-version":[{"id":1714,"href":"https:\/\/kirinlight.com.vn\/zh\/wp-json\/wp\/v2\/pages\/1699\/revisions\/1714"}],"up":[{"embeddable":true,"href":"https:\/\/kirinlight.com.vn\/zh\/wp-json\/wp\/v2\/pages\/1735"}],"wp:featuredmedia":[{"embeddable":true,"href":"https:\/\/kirinlight.com.vn\/zh\/wp-json\/wp\/v2\/media\/1705"}],"wp:attachment":[{"href":"https:\/\/kirinlight.com.vn\/zh\/wp-json\/wp\/v2\/media?parent=1699"}],"curies":[{"name":"wp","href":"https:\/\/api.w.org\/{rel}","templated":true}]}}