{"id":2,"date":"2018-09-13T01:40:33","date_gmt":"2018-09-13T00:40:33","guid":{"rendered":"https:\/\/kirinlight.com.vn\/?page_id=2"},"modified":"2023-06-02T02:46:53","modified_gmt":"2023-06-02T01:46:53","slug":"huong-dan-mua-hang","status":"publish","type":"page","link":"https:\/\/kirinlight.com.vn\/zh\/huong-dan-mua-hang\/","title":{"rendered":"\u8d2d\u4e70\u6307\u5357"},"content":{"rendered":"<p>\u51b3\u5b9a\u8d2d\u4e70\u4ea7\u54c1\u540e\uff0c\u60a8\u53ef\u4ee5\u9009\u62e9\u4ee5\u4e0b2\u79cd\u65b9\u6cd5\uff1a<\/p>\n<p><strong>1. \u76f4\u63a5\u6765\u5c55\u5385\u770b\u4ea7\u54c1\u6837\u54c1\u5e76\u4ed8\u6b3e<\/strong><\/p>\n<ul>\n<li>\u4ea7\u54c1\u5c0f\u5de7\u3001\u7d27\u51d1\u3001\u8f7b\u4fbf\uff0c\u60a8\u53ef\u4ee5\u81ea\u884c\u8fd0\u8f93\u3002<br \/>\n\u5bf9\u4e8e\u91cd\u578b\u548c\u5927\u578b\u4ea7\u54c1\uff0c\u6211\u4eec\u5c06\u652f\u6301\u8fd0\u9001\u5230\u60a8\u7684\u5bb6\u4e2d\u3002<\/li>\n<\/ul>\n<p>\uff08\u514d\u8d39\u6216\u6536\u8d39\uff0c\u53d6\u51b3\u4e8e\u7f51\u7ad9\u4e0a\u5217\u51fa\u7684\u4ea7\u54c1\u7ec4\uff09<\/p>\n<ul>\n<li><strong>\u5e97\u94fa\uff1a<\/strong>\u00a0\u80e1\u5fd7\u660e\u5e02\u7b2c 10 \u533a\u7b2c 7 \u533a Tan Phuoc 356 \u53f7\u3002\u00a0<b>0908 300 707 \u2013 0987 300 707<\/b><\/li>\n<li><strong>\u603b\u516c\u53f8<\/strong>\uff1a 326\/5 Tan Phuoc\uff0c\u80e1\u5fd7\u660e\u5e02\u7b2c 10 \u533a\u7b2c 7 \u533a\u3002\u00a0<b>\u7535\u8bdd\uff1a0283.957.2634<\/b><\/li>\n<\/ul>\n<p><strong>2. \u5728\u7ebf\u8d2d\u4e70\u3001\u901a\u8fc7\u7535\u5b50\u90ae\u4ef6\u6216\u7535\u8bdd\u8d2d\u4e70<\/strong><\/p>\n<p><strong>\u6b65\u9aa4 1\uff1a\u8ba2\u8d2d<\/strong><\/p>\n<ul>\n<li>\u5728\u7f51\u7ad9\u7cfb\u7edf\u5728\u7ebf\u8ba2\u8d2d\u00a0<strong>https:\/\/ledhiephong.com<\/strong><\/li>\n<li>\u76f4\u63a5\u81f4\u7535\u8ba2\u8d2d<\/li>\n<li>\u53d1\u9001\u5e26\u6709\u9644\u52a0\u56fe\u50cf\u6216\u4ea7\u54c1\u4ee3\u7801\u4ee5\u53ca\u8bf7\u6c42\u5185\u5bb9\u7684\u7535\u5b50\u90ae\u4ef6\u3002<\/li>\n<\/ul>\n<p><strong>\u7b2c 2 \u6b65\uff1a\u5b58\u6b3e<\/strong><\/p>\n<ul>\n<li>\u901a\u8fc7\u8d26\u6237\u5b58\u516530%-50%<\/li>\n<li>\u5e10\u53f7\uff1a<\/li>\n<\/ul>\n<p><strong>\u6b65\u9aa43<\/strong>\uff1a\u786e\u8ba4\u5b9a\u91d1\u5e76\u5b89\u6392\u4ea4\u8d27\u65f6\u95f4<\/p>\n<p><strong>\u6b65\u9aa44\uff1a<\/strong>\u00a0\u6536\u5230\u8d27\u7269\u5e76\u652f\u4ed8\u4f59\u6b3e\u3002<\/p>","protected":false},"excerpt":{"rendered":"<p>Sau khi quy\u1ebft \u0111\u1ecbnh s\u1ea3n ph\u1ea9m c\u1ea7n mua, qu\u00fd kh\u00e1ch l\u1ef1a ch\u1ecdn theo 2 h\u00ecnh th\u1ee9c d\u01b0\u1edbi \u0111\u00e2y: 1. \u0110\u1ebfn tr\u1ef1c ti\u1ebfp xem m\u1eabu s\u1ea3n ph\u1ea9m v\u00e0 thanh to\u00e1n t\u1ea1i Showroom V\u1edbi nh\u1eefng s\u1ea3n ph\u1ea9m nh\u1ecf, g\u1ecdn, nh\u1eb9 qu\u00fd kh\u00e1ch c\u00f3 th\u1ec3 t\u1ef1 v\u1eadn chuy\u1ec3n. V\u1edbi nh\u1eefng s\u1ea3n ph\u1ea9m c\u00f3 kh\u1ed1i l\u01b0\u1ee3ng n\u1eb7ng, k\u00edch c\u1ee1 [&#8230;]\n","protected":false},"author":2,"featured_media":0,"parent":0,"menu_order":0,"comment_status":"closed","ping_status":"closed","template":"","meta":{"footnotes":""},"class_list":["post-2","page","type-page","status-publish","hentry"],"yoast_head":"<!-- This site is optimized with the Yoast SEO plugin v27.4 - https:\/\/yoast.com\/product\/yoast-seo-wordpress\/ -->\n<title>H\u01b0\u1edbng D\u1eabn Mua H\u00e0ng - LED Kirin<\/title>\n<meta name=\"robots\" content=\"index, follow, max-snippet:-1, max-image-preview:large, max-video-preview:-1\" \/>\n<link rel=\"canonical\" href=\"https:\/\/kirinlight.com.vn\/zh\/huong-dan-mua-hang\/\" \/>\n<meta property=\"og:locale\" content=\"zh_CN\" \/>\n<meta property=\"og:type\" content=\"article\" \/>\n<meta property=\"og:title\" content=\"H\u01b0\u1edbng D\u1eabn Mua H\u00e0ng - LED Kirin\" \/>\n<meta property=\"og:description\" content=\"Sau khi quy\u1ebft \u0111\u1ecbnh s\u1ea3n ph\u1ea9m c\u1ea7n mua, qu\u00fd kh\u00e1ch l\u1ef1a ch\u1ecdn theo 2 h\u00ecnh th\u1ee9c d\u01b0\u1edbi \u0111\u00e2y: 1. \u0110\u1ebfn tr\u1ef1c ti\u1ebfp xem m\u1eabu s\u1ea3n ph\u1ea9m v\u00e0 thanh to\u00e1n t\u1ea1i Showroom V\u1edbi nh\u1eefng s\u1ea3n ph\u1ea9m nh\u1ecf, g\u1ecdn, nh\u1eb9 qu\u00fd kh\u00e1ch c\u00f3 th\u1ec3 t\u1ef1 v\u1eadn chuy\u1ec3n. V\u1edbi nh\u1eefng s\u1ea3n ph\u1ea9m c\u00f3 kh\u1ed1i l\u01b0\u1ee3ng n\u1eb7ng, k\u00edch c\u1ee1 [...]\" \/>\n<meta property=\"og:url\" content=\"https:\/\/kirinlight.com.vn\/zh\/huong-dan-mua-hang\/\" \/>\n<meta property=\"og:site_name\" content=\"LED Kirin\" \/>\n<meta property=\"article:modified_time\" content=\"2023-06-02T01:46:53+00:00\" \/>\n<meta name=\"twitter:card\" content=\"summary_large_image\" \/>\n<meta name=\"twitter:label1\" content=\"\u9884\u8ba1\u9605\u8bfb\u65f6\u95f4\" \/>\n\t<meta name=\"twitter:data1\" content=\"1 \u5206\" \/>\n<script type=\"application\/ld+json\" class=\"yoast-schema-graph\">{\"@context\":\"https:\\\/\\\/schema.org\",\"@graph\":[{\"@type\":\"WebPage\",\"@id\":\"https:\\\/\\\/kirinlight.com.vn\\\/huong-dan-mua-hang\\\/\",\"url\":\"https:\\\/\\\/kirinlight.com.vn\\\/huong-dan-mua-hang\\\/\",\"name\":\"H\u01b0\u1edbng D\u1eabn Mua H\u00e0ng - LED Kirin\",\"isPartOf\":{\"@id\":\"https:\\\/\\\/kirinlight.com.vn\\\/#website\"},\"datePublished\":\"2018-09-13T00:40:33+00:00\",\"dateModified\":\"2023-06-02T01:46:53+00:00\",\"breadcrumb\":{\"@id\":\"https:\\\/\\\/kirinlight.com.vn\\\/huong-dan-mua-hang\\\/#breadcrumb\"},\"inLanguage\":\"zh-Hans\",\"potentialAction\":[{\"@type\":\"ReadAction\",\"target\":[\"https:\\\/\\\/kirinlight.com.vn\\\/huong-dan-mua-hang\\\/\"]}]},{\"@type\":\"BreadcrumbList\",\"@id\":\"https:\\\/\\\/kirinlight.com.vn\\\/huong-dan-mua-hang\\\/#breadcrumb\",\"itemListElement\":[{\"@type\":\"ListItem\",\"position\":1,\"name\":\"Home\",\"item\":\"https:\\\/\\\/kirinlight.com.vn\\\/\"},{\"@type\":\"ListItem\",\"position\":2,\"name\":\"H\u01b0\u1edbng D\u1eabn Mua H\u00e0ng\"}]},{\"@type\":\"WebSite\",\"@id\":\"https:\\\/\\\/kirinlight.com.vn\\\/#website\",\"url\":\"https:\\\/\\\/kirinlight.com.vn\\\/\",\"name\":\"LED Kirin\",\"description\":\"M\u00e0n H\u00ecnh Led - Module Led C\u00f4ng Ngh\u1ec7 Cao\",\"potentialAction\":[{\"@type\":\"SearchAction\",\"target\":{\"@type\":\"EntryPoint\",\"urlTemplate\":\"https:\\\/\\\/kirinlight.com.vn\\\/?s={search_term_string}\"},\"query-input\":{\"@type\":\"PropertyValueSpecification\",\"valueRequired\":true,\"valueName\":\"search_term_string\"}}],\"inLanguage\":\"zh-Hans\"}]}<\/script>\n<!-- \/ Yoast SEO plugin. -->","yoast_head_json":{"title":"H\u01b0\u1edbng D\u1eabn Mua H\u00e0ng - LED Kirin","robots":{"index":"index","follow":"follow","max-snippet":"max-snippet:-1","max-image-preview":"max-image-preview:large","max-video-preview":"max-video-preview:-1"},"canonical":"https:\/\/kirinlight.com.vn\/zh\/huong-dan-mua-hang\/","og_locale":"zh_CN","og_type":"article","og_title":"H\u01b0\u1edbng D\u1eabn Mua H\u00e0ng - LED Kirin","og_description":"Sau khi quy\u1ebft \u0111\u1ecbnh s\u1ea3n ph\u1ea9m c\u1ea7n mua, qu\u00fd kh\u00e1ch l\u1ef1a ch\u1ecdn theo 2 h\u00ecnh th\u1ee9c d\u01b0\u1edbi \u0111\u00e2y: 1. \u0110\u1ebfn tr\u1ef1c ti\u1ebfp xem m\u1eabu s\u1ea3n ph\u1ea9m v\u00e0 thanh to\u00e1n t\u1ea1i Showroom V\u1edbi nh\u1eefng s\u1ea3n ph\u1ea9m nh\u1ecf, g\u1ecdn, nh\u1eb9 qu\u00fd kh\u00e1ch c\u00f3 th\u1ec3 t\u1ef1 v\u1eadn chuy\u1ec3n. V\u1edbi nh\u1eefng s\u1ea3n ph\u1ea9m c\u00f3 kh\u1ed1i l\u01b0\u1ee3ng n\u1eb7ng, k\u00edch c\u1ee1 [...]","og_url":"https:\/\/kirinlight.com.vn\/zh\/huong-dan-mua-hang\/","og_site_name":"LED Kirin","article_modified_time":"2023-06-02T01:46:53+00:00","twitter_card":"summary_large_image","twitter_misc":{"\u9884\u8ba1\u9605\u8bfb\u65f6\u95f4":"1 \u5206"},"schema":{"@context":"https:\/\/schema.org","@graph":[{"@type":"WebPage","@id":"https:\/\/kirinlight.com.vn\/huong-dan-mua-hang\/","url":"https:\/\/kirinlight.com.vn\/huong-dan-mua-hang\/","name":"H\u01b0\u1edbng D\u1eabn Mua H\u00e0ng - LED Kirin","isPartOf":{"@id":"https:\/\/kirinlight.com.vn\/#website"},"datePublished":"2018-09-13T00:40:33+00:00","dateModified":"2023-06-02T01:46:53+00:00","breadcrumb":{"@id":"https:\/\/kirinlight.com.vn\/huong-dan-mua-hang\/#breadcrumb"},"inLanguage":"zh-Hans","potentialAction":[{"@type":"ReadAction","target":["https:\/\/kirinlight.com.vn\/huong-dan-mua-hang\/"]}]},{"@type":"BreadcrumbList","@id":"https:\/\/kirinlight.com.vn\/huong-dan-mua-hang\/#breadcrumb","itemListElement":[{"@type":"ListItem","position":1,"name":"Home","item":"https:\/\/kirinlight.com.vn\/"},{"@type":"ListItem","position":2,"name":"H\u01b0\u1edbng D\u1eabn Mua H\u00e0ng"}]},{"@type":"WebSite","@id":"https:\/\/kirinlight.com.vn\/#website","url":"https:\/\/kirinlight.com.vn\/","name":"\u9e92\u9e9fLED","description":"LED\u5c4f\u5e55 - \u9ad8\u79d1\u6280LED\u6a21\u5757","potentialAction":[{"@type":"SearchAction","target":{"@type":"EntryPoint","urlTemplate":"https:\/\/kirinlight.com.vn\/?s={search_term_string}"},"query-input":{"@type":"PropertyValueSpecification","valueRequired":true,"valueName":"search_term_string"}}],"inLanguage":"zh-Hans"}]}},"_links":{"self":[{"href":"https:\/\/kirinlight.com.vn\/zh\/wp-json\/wp\/v2\/pages\/2","targetHints":{"allow":["GET"]}}],"collection":[{"href":"https:\/\/kirinlight.com.vn\/zh\/wp-json\/wp\/v2\/pages"}],"about":[{"href":"https:\/\/kirinlight.com.vn\/zh\/wp-json\/wp\/v2\/types\/page"}],"author":[{"embeddable":true,"href":"https:\/\/kirinlight.com.vn\/zh\/wp-json\/wp\/v2\/users\/2"}],"replies":[{"embeddable":true,"href":"https:\/\/kirinlight.com.vn\/zh\/wp-json\/wp\/v2\/comments?post=2"}],"version-history":[{"count":2,"href":"https:\/\/kirinlight.com.vn\/zh\/wp-json\/wp\/v2\/pages\/2\/revisions"}],"predecessor-version":[{"id":1598,"href":"https:\/\/kirinlight.com.vn\/zh\/wp-json\/wp\/v2\/pages\/2\/revisions\/1598"}],"wp:attachment":[{"href":"https:\/\/kirinlight.com.vn\/zh\/wp-json\/wp\/v2\/media?parent=2"}],"curies":[{"name":"wp","href":"https:\/\/api.w.org\/{rel}","templated":true}]}}