{"id":3,"date":"2018-09-13T01:40:33","date_gmt":"2018-09-13T00:40:33","guid":{"rendered":"https:\/\/kirinlight.com.vn\/?page_id=3"},"modified":"2023-06-02T02:49:49","modified_gmt":"2023-06-02T01:49:49","slug":"privacy-policy","status":"publish","type":"page","link":"https:\/\/kirinlight.com.vn\/zh\/privacy-policy\/","title":{"rendered":"Privacy Policy"},"content":{"rendered":"<h2>\u81f4\u529b\u4e8e\u4fe1\u606f\u5b89\u5168<\/h2>\n<p>\u6839\u636e\u4e2a\u4eba\u4fe1\u606f\u4fdd\u62a4\u653f\u7b56\uff0c\u5ba2\u6237\u4fe1\u606f\u5c06\u7edd\u5bf9\u4fdd\u5bc6\u3002\u9664\u4e3b\u7ba1\u90e8\u95e8\u8981\u6c42\u63d0\u4f9b\u7684\u60c5\u51b5\u5916\uff0c\u6bcf\u4f4d\u5ba2\u6237\u4fe1\u606f\u7684\u6536\u96c6\u548c\u4f7f\u7528\u5747\u9700\u7ecf\u5ba2\u6237\u672c\u4eba\u540c\u610f\u3002\u672a\u7ecf\u4f1a\u5458\u672c\u4eba\u540c\u610f\uff0c\u4e0d\u5f97\u4f7f\u7528\u3001\u8f6c\u8ba9\u3001\u63d0\u4f9b\u6216\u5411\u4efb\u4f55\u7b2c\u4e09\u65b9\u62ab\u9732\u4efb\u4f55\u4f1a\u5458\u7684\u4e2a\u4eba\u4fe1\u606f\u3002<\/p>\n<p>\u82e5\u5b58\u50a8\u4fe1\u606f\u7684\u670d\u52a1\u5668\u906d\u53d7\u9ed1\u5ba2\u653b\u51fb\uff0c\u5bfc\u81f4\u4f1a\u5458\u4e2a\u4eba\u6570\u636e\u4e22\u5931\u65f6\uff0c\u7f51\u7ad9\u7ba1\u7406\u8005\u5c06\u8d1f\u8d23\u5411\u6709\u5173\u90e8\u95e8\u62a5\u544a\u8be5\u4e8b\u4ef6\uff0c\u4ee5\u4fbf\u53ca\u65f6\u8c03\u67e5\u5e76\u901a\u77e5\u4f1a\u5458\u3002<\/p>\n<p>\u5982\u679c\u5ba2\u6237\u53d1\u73b0\u5176\u4e2a\u4eba\u4fe1\u606f\u88ab\u6ee5\u7528\u6216\u4fb5\u72af\uff0c\u53ef\u4ee5\u901a\u8fc7\u6211\u4eec\u7684\u5ba2\u6237\u670d\u52a1\u6e20\u9053\u8fdb\u884c\u6295\u8bc9\u3002\u6536\u5230\u4f1a\u5458\u6295\u8bc9\u540e\uff0c\u6211\u4eec\u5c06\u91c7\u53d6\u4e00\u5207\u5fc5\u8981\u63aa\u65bd\uff0c\u9632\u6b62\u4e2a\u4eba\u4fe1\u606f\u53d7\u5230\u8fdb\u4e00\u6b65\u4fb5\u72af\uff0c\u540c\u65f6\u91c7\u53d6\u652f\u6301\u63aa\u65bd\uff0c\u4fdd\u969c\u5ba2\u6237\u7684\u5408\u6cd5\u6743\u76ca\u3002<\/p>\n<p>\u5ba2\u6237\u6709\u6743\u5c31\u4e2a\u4eba\u4fe1\u606f\u6cc4\u9732\u7ed9\u7b2c\u4e09\u65b9\u5411Led Hiep Phong\u7f51\u7ad9\u7ba1\u7406\u59d4\u5458\u4f1a\u63d0\u51fa\u6295\u8bc9\u3002\u6536\u5230\u6295\u8bc9\u540e\uff0c\u6211\u4eec\u5c06\u786e\u8ba4\u4fe1\u606f\uff0c\u8d1f\u8d23\u89e3\u91ca\u539f\u56e0\uff0c\u5e76\u6307\u5bfc\u4f1a\u5458\u6062\u590d\u548c\u4fdd\u62a4\u4fe1\u606f\u3002<\/p>\n<h2>\u8bbf\u95ee\u548c\u7f16\u8f91\u4fe1\u606f\u7684\u624b\u6bb5\u548c\u5de5\u5177<\/h2>\n<p>\u7528\u6237\u8bbf\u95ee\u548c\u7f16\u8f91\u5176\u4e2a\u4eba\u6570\u636e\u7684\u9014\u5f84\u548c\u5de5\u5177\u3002\u5ba2\u6237\u63d0\u4f9b\u7684\u4e2a\u4eba\u4fe1\u606f\u5c06\u5b58\u50a8\u5728\u6211\u4eec\u7684\u5185\u90e8\u7cfb\u7edf\u4e2d\u3002\u5ba2\u6237\u6709\u6743\u8981\u6c42Led Hiep Phong\u514d\u8d39\u66f4\u6b63\u5176\u6570\u636e\u4e2d\u7684\u9519\u8bef\u3002\u5ba2\u6237\u6709\u6743\u968f\u65f6\u8981\u6c42\u6211\u4eec\u505c\u6b62\u5c06\u60a8\u7684\u4e2a\u4eba\u6570\u636e\u7528\u4e8e\u8425\u9500\u76ee\u7684\u3002<\/p>\n<h2>\u4fe1\u606f\u6536\u96c6\u5355\u4f4d\u5730\u5740<\/h2>\n<ul>\n<li>\u5546\u4e1a\u767b\u8bb0\u8bc1\u53f7\u7801\u00a0<strong>0311009196<\/strong>\u00a0\u2013 \u6ce8\u518c\u65e5\u671f\uff1a2011\u5e747\u670825\u65e5<\/li>\n<li><strong>\u603b\u90e8\uff1a<\/strong>\u00a0\u80e1\u5fd7\u660e\u5e02\u7b2c 10 \u533a\u7b2c 7 \u533a Tan Phuoc 326\/5\u3002\u00a0<b>\u7535\u8bdd\uff1a0283.957.2634<\/b><\/li>\n<li><strong>\u5e97\u94fa<\/strong>: \u80e1\u5fd7\u660e\u5e02\u7b2c 10 \u533a\u7b2c 7 \u533a Tan Phuoc 356 \u53f7\u3002\u00a0<strong>\u7535\u8bdd\uff1a\u00a0<\/strong><b>0908 300 707 \u2013 0987 300 707<\/b><\/li>\n<li>\u6280\u672f\u652f\u6301\u54a8\u8be2\uff1a\u00a0<b>0909.520.690 \u2013 08964.444.98<\/b><\/li>\n<\/ul>\n<h2>\u4fe1\u606f\u4fdd\u5b58\u65f6\u95f4<\/h2>\n<p>Led Hiep Phong \u5c06\u5728\u4e3a\u5ba2\u6237\u63d0\u4f9b\u670d\u52a1\u7684\u8fc7\u7a0b\u4e2d\u6216\u76f4\u5230\u6536\u96c6\u76ee\u7684\u5b8c\u6210\u6216\u5ba2\u6237\u8981\u6c42\u53d6\u6d88\u63d0\u4f9b\u7684\u4fe1\u606f\u65f6\uff0c\u5c06\u5ba2\u6237\u63d0\u4f9b\u7684\u4e2a\u4eba\u4fe1\u606f\u5b58\u50a8\u5728\u6211\u4eec\u7684\u5185\u90e8\u7cfb\u7edf\u4e2d\u3002<\/p>\n<h2>\u4fe1\u606f\u6536\u96c6\u7684\u76ee\u7684\u548c\u8303\u56f4<\/h2>\n<p><strong>\u534f\u98ce\u5217<\/strong>\u00a0\u5c06\u4f7f\u7528\u60a8\u63d0\u4f9b\u7684\u4fe1\u606f\u7528\u4e8e\u4ee5\u4e0b\u5408\u6cd5\u76ee\u7684\uff1a<\/p>\n<ul>\n<li>\u5f53\u5ba2\u6237\u8981\u6c42\u65f6\u63d0\u4f9b\u6709\u5173\u4ea7\u54c1\u548c\u670d\u52a1\u7684\u4fe1\u606f\u3002<\/li>\n<li>\u7528\u4e8e\u5728\u60a8\u4e0b\u5355\u65f6\u786e\u8ba4\u8ba2\u5355\u3002<\/li>\n<li>\u53d1\u9001\u516c\u544a\u3001\u5f00\u5c55\u5e7f\u544a\u548c\u8425\u9500\u8ba1\u5212\uff0c<\/li>\n<li>\u7f51\u7ad9\u4e0a\u65b0\u670d\u52a1\u7684\u516c\u5173\u5ba3\u4f20<\/li>\n<li>\u901a\u8fc7\u7535\u5b50\u90ae\u4ef6\u63d0\u4f9b\u670d\u52a1\u4fe1\u606f<\/li>\n<li>\u5206\u6790\u60a8\u7684\u5ba2\u6237\u6d88\u8d39\u8d8b\u52bf\uff0c\u4ee5\u6539\u5584\u60a8\u7684\u7f51\u7ad9\u4f53\u9a8c\u3001\u6539\u8fdb\u65e7\u670d\u52a1\u5e76\u6784\u5efa\u65b0\u670d\u52a1\u3002<\/li>\n<\/ul>\n<p>\u4f7f\u7528\u4fe1\u606f\u8054\u7cfb\u5ba2\u6237\u8fdb\u884c\u8c03\u67e5\u3001\u6c11\u610f\u8c03\u67e5\u3001\u4ea4\u6362\u610f\u89c1\u3001\u8bc4\u8bba\u6216\u5ba3\u5e03\u4fc3\u9500\u8ba1\u5212\u548c\u6d3b\u52a8\u3002\u901a\u8fc7\u5ba2\u6237\u63d0\u4f9b\u7684\u7535\u5b50\u90ae\u4ef6\u5730\u5740\u548c\u7535\u8bdd\u53f7\u7801\uff0c\u56de\u590d\u5ba2\u6237\u5bf9\u6211\u4eec\u4ea7\u54c1\u548c\u670d\u52a1\u7684\u7591\u95ee\u548c\u8bc4\u8bba\u3002<\/p>","protected":false},"excerpt":{"rendered":"<p>Cam k\u1ebft b\u1ea3o m\u1eadt th\u00f4ng tin Th\u00f4ng tin c\u1ee7a kh\u00e1ch h\u00e0ng \u0111\u01b0\u1ee3c cam k\u1ebft b\u1ea3o m\u1eadt tuy\u1ec7t \u0111\u1ed1i theo ch\u00ednh s\u00e1ch b\u1ea3o v\u1ec7 th\u00f4ng tin c\u00e1 nh\u00e2n . Vi\u1ec7c thu th\u1eadp v\u00e0 s\u1eed d\u1ee5ng th\u00f4ng tin c\u1ee7a m\u1ed7i kh\u00e1ch h\u00e0ng ch\u1ec9 \u0111\u01b0\u1ee3c th\u1ef1c hi\u1ec7n khi c\u00f3 s\u1ef1 \u0111\u1ed3ng \u00fd c\u1ee7a kh\u00e1ch h\u00e0ng \u0111\u00f3, tr\u1eeb tr\u01b0\u1eddng [&#8230;]\n","protected":false},"author":2,"featured_media":0,"parent":0,"menu_order":0,"comment_status":"closed","ping_status":"closed","template":"page-right-sidebar.php","meta":{"footnotes":""},"class_list":["post-3","page","type-page","status-publish","hentry"],"yoast_head":"<!-- This site is optimized with the Yoast SEO plugin v27.4 - https:\/\/yoast.com\/product\/yoast-seo-wordpress\/ -->\n<title>Privacy Policy - LED Kirin<\/title>\n<meta name=\"robots\" content=\"index, follow, max-snippet:-1, max-image-preview:large, max-video-preview:-1\" \/>\n<link rel=\"canonical\" href=\"https:\/\/kirinlight.com.vn\/zh\/privacy-policy\/\" \/>\n<meta property=\"og:locale\" content=\"zh_CN\" \/>\n<meta property=\"og:type\" content=\"article\" \/>\n<meta property=\"og:title\" content=\"Privacy Policy - LED Kirin\" \/>\n<meta property=\"og:description\" content=\"Cam k\u1ebft b\u1ea3o m\u1eadt th\u00f4ng tin Th\u00f4ng tin c\u1ee7a kh\u00e1ch h\u00e0ng \u0111\u01b0\u1ee3c cam k\u1ebft b\u1ea3o m\u1eadt tuy\u1ec7t \u0111\u1ed1i theo ch\u00ednh s\u00e1ch b\u1ea3o v\u1ec7 th\u00f4ng tin c\u00e1 nh\u00e2n . Vi\u1ec7c thu th\u1eadp v\u00e0 s\u1eed d\u1ee5ng th\u00f4ng tin c\u1ee7a m\u1ed7i kh\u00e1ch h\u00e0ng ch\u1ec9 \u0111\u01b0\u1ee3c th\u1ef1c hi\u1ec7n khi c\u00f3 s\u1ef1 \u0111\u1ed3ng \u00fd c\u1ee7a kh\u00e1ch h\u00e0ng \u0111\u00f3, tr\u1eeb tr\u01b0\u1eddng [...]\" \/>\n<meta property=\"og:url\" content=\"https:\/\/kirinlight.com.vn\/zh\/privacy-policy\/\" \/>\n<meta property=\"og:site_name\" content=\"LED Kirin\" \/>\n<meta property=\"article:modified_time\" content=\"2023-06-02T01:49:49+00:00\" \/>\n<meta name=\"twitter:card\" content=\"summary_large_image\" \/>\n<meta name=\"twitter:label1\" content=\"\u9884\u8ba1\u9605\u8bfb\u65f6\u95f4\" \/>\n\t<meta name=\"twitter:data1\" content=\"4 \u5206\" \/>\n<script type=\"application\/ld+json\" class=\"yoast-schema-graph\">{\"@context\":\"https:\\\/\\\/schema.org\",\"@graph\":[{\"@type\":\"WebPage\",\"@id\":\"https:\\\/\\\/kirinlight.com.vn\\\/privacy-policy\\\/\",\"url\":\"https:\\\/\\\/kirinlight.com.vn\\\/privacy-policy\\\/\",\"name\":\"Privacy Policy - LED Kirin\",\"isPartOf\":{\"@id\":\"https:\\\/\\\/kirinlight.com.vn\\\/#website\"},\"datePublished\":\"2018-09-13T00:40:33+00:00\",\"dateModified\":\"2023-06-02T01:49:49+00:00\",\"breadcrumb\":{\"@id\":\"https:\\\/\\\/kirinlight.com.vn\\\/privacy-policy\\\/#breadcrumb\"},\"inLanguage\":\"zh-Hans\",\"potentialAction\":[{\"@type\":\"ReadAction\",\"target\":[\"https:\\\/\\\/kirinlight.com.vn\\\/privacy-policy\\\/\"]}]},{\"@type\":\"BreadcrumbList\",\"@id\":\"https:\\\/\\\/kirinlight.com.vn\\\/privacy-policy\\\/#breadcrumb\",\"itemListElement\":[{\"@type\":\"ListItem\",\"position\":1,\"name\":\"Home\",\"item\":\"https:\\\/\\\/kirinlight.com.vn\\\/\"},{\"@type\":\"ListItem\",\"position\":2,\"name\":\"Privacy Policy\"}]},{\"@type\":\"WebSite\",\"@id\":\"https:\\\/\\\/kirinlight.com.vn\\\/#website\",\"url\":\"https:\\\/\\\/kirinlight.com.vn\\\/\",\"name\":\"LED Kirin\",\"description\":\"M\u00e0n H\u00ecnh Led - Module Led C\u00f4ng Ngh\u1ec7 Cao\",\"potentialAction\":[{\"@type\":\"SearchAction\",\"target\":{\"@type\":\"EntryPoint\",\"urlTemplate\":\"https:\\\/\\\/kirinlight.com.vn\\\/?s={search_term_string}\"},\"query-input\":{\"@type\":\"PropertyValueSpecification\",\"valueRequired\":true,\"valueName\":\"search_term_string\"}}],\"inLanguage\":\"zh-Hans\"}]}<\/script>\n<!-- \/ Yoast SEO plugin. -->","yoast_head_json":{"title":"Privacy Policy - LED Kirin","robots":{"index":"index","follow":"follow","max-snippet":"max-snippet:-1","max-image-preview":"max-image-preview:large","max-video-preview":"max-video-preview:-1"},"canonical":"https:\/\/kirinlight.com.vn\/zh\/privacy-policy\/","og_locale":"zh_CN","og_type":"article","og_title":"Privacy Policy - LED Kirin","og_description":"Cam k\u1ebft b\u1ea3o m\u1eadt th\u00f4ng tin Th\u00f4ng tin c\u1ee7a kh\u00e1ch h\u00e0ng \u0111\u01b0\u1ee3c cam k\u1ebft b\u1ea3o m\u1eadt tuy\u1ec7t \u0111\u1ed1i theo ch\u00ednh s\u00e1ch b\u1ea3o v\u1ec7 th\u00f4ng tin c\u00e1 nh\u00e2n . Vi\u1ec7c thu th\u1eadp v\u00e0 s\u1eed d\u1ee5ng th\u00f4ng tin c\u1ee7a m\u1ed7i kh\u00e1ch h\u00e0ng ch\u1ec9 \u0111\u01b0\u1ee3c th\u1ef1c hi\u1ec7n khi c\u00f3 s\u1ef1 \u0111\u1ed3ng \u00fd c\u1ee7a kh\u00e1ch h\u00e0ng \u0111\u00f3, tr\u1eeb tr\u01b0\u1eddng [...]","og_url":"https:\/\/kirinlight.com.vn\/zh\/privacy-policy\/","og_site_name":"LED Kirin","article_modified_time":"2023-06-02T01:49:49+00:00","twitter_card":"summary_large_image","twitter_misc":{"\u9884\u8ba1\u9605\u8bfb\u65f6\u95f4":"4 \u5206"},"schema":{"@context":"https:\/\/schema.org","@graph":[{"@type":"WebPage","@id":"https:\/\/kirinlight.com.vn\/privacy-policy\/","url":"https:\/\/kirinlight.com.vn\/privacy-policy\/","name":"Privacy Policy - LED Kirin","isPartOf":{"@id":"https:\/\/kirinlight.com.vn\/#website"},"datePublished":"2018-09-13T00:40:33+00:00","dateModified":"2023-06-02T01:49:49+00:00","breadcrumb":{"@id":"https:\/\/kirinlight.com.vn\/privacy-policy\/#breadcrumb"},"inLanguage":"zh-Hans","potentialAction":[{"@type":"ReadAction","target":["https:\/\/kirinlight.com.vn\/privacy-policy\/"]}]},{"@type":"BreadcrumbList","@id":"https:\/\/kirinlight.com.vn\/privacy-policy\/#breadcrumb","itemListElement":[{"@type":"ListItem","position":1,"name":"Home","item":"https:\/\/kirinlight.com.vn\/"},{"@type":"ListItem","position":2,"name":"Privacy Policy"}]},{"@type":"WebSite","@id":"https:\/\/kirinlight.com.vn\/#website","url":"https:\/\/kirinlight.com.vn\/","name":"\u9e92\u9e9fLED","description":"LED\u5c4f\u5e55 - \u9ad8\u79d1\u6280LED\u6a21\u5757","potentialAction":[{"@type":"SearchAction","target":{"@type":"EntryPoint","urlTemplate":"https:\/\/kirinlight.com.vn\/?s={search_term_string}"},"query-input":{"@type":"PropertyValueSpecification","valueRequired":true,"valueName":"search_term_string"}}],"inLanguage":"zh-Hans"}]}},"_links":{"self":[{"href":"https:\/\/kirinlight.com.vn\/zh\/wp-json\/wp\/v2\/pages\/3","targetHints":{"allow":["GET"]}}],"collection":[{"href":"https:\/\/kirinlight.com.vn\/zh\/wp-json\/wp\/v2\/pages"}],"about":[{"href":"https:\/\/kirinlight.com.vn\/zh\/wp-json\/wp\/v2\/types\/page"}],"author":[{"embeddable":true,"href":"https:\/\/kirinlight.com.vn\/zh\/wp-json\/wp\/v2\/users\/2"}],"replies":[{"embeddable":true,"href":"https:\/\/kirinlight.com.vn\/zh\/wp-json\/wp\/v2\/comments?post=3"}],"version-history":[{"count":2,"href":"https:\/\/kirinlight.com.vn\/zh\/wp-json\/wp\/v2\/pages\/3\/revisions"}],"predecessor-version":[{"id":1602,"href":"https:\/\/kirinlight.com.vn\/zh\/wp-json\/wp\/v2\/pages\/3\/revisions\/1602"}],"wp:attachment":[{"href":"https:\/\/kirinlight.com.vn\/zh\/wp-json\/wp\/v2\/media?parent=3"}],"curies":[{"name":"wp","href":"https:\/\/api.w.org\/{rel}","templated":true}]}}