{"id":1221,"date":"2020-04-25T11:40:05","date_gmt":"2020-04-25T10:40:05","guid":{"rendered":"https:\/\/kirinlight.com.vn\/?post_type=product&#038;p=1221"},"modified":"2025-11-05T16:32:37","modified_gmt":"2025-11-05T09:32:37","slug":"module-led-indoor-pi-2l","status":"publish","type":"product","link":"https:\/\/kirinlight.com.vn\/zh\/product\/module-led-indoor-pi-2l\/","title":{"rendered":"PI 2L\u5ba4\u5185LED\u6a21\u5757"},"content":{"rendered":"<h2><strong><span style=\"font-size: 105%; color: #0000ff; font-family: tahoma, arial, helvetica, sans-serif;\">PI 2L \u5ba4\u5185 LED \u6a21\u7ec4<\/span><\/strong><\/h2>\n<p><span style=\"font-size: 105%; color: #000000; font-family: tahoma, arial, helvetica, sans-serif;\">1. \u4f7f\u7528MORION 1415 KINGLIGHT LED\uff0c\u9ed1\u8272\u5fae\u578b\u652f\u67b6\uff0c\u9ed1\u8272\u80f6\u6c34\uff0c\u8868\u9762\u6253\u78e8\uff0c\u65e0\u94c5\uff0c\u7b26\u5408RoSH\u6807\u51c6\u3002<\/span><\/p>\n<p><span style=\"font-size: 105%; color: #000000; font-family: tahoma, arial, helvetica, sans-serif;\">2. \u96c6\u6210PWM\u9a71\u52a8IC\uff0c\u96c6\u6210\u53cc\u9501\u5b58\u5668\uff0c\u9ad8\u626b\u63cf\u9891\u7387\uff0c\u5448\u73b0\u903c\u771f\u751f\u52a8\u7684\u56fe\u50cf<\/span><\/p>\n<p><span style=\"font-size: 105%; color: #000000; font-family: tahoma, arial, helvetica, sans-serif;\">3. \u91c7\u7528\u4fdd\u5f62\u6d82\u5c42\u65b9\u6cd5\u8986\u76d6\u4e00\u5c42\u4fdd\u62a4\u80f6\uff0c\u4ee5\u9632\u6606\u866b\u548c\u6f6e\u6e7f <\/span><\/p>\n<p><span style=\"font-size: 105%; color: #000000; font-family: tahoma, arial, helvetica, sans-serif;\"><strong>*\u5408\u8eab\uff1a<\/strong> \u5927\u5385\u3001\u5c55\u89c8\u4e2d\u5fc3\u3001\u4f1a\u8bae\u5ba4\u3001\u5f71\u5267\u9662\u3001\u5c55\u89c8\u5ba4\u3001\u9152\u5e97\u3001\u5b66\u6821\u3001\u533b\u9662\u2026\u2026<\/span><\/p>\n<figure id=\"attachment_1216\" aria-describedby=\"caption-attachment-1216\" style=\"width: 402px\" class=\"wp-caption alignleft\"><img loading=\"lazy\" decoding=\"async\" class=\"wp-image-1216\" src=\"https:\/\/kirinlight.com.vn\/wp-content\/uploads\/2020\/04\/pi-2-1.jpg\" alt=\"module led trong nha pi 2\" width=\"402\" height=\"402\" \/><figcaption id=\"caption-attachment-1216\" class=\"wp-caption-text\"><span style=\"font-family: tahoma, arial, helvetica, sans-serif; font-size: 115%; color: #0000ff;\">Morion 1415 kinglightht<\/span><\/figcaption><\/figure>\n<p><span style=\"font-family: tahoma, arial, helvetica, sans-serif; color: #000000;\"><img loading=\"lazy\" decoding=\"async\" class=\"wp-image-1165 alignleft\" src=\"https:\/\/kirinlight.com.vn\/wp-content\/uploads\/2020\/04\/module-led-trong-nha-p3-2.jpg\" alt=\"module led trong nha p3\" width=\"108\" height=\"131\" \/><\/span><\/p>\n<p><span style=\"font-size: 105%; font-family: tahoma, arial, helvetica, sans-serif; color: #000000;\"><strong>\u9ed1\u8272\u652f\u67b6\uff1a<\/strong><\/span><br \/>\n<span style=\"font-size: 105%; font-family: tahoma, arial, helvetica, sans-serif; color: #000000;\">\u63d0\u9ad8\u5c4f\u5e55\u5bf9\u6bd4\u5ea6\u548c\u9ad8\u5206\u8fa8\u7387\u5c4f\u5e55\u56fe\u50cf<\/span><\/p>\n<p><span style=\"font-family: tahoma, arial, helvetica, sans-serif; color: #000000;\"><img loading=\"lazy\" decoding=\"async\" class=\"wp-image-1166 alignleft\" src=\"https:\/\/kirinlight.com.vn\/wp-content\/uploads\/2020\/04\/module-led-trong-nha-p3-3.jpg\" alt=\"module led trong nha p3\" width=\"113\" height=\"137\" \/><\/span><\/p>\n<p>&nbsp;<\/p>\n<p><span style=\"font-family: tahoma, arial, helvetica, sans-serif; color: #000000;\"><strong>\u9ed1\u80f6\uff1a<\/strong><\/span><br \/>\n<span style=\"font-size: 105%; font-family: tahoma, arial, helvetica, sans-serif; color: #000000;\">\u5149\u7ebf\u66f4\u67d4\u548c\uff0c\u5bf9\u6bd4\u5ea6\u66f4\u9ad8<\/span><\/p>\n<p><span style=\"font-family: tahoma, arial, helvetica, sans-serif; color: #000000;\"><img loading=\"lazy\" decoding=\"async\" class=\"wp-image-1167 alignleft\" src=\"https:\/\/kirinlight.com.vn\/wp-content\/uploads\/2020\/04\/module-led-trong-nha-p3-4.jpg\" alt=\"module led trong nha p3\" width=\"125\" height=\"151\" \/><\/span><\/p>\n<p><span style=\"font-family: tahoma, arial, helvetica, sans-serif; color: #000000;\"><strong>\u8868\u9762\u7c97\u7cd9\u5316\uff1a<\/strong><\/span><br \/>\n<span style=\"font-size: 105%; font-family: tahoma, arial, helvetica, sans-serif; color: #000000;\">\u6846\u67b6\u8868\u9762\u7c97\u7cd9\u5316\u53ef\u6709\u6548\u6291\u5236\u53cd\u5c04\uff0c\u4e00\u81f4\u6027\u826f\u597d\u3002<\/span><\/p>\n<p>&nbsp;<\/p>\n<h2><span style=\"font-size: 100%;\"><strong><span style=\"color: #0000ff; font-family: tahoma, arial, helvetica, sans-serif;\">\u5ba4\u5185 LED \u6a21\u5757 PI 2L \u6280\u672f\u89c4\u683c<\/span><\/strong><\/span><\/h2>\n<p><a href=\"https:\/\/kirinlight.com.vn\/wp-content\/uploads\/2020\/04\/thongsop2indoorl.png\"><img loading=\"lazy\" decoding=\"async\" class=\"aligncenter size-full wp-image-1222\" src=\"https:\/\/kirinlight.com.vn\/wp-content\/uploads\/2020\/04\/thongsop2indoorl.png\" alt=\"module led trong nha pi 2l\" width=\"1219\" height=\"865\" srcset=\"https:\/\/kirinlight.com.vn\/wp-content\/uploads\/2020\/04\/thongsop2indoorl.png 1219w, https:\/\/kirinlight.com.vn\/wp-content\/uploads\/2020\/04\/thongsop2indoorl-300x213.png 300w, https:\/\/kirinlight.com.vn\/wp-content\/uploads\/2020\/04\/thongsop2indoorl-1024x727.png 1024w, https:\/\/kirinlight.com.vn\/wp-content\/uploads\/2020\/04\/thongsop2indoorl-768x545.png 768w, https:\/\/kirinlight.com.vn\/wp-content\/uploads\/2020\/04\/thongsop2indoorl-550x390.png 550w\" sizes=\"auto, (max-width: 1219px) 100vw, 1219px\" \/><\/a><\/p>\n<p>&nbsp;<\/p>","protected":false},"excerpt":{"rendered":"<p><img loading=\"lazy\" decoding=\"async\" class=\"alignnone size-full wp-image-1526\" src=\"https:\/\/kirinlight.com.vn\/wp-content\/uploads\/2023\/05\/banner-2.jpg\" alt=\"\" width=\"1537\" height=\"864\" \/><\/p>\n<ul>\n<li><span style=\"color: #000000; font-size: 105%; font-family: tahoma, arial, helvetica, sans-serif;\">\u5c3a\u5bf8\uff1a320\u6beb\u7c73 x 160\u6beb\u7c73<\/span><\/li>\n<li><span style=\"color: #000000; font-size: 105%; font-family: tahoma, arial, helvetica, sans-serif;\">\u50cf\u7d20\uff1a160 x 80\u50cf\u7d20<\/span><\/li>\n<li><span style=\"color: #000000; font-size: 105%; font-family: tahoma, arial, helvetica, sans-serif;\">LED\u8d34\u72471415\u91d1\u5149<\/span><\/li>\n<\/ul>\n<p><span style=\"color: #000000;\"><strong><span style=\"font-family: tahoma, arial, helvetica, sans-serif;\">\u7559\u7f6e\u6743 <\/span><span style=\"font-family: tahoma, arial, helvetica, sans-serif; font-size: 14.4px;\">\u7cfb\u7edf\uff1a<\/span><\/strong><\/span><strong style=\"font-family: tahoma, arial, helvetica, sans-serif; font-size: 14.4px;\">\u00a0<\/strong><strong style=\"font-size: 14.4px; font-family: tahoma, arial, helvetica, sans-serif;\"><span style=\"color: #ed1c24;\">0908 300 707<\/span><\/strong><\/p>\n<p><span style=\"color: #000000; font-family: tahoma, arial, helvetica, sans-serif;\"><b>\u6280\u672f\u652f\u63f4\uff1a <span style=\"font-family: tahoma, arial, helvetica, sans-serif;\"><strong><span style=\"color: #ed1c24;\">0987 300 707<\/span><\/strong><\/span><\/b><\/span><\/p>","protected":false},"featured_media":2296,"comment_status":"closed","ping_status":"closed","template":"","meta":[],"product_brand":[],"product_cat":[106,22],"product_tag":[],"class_list":{"0":"post-1221","1":"product","2":"type-product","3":"status-publish","4":"has-post-thumbnail","6":"product_cat-catalogue-module-led-pi","7":"product_cat-modules-led-trong-nha","9":"first","10":"instock","11":"shipping-taxable","12":"product-type-simple"},"yoast_head":"<!-- This site is optimized with the Yoast SEO plugin v27.4 - https:\/\/yoast.com\/product\/yoast-seo-wordpress\/ -->\n<title>Module Led Indoor PI 2L - LED Kirin<\/title>\n<meta name=\"description\" content=\"Module Led Indoor PI 2L T\u00edch h\u1ee3p v\u1edbi IC driver PWM ,Integrated Dual Latch t\u1ea1o ra h\u00ecnh \u1ea3nh trung th\u1eadt v\u00e0 s\u1ed1ng \u0111\u1ed9ng v\u1edbi t\u1ea7n s\u1ed1 qu\u00e9t cao\" \/>\n<meta name=\"robots\" content=\"index, follow, max-snippet:-1, max-image-preview:large, max-video-preview:-1\" \/>\n<link rel=\"canonical\" href=\"https:\/\/kirinlight.com.vn\/zh\/product\/module-led-indoor-pi-2l\/\" \/>\n<meta property=\"og:locale\" content=\"zh_CN\" \/>\n<meta property=\"og:type\" content=\"article\" \/>\n<meta property=\"og:title\" content=\"Module Led Indoor PI 2L - LED Kirin\" \/>\n<meta property=\"og:description\" content=\"Module Led Indoor PI 2L T\u00edch h\u1ee3p v\u1edbi IC driver PWM ,Integrated Dual Latch t\u1ea1o ra h\u00ecnh \u1ea3nh trung th\u1eadt v\u00e0 s\u1ed1ng \u0111\u1ed9ng v\u1edbi t\u1ea7n s\u1ed1 qu\u00e9t cao\" \/>\n<meta property=\"og:url\" content=\"https:\/\/kirinlight.com.vn\/zh\/product\/module-led-indoor-pi-2l\/\" \/>\n<meta property=\"og:site_name\" content=\"LED Kirin\" \/>\n<meta property=\"article:modified_time\" content=\"2025-11-05T09:32:37+00:00\" \/>\n<meta property=\"og:image\" content=\"https:\/\/kirinlight.com.vn\/wp-content\/uploads\/2025\/06\/PI-2-e1762332395117.jpg\" \/>\n\t<meta property=\"og:image:width\" content=\"880\" \/>\n\t<meta property=\"og:image:height\" content=\"880\" \/>\n\t<meta property=\"og:image:type\" content=\"image\/jpeg\" \/>\n<meta name=\"twitter:card\" content=\"summary_large_image\" \/>\n<meta name=\"twitter:label1\" content=\"\u9884\u8ba1\u9605\u8bfb\u65f6\u95f4\" \/>\n\t<meta name=\"twitter:data1\" content=\"2 \u5206\" \/>\n<script type=\"application\/ld+json\" class=\"yoast-schema-graph\">{\"@context\":\"https:\\\/\\\/schema.org\",\"@graph\":[{\"@type\":\"WebPage\",\"@id\":\"https:\\\/\\\/kirinlight.com.vn\\\/san-pham\\\/module-led-indoor-pi-2l\\\/\",\"url\":\"https:\\\/\\\/kirinlight.com.vn\\\/san-pham\\\/module-led-indoor-pi-2l\\\/\",\"name\":\"Module Led Indoor PI 2L - LED Kirin\",\"isPartOf\":{\"@id\":\"https:\\\/\\\/kirinlight.com.vn\\\/#website\"},\"primaryImageOfPage\":{\"@id\":\"https:\\\/\\\/kirinlight.com.vn\\\/san-pham\\\/module-led-indoor-pi-2l\\\/#primaryimage\"},\"image\":{\"@id\":\"https:\\\/\\\/kirinlight.com.vn\\\/san-pham\\\/module-led-indoor-pi-2l\\\/#primaryimage\"},\"thumbnailUrl\":\"https:\\\/\\\/kirinlight.com.vn\\\/wp-content\\\/uploads\\\/2025\\\/06\\\/PI-2-e1762332395117.jpg\",\"datePublished\":\"2020-04-25T10:40:05+00:00\",\"dateModified\":\"2025-11-05T09:32:37+00:00\",\"description\":\"Module Led Indoor PI 2L T\u00edch h\u1ee3p v\u1edbi IC driver PWM ,Integrated Dual Latch t\u1ea1o ra h\u00ecnh \u1ea3nh trung th\u1eadt v\u00e0 s\u1ed1ng \u0111\u1ed9ng v\u1edbi t\u1ea7n s\u1ed1 qu\u00e9t cao\",\"breadcrumb\":{\"@id\":\"https:\\\/\\\/kirinlight.com.vn\\\/san-pham\\\/module-led-indoor-pi-2l\\\/#breadcrumb\"},\"inLanguage\":\"zh-Hans\",\"potentialAction\":[{\"@type\":\"ReadAction\",\"target\":[\"https:\\\/\\\/kirinlight.com.vn\\\/san-pham\\\/module-led-indoor-pi-2l\\\/\"]}]},{\"@type\":\"ImageObject\",\"inLanguage\":\"zh-Hans\",\"@id\":\"https:\\\/\\\/kirinlight.com.vn\\\/san-pham\\\/module-led-indoor-pi-2l\\\/#primaryimage\",\"url\":\"https:\\\/\\\/kirinlight.com.vn\\\/wp-content\\\/uploads\\\/2025\\\/06\\\/PI-2-e1762332395117.jpg\",\"contentUrl\":\"https:\\\/\\\/kirinlight.com.vn\\\/wp-content\\\/uploads\\\/2025\\\/06\\\/PI-2-e1762332395117.jpg\",\"width\":880,\"height\":880},{\"@type\":\"BreadcrumbList\",\"@id\":\"https:\\\/\\\/kirinlight.com.vn\\\/san-pham\\\/module-led-indoor-pi-2l\\\/#breadcrumb\",\"itemListElement\":[{\"@type\":\"ListItem\",\"position\":1,\"name\":\"Home\",\"item\":\"https:\\\/\\\/kirinlight.com.vn\\\/\"},{\"@type\":\"ListItem\",\"position\":2,\"name\":\"C\u1eecA H\u00c0NG\",\"item\":\"https:\\\/\\\/kirinlight.com.vn\\\/cua-hang\\\/\"},{\"@type\":\"ListItem\",\"position\":3,\"name\":\"Module Led Indoor PI 2L\"}]},{\"@type\":\"WebSite\",\"@id\":\"https:\\\/\\\/kirinlight.com.vn\\\/#website\",\"url\":\"https:\\\/\\\/kirinlight.com.vn\\\/\",\"name\":\"LED Kirin\",\"description\":\"M\u00e0n H\u00ecnh Led - Module Led C\u00f4ng Ngh\u1ec7 Cao\",\"potentialAction\":[{\"@type\":\"SearchAction\",\"target\":{\"@type\":\"EntryPoint\",\"urlTemplate\":\"https:\\\/\\\/kirinlight.com.vn\\\/?s={search_term_string}\"},\"query-input\":{\"@type\":\"PropertyValueSpecification\",\"valueRequired\":true,\"valueName\":\"search_term_string\"}}],\"inLanguage\":\"zh-Hans\"}]}<\/script>\n<!-- \/ Yoast SEO plugin. -->","yoast_head_json":{"title":"Module Led Indoor PI 2L - LED Kirin","description":"Module Led Indoor PI 2L T\u00edch h\u1ee3p v\u1edbi IC driver PWM ,Integrated Dual Latch t\u1ea1o ra h\u00ecnh \u1ea3nh trung th\u1eadt v\u00e0 s\u1ed1ng \u0111\u1ed9ng v\u1edbi t\u1ea7n s\u1ed1 qu\u00e9t cao","robots":{"index":"index","follow":"follow","max-snippet":"max-snippet:-1","max-image-preview":"max-image-preview:large","max-video-preview":"max-video-preview:-1"},"canonical":"https:\/\/kirinlight.com.vn\/zh\/product\/module-led-indoor-pi-2l\/","og_locale":"zh_CN","og_type":"article","og_title":"Module Led Indoor PI 2L - LED Kirin","og_description":"Module Led Indoor PI 2L T\u00edch h\u1ee3p v\u1edbi IC driver PWM ,Integrated Dual Latch t\u1ea1o ra h\u00ecnh \u1ea3nh trung th\u1eadt v\u00e0 s\u1ed1ng \u0111\u1ed9ng v\u1edbi t\u1ea7n s\u1ed1 qu\u00e9t cao","og_url":"https:\/\/kirinlight.com.vn\/zh\/product\/module-led-indoor-pi-2l\/","og_site_name":"LED Kirin","article_modified_time":"2025-11-05T09:32:37+00:00","og_image":[{"width":880,"height":880,"url":"https:\/\/kirinlight.com.vn\/wp-content\/uploads\/2025\/06\/PI-2-e1762332395117.jpg","type":"image\/jpeg"}],"twitter_card":"summary_large_image","twitter_misc":{"\u9884\u8ba1\u9605\u8bfb\u65f6\u95f4":"2 \u5206"},"schema":{"@context":"https:\/\/schema.org","@graph":[{"@type":"WebPage","@id":"https:\/\/kirinlight.com.vn\/san-pham\/module-led-indoor-pi-2l\/","url":"https:\/\/kirinlight.com.vn\/san-pham\/module-led-indoor-pi-2l\/","name":"Module Led Indoor PI 2L - LED Kirin","isPartOf":{"@id":"https:\/\/kirinlight.com.vn\/#website"},"primaryImageOfPage":{"@id":"https:\/\/kirinlight.com.vn\/san-pham\/module-led-indoor-pi-2l\/#primaryimage"},"image":{"@id":"https:\/\/kirinlight.com.vn\/san-pham\/module-led-indoor-pi-2l\/#primaryimage"},"thumbnailUrl":"https:\/\/kirinlight.com.vn\/wp-content\/uploads\/2025\/06\/PI-2-e1762332395117.jpg","datePublished":"2020-04-25T10:40:05+00:00","dateModified":"2025-11-05T09:32:37+00:00","description":"Module Led Indoor PI 2L T\u00edch h\u1ee3p v\u1edbi IC driver PWM ,Integrated Dual Latch t\u1ea1o ra h\u00ecnh \u1ea3nh trung th\u1eadt v\u00e0 s\u1ed1ng \u0111\u1ed9ng v\u1edbi t\u1ea7n s\u1ed1 qu\u00e9t cao","breadcrumb":{"@id":"https:\/\/kirinlight.com.vn\/san-pham\/module-led-indoor-pi-2l\/#breadcrumb"},"inLanguage":"zh-Hans","potentialAction":[{"@type":"ReadAction","target":["https:\/\/kirinlight.com.vn\/san-pham\/module-led-indoor-pi-2l\/"]}]},{"@type":"ImageObject","inLanguage":"zh-Hans","@id":"https:\/\/kirinlight.com.vn\/san-pham\/module-led-indoor-pi-2l\/#primaryimage","url":"https:\/\/kirinlight.com.vn\/wp-content\/uploads\/2025\/06\/PI-2-e1762332395117.jpg","contentUrl":"https:\/\/kirinlight.com.vn\/wp-content\/uploads\/2025\/06\/PI-2-e1762332395117.jpg","width":880,"height":880},{"@type":"BreadcrumbList","@id":"https:\/\/kirinlight.com.vn\/san-pham\/module-led-indoor-pi-2l\/#breadcrumb","itemListElement":[{"@type":"ListItem","position":1,"name":"Home","item":"https:\/\/kirinlight.com.vn\/"},{"@type":"ListItem","position":2,"name":"C\u1eecA H\u00c0NG","item":"https:\/\/kirinlight.com.vn\/cua-hang\/"},{"@type":"ListItem","position":3,"name":"Module Led Indoor PI 2L"}]},{"@type":"WebSite","@id":"https:\/\/kirinlight.com.vn\/#website","url":"https:\/\/kirinlight.com.vn\/","name":"\u9e92\u9e9fLED","description":"LED\u5c4f\u5e55 - \u9ad8\u79d1\u6280LED\u6a21\u5757","potentialAction":[{"@type":"SearchAction","target":{"@type":"EntryPoint","urlTemplate":"https:\/\/kirinlight.com.vn\/?s={search_term_string}"},"query-input":{"@type":"PropertyValueSpecification","valueRequired":true,"valueName":"search_term_string"}}],"inLanguage":"zh-Hans"}]}},"_links":{"self":[{"href":"https:\/\/kirinlight.com.vn\/zh\/wp-json\/wp\/v2\/product\/1221","targetHints":{"allow":["GET"]}}],"collection":[{"href":"https:\/\/kirinlight.com.vn\/zh\/wp-json\/wp\/v2\/product"}],"about":[{"href":"https:\/\/kirinlight.com.vn\/zh\/wp-json\/wp\/v2\/types\/product"}],"replies":[{"embeddable":true,"href":"https:\/\/kirinlight.com.vn\/zh\/wp-json\/wp\/v2\/comments?post=1221"}],"wp:featuredmedia":[{"embeddable":true,"href":"https:\/\/kirinlight.com.vn\/zh\/wp-json\/wp\/v2\/media\/2296"}],"wp:attachment":[{"href":"https:\/\/kirinlight.com.vn\/zh\/wp-json\/wp\/v2\/media?parent=1221"}],"wp:term":[{"taxonomy":"product_brand","embeddable":true,"href":"https:\/\/kirinlight.com.vn\/zh\/wp-json\/wp\/v2\/product_brand?post=1221"},{"taxonomy":"product_cat","embeddable":true,"href":"https:\/\/kirinlight.com.vn\/zh\/wp-json\/wp\/v2\/product_cat?post=1221"},{"taxonomy":"product_tag","embeddable":true,"href":"https:\/\/kirinlight.com.vn\/zh\/wp-json\/wp\/v2\/product_tag?post=1221"}],"curies":[{"name":"wp","href":"https:\/\/api.w.org\/{rel}","templated":true}]}}