{"id":1236,"date":"2020-04-25T15:33:54","date_gmt":"2020-04-25T14:33:54","guid":{"rendered":"https:\/\/kirinlight.com.vn\/?post_type=product&#038;p=1236"},"modified":"2025-11-05T16:32:14","modified_gmt":"2025-11-05T09:32:14","slug":"module-led-indoor-pi-1-25","status":"publish","type":"product","link":"https:\/\/kirinlight.com.vn\/zh\/product\/module-led-indoor-pi-1-25\/","title":{"rendered":"\u5ba4\u5185LED\u6a21\u5757PI 1.25"},"content":{"rendered":"<h2><strong><span style=\"font-size: 105%; color: #0000ff; font-family: tahoma, arial, helvetica, sans-serif;\">PI 1.25 \u5ba4\u5185 LED \u6a21\u7ec4<\/span><\/strong><\/h2>\n<p><span style=\"font-size: 105%; color: #000000; font-family: tahoma, arial, helvetica, sans-serif;\">1. \u4f7f\u7528 LED HUMMINBRID 1010 KINGLIGHT\uff0c\u65e0\u94c5\uff0c\u7b26\u5408 RoSH \u6807\u51c6\u3002<\/span><\/p>\n<p><span style=\"font-size: 105%; color: #000000; font-family: tahoma, arial, helvetica, sans-serif;\">2. \u96c6\u6210PWM\u9a71\u52a8IC\uff0c\u96c6\u6210\u53cc\u9501\u5b58\u5668\uff0c\u9ad8\u626b\u63cf\u9891\u7387\uff0c\u5448\u73b0\u903c\u771f\u751f\u52a8\u7684\u56fe\u50cf<\/span><\/p>\n<p><span style=\"font-size: 105%; color: #000000; font-family: tahoma, arial, helvetica, sans-serif;\">3. \u91c7\u7528\u4fdd\u5f62\u6d82\u5c42\u6cd5\u6d82\u4e0a\u4e00\u5c42\u4fdd\u62a4\u80f6\uff0c\u4ee5\u9632\u866b\u9632\u6f6e <\/span><\/p>\n<p><span style=\"font-size: 105%; color: #000000; font-family: tahoma, arial, helvetica, sans-serif;\"><strong>*\u5408\u8eab\uff1a<\/strong> \u5927\u5385\u3001\u5c55\u89c8\u4e2d\u5fc3\u3001\u4f1a\u8bae\u5ba4\u3001\u5f71\u5267\u9662\u3001\u5c55\u89c8\u5ba4\u3001\u9152\u5e97\u3001\u5b66\u6821\u3001\u533b\u9662\u2026\u2026<\/span><\/p>\n<figure id=\"attachment_1231\" aria-describedby=\"caption-attachment-1231\" style=\"width: 339px\" class=\"wp-caption alignleft\"><a href=\"https:\/\/kirinlight.com.vn\/wp-content\/uploads\/2020\/04\/p1667-4.jpg\"><img loading=\"lazy\" decoding=\"async\" class=\"wp-image-1231\" src=\"https:\/\/kirinlight.com.vn\/wp-content\/uploads\/2020\/04\/p1667-4.jpg\" alt=\"Module led PI 1.667\" width=\"339\" height=\"342\" srcset=\"https:\/\/kirinlight.com.vn\/wp-content\/uploads\/2020\/04\/p1667-4.jpg 202w, https:\/\/kirinlight.com.vn\/wp-content\/uploads\/2020\/04\/p1667-4-100x100.jpg 100w, https:\/\/kirinlight.com.vn\/wp-content\/uploads\/2020\/04\/p1667-4-150x150.jpg 150w\" sizes=\"auto, (max-width: 339px) 100vw, 339px\" \/><\/a><figcaption id=\"caption-attachment-1231\" class=\"wp-caption-text\"><strong><span style=\"font-family: tahoma, arial, helvetica, sans-serif; color: #0000ff; font-size: 110%;\">Humminhbrid 1010 kinglightht<\/span><\/strong><\/figcaption><\/figure>\n<p style=\"text-align: justify;\"><span style=\"font-size: 105%; font-family: tahoma, arial, helvetica, sans-serif; color: #000000;\"><strong><a href=\"https:\/\/kirinlight.com.vn\/wp-content\/uploads\/2020\/04\/p1667-1.jpg\"><img loading=\"lazy\" decoding=\"async\" class=\"size-full wp-image-1232 alignleft\" src=\"https:\/\/kirinlight.com.vn\/wp-content\/uploads\/2020\/04\/p1667-1.jpg\" alt=\"Module led PI 1.667\" width=\"108\" height=\"108\" srcset=\"https:\/\/kirinlight.com.vn\/wp-content\/uploads\/2020\/04\/p1667-1.jpg 108w, https:\/\/kirinlight.com.vn\/wp-content\/uploads\/2020\/04\/p1667-1-100x100.jpg 100w\" sizes=\"auto, (max-width: 108px) 100vw, 108px\" \/><\/a>\u9ad8\u5bfc\u70ed\u6027\uff1a<\/strong><\/span><br \/>\n<span style=\"font-size: 105%; font-family: tahoma, arial, helvetica, sans-serif; color: #000000;\">\u7531\u4e8e\u91c7\u7528\u586b\u5145\u91d1\u5c5e\u5bfc\u70ed\u5b54\u7684PP\uff0c\u5bfc\u70ed\u7cfb\u6570\u6bd4\u4f20\u7edf\u4ea7\u54c1\u9ad827\u500d\uff0c\u51cf\u5c11\u5149\u8870\u51cf\uff0c\u63d0\u9ad8\u4f7f\u7528\u5bff\u547d\u3002<\/span><\/p>\n<p style=\"text-align: justify;\"><span style=\"font-family: tahoma, arial, helvetica, sans-serif; color: #000000;\"><a href=\"https:\/\/kirinlight.com.vn\/wp-content\/uploads\/2020\/04\/p1667.jpg\"><img loading=\"lazy\" decoding=\"async\" class=\"size-full wp-image-1233 alignleft\" src=\"https:\/\/kirinlight.com.vn\/wp-content\/uploads\/2020\/04\/p1667.jpg\" alt=\"Module led PI 1.667\" width=\"111\" height=\"105\" \/><\/a><\/span><\/p>\n<p style=\"text-align: justify;\"><span style=\"font-family: tahoma, arial, helvetica, sans-serif; color: #000000;\"><strong>\u9ad8\u6c14\u5bc6\u6027\uff1a<\/strong><\/span><br \/>\n<span style=\"font-size: 105%; font-family: tahoma, arial, helvetica, sans-serif; color: #000000;\">\u8702\u9e1f\u7cfb\u5217\u4ea7\u54c1\u675c\u7edd\u4e86\u84b8\u6c7d\u6cc4\u6f0f\uff0c\u5f7b\u5e95\u675c\u7edd\u4e86\u56e0\u84b8\u6c7d\u4fb5\u5165\u800c\u9020\u6210\u7684\u6b7b\u89d2\u3001\u6f0f\u7535\u95ee\u9898\u3002<\/span><\/p>\n<p><a href=\"https:\/\/kirinlight.com.vn\/wp-content\/uploads\/2020\/04\/p1667-2.jpg\"><img loading=\"lazy\" decoding=\"async\" class=\"wp-image-1234 alignleft\" src=\"https:\/\/kirinlight.com.vn\/wp-content\/uploads\/2020\/04\/p1667-2.jpg\" alt=\"Module led PI 1.667\" width=\"109\" height=\"106\" \/><\/a><\/p>\n<p><span style=\"font-family: tahoma, arial, helvetica, sans-serif; color: #000000;\"><strong>\u57fa\u4e8eCCVT\u7684\u56fd\u9645PCT\u4e13\u5229<\/strong><\/span><\/p>\n<p>&nbsp;<\/p>\n<h2><\/h2>\n<h2><span style=\"font-size: 100%;\"><strong><span style=\"color: #0000ff; font-family: tahoma, arial, helvetica, sans-serif;\">\u5ba4\u5185 LED \u6a21\u5757 PI 1.667 \u6280\u672f\u89c4\u683c<\/span><\/strong><\/span><\/h2>\n<p><a href=\"https:\/\/kirinlight.com.vn\/wp-content\/uploads\/2020\/04\/thongsop1-25indoor.png\"><img loading=\"lazy\" decoding=\"async\" class=\"aligncenter wp-image-1237 size-full\" src=\"https:\/\/kirinlight.com.vn\/wp-content\/uploads\/2020\/04\/thongsop1-25indoor.png\" alt=\"Module led PI 1.25\" width=\"1240\" height=\"853\" srcset=\"https:\/\/kirinlight.com.vn\/wp-content\/uploads\/2020\/04\/thongsop1-25indoor.png 1240w, https:\/\/kirinlight.com.vn\/wp-content\/uploads\/2020\/04\/thongsop1-25indoor-300x206.png 300w, https:\/\/kirinlight.com.vn\/wp-content\/uploads\/2020\/04\/thongsop1-25indoor-1024x704.png 1024w, https:\/\/kirinlight.com.vn\/wp-content\/uploads\/2020\/04\/thongsop1-25indoor-768x528.png 768w, https:\/\/kirinlight.com.vn\/wp-content\/uploads\/2020\/04\/thongsop1-25indoor-550x378.png 550w\" sizes=\"auto, (max-width: 1240px) 100vw, 1240px\" \/><\/a><\/p>\n<p><img loading=\"lazy\" decoding=\"async\" class=\"alignnone size-full wp-image-1401\" src=\"https:\/\/kirinlight.com.vn\/wp-content\/uploads\/2020\/08\/10.png\" alt=\"module led trong nha pi 3.91\" width=\"1296\" height=\"109\" srcset=\"https:\/\/kirinlight.com.vn\/wp-content\/uploads\/2020\/08\/10.png 1296w, https:\/\/kirinlight.com.vn\/wp-content\/uploads\/2020\/08\/10-300x25.png 300w, https:\/\/kirinlight.com.vn\/wp-content\/uploads\/2020\/08\/10-1024x86.png 1024w, https:\/\/kirinlight.com.vn\/wp-content\/uploads\/2020\/08\/10-768x65.png 768w, https:\/\/kirinlight.com.vn\/wp-content\/uploads\/2020\/08\/10-550x46.png 550w\" sizes=\"auto, (max-width: 1296px) 100vw, 1296px\" \/><\/p>\n<p>&nbsp;<\/p>\n<p>&nbsp;<\/p>","protected":false},"excerpt":{"rendered":"<p><img loading=\"lazy\" decoding=\"async\" class=\"alignnone size-full wp-image-1526\" src=\"https:\/\/kirinlight.com.vn\/wp-content\/uploads\/2023\/05\/banner-2.jpg\" alt=\"\" width=\"1537\" height=\"864\" \/><\/p>\n<ul>\n<li><span style=\"color: #000000; font-size: 105%; font-family: tahoma, arial, helvetica, sans-serif;\">\u5c3a\u5bf8\uff1a200\u6beb\u7c73 x 150\u6beb\u7c73<\/span><\/li>\n<li><span style=\"color: #000000; font-size: 105%; font-family: tahoma, arial, helvetica, sans-serif;\">\u50cf\u7d20\uff1a128 x 96\u50cf\u7d20<\/span><\/li>\n<li><span style=\"color: #000000; font-size: 105%; font-family: tahoma, arial, helvetica, sans-serif;\">LED\u8d34\u72471010\u91d1\u83b1\u7279<\/span><\/li>\n<\/ul>\n<p><span style=\"font-family: tahoma, arial, helvetica, sans-serif;\"><strong><span style=\"color: #000000;\">\u63a5\u89e6 \uff1a<\/span>\u00a0<span style=\"color: #ed1c24;\">0908 300 707<\/span><\/strong><\/span><\/p>\n<p><span style=\"color: #000000;\"><strong>\u6280\u672f\u652f\u63f4<\/strong><\/span> <strong>:<\/strong> <span style=\"color: #d83131;\"><strong>0987 300 707<\/strong><\/span><\/p>","protected":false},"featured_media":2302,"comment_status":"closed","ping_status":"closed","template":"","meta":[],"product_brand":[],"product_cat":[106,22],"product_tag":[],"class_list":{"0":"post-1236","1":"product","2":"type-product","3":"status-publish","4":"has-post-thumbnail","6":"product_cat-catalogue-module-led-pi","7":"product_cat-modules-led-trong-nha","9":"first","10":"instock","11":"shipping-taxable","12":"product-type-simple"},"yoast_head":"<!-- This site is optimized with the Yoast SEO plugin v27.4 - https:\/\/yoast.com\/product\/yoast-seo-wordpress\/ -->\n<title>Module Led Indoor PI 1.25 - LED Kirin<\/title>\n<meta name=\"description\" content=\"Module Led Indoor PI 1.25 s\u1ea3n ph\u1ea9m thu\u1ed9c d\u00f2ng Hummingbird tr\u00e1nh s\u1ef1 r\u00f2 r\u1ec9 c\u1ee7a h\u01a1i n\u01b0\u1edbc v\u00e0 ng\u0103n ch\u1eb7n ho\u00e0n to\u00e0n s\u1ef1 c\u1ed1 c\u1ee7a ch\u1ebft \u0111i\u1ec3m v\u00e0 r\u00f2 r\u1ec9 \u0111i\u1ec7n do s\u1ef1 x\u00e2m nh\u1eadp c\u1ee7a h\u01a1i n\u01b0\u1edbc.\" \/>\n<meta name=\"robots\" content=\"index, follow, max-snippet:-1, max-image-preview:large, max-video-preview:-1\" \/>\n<link rel=\"canonical\" href=\"https:\/\/kirinlight.com.vn\/zh\/product\/module-led-indoor-pi-1-25\/\" \/>\n<meta property=\"og:locale\" content=\"zh_CN\" \/>\n<meta property=\"og:type\" content=\"article\" \/>\n<meta property=\"og:title\" content=\"Module Led Indoor PI 1.25 - LED Kirin\" \/>\n<meta property=\"og:description\" content=\"Module Led Indoor PI 1.25 s\u1ea3n ph\u1ea9m thu\u1ed9c d\u00f2ng Hummingbird tr\u00e1nh s\u1ef1 r\u00f2 r\u1ec9 c\u1ee7a h\u01a1i n\u01b0\u1edbc v\u00e0 ng\u0103n ch\u1eb7n ho\u00e0n to\u00e0n s\u1ef1 c\u1ed1 c\u1ee7a ch\u1ebft \u0111i\u1ec3m v\u00e0 r\u00f2 r\u1ec9 \u0111i\u1ec7n do s\u1ef1 x\u00e2m nh\u1eadp c\u1ee7a h\u01a1i n\u01b0\u1edbc.\" \/>\n<meta property=\"og:url\" content=\"https:\/\/kirinlight.com.vn\/zh\/product\/module-led-indoor-pi-1-25\/\" \/>\n<meta property=\"og:site_name\" content=\"LED Kirin\" \/>\n<meta property=\"article:modified_time\" content=\"2025-11-05T09:32:14+00:00\" \/>\n<meta property=\"og:image\" content=\"https:\/\/kirinlight.com.vn\/wp-content\/uploads\/2020\/04\/PI-1.25-e1762332095958.jpg\" \/>\n\t<meta property=\"og:image:width\" content=\"1830\" \/>\n\t<meta property=\"og:image:height\" content=\"2044\" \/>\n\t<meta property=\"og:image:type\" content=\"image\/jpeg\" \/>\n<meta name=\"twitter:card\" content=\"summary_large_image\" \/>\n<meta name=\"twitter:label1\" content=\"\u9884\u8ba1\u9605\u8bfb\u65f6\u95f4\" \/>\n\t<meta name=\"twitter:data1\" content=\"3 \u5206\" \/>\n<script type=\"application\/ld+json\" class=\"yoast-schema-graph\">{\"@context\":\"https:\\\/\\\/schema.org\",\"@graph\":[{\"@type\":\"WebPage\",\"@id\":\"https:\\\/\\\/kirinlight.com.vn\\\/san-pham\\\/module-led-indoor-pi-1-25\\\/\",\"url\":\"https:\\\/\\\/kirinlight.com.vn\\\/san-pham\\\/module-led-indoor-pi-1-25\\\/\",\"name\":\"Module Led Indoor PI 1.25 - LED Kirin\",\"isPartOf\":{\"@id\":\"https:\\\/\\\/kirinlight.com.vn\\\/#website\"},\"primaryImageOfPage\":{\"@id\":\"https:\\\/\\\/kirinlight.com.vn\\\/san-pham\\\/module-led-indoor-pi-1-25\\\/#primaryimage\"},\"image\":{\"@id\":\"https:\\\/\\\/kirinlight.com.vn\\\/san-pham\\\/module-led-indoor-pi-1-25\\\/#primaryimage\"},\"thumbnailUrl\":\"https:\\\/\\\/kirinlight.com.vn\\\/wp-content\\\/uploads\\\/2020\\\/04\\\/PI-1.25-e1762332095958.jpg\",\"datePublished\":\"2020-04-25T14:33:54+00:00\",\"dateModified\":\"2025-11-05T09:32:14+00:00\",\"description\":\"Module Led Indoor PI 1.25 s\u1ea3n ph\u1ea9m thu\u1ed9c d\u00f2ng Hummingbird tr\u00e1nh s\u1ef1 r\u00f2 r\u1ec9 c\u1ee7a h\u01a1i n\u01b0\u1edbc v\u00e0 ng\u0103n ch\u1eb7n ho\u00e0n to\u00e0n s\u1ef1 c\u1ed1 c\u1ee7a ch\u1ebft \u0111i\u1ec3m v\u00e0 r\u00f2 r\u1ec9 \u0111i\u1ec7n do s\u1ef1 x\u00e2m nh\u1eadp c\u1ee7a h\u01a1i n\u01b0\u1edbc.\",\"breadcrumb\":{\"@id\":\"https:\\\/\\\/kirinlight.com.vn\\\/san-pham\\\/module-led-indoor-pi-1-25\\\/#breadcrumb\"},\"inLanguage\":\"zh-Hans\",\"potentialAction\":[{\"@type\":\"ReadAction\",\"target\":[\"https:\\\/\\\/kirinlight.com.vn\\\/san-pham\\\/module-led-indoor-pi-1-25\\\/\"]}]},{\"@type\":\"ImageObject\",\"inLanguage\":\"zh-Hans\",\"@id\":\"https:\\\/\\\/kirinlight.com.vn\\\/san-pham\\\/module-led-indoor-pi-1-25\\\/#primaryimage\",\"url\":\"https:\\\/\\\/kirinlight.com.vn\\\/wp-content\\\/uploads\\\/2020\\\/04\\\/PI-1.25-e1762332095958.jpg\",\"contentUrl\":\"https:\\\/\\\/kirinlight.com.vn\\\/wp-content\\\/uploads\\\/2020\\\/04\\\/PI-1.25-e1762332095958.jpg\",\"width\":1830,\"height\":2044},{\"@type\":\"BreadcrumbList\",\"@id\":\"https:\\\/\\\/kirinlight.com.vn\\\/san-pham\\\/module-led-indoor-pi-1-25\\\/#breadcrumb\",\"itemListElement\":[{\"@type\":\"ListItem\",\"position\":1,\"name\":\"Home\",\"item\":\"https:\\\/\\\/kirinlight.com.vn\\\/\"},{\"@type\":\"ListItem\",\"position\":2,\"name\":\"C\u1eecA H\u00c0NG\",\"item\":\"https:\\\/\\\/kirinlight.com.vn\\\/cua-hang\\\/\"},{\"@type\":\"ListItem\",\"position\":3,\"name\":\"Module Led Indoor PI 1.25\"}]},{\"@type\":\"WebSite\",\"@id\":\"https:\\\/\\\/kirinlight.com.vn\\\/#website\",\"url\":\"https:\\\/\\\/kirinlight.com.vn\\\/\",\"name\":\"LED Kirin\",\"description\":\"M\u00e0n H\u00ecnh Led - Module Led C\u00f4ng Ngh\u1ec7 Cao\",\"potentialAction\":[{\"@type\":\"SearchAction\",\"target\":{\"@type\":\"EntryPoint\",\"urlTemplate\":\"https:\\\/\\\/kirinlight.com.vn\\\/?s={search_term_string}\"},\"query-input\":{\"@type\":\"PropertyValueSpecification\",\"valueRequired\":true,\"valueName\":\"search_term_string\"}}],\"inLanguage\":\"zh-Hans\"}]}<\/script>\n<!-- \/ Yoast SEO plugin. -->","yoast_head_json":{"title":"Module Led Indoor PI 1.25 - LED Kirin","description":"Module Led Indoor PI 1.25 s\u1ea3n ph\u1ea9m thu\u1ed9c d\u00f2ng Hummingbird tr\u00e1nh s\u1ef1 r\u00f2 r\u1ec9 c\u1ee7a h\u01a1i n\u01b0\u1edbc v\u00e0 ng\u0103n ch\u1eb7n ho\u00e0n to\u00e0n s\u1ef1 c\u1ed1 c\u1ee7a ch\u1ebft \u0111i\u1ec3m v\u00e0 r\u00f2 r\u1ec9 \u0111i\u1ec7n do s\u1ef1 x\u00e2m nh\u1eadp c\u1ee7a h\u01a1i n\u01b0\u1edbc.","robots":{"index":"index","follow":"follow","max-snippet":"max-snippet:-1","max-image-preview":"max-image-preview:large","max-video-preview":"max-video-preview:-1"},"canonical":"https:\/\/kirinlight.com.vn\/zh\/product\/module-led-indoor-pi-1-25\/","og_locale":"zh_CN","og_type":"article","og_title":"Module Led Indoor PI 1.25 - LED Kirin","og_description":"Module Led Indoor PI 1.25 s\u1ea3n ph\u1ea9m thu\u1ed9c d\u00f2ng Hummingbird tr\u00e1nh s\u1ef1 r\u00f2 r\u1ec9 c\u1ee7a h\u01a1i n\u01b0\u1edbc v\u00e0 ng\u0103n ch\u1eb7n ho\u00e0n to\u00e0n s\u1ef1 c\u1ed1 c\u1ee7a ch\u1ebft \u0111i\u1ec3m v\u00e0 r\u00f2 r\u1ec9 \u0111i\u1ec7n do s\u1ef1 x\u00e2m nh\u1eadp c\u1ee7a h\u01a1i n\u01b0\u1edbc.","og_url":"https:\/\/kirinlight.com.vn\/zh\/product\/module-led-indoor-pi-1-25\/","og_site_name":"LED Kirin","article_modified_time":"2025-11-05T09:32:14+00:00","og_image":[{"width":1830,"height":2044,"url":"https:\/\/kirinlight.com.vn\/wp-content\/uploads\/2020\/04\/PI-1.25-e1762332095958.jpg","type":"image\/jpeg"}],"twitter_card":"summary_large_image","twitter_misc":{"\u9884\u8ba1\u9605\u8bfb\u65f6\u95f4":"3 \u5206"},"schema":{"@context":"https:\/\/schema.org","@graph":[{"@type":"WebPage","@id":"https:\/\/kirinlight.com.vn\/san-pham\/module-led-indoor-pi-1-25\/","url":"https:\/\/kirinlight.com.vn\/san-pham\/module-led-indoor-pi-1-25\/","name":"Module Led Indoor PI 1.25 - LED Kirin","isPartOf":{"@id":"https:\/\/kirinlight.com.vn\/#website"},"primaryImageOfPage":{"@id":"https:\/\/kirinlight.com.vn\/san-pham\/module-led-indoor-pi-1-25\/#primaryimage"},"image":{"@id":"https:\/\/kirinlight.com.vn\/san-pham\/module-led-indoor-pi-1-25\/#primaryimage"},"thumbnailUrl":"https:\/\/kirinlight.com.vn\/wp-content\/uploads\/2020\/04\/PI-1.25-e1762332095958.jpg","datePublished":"2020-04-25T14:33:54+00:00","dateModified":"2025-11-05T09:32:14+00:00","description":"Module Led Indoor PI 1.25 s\u1ea3n ph\u1ea9m thu\u1ed9c d\u00f2ng Hummingbird tr\u00e1nh s\u1ef1 r\u00f2 r\u1ec9 c\u1ee7a h\u01a1i n\u01b0\u1edbc v\u00e0 ng\u0103n ch\u1eb7n ho\u00e0n to\u00e0n s\u1ef1 c\u1ed1 c\u1ee7a ch\u1ebft \u0111i\u1ec3m v\u00e0 r\u00f2 r\u1ec9 \u0111i\u1ec7n do s\u1ef1 x\u00e2m nh\u1eadp c\u1ee7a h\u01a1i n\u01b0\u1edbc.","breadcrumb":{"@id":"https:\/\/kirinlight.com.vn\/san-pham\/module-led-indoor-pi-1-25\/#breadcrumb"},"inLanguage":"zh-Hans","potentialAction":[{"@type":"ReadAction","target":["https:\/\/kirinlight.com.vn\/san-pham\/module-led-indoor-pi-1-25\/"]}]},{"@type":"ImageObject","inLanguage":"zh-Hans","@id":"https:\/\/kirinlight.com.vn\/san-pham\/module-led-indoor-pi-1-25\/#primaryimage","url":"https:\/\/kirinlight.com.vn\/wp-content\/uploads\/2020\/04\/PI-1.25-e1762332095958.jpg","contentUrl":"https:\/\/kirinlight.com.vn\/wp-content\/uploads\/2020\/04\/PI-1.25-e1762332095958.jpg","width":1830,"height":2044},{"@type":"BreadcrumbList","@id":"https:\/\/kirinlight.com.vn\/san-pham\/module-led-indoor-pi-1-25\/#breadcrumb","itemListElement":[{"@type":"ListItem","position":1,"name":"Home","item":"https:\/\/kirinlight.com.vn\/"},{"@type":"ListItem","position":2,"name":"C\u1eecA H\u00c0NG","item":"https:\/\/kirinlight.com.vn\/cua-hang\/"},{"@type":"ListItem","position":3,"name":"Module Led Indoor PI 1.25"}]},{"@type":"WebSite","@id":"https:\/\/kirinlight.com.vn\/#website","url":"https:\/\/kirinlight.com.vn\/","name":"\u9e92\u9e9fLED","description":"LED\u5c4f\u5e55 - \u9ad8\u79d1\u6280LED\u6a21\u5757","potentialAction":[{"@type":"SearchAction","target":{"@type":"EntryPoint","urlTemplate":"https:\/\/kirinlight.com.vn\/?s={search_term_string}"},"query-input":{"@type":"PropertyValueSpecification","valueRequired":true,"valueName":"search_term_string"}}],"inLanguage":"zh-Hans"}]}},"_links":{"self":[{"href":"https:\/\/kirinlight.com.vn\/zh\/wp-json\/wp\/v2\/product\/1236","targetHints":{"allow":["GET"]}}],"collection":[{"href":"https:\/\/kirinlight.com.vn\/zh\/wp-json\/wp\/v2\/product"}],"about":[{"href":"https:\/\/kirinlight.com.vn\/zh\/wp-json\/wp\/v2\/types\/product"}],"replies":[{"embeddable":true,"href":"https:\/\/kirinlight.com.vn\/zh\/wp-json\/wp\/v2\/comments?post=1236"}],"wp:featuredmedia":[{"embeddable":true,"href":"https:\/\/kirinlight.com.vn\/zh\/wp-json\/wp\/v2\/media\/2302"}],"wp:attachment":[{"href":"https:\/\/kirinlight.com.vn\/zh\/wp-json\/wp\/v2\/media?parent=1236"}],"wp:term":[{"taxonomy":"product_brand","embeddable":true,"href":"https:\/\/kirinlight.com.vn\/zh\/wp-json\/wp\/v2\/product_brand?post=1236"},{"taxonomy":"product_cat","embeddable":true,"href":"https:\/\/kirinlight.com.vn\/zh\/wp-json\/wp\/v2\/product_cat?post=1236"},{"taxonomy":"product_tag","embeddable":true,"href":"https:\/\/kirinlight.com.vn\/zh\/wp-json\/wp\/v2\/product_tag?post=1236"}],"curies":[{"name":"wp","href":"https:\/\/api.w.org\/{rel}","templated":true}]}}