{"id":1406,"date":"2020-12-16T08:23:40","date_gmt":"2020-12-16T08:23:40","guid":{"rendered":"https:\/\/kirinlight.com.vn\/?post_type=product&#038;p=1406"},"modified":"2025-11-05T16:31:27","modified_gmt":"2025-11-05T09:31:27","slug":"module-led-indoor-pi-3-indoor","status":"publish","type":"product","link":"https:\/\/kirinlight.com.vn\/zh\/product\/module-led-indoor-pi-3-indoor\/","title":{"rendered":"PI 3 \u5ba4\u5185 LED \u6a21\u5757"},"content":{"rendered":"<h2><strong><span style=\"font-size: 105%; color: #0000ff; font-family: tahoma, arial, helvetica, sans-serif;\">P3\u5ba4\u5185LED\u6a21\u7ec4<\/span><\/strong><\/h2>\n<div><span style=\"color: #000000; font-size: 105%; font-family: tahoma, arial, helvetica, sans-serif;\">\u2013 \u751f\u4ea7\u5e74\u4efd\uff1a2020<\/span><\/div>\n<h3><strong><span style=\"color: #0000ff; font-size: 105%; font-family: tahoma, arial, helvetica, sans-serif;\">LED\u89c4\u683c<\/span><\/strong><\/h3>\n<div><span style=\"font-family: tahoma, arial, helvetica, sans-serif; font-size: 105%;\"><strong><span style=\"color: #000000;\"><span style=\"color: #ff0000;\">+\u7ea2\u8272\uff1a<\/span>\u00a0<\/span><\/strong><\/span><\/div>\n<ul>\n<li><span style=\"color: #000000; font-size: 105%; font-family: tahoma, arial, helvetica, sans-serif;\">\u00a0\u4eae\u5ea6\uff1a620 \u2013 1,000 MCD<\/span><\/li>\n<li><span style=\"color: #000000; font-size: 105%; font-family: tahoma, arial, helvetica, sans-serif;\">\u00a0LED\uff1aSMD 2121 \u2013 GKGD<\/span><\/li>\n<li><span style=\"color: #000000; font-size: 105%; font-family: tahoma, arial, helvetica, sans-serif;\">\u00a0\u6ce2\u957f\uff1a615 \u2013 630nm<\/span><\/li>\n<li><span style=\"color: #000000; font-size: 105%; font-family: tahoma, arial, helvetica, sans-serif;\">\u00a0\u6280\u672f\u6761\u4ef6\uff1a250C\u300120mA<\/span><\/li>\n<\/ul>\n<div><span style=\"font-family: tahoma, arial, helvetica, sans-serif; font-size: 105%;\"><strong><span style=\"color: #339966;\">+\u7eff\u8272\uff1a<\/span><\/strong><\/span><\/div>\n<ul>\n<li><span style=\"color: #000000; font-size: 105%; font-family: tahoma, arial, helvetica, sans-serif;\">\u4eae\u5ea6\uff1a650 \u2013 800 MCD\u00a0<\/span><\/li>\n<li><span style=\"color: #000000; font-size: 105%; font-family: tahoma, arial, helvetica, sans-serif;\">LED\uff1aSMD 2121 \u2013 GKGD<\/span><\/li>\n<li><span style=\"color: #000000; font-size: 105%; font-family: tahoma, arial, helvetica, sans-serif;\">\u6ce2\u957f\uff1a515 \u2013 530 nm<\/span><\/li>\n<li><span style=\"color: #000000; font-size: 105%; font-family: tahoma, arial, helvetica, sans-serif;\">\u6280\u672f\u6761\u4ef6\uff1a250C\uff0c20mA<\/span><\/li>\n<\/ul>\n<div><span style=\"font-family: tahoma, arial, helvetica, sans-serif; font-size: 105%;\"><strong><span style=\"color: #0000ff;\">\u00a0+\u84dd\u8272\uff1a<\/span><\/strong><\/span><\/div>\n<ul>\n<li><span style=\"color: #000000; font-size: 105%; font-family: tahoma, arial, helvetica, sans-serif;\">\u4eae\u5ea6\uff1a600 MCD\u00a0<\/span><\/li>\n<li><span style=\"color: #000000; font-size: 105%; font-family: tahoma, arial, helvetica, sans-serif;\">LED\uff1aSMD 2121 \u2013 GKGD<\/span><\/li>\n<li><span style=\"color: #000000; font-size: 105%; font-family: tahoma, arial, helvetica, sans-serif;\">\u6ce2\u957f\uff1a460 \u2013 480 nm\u00a0<\/span><\/li>\n<li><span style=\"color: #000000; font-size: 105%; font-family: tahoma, arial, helvetica, sans-serif;\">\u6280\u672f\u6761\u4ef6\uff1a250C\u300120mA<\/span><\/li>\n<\/ul>\n<h3><span style=\"font-family: tahoma, arial, helvetica, sans-serif; font-size: 105%;\"><strong><span style=\"color: #0000ff;\">\u6a21\u5757\u89c4\u683c\uff1a<\/span><\/strong><\/span><\/h3>\n<ul>\n<li><span style=\"color: #333333; font-size: 105%; font-family: tahoma, arial, helvetica, sans-serif;\">\u50cf\u7d20\u95f4\u8ddd\uff1a3mm<\/span><\/li>\n<li><span style=\"color: #333333; font-size: 105%; font-family: tahoma, arial, helvetica, sans-serif;\">\u6a21\u5757\u5c3a\u5bf8\uff1a192mm x 192mm<\/span><\/li>\n<li><span style=\"color: #333333; font-size: 105%; font-family: tahoma, arial, helvetica, sans-serif;\">\u57fa\u672c\u989c\u8272\uff1a1R1G1B\uff08\u5168\u5f69\uff09<\/span><\/li>\n<li><span style=\"color: #333333; font-size: 105%; font-family: tahoma, arial, helvetica, sans-serif;\">\u6a21\u5757\u5206\u8fa8\u7387\uff1a64\u70b9x64\u70b9<\/span><\/li>\n<li><span style=\"color: #333333; font-size: 105%; font-family: tahoma, arial, helvetica, sans-serif;\">\u50cf\u7d20\u5bc6\u5ea6\uff1a111111\u70b9\/\u5e73\u65b9\u7c73\u00a0<\/span><\/li>\n<li><span style=\"color: #333333; font-size: 105%; font-family: tahoma, arial, helvetica, sans-serif;\">\u626b\u63cf\u6bd4\u4f8b\uff1a1\/32\u626b\u63cf\u00a0<\/span><\/li>\n<li><span style=\"color: #333333; font-size: 105%; font-family: tahoma, arial, helvetica, sans-serif;\">\u6bcf\u5f20\u91cd\u91cf\uff1a0.46\u516c\u65a4<\/span><\/li>\n<li><span style=\"color: #333333; font-size: 105%; font-family: tahoma, arial, helvetica, sans-serif;\">\u6a21\u5757IC\uff1aSM16207<\/span><\/li>\n<li><span style=\"color: #333333; font-size: 105%; font-family: tahoma, arial, helvetica, sans-serif;\">\u529f\u8017\uff1a\u5e73\u5747\uff1a152W\/m2\uff0c\u6700\u5927457W\/m2<\/span><\/li>\n<li><span style=\"color: #333333; font-size: 105%; font-family: tahoma, arial, helvetica, sans-serif;\">\u4eae\u5ea6\uff1a800 \u2013 1,000 cd\/m2<\/span><\/li>\n<li><span style=\"color: #333333; font-size: 105%; font-family: tahoma, arial, helvetica, sans-serif;\">\u989c\u8272\uff1a2.81\u4ebf\u4ebf\u8272\uff08\u9ad8\u6e05\u5206\u8fa8\u7387\uff09\u00a0<\/span><\/li>\n<li><span style=\"color: #333333; font-size: 105%; font-family: tahoma, arial, helvetica, sans-serif;\">\u4eae\u5ea6\u8c03\u8282\u7ea7\u6570\uff1a255\u7ea7\uff0c\u8f6f\u4ef6\u53ef\u8c03<\/span><\/li>\n<li><span style=\"color: #333333; font-size: 105%; font-family: tahoma, arial, helvetica, sans-serif;\">\u7070\u5ea6\uff1a1670\u4e07\u8272<\/span><\/li>\n<li><span style=\"color: #333333; font-size: 105%; font-family: tahoma, arial, helvetica, sans-serif;\">\u6700\u4f73\u89c2\u770b\u8ddd\u79bb\uff1a3\u7c73\u4ee5\u4e0a<\/span><\/li>\n<li><span style=\"color: #333333; font-size: 105%; font-family: tahoma, arial, helvetica, sans-serif;\">\u5c4f\u5e55\u89c6\u89d2\uff1a\u6c34\u5e73\uff1a1600\uff0c\u5782\u76f4\uff1a1400<\/span><\/li>\n<li><span style=\"color: #333333; font-size: 105%; font-family: tahoma, arial, helvetica, sans-serif;\">\u7535\u6e90\uff1aAC220V\/110V\/50Hz\/60Hz<\/span><\/li>\n<li><span style=\"color: #333333; font-size: 105%; font-family: tahoma, arial, helvetica, sans-serif;\">\u626b\u63cf\u9891\u7387\uff1a\u6700\u59273,840 Hz\/s<\/span><\/li>\n<li><span style=\"color: #333333; font-size: 105%; font-family: tahoma, arial, helvetica, sans-serif;\">\u63a7\u5236\u65b9\u5f0f\uff1a\u4e0e\u7535\u8111\u540c\u6b65<\/span><\/li>\n<li><span style=\"color: #333333; font-size: 105%; font-family: tahoma, arial, helvetica, sans-serif;\">\u5bff\u547d\uff1a100,000\u5c0f\u65f6<\/span><\/li>\n<li><span style=\"color: #333333; font-size: 105%; font-family: tahoma, arial, helvetica, sans-serif;\">\u5de5\u4f5c\u6e29\u5ea6\uff1a-200C\uff5e+650C<\/span><\/li>\n<li><span style=\"color: #333333; font-size: 105%; font-family: tahoma, arial, helvetica, sans-serif;\">\u5de5\u4f5c\u6e7f\u5ea6\uff1a10%\uff5e90%<\/span><\/li>\n<li><span style=\"color: #333333; font-size: 105%; font-family: tahoma, arial, helvetica, sans-serif;\">\u8bc1\u4e66\uff1aCE\u3001FCC\u3001ROHS\u3001ISO9001\u3001EMC \u7b49\u4fe1\u7528\u3002<\/span><\/li>\n<\/ul>","protected":false},"excerpt":{"rendered":"<p><img loading=\"lazy\" decoding=\"async\" class=\"alignnone size-full wp-image-1526\" src=\"https:\/\/kirinlight.com.vn\/wp-content\/uploads\/2023\/05\/banner-2.jpg\" alt=\"\" width=\"1537\" height=\"864\" \/><\/p>\n<ul>\n<li><span style=\"font-size: 105%;\"><strong><span style=\"color: #000000; font-family: tahoma, arial, helvetica, sans-serif;\">\u5c3a\u5bf8\uff1a192\u6beb\u7c73 x 192\u6beb\u7c73<\/span><\/strong><\/span><\/li>\n<li><span style=\"font-family: tahoma, arial, helvetica, sans-serif; font-size: 105%;\"><strong><span style=\"color: #000000;\">\u6a21\u5757\u5206\u8fa8\u7387\uff1a64\u70b9x64\u70b9<\/span><\/strong><\/span><\/li>\n<li><span style=\"font-family: tahoma, arial, helvetica, sans-serif; font-size: 105%;\"><strong><span style=\"color: #000000;\">\u5f15\u9886 <span style=\"color: #000000; font-size: 110%;\">SMD 2121 \u2013 GKGD<\/span><\/span><\/strong><\/span><\/li>\n<\/ul>\n<p><span style=\"font-family: tahoma, arial, helvetica, sans-serif;\"><strong><span style=\"color: #000000;\">\u63a5\u89e6 \uff1a<\/span>\u00a0<span style=\"color: #ed1c24;\">0908 300 707<\/span><\/strong><\/span><\/p>\n<p><span style=\"color: #000000;\"><strong>\u6280\u672f\u652f\u63f4<\/strong><\/span> <strong>:<\/strong> <span style=\"color: #d83131;\"><strong>0987 300 707<\/strong><\/span><\/p>","protected":false},"featured_media":1407,"comment_status":"closed","ping_status":"closed","template":"","meta":[],"product_brand":[],"product_cat":[106,22],"product_tag":[],"class_list":{"0":"post-1406","1":"product","2":"type-product","3":"status-publish","4":"has-post-thumbnail","6":"product_cat-catalogue-module-led-pi","7":"product_cat-modules-led-trong-nha","9":"first","10":"instock","11":"shipping-taxable","12":"product-type-simple"},"yoast_head":"<!-- This site is optimized with the Yoast SEO plugin v27.5 - https:\/\/yoast.com\/product\/yoast-seo-wordpress\/ -->\n<title>Module Led Indoor PI 3 INDOOR - LED Kirin<\/title>\n<meta name=\"description\" content=\"Module Led Indoor PI 3 INDOOR Led SMD Morion2020 Kinglight, t\u00edch h\u1ee3p v\u1edbi IC driver PWM ,Integrated Dual Latch t\u1ea1o ra h\u00ecnh \u1ea3nh trung th\u1eadt v\u00e0 s\u1ed1ng \u0111\u1ed9ng v\u1edbi t\u1ea7n s\u1ed1 qu\u00e9t cao\" \/>\n<meta name=\"robots\" content=\"index, follow, max-snippet:-1, max-image-preview:large, max-video-preview:-1\" \/>\n<link rel=\"canonical\" href=\"https:\/\/kirinlight.com.vn\/zh\/product\/module-led-indoor-pi-3-indoor\/\" \/>\n<meta property=\"og:locale\" content=\"zh_CN\" \/>\n<meta property=\"og:type\" content=\"article\" \/>\n<meta property=\"og:title\" content=\"Module Led Indoor PI 3 INDOOR - LED Kirin\" \/>\n<meta property=\"og:description\" content=\"Module Led Indoor PI 3 INDOOR Led SMD Morion2020 Kinglight, t\u00edch h\u1ee3p v\u1edbi IC driver PWM ,Integrated Dual Latch t\u1ea1o ra h\u00ecnh \u1ea3nh trung th\u1eadt v\u00e0 s\u1ed1ng \u0111\u1ed9ng v\u1edbi t\u1ea7n s\u1ed1 qu\u00e9t cao\" \/>\n<meta property=\"og:url\" content=\"https:\/\/kirinlight.com.vn\/zh\/product\/module-led-indoor-pi-3-indoor\/\" \/>\n<meta property=\"og:site_name\" content=\"LED Kirin\" \/>\n<meta property=\"article:modified_time\" content=\"2025-11-05T09:31:27+00:00\" \/>\n<meta property=\"og:image\" content=\"https:\/\/kirinlight.com.vn\/wp-content\/uploads\/2020\/12\/module-led-p3-indoor-kirin-e1762333601652.png\" \/>\n\t<meta property=\"og:image:width\" content=\"436\" \/>\n\t<meta property=\"og:image:height\" content=\"423\" \/>\n\t<meta property=\"og:image:type\" content=\"image\/png\" \/>\n<meta name=\"twitter:card\" content=\"summary_large_image\" \/>\n<meta name=\"twitter:label1\" content=\"\u9884\u8ba1\u9605\u8bfb\u65f6\u95f4\" \/>\n\t<meta name=\"twitter:data1\" content=\"2 \u5206\" \/>\n<script type=\"application\/ld+json\" class=\"yoast-schema-graph\">{\"@context\":\"https:\\\/\\\/schema.org\",\"@graph\":[{\"@type\":\"WebPage\",\"@id\":\"https:\\\/\\\/kirinlight.com.vn\\\/san-pham\\\/module-led-indoor-pi-3-indoor\\\/\",\"url\":\"https:\\\/\\\/kirinlight.com.vn\\\/san-pham\\\/module-led-indoor-pi-3-indoor\\\/\",\"name\":\"Module Led Indoor PI 3 INDOOR - LED Kirin\",\"isPartOf\":{\"@id\":\"https:\\\/\\\/kirinlight.com.vn\\\/#website\"},\"primaryImageOfPage\":{\"@id\":\"https:\\\/\\\/kirinlight.com.vn\\\/san-pham\\\/module-led-indoor-pi-3-indoor\\\/#primaryimage\"},\"image\":{\"@id\":\"https:\\\/\\\/kirinlight.com.vn\\\/san-pham\\\/module-led-indoor-pi-3-indoor\\\/#primaryimage\"},\"thumbnailUrl\":\"https:\\\/\\\/kirinlight.com.vn\\\/wp-content\\\/uploads\\\/2020\\\/12\\\/module-led-p3-indoor-kirin-e1762333601652.png\",\"datePublished\":\"2020-12-16T08:23:40+00:00\",\"dateModified\":\"2025-11-05T09:31:27+00:00\",\"description\":\"Module Led Indoor PI 3 INDOOR Led SMD Morion2020 Kinglight, t\u00edch h\u1ee3p v\u1edbi IC driver PWM ,Integrated Dual Latch t\u1ea1o ra h\u00ecnh \u1ea3nh trung th\u1eadt v\u00e0 s\u1ed1ng \u0111\u1ed9ng v\u1edbi t\u1ea7n s\u1ed1 qu\u00e9t cao\",\"breadcrumb\":{\"@id\":\"https:\\\/\\\/kirinlight.com.vn\\\/san-pham\\\/module-led-indoor-pi-3-indoor\\\/#breadcrumb\"},\"inLanguage\":\"zh-Hans\",\"potentialAction\":[{\"@type\":\"ReadAction\",\"target\":[\"https:\\\/\\\/kirinlight.com.vn\\\/san-pham\\\/module-led-indoor-pi-3-indoor\\\/\"]}]},{\"@type\":\"ImageObject\",\"inLanguage\":\"zh-Hans\",\"@id\":\"https:\\\/\\\/kirinlight.com.vn\\\/san-pham\\\/module-led-indoor-pi-3-indoor\\\/#primaryimage\",\"url\":\"https:\\\/\\\/kirinlight.com.vn\\\/wp-content\\\/uploads\\\/2020\\\/12\\\/module-led-p3-indoor-kirin-e1762333601652.png\",\"contentUrl\":\"https:\\\/\\\/kirinlight.com.vn\\\/wp-content\\\/uploads\\\/2020\\\/12\\\/module-led-p3-indoor-kirin-e1762333601652.png\",\"width\":436,\"height\":423},{\"@type\":\"BreadcrumbList\",\"@id\":\"https:\\\/\\\/kirinlight.com.vn\\\/san-pham\\\/module-led-indoor-pi-3-indoor\\\/#breadcrumb\",\"itemListElement\":[{\"@type\":\"ListItem\",\"position\":1,\"name\":\"Home\",\"item\":\"https:\\\/\\\/kirinlight.com.vn\\\/\"},{\"@type\":\"ListItem\",\"position\":2,\"name\":\"C\u1eecA H\u00c0NG\",\"item\":\"https:\\\/\\\/kirinlight.com.vn\\\/cua-hang\\\/\"},{\"@type\":\"ListItem\",\"position\":3,\"name\":\"Module Led Indoor PI 3 INDOOR\"}]},{\"@type\":\"WebSite\",\"@id\":\"https:\\\/\\\/kirinlight.com.vn\\\/#website\",\"url\":\"https:\\\/\\\/kirinlight.com.vn\\\/\",\"name\":\"LED Kirin\",\"description\":\"M\u00e0n H\u00ecnh Led - Module Led C\u00f4ng Ngh\u1ec7 Cao\",\"potentialAction\":[{\"@type\":\"SearchAction\",\"target\":{\"@type\":\"EntryPoint\",\"urlTemplate\":\"https:\\\/\\\/kirinlight.com.vn\\\/?s={search_term_string}\"},\"query-input\":{\"@type\":\"PropertyValueSpecification\",\"valueRequired\":true,\"valueName\":\"search_term_string\"}}],\"inLanguage\":\"zh-Hans\"}]}<\/script>\n<!-- \/ Yoast SEO plugin. -->","yoast_head_json":{"title":"Module Led Indoor PI 3 INDOOR - LED Kirin","description":"Module Led Indoor PI 3 INDOOR Led SMD Morion2020 Kinglight, t\u00edch h\u1ee3p v\u1edbi IC driver PWM ,Integrated Dual Latch t\u1ea1o ra h\u00ecnh \u1ea3nh trung th\u1eadt v\u00e0 s\u1ed1ng \u0111\u1ed9ng v\u1edbi t\u1ea7n s\u1ed1 qu\u00e9t cao","robots":{"index":"index","follow":"follow","max-snippet":"max-snippet:-1","max-image-preview":"max-image-preview:large","max-video-preview":"max-video-preview:-1"},"canonical":"https:\/\/kirinlight.com.vn\/zh\/product\/module-led-indoor-pi-3-indoor\/","og_locale":"zh_CN","og_type":"article","og_title":"Module Led Indoor PI 3 INDOOR - LED Kirin","og_description":"Module Led Indoor PI 3 INDOOR Led SMD Morion2020 Kinglight, t\u00edch h\u1ee3p v\u1edbi IC driver PWM ,Integrated Dual Latch t\u1ea1o ra h\u00ecnh \u1ea3nh trung th\u1eadt v\u00e0 s\u1ed1ng \u0111\u1ed9ng v\u1edbi t\u1ea7n s\u1ed1 qu\u00e9t cao","og_url":"https:\/\/kirinlight.com.vn\/zh\/product\/module-led-indoor-pi-3-indoor\/","og_site_name":"LED Kirin","article_modified_time":"2025-11-05T09:31:27+00:00","og_image":[{"width":436,"height":423,"url":"https:\/\/kirinlight.com.vn\/wp-content\/uploads\/2020\/12\/module-led-p3-indoor-kirin-e1762333601652.png","type":"image\/png"}],"twitter_card":"summary_large_image","twitter_misc":{"\u9884\u8ba1\u9605\u8bfb\u65f6\u95f4":"2 \u5206"},"schema":{"@context":"https:\/\/schema.org","@graph":[{"@type":"WebPage","@id":"https:\/\/kirinlight.com.vn\/san-pham\/module-led-indoor-pi-3-indoor\/","url":"https:\/\/kirinlight.com.vn\/san-pham\/module-led-indoor-pi-3-indoor\/","name":"Module Led Indoor PI 3 INDOOR - LED Kirin","isPartOf":{"@id":"https:\/\/kirinlight.com.vn\/#website"},"primaryImageOfPage":{"@id":"https:\/\/kirinlight.com.vn\/san-pham\/module-led-indoor-pi-3-indoor\/#primaryimage"},"image":{"@id":"https:\/\/kirinlight.com.vn\/san-pham\/module-led-indoor-pi-3-indoor\/#primaryimage"},"thumbnailUrl":"https:\/\/kirinlight.com.vn\/wp-content\/uploads\/2020\/12\/module-led-p3-indoor-kirin-e1762333601652.png","datePublished":"2020-12-16T08:23:40+00:00","dateModified":"2025-11-05T09:31:27+00:00","description":"Module Led Indoor PI 3 INDOOR Led SMD Morion2020 Kinglight, t\u00edch h\u1ee3p v\u1edbi IC driver PWM ,Integrated Dual Latch t\u1ea1o ra h\u00ecnh \u1ea3nh trung th\u1eadt v\u00e0 s\u1ed1ng \u0111\u1ed9ng v\u1edbi t\u1ea7n s\u1ed1 qu\u00e9t cao","breadcrumb":{"@id":"https:\/\/kirinlight.com.vn\/san-pham\/module-led-indoor-pi-3-indoor\/#breadcrumb"},"inLanguage":"zh-Hans","potentialAction":[{"@type":"ReadAction","target":["https:\/\/kirinlight.com.vn\/san-pham\/module-led-indoor-pi-3-indoor\/"]}]},{"@type":"ImageObject","inLanguage":"zh-Hans","@id":"https:\/\/kirinlight.com.vn\/san-pham\/module-led-indoor-pi-3-indoor\/#primaryimage","url":"https:\/\/kirinlight.com.vn\/wp-content\/uploads\/2020\/12\/module-led-p3-indoor-kirin-e1762333601652.png","contentUrl":"https:\/\/kirinlight.com.vn\/wp-content\/uploads\/2020\/12\/module-led-p3-indoor-kirin-e1762333601652.png","width":436,"height":423},{"@type":"BreadcrumbList","@id":"https:\/\/kirinlight.com.vn\/san-pham\/module-led-indoor-pi-3-indoor\/#breadcrumb","itemListElement":[{"@type":"ListItem","position":1,"name":"Home","item":"https:\/\/kirinlight.com.vn\/"},{"@type":"ListItem","position":2,"name":"C\u1eecA H\u00c0NG","item":"https:\/\/kirinlight.com.vn\/cua-hang\/"},{"@type":"ListItem","position":3,"name":"Module Led Indoor PI 3 INDOOR"}]},{"@type":"WebSite","@id":"https:\/\/kirinlight.com.vn\/#website","url":"https:\/\/kirinlight.com.vn\/","name":"\u9e92\u9e9fLED","description":"LED\u5c4f\u5e55 - \u9ad8\u79d1\u6280LED\u6a21\u5757","potentialAction":[{"@type":"SearchAction","target":{"@type":"EntryPoint","urlTemplate":"https:\/\/kirinlight.com.vn\/?s={search_term_string}"},"query-input":{"@type":"PropertyValueSpecification","valueRequired":true,"valueName":"search_term_string"}}],"inLanguage":"zh-Hans"}]}},"_links":{"self":[{"href":"https:\/\/kirinlight.com.vn\/zh\/wp-json\/wp\/v2\/product\/1406","targetHints":{"allow":["GET"]}}],"collection":[{"href":"https:\/\/kirinlight.com.vn\/zh\/wp-json\/wp\/v2\/product"}],"about":[{"href":"https:\/\/kirinlight.com.vn\/zh\/wp-json\/wp\/v2\/types\/product"}],"replies":[{"embeddable":true,"href":"https:\/\/kirinlight.com.vn\/zh\/wp-json\/wp\/v2\/comments?post=1406"}],"wp:featuredmedia":[{"embeddable":true,"href":"https:\/\/kirinlight.com.vn\/zh\/wp-json\/wp\/v2\/media\/1407"}],"wp:attachment":[{"href":"https:\/\/kirinlight.com.vn\/zh\/wp-json\/wp\/v2\/media?parent=1406"}],"wp:term":[{"taxonomy":"product_brand","embeddable":true,"href":"https:\/\/kirinlight.com.vn\/zh\/wp-json\/wp\/v2\/product_brand?post=1406"},{"taxonomy":"product_cat","embeddable":true,"href":"https:\/\/kirinlight.com.vn\/zh\/wp-json\/wp\/v2\/product_cat?post=1406"},{"taxonomy":"product_tag","embeddable":true,"href":"https:\/\/kirinlight.com.vn\/zh\/wp-json\/wp\/v2\/product_tag?post=1406"}],"curies":[{"name":"wp","href":"https:\/\/api.w.org\/{rel}","templated":true}]}}