{"id":1440,"date":"2021-11-22T15:39:28","date_gmt":"2021-11-22T15:39:28","guid":{"rendered":"https:\/\/kirinlight.com.vn\/?post_type=product&#038;p=1440"},"modified":"2025-11-05T16:29:35","modified_gmt":"2025-11-05T09:29:35","slug":"module-led-indoor-pi-2-5-48100","status":"publish","type":"product","link":"https:\/\/kirinlight.com.vn\/zh\/product\/module-led-indoor-pi-2-5-48100\/","title":{"rendered":"\u5ba4\u5185LED\u6a21\u5757PI 2.5 48100"},"content":{"rendered":"<h2><strong><span style=\"font-size: 105%; color: #0000ff; font-family: tahoma, arial, helvetica, sans-serif;\">LED \u6a21\u5757 KR_TT PI 2.5 48100<\/span><\/strong><\/h2>\n<p><a href=\"https:\/\/kirinlight.com.vn\/wp-content\/uploads\/2021\/11\/pi2548100.png\"><img loading=\"lazy\" decoding=\"async\" class=\"aligncenter size-full wp-image-1441\" src=\"https:\/\/kirinlight.com.vn\/wp-content\/uploads\/2021\/11\/pi2548100.png\" alt=\"pi2548100\" width=\"855\" height=\"267\" srcset=\"https:\/\/kirinlight.com.vn\/wp-content\/uploads\/2021\/11\/pi2548100.png 855w, https:\/\/kirinlight.com.vn\/wp-content\/uploads\/2021\/11\/pi2548100-510x159.png 510w, https:\/\/kirinlight.com.vn\/wp-content\/uploads\/2021\/11\/pi2548100-300x94.png 300w, https:\/\/kirinlight.com.vn\/wp-content\/uploads\/2021\/11\/pi2548100-768x240.png 768w, https:\/\/kirinlight.com.vn\/wp-content\/uploads\/2021\/11\/pi2548100-550x172.png 550w\" sizes=\"auto, (max-width: 855px) 100vw, 855px\" \/><\/a><\/p>\n<h3><span style=\"font-family: tahoma, arial, helvetica, sans-serif; font-size: 105%;\"><strong><span style=\"color: #0000ff;\">\u6a21\u5757\u89c4\u683c\uff1a<\/span><\/strong><\/span><\/h3>\n<p><a href=\"https:\/\/kirinlight.com.vn\/wp-content\/uploads\/2021\/11\/pi2548100ts.png\"><img loading=\"lazy\" decoding=\"async\" class=\"aligncenter size-full wp-image-1442\" src=\"https:\/\/kirinlight.com.vn\/wp-content\/uploads\/2021\/11\/pi2548100ts.png\" alt=\"pi2548100ts\" width=\"1002\" height=\"691\" srcset=\"https:\/\/kirinlight.com.vn\/wp-content\/uploads\/2021\/11\/pi2548100ts.png 1002w, https:\/\/kirinlight.com.vn\/wp-content\/uploads\/2021\/11\/pi2548100ts-510x352.png 510w, https:\/\/kirinlight.com.vn\/wp-content\/uploads\/2021\/11\/pi2548100ts-300x207.png 300w, https:\/\/kirinlight.com.vn\/wp-content\/uploads\/2021\/11\/pi2548100ts-768x530.png 768w, https:\/\/kirinlight.com.vn\/wp-content\/uploads\/2021\/11\/pi2548100ts-550x379.png 550w\" sizes=\"auto, (max-width: 1002px) 100vw, 1002px\" \/><\/a><\/p>\n<p>&nbsp;<\/p>","protected":false},"excerpt":{"rendered":"<p><img loading=\"lazy\" decoding=\"async\" class=\"alignnone size-full wp-image-1526\" src=\"https:\/\/kirinlight.com.vn\/wp-content\/uploads\/2023\/05\/banner-2.jpg\" alt=\"\" width=\"1537\" height=\"864\" \/><\/p>\n<ul>\n<li><span style=\"font-size: 105%;\"><strong><span style=\"color: #000000; font-family: tahoma, arial, helvetica, sans-serif;\">\u5c3a\u5bf8\uff1a320\u6beb\u7c73 x 160\u6beb\u7c73<\/span><\/strong><\/span><\/li>\n<li><span style=\"font-family: tahoma, arial, helvetica, sans-serif; font-size: 105%;\"><strong><span style=\"color: #000000;\">\u6a21\u5757\u5206\u8fa8\u7387\uff1a128 x 64<\/span><\/strong><\/span><\/li>\n<li><span style=\"font-family: tahoma, arial, helvetica, sans-serif; font-size: 105%;\"><strong><span style=\"color: #000000;\"><span style=\"color: #000000; font-size: 110%;\">\u91d1\u83b1\u7279 SMD 2121<\/span><\/span><\/strong><\/span><\/li>\n<\/ul>\n<p><span style=\"font-family: tahoma, arial, helvetica, sans-serif;\"><span style=\"color: #000000;\"><strong>\u63a5\u89e6<\/strong> <strong>:<\/strong> <\/span><span style=\"color: #ed1c24;\"><strong>0908 300 707<\/strong><\/span><\/span><\/p>\n<p><strong><span style=\"color: #000000;\">\u6280\u672f\u652f\u63f4<\/span> :<\/strong> <span style=\"color: #ed1c24;\"><strong>0987 300 707<\/strong><\/span><\/p>","protected":false},"featured_media":2293,"comment_status":"closed","ping_status":"closed","template":"","meta":[],"product_brand":[],"product_cat":[106,22],"product_tag":[],"class_list":{"0":"post-1440","1":"product","2":"type-product","3":"status-publish","4":"has-post-thumbnail","6":"product_cat-catalogue-module-led-pi","7":"product_cat-modules-led-trong-nha","9":"first","10":"instock","11":"shipping-taxable","12":"product-type-simple"},"yoast_head":"<!-- This site is optimized with the Yoast SEO plugin v27.4 - https:\/\/yoast.com\/product\/yoast-seo-wordpress\/ -->\n<title>Module Led Indoor PI 2.5 48100 - LED Kirin<\/title>\n<meta name=\"description\" content=\"Module Led Indoor PI 2.5 48100 Di\u1ec7n t\u00edch m\u00e0n h\u00ecnh: K\u00edch Th\u01b0\u1edbc: 320mm x 160mm, \u0110\u1ed9 ph\u00e2n gi\u1ea3i Module: 128 x 64 Led Kinglight SMD 2121\" \/>\n<meta name=\"robots\" content=\"index, follow, max-snippet:-1, max-image-preview:large, max-video-preview:-1\" \/>\n<link rel=\"canonical\" href=\"https:\/\/kirinlight.com.vn\/zh\/product\/module-led-indoor-pi-2-5-48100\/\" \/>\n<meta property=\"og:locale\" content=\"zh_CN\" \/>\n<meta property=\"og:type\" content=\"article\" \/>\n<meta property=\"og:title\" content=\"Module Led Indoor PI 2.5 48100 - LED Kirin\" \/>\n<meta property=\"og:description\" content=\"Module Led Indoor PI 2.5 48100 Di\u1ec7n t\u00edch m\u00e0n h\u00ecnh: K\u00edch Th\u01b0\u1edbc: 320mm x 160mm, \u0110\u1ed9 ph\u00e2n gi\u1ea3i Module: 128 x 64 Led Kinglight SMD 2121\" \/>\n<meta property=\"og:url\" content=\"https:\/\/kirinlight.com.vn\/zh\/product\/module-led-indoor-pi-2-5-48100\/\" \/>\n<meta property=\"og:site_name\" content=\"LED Kirin\" \/>\n<meta property=\"article:modified_time\" content=\"2025-11-05T09:29:35+00:00\" \/>\n<meta property=\"og:image\" content=\"https:\/\/kirinlight.com.vn\/wp-content\/uploads\/2025\/10\/PI-2.5-e1762333182303.jpg\" \/>\n\t<meta property=\"og:image:width\" content=\"923\" \/>\n\t<meta property=\"og:image:height\" content=\"925\" \/>\n\t<meta property=\"og:image:type\" content=\"image\/jpeg\" \/>\n<meta name=\"twitter:card\" content=\"summary_large_image\" \/>\n<meta name=\"twitter:label1\" content=\"\u9884\u8ba1\u9605\u8bfb\u65f6\u95f4\" \/>\n\t<meta name=\"twitter:data1\" content=\"1 \u5206\" \/>\n<script type=\"application\/ld+json\" class=\"yoast-schema-graph\">{\"@context\":\"https:\\\/\\\/schema.org\",\"@graph\":[{\"@type\":\"WebPage\",\"@id\":\"https:\\\/\\\/kirinlight.com.vn\\\/san-pham\\\/module-led-indoor-pi-2-5-48100\\\/\",\"url\":\"https:\\\/\\\/kirinlight.com.vn\\\/san-pham\\\/module-led-indoor-pi-2-5-48100\\\/\",\"name\":\"Module Led Indoor PI 2.5 48100 - LED Kirin\",\"isPartOf\":{\"@id\":\"https:\\\/\\\/kirinlight.com.vn\\\/#website\"},\"primaryImageOfPage\":{\"@id\":\"https:\\\/\\\/kirinlight.com.vn\\\/san-pham\\\/module-led-indoor-pi-2-5-48100\\\/#primaryimage\"},\"image\":{\"@id\":\"https:\\\/\\\/kirinlight.com.vn\\\/san-pham\\\/module-led-indoor-pi-2-5-48100\\\/#primaryimage\"},\"thumbnailUrl\":\"https:\\\/\\\/kirinlight.com.vn\\\/wp-content\\\/uploads\\\/2025\\\/10\\\/PI-2.5-e1762333182303.jpg\",\"datePublished\":\"2021-11-22T15:39:28+00:00\",\"dateModified\":\"2025-11-05T09:29:35+00:00\",\"description\":\"Module Led Indoor PI 2.5 48100 Di\u1ec7n t\u00edch m\u00e0n h\u00ecnh: K\u00edch Th\u01b0\u1edbc: 320mm x 160mm, \u0110\u1ed9 ph\u00e2n gi\u1ea3i Module: 128 x 64 Led Kinglight SMD 2121\",\"breadcrumb\":{\"@id\":\"https:\\\/\\\/kirinlight.com.vn\\\/san-pham\\\/module-led-indoor-pi-2-5-48100\\\/#breadcrumb\"},\"inLanguage\":\"zh-Hans\",\"potentialAction\":[{\"@type\":\"ReadAction\",\"target\":[\"https:\\\/\\\/kirinlight.com.vn\\\/san-pham\\\/module-led-indoor-pi-2-5-48100\\\/\"]}]},{\"@type\":\"ImageObject\",\"inLanguage\":\"zh-Hans\",\"@id\":\"https:\\\/\\\/kirinlight.com.vn\\\/san-pham\\\/module-led-indoor-pi-2-5-48100\\\/#primaryimage\",\"url\":\"https:\\\/\\\/kirinlight.com.vn\\\/wp-content\\\/uploads\\\/2025\\\/10\\\/PI-2.5-e1762333182303.jpg\",\"contentUrl\":\"https:\\\/\\\/kirinlight.com.vn\\\/wp-content\\\/uploads\\\/2025\\\/10\\\/PI-2.5-e1762333182303.jpg\",\"width\":923,\"height\":925},{\"@type\":\"BreadcrumbList\",\"@id\":\"https:\\\/\\\/kirinlight.com.vn\\\/san-pham\\\/module-led-indoor-pi-2-5-48100\\\/#breadcrumb\",\"itemListElement\":[{\"@type\":\"ListItem\",\"position\":1,\"name\":\"Home\",\"item\":\"https:\\\/\\\/kirinlight.com.vn\\\/\"},{\"@type\":\"ListItem\",\"position\":2,\"name\":\"C\u1eecA H\u00c0NG\",\"item\":\"https:\\\/\\\/kirinlight.com.vn\\\/cua-hang\\\/\"},{\"@type\":\"ListItem\",\"position\":3,\"name\":\"Module Led Indoor PI 2.5 48100\"}]},{\"@type\":\"WebSite\",\"@id\":\"https:\\\/\\\/kirinlight.com.vn\\\/#website\",\"url\":\"https:\\\/\\\/kirinlight.com.vn\\\/\",\"name\":\"LED Kirin\",\"description\":\"M\u00e0n H\u00ecnh Led - Module Led C\u00f4ng Ngh\u1ec7 Cao\",\"potentialAction\":[{\"@type\":\"SearchAction\",\"target\":{\"@type\":\"EntryPoint\",\"urlTemplate\":\"https:\\\/\\\/kirinlight.com.vn\\\/?s={search_term_string}\"},\"query-input\":{\"@type\":\"PropertyValueSpecification\",\"valueRequired\":true,\"valueName\":\"search_term_string\"}}],\"inLanguage\":\"zh-Hans\"}]}<\/script>\n<!-- \/ Yoast SEO plugin. -->","yoast_head_json":{"title":"Module Led Indoor PI 2.5 48100 - LED Kirin","description":"Module Led Indoor PI 2.5 48100 Di\u1ec7n t\u00edch m\u00e0n h\u00ecnh: K\u00edch Th\u01b0\u1edbc: 320mm x 160mm, \u0110\u1ed9 ph\u00e2n gi\u1ea3i Module: 128 x 64 Led Kinglight SMD 2121","robots":{"index":"index","follow":"follow","max-snippet":"max-snippet:-1","max-image-preview":"max-image-preview:large","max-video-preview":"max-video-preview:-1"},"canonical":"https:\/\/kirinlight.com.vn\/zh\/product\/module-led-indoor-pi-2-5-48100\/","og_locale":"zh_CN","og_type":"article","og_title":"Module Led Indoor PI 2.5 48100 - LED Kirin","og_description":"Module Led Indoor PI 2.5 48100 Di\u1ec7n t\u00edch m\u00e0n h\u00ecnh: K\u00edch Th\u01b0\u1edbc: 320mm x 160mm, \u0110\u1ed9 ph\u00e2n gi\u1ea3i Module: 128 x 64 Led Kinglight SMD 2121","og_url":"https:\/\/kirinlight.com.vn\/zh\/product\/module-led-indoor-pi-2-5-48100\/","og_site_name":"LED Kirin","article_modified_time":"2025-11-05T09:29:35+00:00","og_image":[{"width":923,"height":925,"url":"https:\/\/kirinlight.com.vn\/wp-content\/uploads\/2025\/10\/PI-2.5-e1762333182303.jpg","type":"image\/jpeg"}],"twitter_card":"summary_large_image","twitter_misc":{"\u9884\u8ba1\u9605\u8bfb\u65f6\u95f4":"1 \u5206"},"schema":{"@context":"https:\/\/schema.org","@graph":[{"@type":"WebPage","@id":"https:\/\/kirinlight.com.vn\/san-pham\/module-led-indoor-pi-2-5-48100\/","url":"https:\/\/kirinlight.com.vn\/san-pham\/module-led-indoor-pi-2-5-48100\/","name":"Module Led Indoor PI 2.5 48100 - LED Kirin","isPartOf":{"@id":"https:\/\/kirinlight.com.vn\/#website"},"primaryImageOfPage":{"@id":"https:\/\/kirinlight.com.vn\/san-pham\/module-led-indoor-pi-2-5-48100\/#primaryimage"},"image":{"@id":"https:\/\/kirinlight.com.vn\/san-pham\/module-led-indoor-pi-2-5-48100\/#primaryimage"},"thumbnailUrl":"https:\/\/kirinlight.com.vn\/wp-content\/uploads\/2025\/10\/PI-2.5-e1762333182303.jpg","datePublished":"2021-11-22T15:39:28+00:00","dateModified":"2025-11-05T09:29:35+00:00","description":"Module Led Indoor PI 2.5 48100 Di\u1ec7n t\u00edch m\u00e0n h\u00ecnh: K\u00edch Th\u01b0\u1edbc: 320mm x 160mm, \u0110\u1ed9 ph\u00e2n gi\u1ea3i Module: 128 x 64 Led Kinglight SMD 2121","breadcrumb":{"@id":"https:\/\/kirinlight.com.vn\/san-pham\/module-led-indoor-pi-2-5-48100\/#breadcrumb"},"inLanguage":"zh-Hans","potentialAction":[{"@type":"ReadAction","target":["https:\/\/kirinlight.com.vn\/san-pham\/module-led-indoor-pi-2-5-48100\/"]}]},{"@type":"ImageObject","inLanguage":"zh-Hans","@id":"https:\/\/kirinlight.com.vn\/san-pham\/module-led-indoor-pi-2-5-48100\/#primaryimage","url":"https:\/\/kirinlight.com.vn\/wp-content\/uploads\/2025\/10\/PI-2.5-e1762333182303.jpg","contentUrl":"https:\/\/kirinlight.com.vn\/wp-content\/uploads\/2025\/10\/PI-2.5-e1762333182303.jpg","width":923,"height":925},{"@type":"BreadcrumbList","@id":"https:\/\/kirinlight.com.vn\/san-pham\/module-led-indoor-pi-2-5-48100\/#breadcrumb","itemListElement":[{"@type":"ListItem","position":1,"name":"Home","item":"https:\/\/kirinlight.com.vn\/"},{"@type":"ListItem","position":2,"name":"C\u1eecA H\u00c0NG","item":"https:\/\/kirinlight.com.vn\/cua-hang\/"},{"@type":"ListItem","position":3,"name":"Module Led Indoor PI 2.5 48100"}]},{"@type":"WebSite","@id":"https:\/\/kirinlight.com.vn\/#website","url":"https:\/\/kirinlight.com.vn\/","name":"\u9e92\u9e9fLED","description":"LED\u5c4f\u5e55 - \u9ad8\u79d1\u6280LED\u6a21\u5757","potentialAction":[{"@type":"SearchAction","target":{"@type":"EntryPoint","urlTemplate":"https:\/\/kirinlight.com.vn\/?s={search_term_string}"},"query-input":{"@type":"PropertyValueSpecification","valueRequired":true,"valueName":"search_term_string"}}],"inLanguage":"zh-Hans"}]}},"_links":{"self":[{"href":"https:\/\/kirinlight.com.vn\/zh\/wp-json\/wp\/v2\/product\/1440","targetHints":{"allow":["GET"]}}],"collection":[{"href":"https:\/\/kirinlight.com.vn\/zh\/wp-json\/wp\/v2\/product"}],"about":[{"href":"https:\/\/kirinlight.com.vn\/zh\/wp-json\/wp\/v2\/types\/product"}],"replies":[{"embeddable":true,"href":"https:\/\/kirinlight.com.vn\/zh\/wp-json\/wp\/v2\/comments?post=1440"}],"wp:featuredmedia":[{"embeddable":true,"href":"https:\/\/kirinlight.com.vn\/zh\/wp-json\/wp\/v2\/media\/2293"}],"wp:attachment":[{"href":"https:\/\/kirinlight.com.vn\/zh\/wp-json\/wp\/v2\/media?parent=1440"}],"wp:term":[{"taxonomy":"product_brand","embeddable":true,"href":"https:\/\/kirinlight.com.vn\/zh\/wp-json\/wp\/v2\/product_brand?post=1440"},{"taxonomy":"product_cat","embeddable":true,"href":"https:\/\/kirinlight.com.vn\/zh\/wp-json\/wp\/v2\/product_cat?post=1440"},{"taxonomy":"product_tag","embeddable":true,"href":"https:\/\/kirinlight.com.vn\/zh\/wp-json\/wp\/v2\/product_tag?post=1440"}],"curies":[{"name":"wp","href":"https:\/\/api.w.org\/{rel}","templated":true}]}}