{"id":2250,"date":"2025-10-30T14:31:17","date_gmt":"2025-10-30T07:31:17","guid":{"rendered":"https:\/\/kirinlight.com.vn\/?post_type=product&#038;p=2250"},"modified":"2025-11-05T16:34:41","modified_gmt":"2025-11-05T09:34:41","slug":"module-led-outdoor-po-3-91","status":"publish","type":"product","link":"https:\/\/kirinlight.com.vn\/zh\/product\/module-led-outdoor-po-3-91\/","title":{"rendered":"\u6237\u5916LED\u6a21\u5757 PO 3.91"},"content":{"rendered":"<p><img loading=\"lazy\" decoding=\"async\" class=\"alignnone size-full wp-image-1794\" src=\"https:\/\/kirinlight.com.vn\/wp-content\/uploads\/2025\/05\/MODULE-LED-PO-3.91_page-0001-scaled.webp\" alt=\"\" width=\"1978\" height=\"2560\" \/><\/p>","protected":false},"excerpt":{"rendered":"<p>&nbsp;<\/p>\n<p><strong><img loading=\"lazy\" decoding=\"async\" class=\"alignnone size-full wp-image-2283\" src=\"https:\/\/kirinlight.com.vn\/wp-content\/uploads\/2025\/10\/P3.91.jpg\" alt=\"\" width=\"1558\" height=\"1168\" \/><\/strong><\/p>\n<p><span style=\"font-size: 120%;\"><em><strong>P3.91 \u6237\u5916\uff1a<\/strong><\/em><\/span><\/p>\n<ul>\n<li><strong><span style=\"font-size: 110%;\"><em>\u5c3a\u5bf8\uff1a250\u6beb\u7c73 x 250\u6beb\u7c73<\/em><\/span><\/strong><\/li>\n<li><strong><span style=\"font-size: 110%;\"><em>\u5206\u8fa8\u7387\uff1a64 x 64 \u50cf\u7d20<\/em><\/span><\/strong><\/li>\n<li><strong><span style=\"font-size: 110%;\"><em>1R1G1B \u2013 SMD 1921<\/em><\/span><\/strong><\/li>\n<li><strong><span style=\"font-size: 110%;\"><em>\u626b\u63cf 1\/16<\/em><\/span><\/strong><\/li>\n<li><strong><span style=\"font-size: 110%;\"><em>\u5237\u65b0\u7387 3840-7680Hz<\/em><\/span><\/strong><\/li>\n<\/ul>","protected":false},"featured_media":2283,"comment_status":"closed","ping_status":"closed","template":"","meta":[],"product_brand":[],"product_cat":[105,23],"product_tag":[],"class_list":{"0":"post-2250","1":"product","2":"type-product","3":"status-publish","4":"has-post-thumbnail","6":"product_cat-catalogue-module-led-po","7":"product_cat-modules-led-ngoai-troi","9":"first","10":"instock","11":"shipping-taxable","12":"product-type-simple"},"yoast_head":"<!-- This site is optimized with the Yoast SEO plugin v27.4 - https:\/\/yoast.com\/product\/yoast-seo-wordpress\/ -->\n<title>Module Led Outdoor PO 3.91 - LED Kirin<\/title>\n<meta name=\"robots\" content=\"index, follow, max-snippet:-1, max-image-preview:large, max-video-preview:-1\" \/>\n<link rel=\"canonical\" href=\"https:\/\/kirinlight.com.vn\/zh\/product\/module-led-outdoor-po-3-91\/\" \/>\n<meta property=\"og:locale\" content=\"zh_CN\" \/>\n<meta property=\"og:type\" content=\"article\" \/>\n<meta property=\"og:title\" content=\"Module Led Outdoor PO 3.91 - LED Kirin\" \/>\n<meta property=\"og:description\" content=\"&nbsp;    P3.91 Outdoor:   K\u00edch Th\u01b0\u1edbc: 250mm x 250mm  \u0110\u1ed9 ph\u00e2n gi\u1ea3i : 64 x 64 pixel  1R1G1B - SMD 1921  Scan 1\/16  Refresh 3840-7680Hz\" \/>\n<meta property=\"og:url\" content=\"https:\/\/kirinlight.com.vn\/zh\/product\/module-led-outdoor-po-3-91\/\" \/>\n<meta property=\"og:site_name\" content=\"LED Kirin\" \/>\n<meta property=\"article:modified_time\" content=\"2025-11-05T09:34:41+00:00\" \/>\n<meta property=\"og:image\" content=\"https:\/\/kirinlight.com.vn\/wp-content\/uploads\/2025\/10\/P3.91-e1762331231322.jpg\" \/>\n\t<meta property=\"og:image:width\" content=\"1558\" \/>\n\t<meta property=\"og:image:height\" content=\"813\" \/>\n\t<meta property=\"og:image:type\" content=\"image\/jpeg\" \/>\n<meta name=\"twitter:card\" content=\"summary_large_image\" \/>\n<meta name=\"twitter:label1\" content=\"\u9884\u8ba1\u9605\u8bfb\u65f6\u95f4\" \/>\n\t<meta name=\"twitter:data1\" content=\"1 \u5206\" \/>\n<script type=\"application\/ld+json\" class=\"yoast-schema-graph\">{\"@context\":\"https:\\\/\\\/schema.org\",\"@graph\":[{\"@type\":\"WebPage\",\"@id\":\"https:\\\/\\\/kirinlight.com.vn\\\/san-pham\\\/module-led-outdoor-po-3-91\\\/\",\"url\":\"https:\\\/\\\/kirinlight.com.vn\\\/san-pham\\\/module-led-outdoor-po-3-91\\\/\",\"name\":\"Module Led Outdoor PO 3.91 - LED Kirin\",\"isPartOf\":{\"@id\":\"https:\\\/\\\/kirinlight.com.vn\\\/#website\"},\"primaryImageOfPage\":{\"@id\":\"https:\\\/\\\/kirinlight.com.vn\\\/san-pham\\\/module-led-outdoor-po-3-91\\\/#primaryimage\"},\"image\":{\"@id\":\"https:\\\/\\\/kirinlight.com.vn\\\/san-pham\\\/module-led-outdoor-po-3-91\\\/#primaryimage\"},\"thumbnailUrl\":\"https:\\\/\\\/kirinlight.com.vn\\\/wp-content\\\/uploads\\\/2025\\\/10\\\/P3.91-e1762331231322.jpg\",\"datePublished\":\"2025-10-30T07:31:17+00:00\",\"dateModified\":\"2025-11-05T09:34:41+00:00\",\"breadcrumb\":{\"@id\":\"https:\\\/\\\/kirinlight.com.vn\\\/san-pham\\\/module-led-outdoor-po-3-91\\\/#breadcrumb\"},\"inLanguage\":\"zh-Hans\",\"potentialAction\":[{\"@type\":\"ReadAction\",\"target\":[\"https:\\\/\\\/kirinlight.com.vn\\\/san-pham\\\/module-led-outdoor-po-3-91\\\/\"]}]},{\"@type\":\"ImageObject\",\"inLanguage\":\"zh-Hans\",\"@id\":\"https:\\\/\\\/kirinlight.com.vn\\\/san-pham\\\/module-led-outdoor-po-3-91\\\/#primaryimage\",\"url\":\"https:\\\/\\\/kirinlight.com.vn\\\/wp-content\\\/uploads\\\/2025\\\/10\\\/P3.91-e1762331231322.jpg\",\"contentUrl\":\"https:\\\/\\\/kirinlight.com.vn\\\/wp-content\\\/uploads\\\/2025\\\/10\\\/P3.91-e1762331231322.jpg\",\"width\":1558,\"height\":813},{\"@type\":\"BreadcrumbList\",\"@id\":\"https:\\\/\\\/kirinlight.com.vn\\\/san-pham\\\/module-led-outdoor-po-3-91\\\/#breadcrumb\",\"itemListElement\":[{\"@type\":\"ListItem\",\"position\":1,\"name\":\"Home\",\"item\":\"https:\\\/\\\/kirinlight.com.vn\\\/\"},{\"@type\":\"ListItem\",\"position\":2,\"name\":\"C\u1eecA H\u00c0NG\",\"item\":\"https:\\\/\\\/kirinlight.com.vn\\\/cua-hang\\\/\"},{\"@type\":\"ListItem\",\"position\":3,\"name\":\"Module Led Outdoor PO 3.91\"}]},{\"@type\":\"WebSite\",\"@id\":\"https:\\\/\\\/kirinlight.com.vn\\\/#website\",\"url\":\"https:\\\/\\\/kirinlight.com.vn\\\/\",\"name\":\"LED Kirin\",\"description\":\"M\u00e0n H\u00ecnh Led - Module Led C\u00f4ng Ngh\u1ec7 Cao\",\"potentialAction\":[{\"@type\":\"SearchAction\",\"target\":{\"@type\":\"EntryPoint\",\"urlTemplate\":\"https:\\\/\\\/kirinlight.com.vn\\\/?s={search_term_string}\"},\"query-input\":{\"@type\":\"PropertyValueSpecification\",\"valueRequired\":true,\"valueName\":\"search_term_string\"}}],\"inLanguage\":\"zh-Hans\"}]}<\/script>\n<!-- \/ Yoast SEO plugin. -->","yoast_head_json":{"title":"Module Led Outdoor PO 3.91 - LED Kirin","robots":{"index":"index","follow":"follow","max-snippet":"max-snippet:-1","max-image-preview":"max-image-preview:large","max-video-preview":"max-video-preview:-1"},"canonical":"https:\/\/kirinlight.com.vn\/zh\/product\/module-led-outdoor-po-3-91\/","og_locale":"zh_CN","og_type":"article","og_title":"Module Led Outdoor PO 3.91 - LED Kirin","og_description":"&nbsp;    P3.91 Outdoor:   K\u00edch Th\u01b0\u1edbc: 250mm x 250mm  \u0110\u1ed9 ph\u00e2n gi\u1ea3i : 64 x 64 pixel  1R1G1B - SMD 1921  Scan 1\/16  Refresh 3840-7680Hz","og_url":"https:\/\/kirinlight.com.vn\/zh\/product\/module-led-outdoor-po-3-91\/","og_site_name":"LED Kirin","article_modified_time":"2025-11-05T09:34:41+00:00","og_image":[{"width":1558,"height":813,"url":"https:\/\/kirinlight.com.vn\/wp-content\/uploads\/2025\/10\/P3.91-e1762331231322.jpg","type":"image\/jpeg"}],"twitter_card":"summary_large_image","twitter_misc":{"\u9884\u8ba1\u9605\u8bfb\u65f6\u95f4":"1 \u5206"},"schema":{"@context":"https:\/\/schema.org","@graph":[{"@type":"WebPage","@id":"https:\/\/kirinlight.com.vn\/san-pham\/module-led-outdoor-po-3-91\/","url":"https:\/\/kirinlight.com.vn\/san-pham\/module-led-outdoor-po-3-91\/","name":"Module Led Outdoor PO 3.91 - LED Kirin","isPartOf":{"@id":"https:\/\/kirinlight.com.vn\/#website"},"primaryImageOfPage":{"@id":"https:\/\/kirinlight.com.vn\/san-pham\/module-led-outdoor-po-3-91\/#primaryimage"},"image":{"@id":"https:\/\/kirinlight.com.vn\/san-pham\/module-led-outdoor-po-3-91\/#primaryimage"},"thumbnailUrl":"https:\/\/kirinlight.com.vn\/wp-content\/uploads\/2025\/10\/P3.91-e1762331231322.jpg","datePublished":"2025-10-30T07:31:17+00:00","dateModified":"2025-11-05T09:34:41+00:00","breadcrumb":{"@id":"https:\/\/kirinlight.com.vn\/san-pham\/module-led-outdoor-po-3-91\/#breadcrumb"},"inLanguage":"zh-Hans","potentialAction":[{"@type":"ReadAction","target":["https:\/\/kirinlight.com.vn\/san-pham\/module-led-outdoor-po-3-91\/"]}]},{"@type":"ImageObject","inLanguage":"zh-Hans","@id":"https:\/\/kirinlight.com.vn\/san-pham\/module-led-outdoor-po-3-91\/#primaryimage","url":"https:\/\/kirinlight.com.vn\/wp-content\/uploads\/2025\/10\/P3.91-e1762331231322.jpg","contentUrl":"https:\/\/kirinlight.com.vn\/wp-content\/uploads\/2025\/10\/P3.91-e1762331231322.jpg","width":1558,"height":813},{"@type":"BreadcrumbList","@id":"https:\/\/kirinlight.com.vn\/san-pham\/module-led-outdoor-po-3-91\/#breadcrumb","itemListElement":[{"@type":"ListItem","position":1,"name":"Home","item":"https:\/\/kirinlight.com.vn\/"},{"@type":"ListItem","position":2,"name":"C\u1eecA H\u00c0NG","item":"https:\/\/kirinlight.com.vn\/cua-hang\/"},{"@type":"ListItem","position":3,"name":"Module Led Outdoor PO 3.91"}]},{"@type":"WebSite","@id":"https:\/\/kirinlight.com.vn\/#website","url":"https:\/\/kirinlight.com.vn\/","name":"\u9e92\u9e9fLED","description":"LED\u5c4f\u5e55 - \u9ad8\u79d1\u6280LED\u6a21\u5757","potentialAction":[{"@type":"SearchAction","target":{"@type":"EntryPoint","urlTemplate":"https:\/\/kirinlight.com.vn\/?s={search_term_string}"},"query-input":{"@type":"PropertyValueSpecification","valueRequired":true,"valueName":"search_term_string"}}],"inLanguage":"zh-Hans"}]}},"_links":{"self":[{"href":"https:\/\/kirinlight.com.vn\/zh\/wp-json\/wp\/v2\/product\/2250","targetHints":{"allow":["GET"]}}],"collection":[{"href":"https:\/\/kirinlight.com.vn\/zh\/wp-json\/wp\/v2\/product"}],"about":[{"href":"https:\/\/kirinlight.com.vn\/zh\/wp-json\/wp\/v2\/types\/product"}],"replies":[{"embeddable":true,"href":"https:\/\/kirinlight.com.vn\/zh\/wp-json\/wp\/v2\/comments?post=2250"}],"wp:featuredmedia":[{"embeddable":true,"href":"https:\/\/kirinlight.com.vn\/zh\/wp-json\/wp\/v2\/media\/2283"}],"wp:attachment":[{"href":"https:\/\/kirinlight.com.vn\/zh\/wp-json\/wp\/v2\/media?parent=2250"}],"wp:term":[{"taxonomy":"product_brand","embeddable":true,"href":"https:\/\/kirinlight.com.vn\/zh\/wp-json\/wp\/v2\/product_brand?post=2250"},{"taxonomy":"product_cat","embeddable":true,"href":"https:\/\/kirinlight.com.vn\/zh\/wp-json\/wp\/v2\/product_cat?post=2250"},{"taxonomy":"product_tag","embeddable":true,"href":"https:\/\/kirinlight.com.vn\/zh\/wp-json\/wp\/v2\/product_tag?post=2250"}],"curies":[{"name":"wp","href":"https:\/\/api.w.org\/{rel}","templated":true}]}}