{"id":2264,"date":"2025-10-30T16:40:58","date_gmt":"2025-10-30T09:40:58","guid":{"rendered":"https:\/\/kirinlight.com.vn\/?post_type=product&#038;p=2264"},"modified":"2025-11-05T16:30:17","modified_gmt":"2025-11-05T09:30:17","slug":"module-led-indoor-pi-3-2","status":"publish","type":"product","link":"https:\/\/kirinlight.com.vn\/zh\/product\/module-led-indoor-pi-3-2\/","title":{"rendered":"PI 3 \u5ba4\u5185 LED \u6a21\u5757"},"content":{"rendered":"<p><img loading=\"lazy\" decoding=\"async\" class=\"alignnone wp-image-1578 size-full\" src=\"https:\/\/kirinlight.com.vn\/wp-content\/uploads\/2023\/05\/MODULE-LED-KR_TT-PI-3-68501.jpg\" alt=\"\" width=\"1700\" height=\"2200\" \/><\/p>","protected":false},"excerpt":{"rendered":"<p><img loading=\"lazy\" decoding=\"async\" class=\"alignnone size-full wp-image-1526\" src=\"https:\/\/kirinlight.com.vn\/wp-content\/uploads\/2023\/05\/banner-2.jpg\" alt=\"\" width=\"1537\" height=\"864\" \/><\/p>\n<p><strong>\u63a5\u89e6\uff1a<\/strong> <span style=\"color: #ed1c24;\"><strong>0908 300 707<\/strong><\/span><\/p>\n<p><strong>\u6280\u672f\u652f\u63f4\uff1a <span style=\"color: #ed1c24;\">0987 300 707<\/span><\/strong><\/p>","protected":false},"featured_media":1407,"comment_status":"closed","ping_status":"closed","template":"","meta":[],"product_brand":[],"product_cat":[106,22],"product_tag":[],"class_list":{"0":"post-2264","1":"product","2":"type-product","3":"status-publish","4":"has-post-thumbnail","6":"product_cat-catalogue-module-led-pi","7":"product_cat-modules-led-trong-nha","9":"first","10":"instock","11":"shipping-taxable","12":"product-type-simple"},"yoast_head":"<!-- This site is optimized with the Yoast SEO plugin v27.4 - https:\/\/yoast.com\/product\/yoast-seo-wordpress\/ -->\n<title>Module Led Indoor PI 3 - LED Kirin<\/title>\n<meta name=\"robots\" content=\"index, follow, max-snippet:-1, max-image-preview:large, max-video-preview:-1\" \/>\n<link rel=\"canonical\" href=\"https:\/\/kirinlight.com.vn\/zh\/product\/module-led-indoor-pi-3-2\/\" \/>\n<meta property=\"og:locale\" content=\"zh_CN\" \/>\n<meta property=\"og:type\" content=\"article\" \/>\n<meta property=\"og:title\" content=\"Module Led Indoor PI 3 - LED Kirin\" \/>\n<meta property=\"og:description\" content=\"Li\u00ean H\u1ec7: 0908 300 707  H\u1ed7 Tr\u1ee3 K\u1ef9 Thu\u1eadt: 0987 300 707\" \/>\n<meta property=\"og:url\" content=\"https:\/\/kirinlight.com.vn\/zh\/product\/module-led-indoor-pi-3-2\/\" \/>\n<meta property=\"og:site_name\" content=\"LED Kirin\" \/>\n<meta property=\"article:modified_time\" content=\"2025-11-05T09:30:17+00:00\" \/>\n<meta property=\"og:image\" content=\"https:\/\/kirinlight.com.vn\/wp-content\/uploads\/2020\/12\/module-led-p3-indoor-kirin-e1762333601652.png\" \/>\n\t<meta property=\"og:image:width\" content=\"436\" \/>\n\t<meta property=\"og:image:height\" content=\"423\" \/>\n\t<meta property=\"og:image:type\" content=\"image\/png\" \/>\n<meta name=\"twitter:card\" content=\"summary_large_image\" \/>\n<meta name=\"twitter:label1\" content=\"\u9884\u8ba1\u9605\u8bfb\u65f6\u95f4\" \/>\n\t<meta name=\"twitter:data1\" content=\"1 \u5206\" \/>\n<script type=\"application\/ld+json\" class=\"yoast-schema-graph\">{\"@context\":\"https:\\\/\\\/schema.org\",\"@graph\":[{\"@type\":\"WebPage\",\"@id\":\"https:\\\/\\\/kirinlight.com.vn\\\/san-pham\\\/module-led-indoor-pi-3-2\\\/\",\"url\":\"https:\\\/\\\/kirinlight.com.vn\\\/san-pham\\\/module-led-indoor-pi-3-2\\\/\",\"name\":\"Module Led Indoor PI 3 - LED Kirin\",\"isPartOf\":{\"@id\":\"https:\\\/\\\/kirinlight.com.vn\\\/#website\"},\"primaryImageOfPage\":{\"@id\":\"https:\\\/\\\/kirinlight.com.vn\\\/san-pham\\\/module-led-indoor-pi-3-2\\\/#primaryimage\"},\"image\":{\"@id\":\"https:\\\/\\\/kirinlight.com.vn\\\/san-pham\\\/module-led-indoor-pi-3-2\\\/#primaryimage\"},\"thumbnailUrl\":\"https:\\\/\\\/kirinlight.com.vn\\\/wp-content\\\/uploads\\\/2020\\\/12\\\/module-led-p3-indoor-kirin-e1762333601652.png\",\"datePublished\":\"2025-10-30T09:40:58+00:00\",\"dateModified\":\"2025-11-05T09:30:17+00:00\",\"breadcrumb\":{\"@id\":\"https:\\\/\\\/kirinlight.com.vn\\\/san-pham\\\/module-led-indoor-pi-3-2\\\/#breadcrumb\"},\"inLanguage\":\"zh-Hans\",\"potentialAction\":[{\"@type\":\"ReadAction\",\"target\":[\"https:\\\/\\\/kirinlight.com.vn\\\/san-pham\\\/module-led-indoor-pi-3-2\\\/\"]}]},{\"@type\":\"ImageObject\",\"inLanguage\":\"zh-Hans\",\"@id\":\"https:\\\/\\\/kirinlight.com.vn\\\/san-pham\\\/module-led-indoor-pi-3-2\\\/#primaryimage\",\"url\":\"https:\\\/\\\/kirinlight.com.vn\\\/wp-content\\\/uploads\\\/2020\\\/12\\\/module-led-p3-indoor-kirin-e1762333601652.png\",\"contentUrl\":\"https:\\\/\\\/kirinlight.com.vn\\\/wp-content\\\/uploads\\\/2020\\\/12\\\/module-led-p3-indoor-kirin-e1762333601652.png\",\"width\":436,\"height\":423},{\"@type\":\"BreadcrumbList\",\"@id\":\"https:\\\/\\\/kirinlight.com.vn\\\/san-pham\\\/module-led-indoor-pi-3-2\\\/#breadcrumb\",\"itemListElement\":[{\"@type\":\"ListItem\",\"position\":1,\"name\":\"Home\",\"item\":\"https:\\\/\\\/kirinlight.com.vn\\\/\"},{\"@type\":\"ListItem\",\"position\":2,\"name\":\"C\u1eecA H\u00c0NG\",\"item\":\"https:\\\/\\\/kirinlight.com.vn\\\/cua-hang\\\/\"},{\"@type\":\"ListItem\",\"position\":3,\"name\":\"Module Led Indoor PI 3\"}]},{\"@type\":\"WebSite\",\"@id\":\"https:\\\/\\\/kirinlight.com.vn\\\/#website\",\"url\":\"https:\\\/\\\/kirinlight.com.vn\\\/\",\"name\":\"LED Kirin\",\"description\":\"M\u00e0n H\u00ecnh Led - Module Led C\u00f4ng Ngh\u1ec7 Cao\",\"potentialAction\":[{\"@type\":\"SearchAction\",\"target\":{\"@type\":\"EntryPoint\",\"urlTemplate\":\"https:\\\/\\\/kirinlight.com.vn\\\/?s={search_term_string}\"},\"query-input\":{\"@type\":\"PropertyValueSpecification\",\"valueRequired\":true,\"valueName\":\"search_term_string\"}}],\"inLanguage\":\"zh-Hans\"}]}<\/script>\n<!-- \/ Yoast SEO plugin. -->","yoast_head_json":{"title":"Module Led Indoor PI 3 - LED Kirin","robots":{"index":"index","follow":"follow","max-snippet":"max-snippet:-1","max-image-preview":"max-image-preview:large","max-video-preview":"max-video-preview:-1"},"canonical":"https:\/\/kirinlight.com.vn\/zh\/product\/module-led-indoor-pi-3-2\/","og_locale":"zh_CN","og_type":"article","og_title":"Module Led Indoor PI 3 - LED Kirin","og_description":"Li\u00ean H\u1ec7: 0908 300 707  H\u1ed7 Tr\u1ee3 K\u1ef9 Thu\u1eadt: 0987 300 707","og_url":"https:\/\/kirinlight.com.vn\/zh\/product\/module-led-indoor-pi-3-2\/","og_site_name":"LED Kirin","article_modified_time":"2025-11-05T09:30:17+00:00","og_image":[{"width":436,"height":423,"url":"https:\/\/kirinlight.com.vn\/wp-content\/uploads\/2020\/12\/module-led-p3-indoor-kirin-e1762333601652.png","type":"image\/png"}],"twitter_card":"summary_large_image","twitter_misc":{"\u9884\u8ba1\u9605\u8bfb\u65f6\u95f4":"1 \u5206"},"schema":{"@context":"https:\/\/schema.org","@graph":[{"@type":"WebPage","@id":"https:\/\/kirinlight.com.vn\/san-pham\/module-led-indoor-pi-3-2\/","url":"https:\/\/kirinlight.com.vn\/san-pham\/module-led-indoor-pi-3-2\/","name":"Module Led Indoor PI 3 - LED Kirin","isPartOf":{"@id":"https:\/\/kirinlight.com.vn\/#website"},"primaryImageOfPage":{"@id":"https:\/\/kirinlight.com.vn\/san-pham\/module-led-indoor-pi-3-2\/#primaryimage"},"image":{"@id":"https:\/\/kirinlight.com.vn\/san-pham\/module-led-indoor-pi-3-2\/#primaryimage"},"thumbnailUrl":"https:\/\/kirinlight.com.vn\/wp-content\/uploads\/2020\/12\/module-led-p3-indoor-kirin-e1762333601652.png","datePublished":"2025-10-30T09:40:58+00:00","dateModified":"2025-11-05T09:30:17+00:00","breadcrumb":{"@id":"https:\/\/kirinlight.com.vn\/san-pham\/module-led-indoor-pi-3-2\/#breadcrumb"},"inLanguage":"zh-Hans","potentialAction":[{"@type":"ReadAction","target":["https:\/\/kirinlight.com.vn\/san-pham\/module-led-indoor-pi-3-2\/"]}]},{"@type":"ImageObject","inLanguage":"zh-Hans","@id":"https:\/\/kirinlight.com.vn\/san-pham\/module-led-indoor-pi-3-2\/#primaryimage","url":"https:\/\/kirinlight.com.vn\/wp-content\/uploads\/2020\/12\/module-led-p3-indoor-kirin-e1762333601652.png","contentUrl":"https:\/\/kirinlight.com.vn\/wp-content\/uploads\/2020\/12\/module-led-p3-indoor-kirin-e1762333601652.png","width":436,"height":423},{"@type":"BreadcrumbList","@id":"https:\/\/kirinlight.com.vn\/san-pham\/module-led-indoor-pi-3-2\/#breadcrumb","itemListElement":[{"@type":"ListItem","position":1,"name":"Home","item":"https:\/\/kirinlight.com.vn\/"},{"@type":"ListItem","position":2,"name":"C\u1eecA H\u00c0NG","item":"https:\/\/kirinlight.com.vn\/cua-hang\/"},{"@type":"ListItem","position":3,"name":"Module Led Indoor PI 3"}]},{"@type":"WebSite","@id":"https:\/\/kirinlight.com.vn\/#website","url":"https:\/\/kirinlight.com.vn\/","name":"\u9e92\u9e9fLED","description":"LED\u5c4f\u5e55 - \u9ad8\u79d1\u6280LED\u6a21\u5757","potentialAction":[{"@type":"SearchAction","target":{"@type":"EntryPoint","urlTemplate":"https:\/\/kirinlight.com.vn\/?s={search_term_string}"},"query-input":{"@type":"PropertyValueSpecification","valueRequired":true,"valueName":"search_term_string"}}],"inLanguage":"zh-Hans"}]}},"_links":{"self":[{"href":"https:\/\/kirinlight.com.vn\/zh\/wp-json\/wp\/v2\/product\/2264","targetHints":{"allow":["GET"]}}],"collection":[{"href":"https:\/\/kirinlight.com.vn\/zh\/wp-json\/wp\/v2\/product"}],"about":[{"href":"https:\/\/kirinlight.com.vn\/zh\/wp-json\/wp\/v2\/types\/product"}],"replies":[{"embeddable":true,"href":"https:\/\/kirinlight.com.vn\/zh\/wp-json\/wp\/v2\/comments?post=2264"}],"wp:featuredmedia":[{"embeddable":true,"href":"https:\/\/kirinlight.com.vn\/zh\/wp-json\/wp\/v2\/media\/1407"}],"wp:attachment":[{"href":"https:\/\/kirinlight.com.vn\/zh\/wp-json\/wp\/v2\/media?parent=2264"}],"wp:term":[{"taxonomy":"product_brand","embeddable":true,"href":"https:\/\/kirinlight.com.vn\/zh\/wp-json\/wp\/v2\/product_brand?post=2264"},{"taxonomy":"product_cat","embeddable":true,"href":"https:\/\/kirinlight.com.vn\/zh\/wp-json\/wp\/v2\/product_cat?post=2264"},{"taxonomy":"product_tag","embeddable":true,"href":"https:\/\/kirinlight.com.vn\/zh\/wp-json\/wp\/v2\/product_tag?post=2264"}],"curies":[{"name":"wp","href":"https:\/\/api.w.org\/{rel}","templated":true}]}}